{"id":873,"date":"2017-03-28T18:23:27","date_gmt":"2017-03-28T16:23:27","guid":{"rendered":"http:\/\/agora.xtec.cat\/iesvalles\/?page_id=873"},"modified":"2022-10-10T09:09:06","modified_gmt":"2022-10-10T07:09:06","slug":"trets-didentitat-i-proposta-educativa","status":"publish","type":"page","link":"https:\/\/agora.xtec.cat\/iesvalles\/linstitut\/trets-didentitat-i-proposta-educativa\/","title":{"rendered":"Trets d&#8217;identitat"},"content":{"rendered":"<p style=\"text-align: justify;\">L\u2019Institut Vall\u00e8s ha estat des de la seva creaci\u00f3, el 1985, un centre pioner pel que fa a la <strong>voluntat d\u2019innovaci\u00f3<\/strong> de l\u2019activitat docent i que funciona amb un equip hum\u00e0 que treballa de forma coordinada. Pretenem <strong>desenvolupar al m\u00e0xim les capacitats personals<\/strong> i col\u00b7lectives dels nostres alumnes, per tal que esdevinguin persones aut\u00f2nomes, respectuoses i amb esperit cr\u00edtic per aprendre i transformar el m\u00f3n.<\/p>\n<p style=\"text-align: justify;\">El nostre plantejament pedag\u00f2gic parteix de la consideraci\u00f3 que el proc\u00e9s d\u2019ensenyament-aprenentatge \u00e9s un proc\u00e9s din\u00e0mic en qu\u00e8 l\u2019<strong>alumnat construeix el seu propi aprenentatge<\/strong> de forma competencial i significativa. Per aix\u00f2, fomentem la globalitzaci\u00f3 dels continguts i la utilitzaci\u00f3 de metodologies actives que afavoreixen un aprenentatge ric, creatiu i aut\u00f2nom. El centre promou una escola inclusiva on es t\u00e9 en compte la singularitat de cadascun dels alumnes i aposta per un aprenentatge personalitzat.<\/p>\n<p style=\"text-align: justify;\">El nostre institut, des del curs 2010-2011, es defineix com a un centre inclusiu amb un projecte educatiu <strong>espec\u00edfic de suport a l\u2019audici\u00f3 i el llenguatge<\/strong> (CEPEESAL) que implica l\u2019atenci\u00f3 d\u2019alumnat amb sordesa amb uns recursos humans (logopeda i mestra d\u2019audici\u00f3 i llenguatge) i organitzatius espec\u00edfics, tant propis com externs, que garanteixen la igualtat de condicions i respecten el model comunicatiu de l\u2019alumnat amb sord.<\/p>\n<p style=\"text-align: justify;\">L\u2019institut \u00e9s un element socialitzador que implica alumnes, docents, fam\u00edlies i entorn. Per aquest motiu, l\u2019objectiu del nostre treball tutorial \u00e9s afavorir l\u2019acompanyament acad\u00e8mic i personal de l\u2019alumnat, <strong>conjuntament amb la fam\u00edlia<\/strong>. La nostra acci\u00f3 educativa pret\u00e9n establir xarxes amb el nostre entorn immediat connectant amb entitats culturals i socials de la ciutat.<\/p>\n<p style=\"text-align: justify;\">En l\u2019actualitat, el nostre centre est\u00e0 format aproximadament per 730 alumnes i per un claustre al voltant de 67 professors. T\u00e9 quatre l\u00ednies d\u2019ensenyament secundari i s\u2019hi imparteixen les tres modalitats de batxillerat:<\/p>\n<ul>\n<li style=\"text-align: justify;\"><strong>Humanitats i Ci\u00e8ncies Socials<\/strong><\/li>\n<li style=\"text-align: justify;\"><strong>Ci\u00e8ncia i Tecnologia<\/strong><\/li>\n<li style=\"text-align: justify;\"><strong>Arts<\/strong><\/li>\n<\/ul>\n<p style=\"text-align: justify;\">Ens singularitza el fet d\u2019impartir el Batxillerat Art\u00edstic amb la col\u00b7laboraci\u00f3 de l\u2019entitat municipal L\u2019Estruch (F\u00e0brica de Creaci\u00f3 de les Arts en Viu).<\/p>\n<p style=\"text-align: center;\"><a href=\"https:\/\/agora.xtec.cat\/iesvalles\/wp-content\/uploads\/usu1271\/2022\/10\/Identitat.jpg\"><img loading=\"lazy\" decoding=\"async\" class=\"alignnone size-large wp-image-5404\" src=\"https:\/\/agora.xtec.cat\/iesvalles\/wp-content\/uploads\/usu1271\/2022\/10\/Identitat-1024x593.jpg\" alt=\"\" width=\"1024\" height=\"593\" srcset=\"https:\/\/agora.xtec.cat\/iesvalles\/wp-content\/uploads\/usu1271\/2022\/10\/Identitat-1024x593.jpg 1024w, https:\/\/agora.xtec.cat\/iesvalles\/wp-content\/uploads\/usu1271\/2022\/10\/Identitat-300x174.jpg 300w, https:\/\/agora.xtec.cat\/iesvalles\/wp-content\/uploads\/usu1271\/2022\/10\/Identitat-768x445.jpg 768w, https:\/\/agora.xtec.cat\/iesvalles\/wp-content\/uploads\/usu1271\/2022\/10\/Identitat-1536x890.jpg 1536w, https:\/\/agora.xtec.cat\/iesvalles\/wp-content\/uploads\/usu1271\/2022\/10\/Identitat.jpg 1584w\" sizes=\"auto, (max-width: 1024px) 100vw, 1024px\" \/><\/a><\/p>\n","protected":false},"excerpt":{"rendered":"<p>L\u2019Institut Vall\u00e8s ha estat des de la seva creaci\u00f3, el 1985, un centre pioner pel que fa a la voluntat d\u2019innovaci\u00f3 de l\u2019activitat docent i que funciona amb un equip hum\u00e0 que treballa de forma coordinada. Pretenem desenvolupar al m\u00e0xim les capacitats personals i col\u00b7lectives dels nostres alumnes, per tal que esdevinguin persones aut\u00f2nomes, respectuoses [&hellip;]<\/p>\n","protected":false},"author":10,"featured_media":0,"parent":19,"menu_order":2,"comment_status":"closed","ping_status":"closed","template":"page-templates\/side-menu.php","meta":{"_bbp_topic_count":0,"_bbp_reply_count":0,"_bbp_total_topic_count":0,"_bbp_total_reply_count":0,"_bbp_voice_count":0,"_bbp_anonymous_reply_count":0,"_bbp_topic_count_hidden":0,"_bbp_reply_count_hidden":0,"_bbp_forum_subforum_count":0,"site-sidebar-layout":"default","site-content-layout":"","ast-site-content-layout":"","site-content-style":"default","site-sidebar-style":"default","ast-global-header-display":"","ast-banner-title-visibility":"","ast-main-header-display":"","ast-hfb-above-header-display":"","ast-hfb-below-header-display":"","ast-hfb-mobile-header-display":"","site-post-title":"","ast-breadcrumbs-content":"","ast-featured-img":"","footer-sml-layout":"","theme-transparent-header-meta":"","adv-header-id-meta":"","stick-header-meta":"","header-above-stick-meta":"","header-main-stick-meta":"","header-below-stick-meta":"","astra-migrate-meta-layouts":"default","ast-page-background-enabled":"default","ast-page-background-meta":{"desktop":{"background-color":"var(--ast-global-color-4)","background-image":"","background-repeat":"repeat","background-position":"center center","background-size":"auto","background-attachment":"scroll","background-type":"","background-media":"","overlay-type":"","overlay-color":"","overlay-opacity":"","overlay-gradient":""},"tablet":{"background-color":"","background-image":"","background-repeat":"repeat","background-position":"center center","background-size":"auto","background-attachment":"scroll","background-type":"","background-media":"","overlay-type":"","overlay-color":"","overlay-opacity":"","overlay-gradient":""},"mobile":{"background-color":"","background-image":"","background-repeat":"repeat","background-position":"center center","background-size":"auto","background-attachment":"scroll","background-type":"","background-media":"","overlay-type":"","overlay-color":"","overlay-opacity":"","overlay-gradient":""}},"ast-content-background-meta":{"desktop":{"background-color":"var(--ast-global-color-5)","background-image":"","background-repeat":"repeat","background-position":"center center","background-size":"auto","background-attachment":"scroll","background-type":"","background-media":"","overlay-type":"","overlay-color":"","overlay-opacity":"","overlay-gradient":""},"tablet":{"background-color":"var(--ast-global-color-5)","background-image":"","background-repeat":"repeat","background-position":"center center","background-size":"auto","background-attachment":"scroll","background-type":"","background-media":"","overlay-type":"","overlay-color":"","overlay-opacity":"","overlay-gradient":""},"mobile":{"background-color":"var(--ast-global-color-5)","background-image":"","background-repeat":"repeat","background-position":"center center","background-size":"auto","background-attachment":"scroll","background-type":"","background-media":"","overlay-type":"","overlay-color":"","overlay-opacity":"","overlay-gradient":""}},"footnotes":""},"class_list":["post-873","page","type-page","status-publish","hentry"],"post_mailing_queue_ids":[],"_links":{"self":[{"href":"https:\/\/agora.xtec.cat\/iesvalles\/wp-json\/wp\/v2\/pages\/873","targetHints":{"allow":["GET"]}}],"collection":[{"href":"https:\/\/agora.xtec.cat\/iesvalles\/wp-json\/wp\/v2\/pages"}],"about":[{"href":"https:\/\/agora.xtec.cat\/iesvalles\/wp-json\/wp\/v2\/types\/page"}],"author":[{"embeddable":true,"href":"https:\/\/agora.xtec.cat\/iesvalles\/wp-json\/wp\/v2\/users\/10"}],"replies":[{"embeddable":true,"href":"https:\/\/agora.xtec.cat\/iesvalles\/wp-json\/wp\/v2\/comments?post=873"}],"version-history":[{"count":4,"href":"https:\/\/agora.xtec.cat\/iesvalles\/wp-json\/wp\/v2\/pages\/873\/revisions"}],"predecessor-version":[{"id":5405,"href":"https:\/\/agora.xtec.cat\/iesvalles\/wp-json\/wp\/v2\/pages\/873\/revisions\/5405"}],"up":[{"embeddable":true,"href":"https:\/\/agora.xtec.cat\/iesvalles\/wp-json\/wp\/v2\/pages\/19"}],"wp:attachment":[{"href":"https:\/\/agora.xtec.cat\/iesvalles\/wp-json\/wp\/v2\/media?parent=873"}],"curies":[{"name":"wp","href":"https:\/\/api.w.org\/{rel}","templated":true}]}}