{"id":69,"date":"2014-09-18T10:15:07","date_gmt":"2014-09-18T08:15:07","guid":{"rendered":"http:\/\/agora.xtec.cat\/iesvalles\/?page_id=69"},"modified":"2025-10-05T17:19:15","modified_gmt":"2025-10-05T15:19:15","slug":"menjador-escolar","status":"publish","type":"page","link":"https:\/\/agora.xtec.cat\/iesvalles\/serveis\/menjador-escolar\/","title":{"rendered":"Menjador escolar"},"content":{"rendered":"<p style=\"text-align: justify;\">Els alumnes d&#8217;ESO i Batxillerat que necessitin de servei menjador, poden fer servir el servei de l&#8217;Escola Catalunya.<\/p>\n<h5 style=\"text-align: justify;\">Qu\u00e8 cal saber:<\/h5>\n<ul style=\"text-align: justify;\">\n<li>El preu dep\u00e8n de la quantitat de dies que es quedi al menjador. Per a m\u00e9s informaci\u00f3 podeu trucar (de 9h a 11h) a la responsable del menjador (N\u00faria): <strong>645 163 931<\/strong><\/li>\n<\/ul>\n<h5 style=\"text-align: justify;\">Qu\u00e8 cal fer:<\/h5>\n<ul>\n<li>Cal emplenar la <a href=\"http:\/\/agora.xtec.cat\/iesvalles\/wp-content\/uploads\/usu1271\/2014\/09\/Fitxa-Menjador-1617.pdf\" target=\"_blank\" rel=\"noopener\">fitxa del menjador<\/a>, i posar-se en contacte amb la responsable del menjador a trav\u00e9s de:\n<ul>\n<li style=\"text-align: justify;\"><b>El tel\u00e8fon del menjador<\/b>: <strong>645 163 931<\/strong>\u00a0(de 9h a 11h). Mitjan\u00e7ant aquest tel\u00e8fon podeu parlar directament amb la coordinadora del menjador, N\u00faria, per comentar tamb\u00e9 abs\u00e8ncies puntuals, r\u00e8gims,\u2026 o qualsevol altra informaci\u00f3 que creieu necess\u00e0ria pel bon funcionament del menjador.<\/li>\n<li style=\"text-align: justify;\"><b>Via <\/b><b>Whatsapp<\/b><b> o SMS. <\/b>Amb el n\u00famero de tel\u00e8fon del menjador.<\/li>\n<li style=\"text-align: justify;\"><b>Mail personal. <\/b>Si heu de comunicar qualsevol incid\u00e8ncia o modificaci\u00f3 tamb\u00e9 us podeu adre\u00e7ar a trav\u00e9s del correu del menjador,\u00a0<u><b><a href=\"mailto:menjadorcatalunya@monitaula.com\">menjadorcatalunya<\/a><\/b><\/u><u><b><a href=\"mailto:menjadorcatalunya@monitaula.com\">@<\/a><\/b><\/u><u><b><a href=\"mailto:menjadorcatalunya@monitaula.com\">monitaula.com<\/a><\/b><\/u><\/li>\n<\/ul>\n<\/li>\n<\/ul>\n","protected":false},"excerpt":{"rendered":"<p>Els alumnes d&#8217;ESO i Batxillerat que necessitin de servei menjador, poden fer servir el servei de l&#8217;Escola Catalunya. Qu\u00e8 cal saber: El preu dep\u00e8n de la quantitat de dies que es quedi al menjador. Per a m\u00e9s informaci\u00f3 podeu trucar (de 9h a 11h) a la responsable del menjador (N\u00faria): 645 163 931 Qu\u00e8 cal [&hellip;]<\/p>\n","protected":false},"author":1,"featured_media":0,"parent":63,"menu_order":70,"comment_status":"closed","ping_status":"closed","template":"page-templates\/side-menu.php","meta":{"_bbp_topic_count":0,"_bbp_reply_count":0,"_bbp_total_topic_count":0,"_bbp_total_reply_count":0,"_bbp_voice_count":0,"_bbp_anonymous_reply_count":0,"_bbp_topic_count_hidden":0,"_bbp_reply_count_hidden":0,"_bbp_forum_subforum_count":0,"site-sidebar-layout":"default","site-content-layout":"","ast-site-content-layout":"","site-content-style":"default","site-sidebar-style":"default","ast-global-header-display":"","ast-banner-title-visibility":"","ast-main-header-display":"","ast-hfb-above-header-display":"","ast-hfb-below-header-display":"","ast-hfb-mobile-header-display":"","site-post-title":"","ast-breadcrumbs-content":"","ast-featured-img":"","footer-sml-layout":"","theme-transparent-header-meta":"","adv-header-id-meta":"","stick-header-meta":"","header-above-stick-meta":"","header-main-stick-meta":"","header-below-stick-meta":"","astra-migrate-meta-layouts":"default","ast-page-background-enabled":"default","ast-page-background-meta":{"desktop":{"background-color":"var(--ast-global-color-4)","background-image":"","background-repeat":"repeat","background-position":"center center","background-size":"auto","background-attachment":"scroll","background-type":"","background-media":"","overlay-type":"","overlay-color":"","overlay-opacity":"","overlay-gradient":""},"tablet":{"background-color":"","background-image":"","background-repeat":"repeat","background-position":"center center","background-size":"auto","background-attachment":"scroll","background-type":"","background-media":"","overlay-type":"","overlay-color":"","overlay-opacity":"","overlay-gradient":""},"mobile":{"background-color":"","background-image":"","background-repeat":"repeat","background-position":"center center","background-size":"auto","background-attachment":"scroll","background-type":"","background-media":"","overlay-type":"","overlay-color":"","overlay-opacity":"","overlay-gradient":""}},"ast-content-background-meta":{"desktop":{"background-color":"var(--ast-global-color-5)","background-image":"","background-repeat":"repeat","background-position":"center center","background-size":"auto","background-attachment":"scroll","background-type":"","background-media":"","overlay-type":"","overlay-color":"","overlay-opacity":"","overlay-gradient":""},"tablet":{"background-color":"var(--ast-global-color-5)","background-image":"","background-repeat":"repeat","background-position":"center center","background-size":"auto","background-attachment":"scroll","background-type":"","background-media":"","overlay-type":"","overlay-color":"","overlay-opacity":"","overlay-gradient":""},"mobile":{"background-color":"var(--ast-global-color-5)","background-image":"","background-repeat":"repeat","background-position":"center center","background-size":"auto","background-attachment":"scroll","background-type":"","background-media":"","overlay-type":"","overlay-color":"","overlay-opacity":"","overlay-gradient":""}},"footnotes":""},"class_list":["post-69","page","type-page","status-publish","hentry"],"post_mailing_queue_ids":[],"_links":{"self":[{"href":"https:\/\/agora.xtec.cat\/iesvalles\/wp-json\/wp\/v2\/pages\/69","targetHints":{"allow":["GET"]}}],"collection":[{"href":"https:\/\/agora.xtec.cat\/iesvalles\/wp-json\/wp\/v2\/pages"}],"about":[{"href":"https:\/\/agora.xtec.cat\/iesvalles\/wp-json\/wp\/v2\/types\/page"}],"author":[{"embeddable":true,"href":"https:\/\/agora.xtec.cat\/iesvalles\/wp-json\/wp\/v2\/users\/1"}],"replies":[{"embeddable":true,"href":"https:\/\/agora.xtec.cat\/iesvalles\/wp-json\/wp\/v2\/comments?post=69"}],"version-history":[{"count":3,"href":"https:\/\/agora.xtec.cat\/iesvalles\/wp-json\/wp\/v2\/pages\/69\/revisions"}],"predecessor-version":[{"id":7917,"href":"https:\/\/agora.xtec.cat\/iesvalles\/wp-json\/wp\/v2\/pages\/69\/revisions\/7917"}],"up":[{"embeddable":true,"href":"https:\/\/agora.xtec.cat\/iesvalles\/wp-json\/wp\/v2\/pages\/63"}],"wp:attachment":[{"href":"https:\/\/agora.xtec.cat\/iesvalles\/wp-json\/wp\/v2\/media?parent=69"}],"curies":[{"name":"wp","href":"https:\/\/api.w.org\/{rel}","templated":true}]}}