{"id":27,"date":"2014-09-17T16:24:03","date_gmt":"2014-09-17T14:24:03","guid":{"rendered":"http:\/\/agora.xtec.cat\/iesvalles\/?page_id=27"},"modified":"2020-02-26T18:24:33","modified_gmt":"2020-02-26T17:24:33","slug":"historia","status":"publish","type":"page","link":"https:\/\/agora.xtec.cat\/iesvalles\/linstitut\/historia\/","title":{"rendered":"Hist\u00f2ria"},"content":{"rendered":"<p style=\"text-align: center;\"><img loading=\"lazy\" decoding=\"async\" class=\"aligncenter size-full wp-image-3335\" src=\"https:\/\/agora.xtec.cat\/iesvalles\/wp-content\/uploads\/usu1271\/2019\/08\/insvalles.jpg\" alt=\"\" width=\"1000\" height=\"220\" srcset=\"https:\/\/agora.xtec.cat\/iesvalles\/wp-content\/uploads\/usu1271\/2019\/08\/insvalles.jpg 1000w, https:\/\/agora.xtec.cat\/iesvalles\/wp-content\/uploads\/usu1271\/2019\/08\/insvalles-300x66.jpg 300w, https:\/\/agora.xtec.cat\/iesvalles\/wp-content\/uploads\/usu1271\/2019\/08\/insvalles-768x169.jpg 768w\" sizes=\"auto, (max-width: 1000px) 100vw, 1000px\" \/><\/p>\n<p style=\"text-align: justify;\">L\u2019Institut Vall\u00e8s va ser creat l\u2019any 1985 amb la finalitat d\u2019experimentar el projecte de Reforma Educativa impulsat per l\u2019anomenat aleshores, Departament d\u2019Ensenyament de la Generalitat de Catalunya. Aquest inici va influir en la seva evoluci\u00f3 posterior, vinculant-la de manera continuada amb la innovaci\u00f3 i la recerca educatives.<\/p>\n<p style=\"text-align: justify;\">L\u2019any 1991 el Centre va ser designat CERE (Centre Experimental de R\u00e8gim Especial) per l\u2019Administraci\u00f3 Educativa, reconeixent administrativament el que ja era una realitat en la pr\u00e0ctica quotidiana del Centre des del seu inici. La designaci\u00f3 de CERE es va mantenir fins a l\u2019any 2000, quan va desapar\u00e8ixer aquesta tipologia de centres educatius. Aleshores, es va iniciar un proc\u00e9s de transici\u00f3 cap a la tipologia de centre ordinari, sempre emmarcada en un context d\u2019innovaci\u00f3 i recerca que s\u2019ha mantingut fins a l\u2019actualitat i que es manifesta en el desenvolupament de diversos projectes (Pla Estrat\u00e8gic, Pla de Millora, ACDE Acords de Coresponsabilitat amb el Departament d\u2019Ensenyament, &#8230;).<\/p>\n<p style=\"text-align: justify;\">El Centre es localitza en el barri d\u2019Hostafranchs, a mig cam\u00ed entre el centre hist\u00f2ric de Sabadell i la zona terci\u00e0ria i residencial de l\u2019Eix Maci\u00e0. Aquest barri s\u2019ha transformat for\u00e7a en els darrers anys amb la reconversi\u00f3 d\u2019algunes de les ind\u00fastries que s\u2019hi localitzaven i la construcci\u00f3 de nous habitatges.<\/p>\n","protected":false},"excerpt":{"rendered":"<p>L\u2019Institut Vall\u00e8s va ser creat l\u2019any 1985 amb la finalitat d\u2019experimentar el projecte de Reforma Educativa impulsat per l\u2019anomenat aleshores, Departament d\u2019Ensenyament de la Generalitat de Catalunya. Aquest inici va influir en la seva evoluci\u00f3 posterior, vinculant-la de manera continuada amb la innovaci\u00f3 i la recerca educatives. L\u2019any 1991 el Centre va ser designat CERE [&hellip;]<\/p>\n","protected":false},"author":1,"featured_media":0,"parent":19,"menu_order":0,"comment_status":"closed","ping_status":"closed","template":"page-templates\/side-menu.php","meta":{"_bbp_topic_count":0,"_bbp_reply_count":0,"_bbp_total_topic_count":0,"_bbp_total_reply_count":0,"_bbp_voice_count":0,"_bbp_anonymous_reply_count":0,"_bbp_topic_count_hidden":0,"_bbp_reply_count_hidden":0,"_bbp_forum_subforum_count":0,"site-sidebar-layout":"default","site-content-layout":"","ast-site-content-layout":"","site-content-style":"default","site-sidebar-style":"default","ast-global-header-display":"","ast-banner-title-visibility":"","ast-main-header-display":"","ast-hfb-above-header-display":"","ast-hfb-below-header-display":"","ast-hfb-mobile-header-display":"","site-post-title":"","ast-breadcrumbs-content":"","ast-featured-img":"","footer-sml-layout":"","theme-transparent-header-meta":"","adv-header-id-meta":"","stick-header-meta":"","header-above-stick-meta":"","header-main-stick-meta":"","header-below-stick-meta":"","astra-migrate-meta-layouts":"default","ast-page-background-enabled":"default","ast-page-background-meta":{"desktop":{"background-color":"var(--ast-global-color-4)","background-image":"","background-repeat":"repeat","background-position":"center center","background-size":"auto","background-attachment":"scroll","background-type":"","background-media":"","overlay-type":"","overlay-color":"","overlay-opacity":"","overlay-gradient":""},"tablet":{"background-color":"","background-image":"","background-repeat":"repeat","background-position":"center center","background-size":"auto","background-attachment":"scroll","background-type":"","background-media":"","overlay-type":"","overlay-color":"","overlay-opacity":"","overlay-gradient":""},"mobile":{"background-color":"","background-image":"","background-repeat":"repeat","background-position":"center center","background-size":"auto","background-attachment":"scroll","background-type":"","background-media":"","overlay-type":"","overlay-color":"","overlay-opacity":"","overlay-gradient":""}},"ast-content-background-meta":{"desktop":{"background-color":"var(--ast-global-color-5)","background-image":"","background-repeat":"repeat","background-position":"center center","background-size":"auto","background-attachment":"scroll","background-type":"","background-media":"","overlay-type":"","overlay-color":"","overlay-opacity":"","overlay-gradient":""},"tablet":{"background-color":"var(--ast-global-color-5)","background-image":"","background-repeat":"repeat","background-position":"center center","background-size":"auto","background-attachment":"scroll","background-type":"","background-media":"","overlay-type":"","overlay-color":"","overlay-opacity":"","overlay-gradient":""},"mobile":{"background-color":"var(--ast-global-color-5)","background-image":"","background-repeat":"repeat","background-position":"center center","background-size":"auto","background-attachment":"scroll","background-type":"","background-media":"","overlay-type":"","overlay-color":"","overlay-opacity":"","overlay-gradient":""}},"footnotes":""},"class_list":["post-27","page","type-page","status-publish","hentry"],"post_mailing_queue_ids":[],"_links":{"self":[{"href":"https:\/\/agora.xtec.cat\/iesvalles\/wp-json\/wp\/v2\/pages\/27","targetHints":{"allow":["GET"]}}],"collection":[{"href":"https:\/\/agora.xtec.cat\/iesvalles\/wp-json\/wp\/v2\/pages"}],"about":[{"href":"https:\/\/agora.xtec.cat\/iesvalles\/wp-json\/wp\/v2\/types\/page"}],"author":[{"embeddable":true,"href":"https:\/\/agora.xtec.cat\/iesvalles\/wp-json\/wp\/v2\/users\/1"}],"replies":[{"embeddable":true,"href":"https:\/\/agora.xtec.cat\/iesvalles\/wp-json\/wp\/v2\/comments?post=27"}],"version-history":[{"count":3,"href":"https:\/\/agora.xtec.cat\/iesvalles\/wp-json\/wp\/v2\/pages\/27\/revisions"}],"predecessor-version":[{"id":3617,"href":"https:\/\/agora.xtec.cat\/iesvalles\/wp-json\/wp\/v2\/pages\/27\/revisions\/3617"}],"up":[{"embeddable":true,"href":"https:\/\/agora.xtec.cat\/iesvalles\/wp-json\/wp\/v2\/pages\/19"}],"wp:attachment":[{"href":"https:\/\/agora.xtec.cat\/iesvalles\/wp-json\/wp\/v2\/media?parent=27"}],"curies":[{"name":"wp","href":"https:\/\/api.w.org\/{rel}","templated":true}]}}