{"id":21,"date":"2014-09-17T16:14:14","date_gmt":"2014-09-17T14:14:14","guid":{"rendered":"http:\/\/agora.xtec.cat\/iesvalles\/?page_id=21"},"modified":"2026-02-12T13:31:19","modified_gmt":"2026-02-12T12:31:19","slug":"on-som","status":"publish","type":"page","link":"https:\/\/agora.xtec.cat\/iesvalles\/linstitut\/on-som\/","title":{"rendered":"Contacte"},"content":{"rendered":"<p><img loading=\"lazy\" decoding=\"async\" class=\"wp-image-1761 alignnone\" src=\"https:\/\/agora.xtec.cat\/iesvalles\/wp-content\/uploads\/usu1271\/2014\/09\/LogoInsValles.gif\" alt=\"\" width=\"541\" height=\"152\" \/><\/p>\n<ul>\n<li><strong>Adre\u00e7a:<\/strong> Carrer de Valent\u00ed Almirall, 40. 08206 Sabadell.<\/li>\n<li><strong>Tel\u00e8fon: <\/strong>93 725 08 88<\/li>\n<li><strong>Correu general: <\/strong><a href=\"mailto:institutvalles@institutvalles.cat\" target=\"_blank\" rel=\"noopener noreferrer\">institutvalles@institutvalles.cat<\/a><\/li>\n<li><strong>Correu d&#8217;atenci\u00f3 a les <span id=\"transmark\" style=\"display: none; width: 0px; height: 0px;\"><\/span>fam\u00edlies: <\/strong><a href=\"mailto:atencio.families@institutvalles.cat\" target=\"_blank\" rel=\"noopener noreferrer\">atencio.families@institutvalles.cat<\/a><\/li>\n<li><b>Web:<\/b> <a href=\"http:\/\/www.institutvalles.cat\">www.institutvalles.cat<\/a><\/li>\n<\/ul>\n<p style=\"text-align: center;\"><iframe loading=\"lazy\" src=\"https:\/\/www.google.com\/maps\/embed?pb=!1m18!1m12!1m3!1d2985.9571750064897!2d2.0939842163303206!3d41.54852447924957!2m3!1f0!2f0!3f0!3m2!1i1024!2i768!4f13.1!3m3!1m2!1s0x12a494fbb61725e1%3A0xc0691855cf1f303f!2sInstitut+Vall%C3%A8s!5e0!3m2!1sca!2ses!4v1490716965919\" width=\"600\" height=\"450\" frameborder=\"0\"><\/iframe><\/p>\n<h3>Com arribar-hi:<\/h3>\n<table align=\"center\">\n<tbody>\n<tr style=\"height: 67px;\">\n<td style=\"height: 67px;\"><img loading=\"lazy\" decoding=\"async\" class=\"aligncenter size-full wp-image-1754\" src=\"https:\/\/agora.xtec.cat\/iesvalles\/wp-content\/uploads\/usu1271\/2014\/09\/FGC-Logo.gif\" alt=\"\" width=\"150\" height=\"79\" \/><\/td>\n<td style=\"height: 67px;\"><img loading=\"lazy\" decoding=\"async\" class=\"aligncenter size-full wp-image-1755\" src=\"https:\/\/agora.xtec.cat\/iesvalles\/wp-content\/uploads\/usu1271\/2014\/09\/Rodalies-Logo.gif\" alt=\"\" width=\"150\" height=\"53\" \/><\/td>\n<td style=\"height: 67px;\"><img loading=\"lazy\" decoding=\"async\" class=\"aligncenter size-full wp-image-1756\" src=\"https:\/\/agora.xtec.cat\/iesvalles\/wp-content\/uploads\/usu1271\/2014\/09\/TUS-Logo.gif\" alt=\"\" width=\"100\" height=\"100\" \/><\/td>\n<\/tr>\n<tr style=\"height: 67px;\">\n<td style=\"height: 67px; text-align: center;\"><strong>L\u00ednia S2<\/strong><strong>Estaci\u00f3 La Creu Alta<\/strong><\/td>\n<td style=\"height: 67px; text-align: center;\"><strong>Rodalies R4<\/strong><strong>Estaci\u00f3 Sabadell Nord<\/strong><\/td>\n<td style=\"height: 67px; text-align: center;\">\n<p><strong><a href=\"http:\/\/www.tus.es\/index.php\/ca\/component\/transporte\/linea\/5\" target=\"_blank\" rel=\"noopener noreferrer\">L\u00ednia 5<\/a><\/strong><\/p>\n<p><strong><a href=\"http:\/\/www.tus.es\/index.php\/ca\/component\/transporte\/linea\/55\" target=\"_blank\" rel=\"noopener noreferrer\">L\u00ednia 55<\/a><\/strong><\/p>\n<p><strong><a href=\"http:\/\/www.tus.es\/index.php\/ca\/component\/transporte\/linea\/7\" target=\"_blank\" rel=\"noopener noreferrer\">L\u00ednia 7<\/a><\/strong><\/p>\n<p><strong><a href=\"http:\/\/www.tus.es\/index.php\/ca\/component\/transporte\/linea\/8\" target=\"_blank\" rel=\"noopener noreferrer\">L\u00ednia 8<\/a><\/strong><\/p>\n<\/td>\n<\/tr>\n<\/tbody>\n<\/table>\n<div>\u00a0<\/div>\n<div style=\"text-align: center;\">\n<h3 style=\"text-align: left;\">Xarxes Socials:<\/h3>\n<table align=\"center\">\n<tbody>\n<tr style=\"height: 67px;\">\n<td style=\"height: 67px; width: 100px;\"><a href=\"https:\/\/x.com\/InsValles\" target=\"_blank\" rel=\"noopener noreferrer\"><img loading=\"lazy\" decoding=\"async\" class=\"aligncenter wp-image-3932\" src=\"https:\/\/agora.xtec.cat\/iesvalles\/wp-content\/uploads\/usu1271\/2020\/06\/Twitter.png\" alt=\"\" width=\"50\" height=\"50\" srcset=\"https:\/\/agora.xtec.cat\/iesvalles\/wp-content\/uploads\/usu1271\/2020\/06\/Twitter.png 220w, https:\/\/agora.xtec.cat\/iesvalles\/wp-content\/uploads\/usu1271\/2020\/06\/Twitter-150x150.png 150w\" sizes=\"auto, (max-width: 50px) 100vw, 50px\" \/><\/a><\/td>\n<td style=\"height: 67px; width: 100px;\"><img loading=\"lazy\" decoding=\"async\" class=\"aligncenter wp-image-4066\" src=\"https:\/\/agora.xtec.cat\/iesvalles\/wp-content\/uploads\/usu1271\/2020\/07\/TelegramOrange.png\" alt=\"\" width=\"50\" height=\"50\" srcset=\"https:\/\/agora.xtec.cat\/iesvalles\/wp-content\/uploads\/usu1271\/2020\/07\/TelegramOrange.png 220w, https:\/\/agora.xtec.cat\/iesvalles\/wp-content\/uploads\/usu1271\/2020\/07\/TelegramOrange-150x150.png 150w\" sizes=\"auto, (max-width: 50px) 100vw, 50px\" \/><\/td>\n<td style=\"height: 67px; width: 100px;\"><a href=\"https:\/\/www.instagram.com\/insvalles\/\" target=\"_blank\" rel=\"noopener noreferrer\"><img loading=\"lazy\" decoding=\"async\" class=\"aligncenter wp-image-3933\" src=\"https:\/\/agora.xtec.cat\/iesvalles\/wp-content\/uploads\/usu1271\/2020\/06\/Instagram.png\" alt=\"\" width=\"50\" height=\"50\" srcset=\"https:\/\/agora.xtec.cat\/iesvalles\/wp-content\/uploads\/usu1271\/2020\/06\/Instagram.png 220w, https:\/\/agora.xtec.cat\/iesvalles\/wp-content\/uploads\/usu1271\/2020\/06\/Instagram-150x150.png 150w\" sizes=\"auto, (max-width: 50px) 100vw, 50px\" \/><\/a><\/td>\n<\/tr>\n<tr style=\"height: 67px;\">\n<td style=\"height: 67px; text-align: center; width: 88px;\"><b>X<\/b><\/td>\n<td style=\"height: 67px; text-align: center; width: 88px;\"><b>Telegram<\/b><\/td>\n<td style=\"height: 67px; text-align: center; width: 88px;\"><b>Instagram<\/b><\/td>\n<\/tr>\n<\/tbody>\n<\/table>\n<\/div>\n\n\n<p><\/p>\n","protected":false},"excerpt":{"rendered":"<p>Adre\u00e7a: Carrer de Valent\u00ed Almirall, 40. 08206 Sabadell. Tel\u00e8fon: 93 725 08 88 Correu general: institutvalles@institutvalles.cat Correu d&#8217;atenci\u00f3 a les fam\u00edlies: atencio.families@institutvalles.cat Web: www.institutvalles.cat Com arribar-hi: L\u00ednia S2Estaci\u00f3 La Creu Alta Rodalies R4Estaci\u00f3 Sabadell Nord L\u00ednia 5 L\u00ednia 55 L\u00ednia 7 L\u00ednia 8 \u00a0 Xarxes Socials: X Telegram Instagram<\/p>\n","protected":false},"author":1,"featured_media":0,"parent":19,"menu_order":10,"comment_status":"closed","ping_status":"closed","template":"page-templates\/side-menu.php","meta":{"_bbp_topic_count":0,"_bbp_reply_count":0,"_bbp_total_topic_count":0,"_bbp_total_reply_count":0,"_bbp_voice_count":0,"_bbp_anonymous_reply_count":0,"_bbp_topic_count_hidden":0,"_bbp_reply_count_hidden":0,"_bbp_forum_subforum_count":0,"site-sidebar-layout":"default","site-content-layout":"","ast-site-content-layout":"","site-content-style":"default","site-sidebar-style":"default","ast-global-header-display":"","ast-banner-title-visibility":"","ast-main-header-display":"","ast-hfb-above-header-display":"","ast-hfb-below-header-display":"","ast-hfb-mobile-header-display":"","site-post-title":"","ast-breadcrumbs-content":"","ast-featured-img":"","footer-sml-layout":"","theme-transparent-header-meta":"","adv-header-id-meta":"","stick-header-meta":"","header-above-stick-meta":"","header-main-stick-meta":"","header-below-stick-meta":"","astra-migrate-meta-layouts":"default","ast-page-background-enabled":"default","ast-page-background-meta":{"desktop":{"background-color":"var(--ast-global-color-4)","background-image":"","background-repeat":"repeat","background-position":"center center","background-size":"auto","background-attachment":"scroll","background-type":"","background-media":"","overlay-type":"","overlay-color":"","overlay-opacity":"","overlay-gradient":""},"tablet":{"background-color":"","background-image":"","background-repeat":"repeat","background-position":"center center","background-size":"auto","background-attachment":"scroll","background-type":"","background-media":"","overlay-type":"","overlay-color":"","overlay-opacity":"","overlay-gradient":""},"mobile":{"background-color":"","background-image":"","background-repeat":"repeat","background-position":"center center","background-size":"auto","background-attachment":"scroll","background-type":"","background-media":"","overlay-type":"","overlay-color":"","overlay-opacity":"","overlay-gradient":""}},"ast-content-background-meta":{"desktop":{"background-color":"var(--ast-global-color-5)","background-image":"","background-repeat":"repeat","background-position":"center center","background-size":"auto","background-attachment":"scroll","background-type":"","background-media":"","overlay-type":"","overlay-color":"","overlay-opacity":"","overlay-gradient":""},"tablet":{"background-color":"var(--ast-global-color-5)","background-image":"","background-repeat":"repeat","background-position":"center center","background-size":"auto","background-attachment":"scroll","background-type":"","background-media":"","overlay-type":"","overlay-color":"","overlay-opacity":"","overlay-gradient":""},"mobile":{"background-color":"var(--ast-global-color-5)","background-image":"","background-repeat":"repeat","background-position":"center center","background-size":"auto","background-attachment":"scroll","background-type":"","background-media":"","overlay-type":"","overlay-color":"","overlay-opacity":"","overlay-gradient":""}},"footnotes":""},"class_list":["post-21","page","type-page","status-publish","hentry"],"post_mailing_queue_ids":[],"_links":{"self":[{"href":"https:\/\/agora.xtec.cat\/iesvalles\/wp-json\/wp\/v2\/pages\/21","targetHints":{"allow":["GET"]}}],"collection":[{"href":"https:\/\/agora.xtec.cat\/iesvalles\/wp-json\/wp\/v2\/pages"}],"about":[{"href":"https:\/\/agora.xtec.cat\/iesvalles\/wp-json\/wp\/v2\/types\/page"}],"author":[{"embeddable":true,"href":"https:\/\/agora.xtec.cat\/iesvalles\/wp-json\/wp\/v2\/users\/1"}],"replies":[{"embeddable":true,"href":"https:\/\/agora.xtec.cat\/iesvalles\/wp-json\/wp\/v2\/comments?post=21"}],"version-history":[{"count":5,"href":"https:\/\/agora.xtec.cat\/iesvalles\/wp-json\/wp\/v2\/pages\/21\/revisions"}],"predecessor-version":[{"id":8144,"href":"https:\/\/agora.xtec.cat\/iesvalles\/wp-json\/wp\/v2\/pages\/21\/revisions\/8144"}],"up":[{"embeddable":true,"href":"https:\/\/agora.xtec.cat\/iesvalles\/wp-json\/wp\/v2\/pages\/19"}],"wp:attachment":[{"href":"https:\/\/agora.xtec.cat\/iesvalles\/wp-json\/wp\/v2\/media?parent=21"}],"curies":[{"name":"wp","href":"https:\/\/api.w.org\/{rel}","templated":true}]}}