{"id":1166,"date":"2017-05-07T10:11:40","date_gmt":"2017-05-07T08:11:40","guid":{"rendered":"http:\/\/agora.xtec.cat\/iesvalles\/?page_id=1166"},"modified":"2022-02-15T08:36:49","modified_gmt":"2022-02-15T07:36:49","slug":"projectes-daules-obertes","status":"publish","type":"page","link":"https:\/\/agora.xtec.cat\/iesvalles\/projectes\/projectes-daules-obertes\/","title":{"rendered":"Diversificaci\u00f3 curricular"},"content":{"rendered":"<p style=\"text-align: justify;\">La participaci\u00f3 de l\u2019alumnat a <strong>les aules obertes<\/strong> comporta una oportunitat per millorar els aprenentatges i assolir el nivell adequat de les compet\u00e8ncies b\u00e0siques a partir d\u2019un curr\u00edculum de <strong>diversificaci\u00f3 curricular<\/strong>. En aquest programa s\u2019imparteixen continguts de diferents \u00e0rees de manera globalitzada amb activitats d\u2019ensenyament aprenentatge de tipus funcional i procedimental, properes a l\u2019experi\u00e8ncia dels alumnes.\u00a0El fet de treballar amb una r\u00e0tio redu\u00efda afavoreix una atenci\u00f3 m\u00e9s personalitzada de l\u2019alumne\/a.<\/p>\n<h6 style=\"text-align: justify;\"><strong>Projecte <em>SABA<\/em> (alumnes d\u2019 Aula Oberta de 3r)<\/strong><\/h6>\n<p style=\"text-align: justify;\">Amb el\u00a0<strong>projecte SABA <\/strong>els alumnes desenvolupen activitats en diferents associacions de voluntariat de Sabadell. Aquestes actuacions possibiliten que els joves\u00a0coneguin realitats del seu entorn i desenvolupin tasques educatives compromeses amb la societat (aprenentatge-servei).\u00a0El projecte es coordina des de\u00a0<strong><em>Sabadell Suma<\/em><\/strong>, el programa municipal de voluntariat.\u00a0Les entitats que hi\u00a0 participen s\u00f3n les seg\u00fcents: Associaci\u00f3 Vall\u00e8s Amics de la Neurologia (AVAN),\u00a0Actua Vall\u00e8s,\u00a0 C\u00e0ritas,\u00a0Creu Roja, CIPO,\u00a0ANDI,\u00a0Esquitx, Servei Ciutad\u00e0 d\u2019Acollida a l\u2019Immigrant (SCAI), Resid\u00e8ncia\u00a0\u00a0La Creueta i el\u00a0Rebost Solidari.<\/p>\n<h6 style=\"text-align: justify;\"><strong>Programa <em>Tastet d\u2019oficis <\/em>(alumnes d\u2019Aula Oberta de 4t)<\/strong><\/h6>\n<p style=\"text-align: justify;\">El programa consisteix en con\u00e8ixer diferents oficis amb demanda en el mercat de treball, mitjan\u00e7ant la participaci\u00f3 en \u00a0tallers ocupacionals. Els\u00a0 coneixements adquirits en aquests tallers esdevenen elements motivadors pel que fa a la seva formaci\u00f3 posterior. Els oficis que experimenten s\u00f3n: taller de metal\u00b7l\u00fargia, forn i pastisseria, fusteria, arts gr\u00e0fiques, cuina i restauraci\u00f3, electricitat i automoci\u00f3.<\/p>\n<p>&nbsp;<\/p>\n","protected":false},"excerpt":{"rendered":"<p>La participaci\u00f3 de l\u2019alumnat a les aules obertes comporta una oportunitat per millorar els aprenentatges i assolir el nivell adequat de les compet\u00e8ncies b\u00e0siques a partir d\u2019un curr\u00edculum de diversificaci\u00f3 curricular. En aquest programa s\u2019imparteixen continguts de diferents \u00e0rees de manera globalitzada amb activitats d\u2019ensenyament aprenentatge de tipus funcional i procedimental, properes a l\u2019experi\u00e8ncia dels [&hellip;]<\/p>\n","protected":false},"author":10,"featured_media":0,"parent":902,"menu_order":9,"comment_status":"closed","ping_status":"closed","template":"page-templates\/side-menu.php","meta":{"_bbp_topic_count":0,"_bbp_reply_count":0,"_bbp_total_topic_count":0,"_bbp_total_reply_count":0,"_bbp_voice_count":0,"_bbp_anonymous_reply_count":0,"_bbp_topic_count_hidden":0,"_bbp_reply_count_hidden":0,"_bbp_forum_subforum_count":0,"site-sidebar-layout":"default","site-content-layout":"","ast-site-content-layout":"","site-content-style":"default","site-sidebar-style":"default","ast-global-header-display":"","ast-banner-title-visibility":"","ast-main-header-display":"","ast-hfb-above-header-display":"","ast-hfb-below-header-display":"","ast-hfb-mobile-header-display":"","site-post-title":"","ast-breadcrumbs-content":"","ast-featured-img":"","footer-sml-layout":"","theme-transparent-header-meta":"","adv-header-id-meta":"","stick-header-meta":"","header-above-stick-meta":"","header-main-stick-meta":"","header-below-stick-meta":"","astra-migrate-meta-layouts":"default","ast-page-background-enabled":"default","ast-page-background-meta":{"desktop":{"background-color":"var(--ast-global-color-4)","background-image":"","background-repeat":"repeat","background-position":"center center","background-size":"auto","background-attachment":"scroll","background-type":"","background-media":"","overlay-type":"","overlay-color":"","overlay-opacity":"","overlay-gradient":""},"tablet":{"background-color":"","background-image":"","background-repeat":"repeat","background-position":"center center","background-size":"auto","background-attachment":"scroll","background-type":"","background-media":"","overlay-type":"","overlay-color":"","overlay-opacity":"","overlay-gradient":""},"mobile":{"background-color":"","background-image":"","background-repeat":"repeat","background-position":"center center","background-size":"auto","background-attachment":"scroll","background-type":"","background-media":"","overlay-type":"","overlay-color":"","overlay-opacity":"","overlay-gradient":""}},"ast-content-background-meta":{"desktop":{"background-color":"var(--ast-global-color-5)","background-image":"","background-repeat":"repeat","background-position":"center center","background-size":"auto","background-attachment":"scroll","background-type":"","background-media":"","overlay-type":"","overlay-color":"","overlay-opacity":"","overlay-gradient":""},"tablet":{"background-color":"var(--ast-global-color-5)","background-image":"","background-repeat":"repeat","background-position":"center center","background-size":"auto","background-attachment":"scroll","background-type":"","background-media":"","overlay-type":"","overlay-color":"","overlay-opacity":"","overlay-gradient":""},"mobile":{"background-color":"var(--ast-global-color-5)","background-image":"","background-repeat":"repeat","background-position":"center center","background-size":"auto","background-attachment":"scroll","background-type":"","background-media":"","overlay-type":"","overlay-color":"","overlay-opacity":"","overlay-gradient":""}},"footnotes":""},"class_list":["post-1166","page","type-page","status-publish","hentry"],"post_mailing_queue_ids":[],"_links":{"self":[{"href":"https:\/\/agora.xtec.cat\/iesvalles\/wp-json\/wp\/v2\/pages\/1166","targetHints":{"allow":["GET"]}}],"collection":[{"href":"https:\/\/agora.xtec.cat\/iesvalles\/wp-json\/wp\/v2\/pages"}],"about":[{"href":"https:\/\/agora.xtec.cat\/iesvalles\/wp-json\/wp\/v2\/types\/page"}],"author":[{"embeddable":true,"href":"https:\/\/agora.xtec.cat\/iesvalles\/wp-json\/wp\/v2\/users\/10"}],"replies":[{"embeddable":true,"href":"https:\/\/agora.xtec.cat\/iesvalles\/wp-json\/wp\/v2\/comments?post=1166"}],"version-history":[{"count":4,"href":"https:\/\/agora.xtec.cat\/iesvalles\/wp-json\/wp\/v2\/pages\/1166\/revisions"}],"predecessor-version":[{"id":4763,"href":"https:\/\/agora.xtec.cat\/iesvalles\/wp-json\/wp\/v2\/pages\/1166\/revisions\/4763"}],"up":[{"embeddable":true,"href":"https:\/\/agora.xtec.cat\/iesvalles\/wp-json\/wp\/v2\/pages\/902"}],"wp:attachment":[{"href":"https:\/\/agora.xtec.cat\/iesvalles\/wp-json\/wp\/v2\/media?parent=1166"}],"curies":[{"name":"wp","href":"https:\/\/api.w.org\/{rel}","templated":true}]}}