{"id":1141,"date":"2017-03-31T12:17:31","date_gmt":"2017-03-31T10:17:31","guid":{"rendered":"http:\/\/agora.xtec.cat\/iesvalles\/?page_id=1141"},"modified":"2025-10-05T15:34:14","modified_gmt":"2025-10-05T13:34:14","slug":"pas","status":"publish","type":"page","link":"https:\/\/agora.xtec.cat\/iesvalles\/linstitut\/organigrama\/pas\/","title":{"rendered":"PAS 25-26"},"content":{"rendered":"<p style=\"text-align: justify;\">El personal d\u2019administraci\u00f3 i serveis (PAS) est\u00e0 format per:<\/p>\n<ul>\n<li style=\"text-align: justify;\"><b>Subalterns: <\/b>Olga Garc\u00eda i Ma Jes\u00fas Garc\u00eda<\/li>\n<\/ul>\n<ul>\n<li style=\"text-align: justify;\"><b>Personal d\u2019Administraci\u00f3:<\/b> M. Jos\u00e9 Ayuso i Montse Mu\u00f1oz.<\/li>\n<\/ul>\n","protected":false},"excerpt":{"rendered":"<p>El personal d\u2019administraci\u00f3 i serveis (PAS) est\u00e0 format per: Subalterns: Olga Garc\u00eda i Ma Jes\u00fas Garc\u00eda Personal d\u2019Administraci\u00f3: M. Jos\u00e9 Ayuso i Montse Mu\u00f1oz.<\/p>\n","protected":false},"author":10,"featured_media":0,"parent":46,"menu_order":80,"comment_status":"closed","ping_status":"closed","template":"page-templates\/side-menu.php","meta":{"_bbp_topic_count":0,"_bbp_reply_count":0,"_bbp_total_topic_count":0,"_bbp_total_reply_count":0,"_bbp_voice_count":0,"_bbp_anonymous_reply_count":0,"_bbp_topic_count_hidden":0,"_bbp_reply_count_hidden":0,"_bbp_forum_subforum_count":0,"site-sidebar-layout":"default","site-content-layout":"","ast-site-content-layout":"","site-content-style":"default","site-sidebar-style":"default","ast-global-header-display":"","ast-banner-title-visibility":"","ast-main-header-display":"","ast-hfb-above-header-display":"","ast-hfb-below-header-display":"","ast-hfb-mobile-header-display":"","site-post-title":"","ast-breadcrumbs-content":"","ast-featured-img":"","footer-sml-layout":"","theme-transparent-header-meta":"","adv-header-id-meta":"","stick-header-meta":"","header-above-stick-meta":"","header-main-stick-meta":"","header-below-stick-meta":"","astra-migrate-meta-layouts":"default","ast-page-background-enabled":"default","ast-page-background-meta":{"desktop":{"background-color":"var(--ast-global-color-4)","background-image":"","background-repeat":"repeat","background-position":"center center","background-size":"auto","background-attachment":"scroll","background-type":"","background-media":"","overlay-type":"","overlay-color":"","overlay-opacity":"","overlay-gradient":""},"tablet":{"background-color":"","background-image":"","background-repeat":"repeat","background-position":"center center","background-size":"auto","background-attachment":"scroll","background-type":"","background-media":"","overlay-type":"","overlay-color":"","overlay-opacity":"","overlay-gradient":""},"mobile":{"background-color":"","background-image":"","background-repeat":"repeat","background-position":"center center","background-size":"auto","background-attachment":"scroll","background-type":"","background-media":"","overlay-type":"","overlay-color":"","overlay-opacity":"","overlay-gradient":""}},"ast-content-background-meta":{"desktop":{"background-color":"var(--ast-global-color-5)","background-image":"","background-repeat":"repeat","background-position":"center center","background-size":"auto","background-attachment":"scroll","background-type":"","background-media":"","overlay-type":"","overlay-color":"","overlay-opacity":"","overlay-gradient":""},"tablet":{"background-color":"var(--ast-global-color-5)","background-image":"","background-repeat":"repeat","background-position":"center center","background-size":"auto","background-attachment":"scroll","background-type":"","background-media":"","overlay-type":"","overlay-color":"","overlay-opacity":"","overlay-gradient":""},"mobile":{"background-color":"var(--ast-global-color-5)","background-image":"","background-repeat":"repeat","background-position":"center center","background-size":"auto","background-attachment":"scroll","background-type":"","background-media":"","overlay-type":"","overlay-color":"","overlay-opacity":"","overlay-gradient":""}},"footnotes":""},"class_list":["post-1141","page","type-page","status-publish","hentry"],"post_mailing_queue_ids":[],"_links":{"self":[{"href":"https:\/\/agora.xtec.cat\/iesvalles\/wp-json\/wp\/v2\/pages\/1141","targetHints":{"allow":["GET"]}}],"collection":[{"href":"https:\/\/agora.xtec.cat\/iesvalles\/wp-json\/wp\/v2\/pages"}],"about":[{"href":"https:\/\/agora.xtec.cat\/iesvalles\/wp-json\/wp\/v2\/types\/page"}],"author":[{"embeddable":true,"href":"https:\/\/agora.xtec.cat\/iesvalles\/wp-json\/wp\/v2\/users\/10"}],"replies":[{"embeddable":true,"href":"https:\/\/agora.xtec.cat\/iesvalles\/wp-json\/wp\/v2\/comments?post=1141"}],"version-history":[{"count":5,"href":"https:\/\/agora.xtec.cat\/iesvalles\/wp-json\/wp\/v2\/pages\/1141\/revisions"}],"predecessor-version":[{"id":7890,"href":"https:\/\/agora.xtec.cat\/iesvalles\/wp-json\/wp\/v2\/pages\/1141\/revisions\/7890"}],"up":[{"embeddable":true,"href":"https:\/\/agora.xtec.cat\/iesvalles\/wp-json\/wp\/v2\/pages\/46"}],"wp:attachment":[{"href":"https:\/\/agora.xtec.cat\/iesvalles\/wp-json\/wp\/v2\/media?parent=1141"}],"curies":[{"name":"wp","href":"https:\/\/api.w.org\/{rel}","templated":true}]}}