{"id":1137,"date":"2017-03-31T12:12:52","date_gmt":"2017-03-31T10:12:52","guid":{"rendered":"http:\/\/agora.xtec.cat\/iesvalles\/?page_id=1137"},"modified":"2025-11-11T22:25:43","modified_gmt":"2025-11-11T21:25:43","slug":"coordinacions-tecniques","status":"publish","type":"page","link":"https:\/\/agora.xtec.cat\/iesvalles\/linstitut\/organigrama\/coordinacions-tecniques\/","title":{"rendered":"Coordinacions T\u00e8cniques 25-26"},"content":{"rendered":"<ul>\n<li><strong>Coordinaci\u00f3 Activitats i Serveis Escolars:<\/strong> Ra\u00fcl Grau<\/li>\n<li><strong>Coordinaci\u00f3 Digital:<\/strong> Enric Cervell\u00f3 \/ Alfred Millet<\/li>\n<li><strong>Coordinaci\u00f3 LIC: <\/strong>Alba Fl\u00f3rez<\/li>\n<li><strong>Coordinaci\u00f3 ACDE:<\/strong>\u00a0Enric Cervell\u00f3<\/li>\n<li><strong>Coordinaci\u00f3 Prevenci\u00f3 Riscs Laborals:<\/strong> In\u00e9s C\u00e1novas<\/li>\n<li><strong>Coordinaci\u00f3 Projectes 1r d&#8217;ESO:<\/strong> Mar Capedevila<\/li>\n<li><strong>Coordinaci\u00f3 Projectes 2n d&#8217;ESO:<\/strong> Josep Lapuente<\/li>\n<li><strong>Coordinaci\u00f3 Projectes 3r d&#8217;ESO:<\/strong> J\u00falia Ferreres<\/li>\n<li><strong>Coordinaci\u00f3 Projectes 4t d&#8217;ESO:<\/strong> Remei Quero<\/li>\n<li><strong>Coordinaci\u00f3 Erasmus+:<\/strong> Enric Cervell\u00f3<\/li>\n<li><strong>Coordinaci\u00f3 L&#8217;Estruch:<\/strong> Neus Segal\u00e9s<\/li>\n<li><strong>Coordinaci\u00f3 TEI: <\/strong>Laia Palou<\/li>\n<li><strong>Comissi\u00f3 Coeducaci\u00f3:<\/strong> Cintia Fuster<\/li>\n<li><strong>Coordinaci\u00f3 Fora Brossa: <\/strong>In\u00e9s C\u00e1novas<\/li>\n<\/ul>\n","protected":false},"excerpt":{"rendered":"<p>Coordinaci\u00f3 Activitats i Serveis Escolars: Ra\u00fcl Grau Coordinaci\u00f3 Digital: Enric Cervell\u00f3 \/ Alfred Millet Coordinaci\u00f3 LIC: Alba Fl\u00f3rez Coordinaci\u00f3 ACDE:\u00a0Enric Cervell\u00f3 Coordinaci\u00f3 Prevenci\u00f3 Riscs Laborals: In\u00e9s C\u00e1novas Coordinaci\u00f3 Projectes 1r d&#8217;ESO: Mar Capedevila Coordinaci\u00f3 Projectes 2n d&#8217;ESO: Josep Lapuente Coordinaci\u00f3 Projectes 3r d&#8217;ESO: J\u00falia Ferreres Coordinaci\u00f3 Projectes 4t d&#8217;ESO: Remei Quero Coordinaci\u00f3 Erasmus+: Enric Cervell\u00f3 [&hellip;]<\/p>\n","protected":false},"author":10,"featured_media":0,"parent":46,"menu_order":35,"comment_status":"closed","ping_status":"closed","template":"page-templates\/side-menu.php","meta":{"_bbp_topic_count":0,"_bbp_reply_count":0,"_bbp_total_topic_count":0,"_bbp_total_reply_count":0,"_bbp_voice_count":0,"_bbp_anonymous_reply_count":0,"_bbp_topic_count_hidden":0,"_bbp_reply_count_hidden":0,"_bbp_forum_subforum_count":0,"site-sidebar-layout":"default","site-content-layout":"","ast-site-content-layout":"","site-content-style":"default","site-sidebar-style":"default","ast-global-header-display":"","ast-banner-title-visibility":"","ast-main-header-display":"","ast-hfb-above-header-display":"","ast-hfb-below-header-display":"","ast-hfb-mobile-header-display":"","site-post-title":"","ast-breadcrumbs-content":"","ast-featured-img":"","footer-sml-layout":"","theme-transparent-header-meta":"","adv-header-id-meta":"","stick-header-meta":"","header-above-stick-meta":"","header-main-stick-meta":"","header-below-stick-meta":"","astra-migrate-meta-layouts":"default","ast-page-background-enabled":"default","ast-page-background-meta":{"desktop":{"background-color":"var(--ast-global-color-4)","background-image":"","background-repeat":"repeat","background-position":"center center","background-size":"auto","background-attachment":"scroll","background-type":"","background-media":"","overlay-type":"","overlay-color":"","overlay-opacity":"","overlay-gradient":""},"tablet":{"background-color":"","background-image":"","background-repeat":"repeat","background-position":"center center","background-size":"auto","background-attachment":"scroll","background-type":"","background-media":"","overlay-type":"","overlay-color":"","overlay-opacity":"","overlay-gradient":""},"mobile":{"background-color":"","background-image":"","background-repeat":"repeat","background-position":"center center","background-size":"auto","background-attachment":"scroll","background-type":"","background-media":"","overlay-type":"","overlay-color":"","overlay-opacity":"","overlay-gradient":""}},"ast-content-background-meta":{"desktop":{"background-color":"var(--ast-global-color-5)","background-image":"","background-repeat":"repeat","background-position":"center center","background-size":"auto","background-attachment":"scroll","background-type":"","background-media":"","overlay-type":"","overlay-color":"","overlay-opacity":"","overlay-gradient":""},"tablet":{"background-color":"var(--ast-global-color-5)","background-image":"","background-repeat":"repeat","background-position":"center center","background-size":"auto","background-attachment":"scroll","background-type":"","background-media":"","overlay-type":"","overlay-color":"","overlay-opacity":"","overlay-gradient":""},"mobile":{"background-color":"var(--ast-global-color-5)","background-image":"","background-repeat":"repeat","background-position":"center center","background-size":"auto","background-attachment":"scroll","background-type":"","background-media":"","overlay-type":"","overlay-color":"","overlay-opacity":"","overlay-gradient":""}},"footnotes":""},"class_list":["post-1137","page","type-page","status-publish","hentry"],"post_mailing_queue_ids":[],"_links":{"self":[{"href":"https:\/\/agora.xtec.cat\/iesvalles\/wp-json\/wp\/v2\/pages\/1137","targetHints":{"allow":["GET"]}}],"collection":[{"href":"https:\/\/agora.xtec.cat\/iesvalles\/wp-json\/wp\/v2\/pages"}],"about":[{"href":"https:\/\/agora.xtec.cat\/iesvalles\/wp-json\/wp\/v2\/types\/page"}],"author":[{"embeddable":true,"href":"https:\/\/agora.xtec.cat\/iesvalles\/wp-json\/wp\/v2\/users\/10"}],"replies":[{"embeddable":true,"href":"https:\/\/agora.xtec.cat\/iesvalles\/wp-json\/wp\/v2\/comments?post=1137"}],"version-history":[{"count":6,"href":"https:\/\/agora.xtec.cat\/iesvalles\/wp-json\/wp\/v2\/pages\/1137\/revisions"}],"predecessor-version":[{"id":7951,"href":"https:\/\/agora.xtec.cat\/iesvalles\/wp-json\/wp\/v2\/pages\/1137\/revisions\/7951"}],"up":[{"embeddable":true,"href":"https:\/\/agora.xtec.cat\/iesvalles\/wp-json\/wp\/v2\/pages\/46"}],"wp:attachment":[{"href":"https:\/\/agora.xtec.cat\/iesvalles\/wp-json\/wp\/v2\/media?parent=1137"}],"curies":[{"name":"wp","href":"https:\/\/api.w.org\/{rel}","templated":true}]}}