{"id":1015,"date":"2017-03-30T12:59:38","date_gmt":"2017-03-30T10:59:38","guid":{"rendered":"http:\/\/agora.xtec.cat\/iesvalles\/?page_id=1015"},"modified":"2025-01-16T11:28:13","modified_gmt":"2025-01-16T10:28:13","slug":"contacte-i-horari","status":"publish","type":"page","link":"https:\/\/agora.xtec.cat\/iesvalles\/secretaria\/contacte-i-horari\/","title":{"rendered":"Contacte i horari"},"content":{"rendered":"<ul>\n<li>Tel\u00e8fon: 93 725 08 88<\/li>\n<li>Correu: <a href=\"mailto:atencio.families@institutvalles.cat\">atencio.families@institutvalles.cat<\/a><\/li>\n<\/ul>\n<p>&nbsp;<\/p>\n<h3>Horari d&#8217;atenci\u00f3 al p\u00fablic de secretaria<\/h3>\n<table style=\"width: 80%;\" width=\"80%\" align=\"center\">\n<tbody>\n<tr>\n<td style=\"width: 100%; background-color: #f58002; text-align: center; height: 38px;\" colspan=\"3\"><strong>De l&#8217;1 d&#8217;octubre al 31 de maig<\/strong><\/td>\n<\/tr>\n<tr style=\"height: 33px;\">\n<td style=\"width: 50%; text-align: center; height: 33px;\" width=\"50%\"><b>Matins<\/b><\/td>\n<td style=\"width: 25%; text-align: center;\" colspan=\"2\"><b>Tardes<\/b><\/td>\n<\/tr>\n<tr style=\"height: 96px;\">\n<td style=\"width: 50%; text-align: center; height: 96px;\">\n<p style=\"text-align: center;\">De dilluns a divendres<\/p>\n<p style=\"text-align: center;\">09.00h a 14.00h<\/p>\n<\/td>\n<td style=\"width: 25%; text-align: center;\">\n<p style=\"text-align: center;\">Dilluns<\/p>\n<p style=\"text-align: center;\">15.00h a 17.30h<\/p>\n<\/td>\n<td style=\"width: 25%; text-align: center; height: 96px;\">\n<p style=\"text-align: center;\">Dimecres<\/p>\n<p style=\"text-align: center;\">15.00h a 17.30h<\/p>\n<\/td>\n<\/tr>\n<\/tbody>\n<\/table>\n<p>&nbsp;<\/p>\n<table width=\"80%\" align=\"center\">\n<tbody>\n<tr style=\"border-color: #f78b07;\">\n<td style=\"width: 50%; background-color: #f58002; text-align: center;\" colspan=\"2\"><strong>De l&#8217;1 de juny al 30 de setembre<\/strong><\/td>\n<\/tr>\n<tr>\n<td style=\"width: 50%; text-align: center;\"><b>Matins<\/b><\/td>\n<td style=\"width: 50%; text-align: center;\"><b>Tardes<\/b><\/td>\n<\/tr>\n<tr>\n<td style=\"width: 50%; text-align: center;\">\n<p style=\"text-align: center;\">De dilluns a divendres<\/p>\n<p style=\"text-align: center;\">09.00h a 14:00h<\/p>\n<\/td>\n<td style=\"width: 50%; text-align: center;\">\n<p style=\"text-align: center;\">Tancat<\/p>\n<\/td>\n<\/tr>\n<\/tbody>\n<\/table>\n<p>&nbsp;<\/p>\n","protected":false},"excerpt":{"rendered":"<p>Tel\u00e8fon: 93 725 08 88 Correu: atencio.families@institutvalles.cat &nbsp; Horari d&#8217;atenci\u00f3 al p\u00fablic de secretaria De l&#8217;1 d&#8217;octubre al 31 de maig Matins Tardes De dilluns a divendres 09.00h a 14.00h Dilluns 15.00h a 17.30h Dimecres 15.00h a 17.30h &nbsp; De l&#8217;1 de juny al 30 de setembre Matins Tardes De dilluns a divendres 09.00h a [&hellip;]<\/p>\n","protected":false},"author":10,"featured_media":0,"parent":81,"menu_order":0,"comment_status":"closed","ping_status":"closed","template":"page-templates\/side-menu.php","meta":{"_bbp_topic_count":0,"_bbp_reply_count":0,"_bbp_total_topic_count":0,"_bbp_total_reply_count":0,"_bbp_voice_count":0,"_bbp_anonymous_reply_count":0,"_bbp_topic_count_hidden":0,"_bbp_reply_count_hidden":0,"_bbp_forum_subforum_count":0,"site-sidebar-layout":"default","site-content-layout":"","ast-site-content-layout":"","site-content-style":"default","site-sidebar-style":"default","ast-global-header-display":"","ast-banner-title-visibility":"","ast-main-header-display":"","ast-hfb-above-header-display":"","ast-hfb-below-header-display":"","ast-hfb-mobile-header-display":"","site-post-title":"","ast-breadcrumbs-content":"","ast-featured-img":"","footer-sml-layout":"","theme-transparent-header-meta":"","adv-header-id-meta":"","stick-header-meta":"","header-above-stick-meta":"","header-main-stick-meta":"","header-below-stick-meta":"","astra-migrate-meta-layouts":"default","ast-page-background-enabled":"default","ast-page-background-meta":{"desktop":{"background-color":"var(--ast-global-color-4)","background-image":"","background-repeat":"repeat","background-position":"center center","background-size":"auto","background-attachment":"scroll","background-type":"","background-media":"","overlay-type":"","overlay-color":"","overlay-opacity":"","overlay-gradient":""},"tablet":{"background-color":"","background-image":"","background-repeat":"repeat","background-position":"center center","background-size":"auto","background-attachment":"scroll","background-type":"","background-media":"","overlay-type":"","overlay-color":"","overlay-opacity":"","overlay-gradient":""},"mobile":{"background-color":"","background-image":"","background-repeat":"repeat","background-position":"center center","background-size":"auto","background-attachment":"scroll","background-type":"","background-media":"","overlay-type":"","overlay-color":"","overlay-opacity":"","overlay-gradient":""}},"ast-content-background-meta":{"desktop":{"background-color":"var(--ast-global-color-5)","background-image":"","background-repeat":"repeat","background-position":"center center","background-size":"auto","background-attachment":"scroll","background-type":"","background-media":"","overlay-type":"","overlay-color":"","overlay-opacity":"","overlay-gradient":""},"tablet":{"background-color":"var(--ast-global-color-5)","background-image":"","background-repeat":"repeat","background-position":"center center","background-size":"auto","background-attachment":"scroll","background-type":"","background-media":"","overlay-type":"","overlay-color":"","overlay-opacity":"","overlay-gradient":""},"mobile":{"background-color":"var(--ast-global-color-5)","background-image":"","background-repeat":"repeat","background-position":"center center","background-size":"auto","background-attachment":"scroll","background-type":"","background-media":"","overlay-type":"","overlay-color":"","overlay-opacity":"","overlay-gradient":""}},"footnotes":""},"class_list":["post-1015","page","type-page","status-publish","hentry"],"post_mailing_queue_ids":[],"_links":{"self":[{"href":"https:\/\/agora.xtec.cat\/iesvalles\/wp-json\/wp\/v2\/pages\/1015","targetHints":{"allow":["GET"]}}],"collection":[{"href":"https:\/\/agora.xtec.cat\/iesvalles\/wp-json\/wp\/v2\/pages"}],"about":[{"href":"https:\/\/agora.xtec.cat\/iesvalles\/wp-json\/wp\/v2\/types\/page"}],"author":[{"embeddable":true,"href":"https:\/\/agora.xtec.cat\/iesvalles\/wp-json\/wp\/v2\/users\/10"}],"replies":[{"embeddable":true,"href":"https:\/\/agora.xtec.cat\/iesvalles\/wp-json\/wp\/v2\/comments?post=1015"}],"version-history":[{"count":5,"href":"https:\/\/agora.xtec.cat\/iesvalles\/wp-json\/wp\/v2\/pages\/1015\/revisions"}],"predecessor-version":[{"id":7217,"href":"https:\/\/agora.xtec.cat\/iesvalles\/wp-json\/wp\/v2\/pages\/1015\/revisions\/7217"}],"up":[{"embeddable":true,"href":"https:\/\/agora.xtec.cat\/iesvalles\/wp-json\/wp\/v2\/pages\/81"}],"wp:attachment":[{"href":"https:\/\/agora.xtec.cat\/iesvalles\/wp-json\/wp\/v2\/media?parent=1015"}],"curies":[{"name":"wp","href":"https:\/\/api.w.org\/{rel}","templated":true}]}}