{"id":888,"date":"2025-01-24T10:12:21","date_gmt":"2025-01-24T09:12:21","guid":{"rendered":"https:\/\/agora.xtec.cat\/iesvalldarus\/?page_id=888"},"modified":"2025-01-24T11:22:30","modified_gmt":"2025-01-24T10:22:30","slug":"estrategia-digital","status":"publish","type":"page","link":"https:\/\/agora.xtec.cat\/iesvalldarus\/estrategia-digital\/","title":{"rendered":"Estrat\u00e8gia Digital de Centre"},"content":{"rendered":"\n<figure class=\"wp-block-image alignfull size-large\"><a href=\"https:\/\/agora.xtec.cat\/iesvalldarus\/wp-content\/uploads\/usu2464\/2025\/01\/image-1.png\"><img loading=\"lazy\" decoding=\"async\" width=\"1024\" height=\"721\" src=\"https:\/\/agora.xtec.cat\/iesvalldarus\/wp-content\/uploads\/usu2464\/2025\/01\/image-1-1024x721.png\" alt=\"\" class=\"wp-image-890\" srcset=\"https:\/\/agora.xtec.cat\/iesvalldarus\/wp-content\/uploads\/usu2464\/2025\/01\/image-1-1024x721.png 1024w, https:\/\/agora.xtec.cat\/iesvalldarus\/wp-content\/uploads\/usu2464\/2025\/01\/image-1-300x211.png 300w, https:\/\/agora.xtec.cat\/iesvalldarus\/wp-content\/uploads\/usu2464\/2025\/01\/image-1-768x541.png 768w, https:\/\/agora.xtec.cat\/iesvalldarus\/wp-content\/uploads\/usu2464\/2025\/01\/image-1.png 1280w\" sizes=\"auto, (max-width: 1024px) 100vw, 1024px\" \/><\/a><\/figure>\n\n\n\n<div class=\"wp-block-columns alignfull is-layout-flex wp-container-core-columns-is-layout-1 wp-block-columns-is-layout-flex\">\n<div class=\"wp-block-column is-layout-flow wp-block-column-is-layout-flow\">\n<figure class=\"wp-block-image alignfull size-full\"><a href=\"https:\/\/agora.xtec.cat\/iesvalldarus\/wp-content\/uploads\/usu2464\/2025\/01\/image-2.png\"><img loading=\"lazy\" decoding=\"async\" width=\"590\" height=\"295\" src=\"https:\/\/agora.xtec.cat\/iesvalldarus\/wp-content\/uploads\/usu2464\/2025\/01\/image-2.png\" alt=\"\" class=\"wp-image-891\" srcset=\"https:\/\/agora.xtec.cat\/iesvalldarus\/wp-content\/uploads\/usu2464\/2025\/01\/image-2.png 590w, https:\/\/agora.xtec.cat\/iesvalldarus\/wp-content\/uploads\/usu2464\/2025\/01\/image-2-300x150.png 300w\" sizes=\"auto, (max-width: 590px) 100vw, 590px\" \/><\/a><\/figure>\n<\/div>\n\n\n\n<div class=\"wp-block-column is-layout-flow wp-block-column-is-layout-flow\">\n<p>Al primer trimestre del curs 2022-2023 hem aplicat diferents eines de diagnosi (SELFIE + q\u00fcestionari al professorat) per detectar quins s\u00f3n els punts forts i els aspectes en els quals m\u00e9s hem d&#8217;incidir. Aquests s\u00f3n els resultats:<\/p>\n\n\n\n<p><a href=\"https:\/\/docs.google.com\/spreadsheets\/d\/1MAidEe0XfLeSgOOElzXrihpZ_zD0BPigqftb8hDmuxA\/edit?gid=0#gid=0\">BUIDATGE DIAGNOSI I OBJECTIUS INS Vall d&#8217;Ar\u00fas<\/a><\/p>\n<\/div>\n<\/div>\n\n\n\n<figure class=\"wp-block-image alignfull size-large\"><a href=\"https:\/\/agora.xtec.cat\/iesvalldarus\/wp-content\/uploads\/usu2464\/2025\/01\/image-3.png\"><img loading=\"lazy\" decoding=\"async\" width=\"1024\" height=\"423\" src=\"https:\/\/agora.xtec.cat\/iesvalldarus\/wp-content\/uploads\/usu2464\/2025\/01\/image-3-1024x423.png\" alt=\"\" class=\"wp-image-892\" srcset=\"https:\/\/agora.xtec.cat\/iesvalldarus\/wp-content\/uploads\/usu2464\/2025\/01\/image-3-1024x423.png 1024w, https:\/\/agora.xtec.cat\/iesvalldarus\/wp-content\/uploads\/usu2464\/2025\/01\/image-3-300x124.png 300w, https:\/\/agora.xtec.cat\/iesvalldarus\/wp-content\/uploads\/usu2464\/2025\/01\/image-3-768x317.png 768w, https:\/\/agora.xtec.cat\/iesvalldarus\/wp-content\/uploads\/usu2464\/2025\/01\/image-3.png 1280w\" sizes=\"auto, (max-width: 1024px) 100vw, 1024px\" \/><\/a><\/figure>\n\n\n\n<div class=\"wp-block-columns alignfull is-layout-flex wp-container-core-columns-is-layout-2 wp-block-columns-is-layout-flex\">\n<div class=\"wp-block-column is-layout-flow wp-block-column-is-layout-flow\">\n<figure class=\"wp-block-image size-full\"><a href=\"https:\/\/agora.xtec.cat\/iesvalldarus\/wp-content\/uploads\/usu2464\/2025\/01\/image-4.png\"><img loading=\"lazy\" decoding=\"async\" width=\"577\" height=\"324\" src=\"https:\/\/agora.xtec.cat\/iesvalldarus\/wp-content\/uploads\/usu2464\/2025\/01\/image-4.png\" alt=\"\" class=\"wp-image-895\" srcset=\"https:\/\/agora.xtec.cat\/iesvalldarus\/wp-content\/uploads\/usu2464\/2025\/01\/image-4.png 577w, https:\/\/agora.xtec.cat\/iesvalldarus\/wp-content\/uploads\/usu2464\/2025\/01\/image-4-300x168.png 300w\" sizes=\"auto, (max-width: 577px) 100vw, 577px\" \/><\/a><\/figure>\n<\/div>\n\n\n\n<div class=\"wp-block-column is-layout-flow wp-block-column-is-layout-flow\">\n<p>Partint de la diagnosi, vam obtenir objectius relacionats amb els punts febles i amb els punts forts.&nbsp;<\/p>\n\n\n\n<p>Despr\u00e9s vam ponderar cada objectiu atenent a criteris de necessitat, viabilitat, recursos i grau d&#8217;impacte, amb el que vam obtenir un llistat d&#8217;objectius prioritzats.<\/p>\n\n\n\n<p>En tot moment, hem controlat que els objectius triats concordin amb el PdD; m\u00e9s endavant controlarem la seva pres\u00e8ncia als altres documents de centre.<\/p>\n<\/div>\n<\/div>\n\n\n\n<figure class=\"wp-block-image alignfull size-large\"><a href=\"https:\/\/agora.xtec.cat\/iesvalldarus\/wp-content\/uploads\/usu2464\/2025\/01\/image-6.png\"><img loading=\"lazy\" decoding=\"async\" width=\"1024\" height=\"309\" src=\"https:\/\/agora.xtec.cat\/iesvalldarus\/wp-content\/uploads\/usu2464\/2025\/01\/image-6-1024x309.png\" alt=\"\" class=\"wp-image-897\" srcset=\"https:\/\/agora.xtec.cat\/iesvalldarus\/wp-content\/uploads\/usu2464\/2025\/01\/image-6-1024x309.png 1024w, https:\/\/agora.xtec.cat\/iesvalldarus\/wp-content\/uploads\/usu2464\/2025\/01\/image-6-300x90.png 300w, https:\/\/agora.xtec.cat\/iesvalldarus\/wp-content\/uploads\/usu2464\/2025\/01\/image-6-768x232.png 768w, https:\/\/agora.xtec.cat\/iesvalldarus\/wp-content\/uploads\/usu2464\/2025\/01\/image-6.png 1280w\" sizes=\"auto, (max-width: 1024px) 100vw, 1024px\" \/><\/a><\/figure>\n\n\n\n<div class=\"wp-block-columns alignfull is-layout-flex wp-container-core-columns-is-layout-3 wp-block-columns-is-layout-flex\">\n<div class=\"wp-block-column is-layout-flow wp-block-column-is-layout-flow\">\n<figure class=\"wp-block-image size-full\"><a href=\"https:\/\/agora.xtec.cat\/iesvalldarus\/wp-content\/uploads\/usu2464\/2025\/01\/image-7.png\"><img loading=\"lazy\" decoding=\"async\" width=\"601\" height=\"289\" src=\"https:\/\/agora.xtec.cat\/iesvalldarus\/wp-content\/uploads\/usu2464\/2025\/01\/image-7.png\" alt=\"\" class=\"wp-image-898\" srcset=\"https:\/\/agora.xtec.cat\/iesvalldarus\/wp-content\/uploads\/usu2464\/2025\/01\/image-7.png 601w, https:\/\/agora.xtec.cat\/iesvalldarus\/wp-content\/uploads\/usu2464\/2025\/01\/image-7-300x144.png 300w\" sizes=\"auto, (max-width: 601px) 100vw, 601px\" \/><\/a><\/figure>\n<\/div>\n\n\n\n<div class=\"wp-block-column is-layout-flow wp-block-column-is-layout-flow\">\n<p>Una vegada establerts els objectius prioritaris, hem fixat indicadors i criteris d&#8217;assoliment.&nbsp;<\/p>\n\n\n\n<p>Hem passat llavors a cercar activitats per assolir aquests objectius. Tamb\u00e9 hem programat la seva temporitzaci\u00f3, tot creant una fitxa per cada activitat, amb responsables de l&#8217;execuci\u00f3 de l&#8217;activitat i de la recollida de resultats.&nbsp;<\/p>\n<\/div>\n<\/div>\n\n\n\n<figure class=\"wp-block-image alignfull size-large\"><a href=\"https:\/\/agora.xtec.cat\/iesvalldarus\/wp-content\/uploads\/usu2464\/2025\/01\/image-8.png\"><img loading=\"lazy\" decoding=\"async\" width=\"1024\" height=\"342\" src=\"https:\/\/agora.xtec.cat\/iesvalldarus\/wp-content\/uploads\/usu2464\/2025\/01\/image-8-1024x342.png\" alt=\"\" class=\"wp-image-899\" srcset=\"https:\/\/agora.xtec.cat\/iesvalldarus\/wp-content\/uploads\/usu2464\/2025\/01\/image-8-1024x342.png 1024w, https:\/\/agora.xtec.cat\/iesvalldarus\/wp-content\/uploads\/usu2464\/2025\/01\/image-8-300x100.png 300w, https:\/\/agora.xtec.cat\/iesvalldarus\/wp-content\/uploads\/usu2464\/2025\/01\/image-8-768x256.png 768w, https:\/\/agora.xtec.cat\/iesvalldarus\/wp-content\/uploads\/usu2464\/2025\/01\/image-8.png 1280w\" sizes=\"auto, (max-width: 1024px) 100vw, 1024px\" \/><\/a><\/figure>\n\n\n\n<figure class=\"wp-block-image alignfull size-large\"><a href=\"https:\/\/agora.xtec.cat\/iesvalldarus\/wp-content\/uploads\/usu2464\/2025\/01\/image-9.png\"><img loading=\"lazy\" decoding=\"async\" width=\"1024\" height=\"454\" src=\"https:\/\/agora.xtec.cat\/iesvalldarus\/wp-content\/uploads\/usu2464\/2025\/01\/image-9-1024x454.png\" alt=\"\" class=\"wp-image-900\" srcset=\"https:\/\/agora.xtec.cat\/iesvalldarus\/wp-content\/uploads\/usu2464\/2025\/01\/image-9-1024x454.png 1024w, https:\/\/agora.xtec.cat\/iesvalldarus\/wp-content\/uploads\/usu2464\/2025\/01\/image-9-300x133.png 300w, https:\/\/agora.xtec.cat\/iesvalldarus\/wp-content\/uploads\/usu2464\/2025\/01\/image-9-768x341.png 768w, https:\/\/agora.xtec.cat\/iesvalldarus\/wp-content\/uploads\/usu2464\/2025\/01\/image-9.png 1280w\" sizes=\"auto, (max-width: 1024px) 100vw, 1024px\" \/><\/a><\/figure>\n\n\n\n<figure class=\"wp-block-image alignfull size-large\"><a href=\"https:\/\/agora.xtec.cat\/iesvalldarus\/wp-content\/uploads\/usu2464\/2025\/01\/image-10.png\"><img loading=\"lazy\" decoding=\"async\" width=\"1024\" height=\"515\" src=\"https:\/\/agora.xtec.cat\/iesvalldarus\/wp-content\/uploads\/usu2464\/2025\/01\/image-10-1024x515.png\" alt=\"\" class=\"wp-image-901\" srcset=\"https:\/\/agora.xtec.cat\/iesvalldarus\/wp-content\/uploads\/usu2464\/2025\/01\/image-10-1024x515.png 1024w, https:\/\/agora.xtec.cat\/iesvalldarus\/wp-content\/uploads\/usu2464\/2025\/01\/image-10-300x151.png 300w, https:\/\/agora.xtec.cat\/iesvalldarus\/wp-content\/uploads\/usu2464\/2025\/01\/image-10-768x386.png 768w, https:\/\/agora.xtec.cat\/iesvalldarus\/wp-content\/uploads\/usu2464\/2025\/01\/image-10.png 1280w\" sizes=\"auto, (max-width: 1024px) 100vw, 1024px\" \/><\/a><\/figure>\n\n\n\n<div class=\"wp-block-columns is-layout-flex wp-container-core-columns-is-layout-4 wp-block-columns-is-layout-flex\">\n<div class=\"wp-block-column is-layout-flow wp-block-column-is-layout-flow\">\n<figure class=\"wp-block-image alignfull size-full\"><a href=\"https:\/\/agora.xtec.cat\/iesvalldarus\/wp-content\/uploads\/usu2464\/2025\/01\/image-11.png\"><img loading=\"lazy\" decoding=\"async\" width=\"556\" height=\"312\" src=\"https:\/\/agora.xtec.cat\/iesvalldarus\/wp-content\/uploads\/usu2464\/2025\/01\/image-11.png\" alt=\"\" class=\"wp-image-908\" srcset=\"https:\/\/agora.xtec.cat\/iesvalldarus\/wp-content\/uploads\/usu2464\/2025\/01\/image-11.png 556w, https:\/\/agora.xtec.cat\/iesvalldarus\/wp-content\/uploads\/usu2464\/2025\/01\/image-11-300x168.png 300w\" sizes=\"auto, (max-width: 556px) 100vw, 556px\" \/><\/a><\/figure>\n<\/div>\n\n\n\n<div class=\"wp-block-column is-layout-flow wp-block-column-is-layout-flow\">\n<p>Hem preparat un full de c\u00e0lcul per recollir tots els indicadors de les activitats i els dels objectius.<\/p>\n<\/div>\n<\/div>\n\n\n\n<figure class=\"wp-block-image alignfull size-large\"><a href=\"https:\/\/agora.xtec.cat\/iesvalldarus\/wp-content\/uploads\/usu2464\/2025\/01\/image-12.png\"><img loading=\"lazy\" decoding=\"async\" width=\"1024\" height=\"460\" src=\"https:\/\/agora.xtec.cat\/iesvalldarus\/wp-content\/uploads\/usu2464\/2025\/01\/image-12-1024x460.png\" alt=\"\" class=\"wp-image-909\" srcset=\"https:\/\/agora.xtec.cat\/iesvalldarus\/wp-content\/uploads\/usu2464\/2025\/01\/image-12-1024x460.png 1024w, https:\/\/agora.xtec.cat\/iesvalldarus\/wp-content\/uploads\/usu2464\/2025\/01\/image-12-300x135.png 300w, https:\/\/agora.xtec.cat\/iesvalldarus\/wp-content\/uploads\/usu2464\/2025\/01\/image-12-768x345.png 768w, https:\/\/agora.xtec.cat\/iesvalldarus\/wp-content\/uploads\/usu2464\/2025\/01\/image-12.png 1280w\" sizes=\"auto, (max-width: 1024px) 100vw, 1024px\" \/><\/a><\/figure>\n\n\n\n<figure class=\"wp-block-image alignfull size-large\"><a href=\"https:\/\/agora.xtec.cat\/iesvalldarus\/wp-content\/uploads\/usu2464\/2025\/01\/image-13.png\"><img loading=\"lazy\" decoding=\"async\" width=\"1024\" height=\"406\" src=\"https:\/\/agora.xtec.cat\/iesvalldarus\/wp-content\/uploads\/usu2464\/2025\/01\/image-13-1024x406.png\" alt=\"\" class=\"wp-image-910\" srcset=\"https:\/\/agora.xtec.cat\/iesvalldarus\/wp-content\/uploads\/usu2464\/2025\/01\/image-13-1024x406.png 1024w, https:\/\/agora.xtec.cat\/iesvalldarus\/wp-content\/uploads\/usu2464\/2025\/01\/image-13-300x119.png 300w, https:\/\/agora.xtec.cat\/iesvalldarus\/wp-content\/uploads\/usu2464\/2025\/01\/image-13-768x305.png 768w, https:\/\/agora.xtec.cat\/iesvalldarus\/wp-content\/uploads\/usu2464\/2025\/01\/image-13.png 1280w\" sizes=\"auto, (max-width: 1024px) 100vw, 1024px\" \/><\/a><\/figure>\n\n\n\n<div class=\"wp-block-columns is-layout-flex wp-container-core-columns-is-layout-5 wp-block-columns-is-layout-flex\">\n<div class=\"wp-block-column is-layout-flow wp-block-column-is-layout-flow\">\n<p class=\"has-text-align-center\"><a href=\"https:\/\/docs.google.com\/document\/d\/1q0TxNKpEy-Op4FzlW9ISETcRSJ7Z31lEEXEeC3rsozk\/edit?tab=t.0#heading=h.w1zsk9ilcf8x\">Avaluaci\u00f3_EDC INS Vall d&#8217;Ar\u00fas<\/a><\/p>\n<\/div>\n\n\n\n<div class=\"wp-block-column is-layout-flow wp-block-column-is-layout-flow\">\n<p class=\"has-text-align-center\"><a href=\"https:\/\/docs.google.com\/document\/d\/1dPyAUCSE4ch2iXGz_8pewPh8NOSVfHN6yL4IJ280-MY\/edit?tab=t.0#heading=h.gjdgxs\">Resum de l&#8217;EDC INS Vall d&#8217;Ar\u00fas<\/a><\/p>\n<\/div>\n<\/div>\n","protected":false},"excerpt":{"rendered":"<p>Al primer trimestre del curs 2022-2023 hem aplicat diferents eines de diagnosi (SELFIE + q\u00fcestionari al professorat) per detectar quins [&hellip;]<\/p>\n","protected":false},"author":1,"featured_media":0,"parent":0,"menu_order":0,"comment_status":"closed","ping_status":"close","template":"","meta":{"_bbp_topic_count":0,"_bbp_reply_count":0,"_bbp_total_topic_count":0,"_bbp_total_reply_count":0,"_bbp_voice_count":0,"_bbp_anonymous_reply_count":0,"_bbp_topic_count_hidden":0,"_bbp_reply_count_hidden":0,"_bbp_forum_subforum_count":0,"site-sidebar-layout":"default","site-content-layout":"","ast-site-content-layout":"default","site-content-style":"default","site-sidebar-style":"default","ast-global-header-display":"","ast-banner-title-visibility":"","ast-main-header-display":"","ast-hfb-above-header-display":"","ast-hfb-below-header-display":"","ast-hfb-mobile-header-display":"","site-post-title":"","ast-breadcrumbs-content":"","ast-featured-img":"","footer-sml-layout":"","theme-transparent-header-meta":"","adv-header-id-meta":"","stick-header-meta":"","header-above-stick-meta":"","header-main-stick-meta":"","header-below-stick-meta":"","astra-migrate-meta-layouts":"set","ast-page-background-enabled":"default","ast-page-background-meta":{"desktop":{"background-color":"var(--ast-global-color-4)","background-image":"","background-repeat":"repeat","background-position":"center center","background-size":"auto","background-attachment":"scroll","background-type":"","background-media":"","overlay-type":"","overlay-color":"","overlay-opacity":"","overlay-gradient":""},"tablet":{"background-color":"","background-image":"","background-repeat":"repeat","background-position":"center center","background-size":"auto","background-attachment":"scroll","background-type":"","background-media":"","overlay-type":"","overlay-color":"","overlay-opacity":"","overlay-gradient":""},"mobile":{"background-color":"","background-image":"","background-repeat":"repeat","background-position":"center center","background-size":"auto","background-attachment":"scroll","background-type":"","background-media":"","overlay-type":"","overlay-color":"","overlay-opacity":"","overlay-gradient":""}},"ast-content-background-meta":{"desktop":{"background-color":"var(--ast-global-color-5)","background-image":"","background-repeat":"repeat","background-position":"center center","background-size":"auto","background-attachment":"scroll","background-type":"","background-media":"","overlay-type":"","overlay-color":"","overlay-opacity":"","overlay-gradient":""},"tablet":{"background-color":"var(--ast-global-color-5)","background-image":"","background-repeat":"repeat","background-position":"center center","background-size":"auto","background-attachment":"scroll","background-type":"","background-media":"","overlay-type":"","overlay-color":"","overlay-opacity":"","overlay-gradient":""},"mobile":{"background-color":"var(--ast-global-color-5)","background-image":"","background-repeat":"repeat","background-position":"center center","background-size":"auto","background-attachment":"scroll","background-type":"","background-media":"","overlay-type":"","overlay-color":"","overlay-opacity":"","overlay-gradient":""}},"footnotes":""},"class_list":["post-888","page","type-page","status-publish","hentry"],"post_mailing_queue_ids":[],"_links":{"self":[{"href":"https:\/\/agora.xtec.cat\/iesvalldarus\/wp-json\/wp\/v2\/pages\/888","targetHints":{"allow":["GET"]}}],"collection":[{"href":"https:\/\/agora.xtec.cat\/iesvalldarus\/wp-json\/wp\/v2\/pages"}],"about":[{"href":"https:\/\/agora.xtec.cat\/iesvalldarus\/wp-json\/wp\/v2\/types\/page"}],"author":[{"embeddable":true,"href":"https:\/\/agora.xtec.cat\/iesvalldarus\/wp-json\/wp\/v2\/users\/1"}],"replies":[{"embeddable":true,"href":"https:\/\/agora.xtec.cat\/iesvalldarus\/wp-json\/wp\/v2\/comments?post=888"}],"version-history":[{"count":6,"href":"https:\/\/agora.xtec.cat\/iesvalldarus\/wp-json\/wp\/v2\/pages\/888\/revisions"}],"predecessor-version":[{"id":920,"href":"https:\/\/agora.xtec.cat\/iesvalldarus\/wp-json\/wp\/v2\/pages\/888\/revisions\/920"}],"wp:attachment":[{"href":"https:\/\/agora.xtec.cat\/iesvalldarus\/wp-json\/wp\/v2\/media?parent=888"}],"curies":[{"name":"wp","href":"https:\/\/api.w.org\/{rel}","templated":true}]}}