{"id":622,"date":"2023-10-31T11:19:37","date_gmt":"2023-10-31T10:19:37","guid":{"rendered":"https:\/\/agora.xtec.cat\/iesvalldarus\/?page_id=622"},"modified":"2023-11-03T12:30:53","modified_gmt":"2023-11-03T11:30:53","slug":"batxillerat","status":"publish","type":"page","link":"https:\/\/agora.xtec.cat\/iesvalldarus\/batxillerat\/","title":{"rendered":"BATXILLERAT"},"content":{"rendered":"<p>El batxillerat forma part de l\u2019educaci\u00f3 secund\u00e0ria postobligat\u00f2ria i es distribueix en dos cursos acad\u00e8mics. Es desenvolupa en diverses modalitats, s\u2019organitza de manera oberta i flexible i, si cal, en vies diferents dins de cada modalitat, per tal d\u2019oferir un itinerari personalitzat a l\u2019alumnat d\u2019acord amb les seves perspectives i interessos de formaci\u00f3.<\/p>\n<ul>\n<li><strong>A l\u2019Institut Vall d&#8217;Ar\u00fas s\u2019imparteixen les modalitats<\/strong>:<\/li>\n<li><a href=\"https:\/\/triaeducativa.gencat.cat\/ca\/estudis\/?batxillerat-humanitats-ciencies-socials&amp;p_id=6\" target=\"_blank\" rel=\"noopener\">Batxillerat d\u2019Humanitats i Ci\u00e8ncies Socials<\/a><\/li>\n<li><a href=\"https:\/\/triaeducativa.gencat.cat\/ca\/estudis\/?ciencies-tecnologia&amp;p_id=7\" target=\"_blank\" rel=\"noopener\">Batxillerat Cient\u00edfic i Tecnol\u00f2gic.<\/a><a href=\"https:\/\/agora.xtec.cat\/iesvalldarus\/wp-content\/uploads\/usu2464\/2023\/11\/IMG_20190219_094035.jpg\"><img loading=\"lazy\" decoding=\"async\" class=\"alignright wp-image-690\" src=\"https:\/\/agora.xtec.cat\/iesvalldarus\/wp-content\/uploads\/usu2464\/2023\/11\/IMG_20190219_094035.jpg\" alt=\"\" width=\"307\" height=\"161\" srcset=\"https:\/\/agora.xtec.cat\/iesvalldarus\/wp-content\/uploads\/usu2464\/2023\/11\/IMG_20190219_094035.jpg 833w, https:\/\/agora.xtec.cat\/iesvalldarus\/wp-content\/uploads\/usu2464\/2023\/11\/IMG_20190219_094035-300x157.jpg 300w, https:\/\/agora.xtec.cat\/iesvalldarus\/wp-content\/uploads\/usu2464\/2023\/11\/IMG_20190219_094035-768x403.jpg 768w\" sizes=\"auto, (max-width: 307px) 100vw, 307px\" \/><\/a><\/li>\n<\/ul>\n<ul>\n<li><strong>Fonamentem el Batxillerat en:<\/strong><\/li>\n<li>Orientaci\u00f3 i suport de l\u2019alumnat<\/li>\n<li>Metodologies diverses d\u2019aprenentatge<\/li>\n<li>Treball de recerca<\/li>\n<li>Activitats complement\u00e0ries<\/li>\n<\/ul>\n<p>&nbsp;<\/p>\n","protected":false},"excerpt":{"rendered":"<p>El batxillerat forma part de l\u2019educaci\u00f3 secund\u00e0ria postobligat\u00f2ria i es distribueix en dos cursos acad\u00e8mics. Es desenvolupa en diverses modalitats, [&hellip;]<\/p>\n","protected":false},"author":1,"featured_media":0,"parent":0,"menu_order":0,"comment_status":"closed","ping_status":"closed","template":"","meta":{"_bbp_topic_count":0,"_bbp_reply_count":0,"_bbp_total_topic_count":0,"_bbp_total_reply_count":0,"_bbp_voice_count":0,"_bbp_anonymous_reply_count":0,"_bbp_topic_count_hidden":0,"_bbp_reply_count_hidden":0,"_bbp_forum_subforum_count":0,"site-sidebar-layout":"default","site-content-layout":"","ast-site-content-layout":"","site-content-style":"default","site-sidebar-style":"default","ast-global-header-display":"","ast-banner-title-visibility":"","ast-main-header-display":"","ast-hfb-above-header-display":"","ast-hfb-below-header-display":"","ast-hfb-mobile-header-display":"","site-post-title":"","ast-breadcrumbs-content":"","ast-featured-img":"","footer-sml-layout":"","theme-transparent-header-meta":"","adv-header-id-meta":"","stick-header-meta":"","header-above-stick-meta":"","header-main-stick-meta":"","header-below-stick-meta":"","astra-migrate-meta-layouts":"default","ast-page-background-enabled":"default","ast-page-background-meta":{"desktop":{"background-color":"var(--ast-global-color-4)","background-image":"","background-repeat":"repeat","background-position":"center center","background-size":"auto","background-attachment":"scroll","background-type":"","background-media":"","overlay-type":"","overlay-color":"","overlay-opacity":"","overlay-gradient":""},"tablet":{"background-color":"","background-image":"","background-repeat":"repeat","background-position":"center center","background-size":"auto","background-attachment":"scroll","background-type":"","background-media":"","overlay-type":"","overlay-color":"","overlay-opacity":"","overlay-gradient":""},"mobile":{"background-color":"","background-image":"","background-repeat":"repeat","background-position":"center center","background-size":"auto","background-attachment":"scroll","background-type":"","background-media":"","overlay-type":"","overlay-color":"","overlay-opacity":"","overlay-gradient":""}},"ast-content-background-meta":{"desktop":{"background-color":"var(--ast-global-color-5)","background-image":"","background-repeat":"repeat","background-position":"center center","background-size":"auto","background-attachment":"scroll","background-type":"","background-media":"","overlay-type":"","overlay-color":"","overlay-opacity":"","overlay-gradient":""},"tablet":{"background-color":"var(--ast-global-color-5)","background-image":"","background-repeat":"repeat","background-position":"center center","background-size":"auto","background-attachment":"scroll","background-type":"","background-media":"","overlay-type":"","overlay-color":"","overlay-opacity":"","overlay-gradient":""},"mobile":{"background-color":"var(--ast-global-color-5)","background-image":"","background-repeat":"repeat","background-position":"center center","background-size":"auto","background-attachment":"scroll","background-type":"","background-media":"","overlay-type":"","overlay-color":"","overlay-opacity":"","overlay-gradient":""}},"footnotes":""},"class_list":["post-622","page","type-page","status-publish","hentry"],"post_mailing_queue_ids":[],"_links":{"self":[{"href":"https:\/\/agora.xtec.cat\/iesvalldarus\/wp-json\/wp\/v2\/pages\/622","targetHints":{"allow":["GET"]}}],"collection":[{"href":"https:\/\/agora.xtec.cat\/iesvalldarus\/wp-json\/wp\/v2\/pages"}],"about":[{"href":"https:\/\/agora.xtec.cat\/iesvalldarus\/wp-json\/wp\/v2\/types\/page"}],"author":[{"embeddable":true,"href":"https:\/\/agora.xtec.cat\/iesvalldarus\/wp-json\/wp\/v2\/users\/1"}],"replies":[{"embeddable":true,"href":"https:\/\/agora.xtec.cat\/iesvalldarus\/wp-json\/wp\/v2\/comments?post=622"}],"version-history":[{"count":6,"href":"https:\/\/agora.xtec.cat\/iesvalldarus\/wp-json\/wp\/v2\/pages\/622\/revisions"}],"predecessor-version":[{"id":693,"href":"https:\/\/agora.xtec.cat\/iesvalldarus\/wp-json\/wp\/v2\/pages\/622\/revisions\/693"}],"wp:attachment":[{"href":"https:\/\/agora.xtec.cat\/iesvalldarus\/wp-json\/wp\/v2\/media?parent=622"}],"curies":[{"name":"wp","href":"https:\/\/api.w.org\/{rel}","templated":true}]}}