{"id":69,"date":"2014-09-18T10:15:07","date_gmt":"2014-09-18T08:15:07","guid":{"rendered":"http:\/\/agora.xtec.cat\/iestremp\/?page_id=69"},"modified":"2025-06-20T18:43:32","modified_gmt":"2025-06-20T16:43:32","slug":"menjador-escolar","status":"publish","type":"page","link":"https:\/\/agora.xtec.cat\/iestremp\/serveis\/menjador-escolar\/","title":{"rendered":"Menjador i transport escolar"},"content":{"rendered":"\n<h4 class=\"wp-block-heading\"><strong>Menjador escolar:<\/strong><\/h4>\n\n\n\n<p>L&#8217;alumnat que necessita dinar al centre pot fer \u00fas del servei de menjador escolar o b\u00e9 portar la carmanyola de casa. El centre disposa de nevera i microones.<\/p>\n\n\n\n<p>Pel que fa al menjador escolar l&#8217;empresa que ho gestiona \u00e9s Alessa. Aquesta s&#8217;encarrega del subministrament del menjar i la gesti\u00f3 del personal responsable, la cuinera i les monitores. El menjar es cuina al centre i es serveix amb safates que el propi alumnat recull a la barra.<\/p>\n\n\n\n<p><strong>La gesti\u00f3 dels usuaris i els cobraments es fa a trav\u00e9s del Consell comarcal del Pallars Juss\u00e0.<\/strong><\/p>\n\n\n\n<p>Us deixem informaci\u00f3 sobre algunes de les condicions del servei:<\/p>\n\n\n\n<p>Per tal de formalitzar la inscripci\u00f3 dels usuaris al servei de menjador pel curs 2025\/26 cal omplir i signar el\u00a0<a href=\"https:\/\/agora.xtec.cat\/iestremp\/wp-content\/uploads\/usu1880\/2025\/06\/Fitxa-Menjador-25_26.pdf\">document.\u00a0<\/a><\/p>\n\n\n\n<p>Enviar el document al correu del consell\u00a0<a href=\"mailto:educacio@pallarsjussa.cat\">educacio@pallarsjussa.cat<\/a> \u00a0abans del <strong>25\u00a0de juliol de 202<\/strong>5.<\/p>\n\n\n\n<p>En cas de no poder signar el document, l\u2019enviament per correu electr\u00f2nic del document servir\u00e0 com autoritzaci\u00f3 per efectuar el cobrament del rebuts.<\/p>\n\n\n\n<p>Condicions del servei:<\/p>\n\n\n\n<p><strong>Forma de pagament:<\/strong><\/p>\n\n\n\n<ul class=\"wp-block-list\">\n<li>El cobrament del servei per domiciliaci\u00f3 banc\u00e0ria es realitzar\u00e0 entre el 10 i 15 de cada mes posterior al servei.<\/li>\n\n\n\n<li>El cost del men\u00fa pels alumnes fixes \u00e9s de 5,63\u20ac IVA incl\u00f2s i alumnes espor\u00e0dics 6,20\u20ac IVA incl\u00f2s.<\/li>\n\n\n\n<li>Els usuaris del menjador escolar que a la vegada son usuaris del servei de transport i els usuaris becats al 100%,\u00a0<strong>no cal que omplin les dades bancaries. <\/strong>(S\u00ed que han d\u2019omplir la resta de dades)<strong style=\"font-family: inherit; font-size: 1em;\">\u00a0<\/strong><\/li>\n<\/ul>\n\n\n\n<p><strong style=\"font-family: inherit; font-size: 1em;\">Incid\u00e8ncies relatives al servei de menjador:<\/strong><\/p>\n\n\n\n<p><u>Abs\u00e8ncies puntuals<\/u>: Cal trucar al tel\u00e8fon de cuina 620877027<\/p>\n\n\n\n<p><u>Altres incid\u00e8ncies<\/u>: Cal trucar al tel\u00e8fon 973650187 (CCPJ)<\/p>\n\n\n\n<p><strong>Recordar que les abs\u00e8ncies puntuals han de ser notificades com a molt tard a les 8h del mati del mateix dia, en cas contrari es cobrar\u00e0 el servei.<\/strong><\/p>\n\n\n\n<p><strong>Els alumnes becats al 100% i usuaris de transport escolar tamb\u00e9 tenen l\u2019obligaci\u00f3 de notificar-les.<\/strong><\/p>\n\n\n\n<p>INFORMACI\u00d3 D\u2019INTER\u00c8S<\/p>\n\n\n\n<p>A partir del proper&nbsp;<strong>dilluns dia 10\/06\/24<\/strong>&nbsp;s\u2019obre el termini per a poder tramitar&nbsp;<strong>presencialment<\/strong>&nbsp;l\u2019ajut individual per a menjador escolar per al curs 2024\/2025.<\/p>\n\n\n\n<p>Per a sol\u00b7licitar cita pr\u00e8via podeu adre\u00e7ar-vos al&nbsp;Consell&nbsp;Comarcal del Pallars Juss\u00e0 en horari de 9h a 14h o b\u00e9 trucar al 973.650.187 en el mateix horari.<\/p>\n\n\n\n<p>La documentaci\u00f3 necess\u00e0ria \u00e9s la seg\u00fcent: DNI o NIE (de tots els membres de la unitat de conviv\u00e8ncia), llibre de fam\u00edlia i sent\u00e8ncia de divorci (en cas que hi sigui).<\/p>\n\n\n\n<p>Per a m\u00e9s informaci\u00f3 podeu trucar al 973.650.187<\/p>\n\n\n\n<p><a href=\"https:\/\/agora.xtec.cat\/iestremp\/menu-de-menjador\/\" data-type=\"page\" data-id=\"4710\">Consulta el men\u00fa.<\/a><\/p>\n\n\n\n<h4 class=\"wp-block-heading\"><strong>Transport escolar:<\/strong><\/h4>\n\n\n\n<p>El transport escolar est\u00e0 gestionat pel Consell Comarcal del Pallars Juss\u00e0.<\/p>\n\n\n\n<p>L\u2019horari de recollida de l\u2019alumnat pel transport escolar \u00e9s a les 16:30h. Si un alumne usuari vol sortir anticipadament ho ha de comunicar per escrit a l&#8217;institut (consergeria) amb l&#8217;autoritzaci\u00f3 del pare\/mare\/tutor\/a on s&#8217;ha de fer constar dia, hora i motiu.<\/p>\n","protected":false},"excerpt":{"rendered":"<p>Menjador escolar: L&#8217;alumnat que necessita dinar al centre pot fer \u00fas del servei de menjador escolar o b\u00e9 portar la carmanyola de casa. El centre disposa de nevera i microones. Pel que fa al menjador escolar l&#8217;empresa que ho gestiona \u00e9s Alessa. Aquesta s&#8217;encarrega del subministrament del menjar i la gesti\u00f3 del personal responsable, la [&hellip;]<\/p>\n","protected":false},"author":1,"featured_media":0,"parent":63,"menu_order":4,"comment_status":"closed","ping_status":"closed","template":"","meta":{"_bbp_topic_count":0,"_bbp_reply_count":0,"_bbp_total_topic_count":0,"_bbp_total_reply_count":0,"_bbp_voice_count":0,"_bbp_anonymous_reply_count":0,"_bbp_topic_count_hidden":0,"_bbp_reply_count_hidden":0,"_bbp_forum_subforum_count":0,"site-sidebar-layout":"default","site-content-layout":"","ast-site-content-layout":"default","site-content-style":"default","site-sidebar-style":"default","ast-global-header-display":"","ast-banner-title-visibility":"","ast-main-header-display":"","ast-hfb-above-header-display":"","ast-hfb-below-header-display":"","ast-hfb-mobile-header-display":"","site-post-title":"","ast-breadcrumbs-content":"","ast-featured-img":"","footer-sml-layout":"","theme-transparent-header-meta":"","adv-header-id-meta":"","stick-header-meta":"","header-above-stick-meta":"","header-main-stick-meta":"","header-below-stick-meta":"","astra-migrate-meta-layouts":"set","ast-page-background-enabled":"default","ast-page-background-meta":{"desktop":{"background-color":"var(--ast-global-color-4)","background-image":"","background-repeat":"repeat","background-position":"center center","background-size":"auto","background-attachment":"scroll","background-type":"","background-media":"","overlay-type":"","overlay-color":"","overlay-opacity":"","overlay-gradient":""},"tablet":{"background-color":"","background-image":"","background-repeat":"repeat","background-position":"center center","background-size":"auto","background-attachment":"scroll","background-type":"","background-media":"","overlay-type":"","overlay-color":"","overlay-opacity":"","overlay-gradient":""},"mobile":{"background-color":"","background-image":"","background-repeat":"repeat","background-position":"center center","background-size":"auto","background-attachment":"scroll","background-type":"","background-media":"","overlay-type":"","overlay-color":"","overlay-opacity":"","overlay-gradient":""}},"ast-content-background-meta":{"desktop":{"background-color":"var(--ast-global-color-5)","background-image":"","background-repeat":"repeat","background-position":"center center","background-size":"auto","background-attachment":"scroll","background-type":"","background-media":"","overlay-type":"","overlay-color":"","overlay-opacity":"","overlay-gradient":""},"tablet":{"background-color":"var(--ast-global-color-5)","background-image":"","background-repeat":"repeat","background-position":"center center","background-size":"auto","background-attachment":"scroll","background-type":"","background-media":"","overlay-type":"","overlay-color":"","overlay-opacity":"","overlay-gradient":""},"mobile":{"background-color":"var(--ast-global-color-5)","background-image":"","background-repeat":"repeat","background-position":"center center","background-size":"auto","background-attachment":"scroll","background-type":"","background-media":"","overlay-type":"","overlay-color":"","overlay-opacity":"","overlay-gradient":""}},"footnotes":""},"class_list":["post-69","page","type-page","status-publish","hentry"],"post_mailing_queue_ids":[],"_links":{"self":[{"href":"https:\/\/agora.xtec.cat\/iestremp\/wp-json\/wp\/v2\/pages\/69","targetHints":{"allow":["GET"]}}],"collection":[{"href":"https:\/\/agora.xtec.cat\/iestremp\/wp-json\/wp\/v2\/pages"}],"about":[{"href":"https:\/\/agora.xtec.cat\/iestremp\/wp-json\/wp\/v2\/types\/page"}],"author":[{"embeddable":true,"href":"https:\/\/agora.xtec.cat\/iestremp\/wp-json\/wp\/v2\/users\/1"}],"replies":[{"embeddable":true,"href":"https:\/\/agora.xtec.cat\/iestremp\/wp-json\/wp\/v2\/comments?post=69"}],"version-history":[{"count":6,"href":"https:\/\/agora.xtec.cat\/iestremp\/wp-json\/wp\/v2\/pages\/69\/revisions"}],"predecessor-version":[{"id":14033,"href":"https:\/\/agora.xtec.cat\/iestremp\/wp-json\/wp\/v2\/pages\/69\/revisions\/14033"}],"up":[{"embeddable":true,"href":"https:\/\/agora.xtec.cat\/iestremp\/wp-json\/wp\/v2\/pages\/63"}],"wp:attachment":[{"href":"https:\/\/agora.xtec.cat\/iestremp\/wp-json\/wp\/v2\/media?parent=69"}],"curies":[{"name":"wp","href":"https:\/\/api.w.org\/{rel}","templated":true}]}}