{"id":562,"date":"2018-07-17T20:06:14","date_gmt":"2018-07-17T18:06:14","guid":{"rendered":"http:\/\/agora.xtec.cat\/iestremp\/?page_id=562"},"modified":"2024-05-17T16:11:47","modified_gmt":"2024-05-17T14:11:47","slug":"familia-de-sanitat","status":"publish","type":"page","link":"https:\/\/agora.xtec.cat\/iestremp\/estudis\/cicles-formatius\/familia-de-sanitat\/","title":{"rendered":"Serveis Socioculturals i de Sanitat"},"content":{"rendered":"<p>Aquest curs l&#8217;Institut de Tremp ofereix el seg\u00fcents cicles:<\/p>\n<h3><strong>CFGM: <a href=\"https:\/\/triaeducativa.gencat.cat\/ca\/estudis\/?emergencies-sanitaries&amp;p_id=124\">Emerg\u00e8ncies Sanit\u00e0ries <\/a><\/strong><\/h3>\n<ul>\n<li><a href=\"https:\/\/agora.xtec.cat\/iestremp\/familia-de-sanitat-2\/emergencies-sanitaries-cfgm\/\" rel=\"noopener\">T\u00edtol d&#8217;Emerg\u00e8ncies Sanit\u00e0ries (CFGM)<\/a><\/li>\n<\/ul>\n<p><iframe loading=\"lazy\" src=\"https:\/\/agora.xtec.cat\/iestremp\/wp-content\/uploads\/usu1880\/2024\/05\/cfgm-emergencies-3-modificat.pdf\" width=\"900\" height=\"700\"><span data-mce-type=\"bookmark\" style=\"display: inline-block; width: 0px; overflow: hidden; line-height: 0;\" class=\"mce_SELRES_start\">\ufeff<\/span><\/iframe><a href=\"https:\/\/agora.xtec.cat\/iestremp\/wp-content\/uploads\/usu1880\/2024\/05\/cfgm-emergencies-3-modificat.pdf\">ES_CFGM<\/a><\/p>\n<h3><strong>CFGM: <a href=\"https:\/\/triaeducativa.gencat.cat\/ca\/estudis\/?atencio-persones-situacio-dependencia&amp;p_id=1570\">Atenci\u00f3 a Persones en Situaci\u00f3 de Depend\u00e8ncia<\/a> i <a href=\"https:\/\/triaeducativa.gencat.cat\/ca\/estudis\/?cures-auxiliars-infermeria&amp;p_id=109\">Cures Auxiliars d&#8217;Infermeria<\/a><\/strong><\/h3>\n<ul>\n<li><a href=\"https:\/\/agora.xtec.cat\/iestremp\/familia-de-sanitat-2\/titols-tecnic-en-cures-auxiliars-infermeria-i-tecnic-en-atencio-a-persones-en-situacio-dependencia\/\" rel=\"noopener\">Atenci\u00f3 a Persones en Situaci\u00f3 de Depend\u00e8ncia i Cures Auxiliars d&#8217;Infermeria.<\/a><br \/>\nA l\u2019INS Tremp aquests dos cicles es poden cursar conjuntament amb la qual cosa es pot aconseguir doble titulaci\u00f3 en 2 cursos. Hi ha un estalvi important d\u2019hores.<\/li>\n<\/ul>\n<p><iframe loading=\"lazy\" src=\"https:\/\/agora.xtec.cat\/iestremp\/wp-content\/uploads\/usu1880\/2024\/05\/cfgm-CAI-APSD.pdf\" width=\"900\" height=\"700\"><span data-mce-type=\"bookmark\" style=\"display: inline-block; width: 0px; overflow: hidden; line-height: 0;\" class=\"mce_SELRES_start\">\ufeff<\/span><\/iframe><\/p>\n<p>&nbsp;<\/p>\n<h3><strong>CFGS: <a href=\"https:\/\/triaeducativa.gencat.cat\/ca\/estudis\/?dietetica&amp;p_id=186\">Diet\u00e8tica<\/a><\/strong><\/h3>\n<p><iframe loading=\"lazy\" src=\"https:\/\/agora.xtec.cat\/iestremp\/wp-content\/uploads\/usu1880\/2024\/04\/D-CFGS.pdf\" width=\"900\" height=\"700\"><span data-mce-type=\"bookmark\" style=\"display: inline-block; width: 0px; overflow: hidden; line-height: 0;\" class=\"mce_SELRES_start\">\ufeff<\/span><span data-mce-type=\"bookmark\" style=\"display: inline-block; width: 0px; overflow: hidden; line-height: 0;\" class=\"mce_SELRES_start\">\ufeff<\/span><\/iframe><\/p>\n","protected":false},"excerpt":{"rendered":"<p>Aquest curs l&#8217;Institut de Tremp ofereix el seg\u00fcents cicles: CFGM: Emerg\u00e8ncies Sanit\u00e0ries T\u00edtol d&#8217;Emerg\u00e8ncies Sanit\u00e0ries (CFGM) \ufeffES_CFGM CFGM: Atenci\u00f3 a Persones en Situaci\u00f3 de Depend\u00e8ncia i Cures Auxiliars d&#8217;Infermeria Atenci\u00f3 a Persones en Situaci\u00f3 de Depend\u00e8ncia i Cures Auxiliars d&#8217;Infermeria. A l\u2019INS Tremp aquests dos cicles es poden cursar conjuntament amb la qual cosa es [&hellip;]<\/p>\n","protected":false},"author":1,"featured_media":0,"parent":12753,"menu_order":2,"comment_status":"closed","ping_status":"closed","template":"page-templates\/side-menu.php","meta":{"_bbp_topic_count":0,"_bbp_reply_count":0,"_bbp_total_topic_count":0,"_bbp_total_reply_count":0,"_bbp_voice_count":0,"_bbp_anonymous_reply_count":0,"_bbp_topic_count_hidden":0,"_bbp_reply_count_hidden":0,"_bbp_forum_subforum_count":0,"site-sidebar-layout":"default","site-content-layout":"","ast-site-content-layout":"","site-content-style":"default","site-sidebar-style":"default","ast-global-header-display":"","ast-banner-title-visibility":"","ast-main-header-display":"","ast-hfb-above-header-display":"","ast-hfb-below-header-display":"","ast-hfb-mobile-header-display":"","site-post-title":"","ast-breadcrumbs-content":"","ast-featured-img":"","footer-sml-layout":"","theme-transparent-header-meta":"","adv-header-id-meta":"","stick-header-meta":"","header-above-stick-meta":"","header-main-stick-meta":"","header-below-stick-meta":"","astra-migrate-meta-layouts":"default","ast-page-background-enabled":"default","ast-page-background-meta":{"desktop":{"background-color":"var(--ast-global-color-4)","background-image":"","background-repeat":"repeat","background-position":"center center","background-size":"auto","background-attachment":"scroll","background-type":"","background-media":"","overlay-type":"","overlay-color":"","overlay-opacity":"","overlay-gradient":""},"tablet":{"background-color":"","background-image":"","background-repeat":"repeat","background-position":"center center","background-size":"auto","background-attachment":"scroll","background-type":"","background-media":"","overlay-type":"","overlay-color":"","overlay-opacity":"","overlay-gradient":""},"mobile":{"background-color":"","background-image":"","background-repeat":"repeat","background-position":"center center","background-size":"auto","background-attachment":"scroll","background-type":"","background-media":"","overlay-type":"","overlay-color":"","overlay-opacity":"","overlay-gradient":""}},"ast-content-background-meta":{"desktop":{"background-color":"var(--ast-global-color-5)","background-image":"","background-repeat":"repeat","background-position":"center center","background-size":"auto","background-attachment":"scroll","background-type":"","background-media":"","overlay-type":"","overlay-color":"","overlay-opacity":"","overlay-gradient":""},"tablet":{"background-color":"var(--ast-global-color-5)","background-image":"","background-repeat":"repeat","background-position":"center center","background-size":"auto","background-attachment":"scroll","background-type":"","background-media":"","overlay-type":"","overlay-color":"","overlay-opacity":"","overlay-gradient":""},"mobile":{"background-color":"var(--ast-global-color-5)","background-image":"","background-repeat":"repeat","background-position":"center center","background-size":"auto","background-attachment":"scroll","background-type":"","background-media":"","overlay-type":"","overlay-color":"","overlay-opacity":"","overlay-gradient":""}},"footnotes":""},"class_list":["post-562","page","type-page","status-publish","hentry"],"post_mailing_queue_ids":[],"_links":{"self":[{"href":"https:\/\/agora.xtec.cat\/iestremp\/wp-json\/wp\/v2\/pages\/562","targetHints":{"allow":["GET"]}}],"collection":[{"href":"https:\/\/agora.xtec.cat\/iestremp\/wp-json\/wp\/v2\/pages"}],"about":[{"href":"https:\/\/agora.xtec.cat\/iestremp\/wp-json\/wp\/v2\/types\/page"}],"author":[{"embeddable":true,"href":"https:\/\/agora.xtec.cat\/iestremp\/wp-json\/wp\/v2\/users\/1"}],"replies":[{"embeddable":true,"href":"https:\/\/agora.xtec.cat\/iestremp\/wp-json\/wp\/v2\/comments?post=562"}],"version-history":[{"count":7,"href":"https:\/\/agora.xtec.cat\/iestremp\/wp-json\/wp\/v2\/pages\/562\/revisions"}],"predecessor-version":[{"id":12886,"href":"https:\/\/agora.xtec.cat\/iestremp\/wp-json\/wp\/v2\/pages\/562\/revisions\/12886"}],"up":[{"embeddable":true,"href":"https:\/\/agora.xtec.cat\/iestremp\/wp-json\/wp\/v2\/pages\/12753"}],"wp:attachment":[{"href":"https:\/\/agora.xtec.cat\/iestremp\/wp-json\/wp\/v2\/media?parent=562"}],"curies":[{"name":"wp","href":"https:\/\/api.w.org\/{rel}","templated":true}]}}