{"id":4815,"date":"2023-10-06T12:07:32","date_gmt":"2023-10-06T10:07:32","guid":{"rendered":"https:\/\/agora.xtec.cat\/iestremp\/?page_id=4815"},"modified":"2024-10-18T10:32:45","modified_gmt":"2024-10-18T08:32:45","slug":"xarxa-pfi","status":"publish","type":"page","link":"https:\/\/agora.xtec.cat\/iestremp\/projecte-educatiu\/programes-innovadors-fp\/xarxa-pfi\/","title":{"rendered":"Xarxa PFI"},"content":{"rendered":"<h3><strong>Inicia el teu itinerari professional els PFI t&#8217;ho faciliten!<\/strong><\/h3>\n<p style=\"text-align: justify;\"><span style=\"font-family: arial, sans-serif;\"><a href=\"https:\/\/triaeducativa.gencat.cat\/ca\/fp\/pfi\/\"><img loading=\"lazy\" decoding=\"async\" class=\" wp-image-4818 alignright\" src=\"https:\/\/agora.xtec.cat\/iestremp\/wp-content\/uploads\/usu1880\/2023\/10\/logo_pfi.png\" alt=\"\" width=\"407\" height=\"215\" srcset=\"https:\/\/agora.xtec.cat\/iestremp\/wp-content\/uploads\/usu1880\/2023\/10\/logo_pfi.png 631w, https:\/\/agora.xtec.cat\/iestremp\/wp-content\/uploads\/usu1880\/2023\/10\/logo_pfi-300x158.png 300w\" sizes=\"auto, (max-width: 407px) 100vw, 407px\" \/><\/a>El curs 22-23 es va iniciar el nou programa de <a href=\"https:\/\/triaeducativa.gencat.cat\/ca\/fp\/pfi\/\">Formaci\u00f3 Professional Inicial (PFI)<\/a> que <\/span>s\u00f3n el primer nivell de qualificaci\u00f3 dins dels estudis de formaci\u00f3 professional i s&#8217;adscriuen a diferents fam\u00edlies professionals.<\/p>\n<p style=\"text-align: justify;\">Els PFI s&#8217;adrecen a <strong>joves d&#8217;entre 16 i 21 anys<\/strong> que no han finalitzat l&#8217;educaci\u00f3 secund\u00e0ria obligat\u00f2ria. S\u00f3n estudis voluntaris i la seva durada \u00e9s d&#8217;un curs acad\u00e8mic (1.000 hores). Els i les alumnes de PFI reben un acompanyament i una tutoritzaci\u00f3 essencial per a l&#8217;assoliment dels objectius del programa. Els aprenentatges s\u00f3n vivencials i vinculats amb l&#8217;entorn proper, i inclouen pr\u00e0ctiques en empresa; s&#8217;apr\u00e8n fent, utilitzant metodologies actives i globals.<\/p>\n<p style=\"text-align: justify;\">Amb els PFI, d&#8217;una banda, es facilita la continu\u00eftat formativa dins de la formaci\u00f3 professional i, de l&#8217;altra, l&#8217;aprenentatge de les compet\u00e8ncies transversals i professionals necess\u00e0ries per al m\u00f3n del treball.<\/p>\n<p><span style=\"text-decoration: underline;\">M\u00e9s informaci\u00f3 <strong><a href=\"https:\/\/drive.google.com\/file\/d\/1hzBMwv564bo6AM-r4hPgmQL9djpk7uRM\/view\">aqu\u00ed<\/a><\/strong>.<\/span><\/p>\n","protected":false},"excerpt":{"rendered":"<p>Inicia el teu itinerari professional els PFI t&#8217;ho faciliten! El curs 22-23 es va iniciar el nou programa de Formaci\u00f3 Professional Inicial (PFI) que s\u00f3n el primer nivell de qualificaci\u00f3 dins dels estudis de formaci\u00f3 professional i s&#8217;adscriuen a diferents fam\u00edlies professionals. Els PFI s&#8217;adrecen a joves d&#8217;entre 16 i 21 anys que no han [&hellip;]<\/p>\n","protected":false},"author":5,"featured_media":0,"parent":13122,"menu_order":10,"comment_status":"closed","ping_status":"closed","template":"page-templates\/side-menu.php","meta":{"_bbp_topic_count":0,"_bbp_reply_count":0,"_bbp_total_topic_count":0,"_bbp_total_reply_count":0,"_bbp_voice_count":0,"_bbp_anonymous_reply_count":0,"_bbp_topic_count_hidden":0,"_bbp_reply_count_hidden":0,"_bbp_forum_subforum_count":0,"site-sidebar-layout":"default","site-content-layout":"","ast-site-content-layout":"","site-content-style":"default","site-sidebar-style":"default","ast-global-header-display":"","ast-banner-title-visibility":"","ast-main-header-display":"","ast-hfb-above-header-display":"","ast-hfb-below-header-display":"","ast-hfb-mobile-header-display":"","site-post-title":"","ast-breadcrumbs-content":"","ast-featured-img":"","footer-sml-layout":"","theme-transparent-header-meta":"","adv-header-id-meta":"","stick-header-meta":"","header-above-stick-meta":"","header-main-stick-meta":"","header-below-stick-meta":"","astra-migrate-meta-layouts":"default","ast-page-background-enabled":"default","ast-page-background-meta":{"desktop":{"background-color":"var(--ast-global-color-4)","background-image":"","background-repeat":"repeat","background-position":"center center","background-size":"auto","background-attachment":"scroll","background-type":"","background-media":"","overlay-type":"","overlay-color":"","overlay-opacity":"","overlay-gradient":""},"tablet":{"background-color":"","background-image":"","background-repeat":"repeat","background-position":"center center","background-size":"auto","background-attachment":"scroll","background-type":"","background-media":"","overlay-type":"","overlay-color":"","overlay-opacity":"","overlay-gradient":""},"mobile":{"background-color":"","background-image":"","background-repeat":"repeat","background-position":"center center","background-size":"auto","background-attachment":"scroll","background-type":"","background-media":"","overlay-type":"","overlay-color":"","overlay-opacity":"","overlay-gradient":""}},"ast-content-background-meta":{"desktop":{"background-color":"var(--ast-global-color-5)","background-image":"","background-repeat":"repeat","background-position":"center center","background-size":"auto","background-attachment":"scroll","background-type":"","background-media":"","overlay-type":"","overlay-color":"","overlay-opacity":"","overlay-gradient":""},"tablet":{"background-color":"var(--ast-global-color-5)","background-image":"","background-repeat":"repeat","background-position":"center center","background-size":"auto","background-attachment":"scroll","background-type":"","background-media":"","overlay-type":"","overlay-color":"","overlay-opacity":"","overlay-gradient":""},"mobile":{"background-color":"var(--ast-global-color-5)","background-image":"","background-repeat":"repeat","background-position":"center center","background-size":"auto","background-attachment":"scroll","background-type":"","background-media":"","overlay-type":"","overlay-color":"","overlay-opacity":"","overlay-gradient":""}},"footnotes":""},"class_list":["post-4815","page","type-page","status-publish","hentry"],"post_mailing_queue_ids":[],"_links":{"self":[{"href":"https:\/\/agora.xtec.cat\/iestremp\/wp-json\/wp\/v2\/pages\/4815","targetHints":{"allow":["GET"]}}],"collection":[{"href":"https:\/\/agora.xtec.cat\/iestremp\/wp-json\/wp\/v2\/pages"}],"about":[{"href":"https:\/\/agora.xtec.cat\/iestremp\/wp-json\/wp\/v2\/types\/page"}],"author":[{"embeddable":true,"href":"https:\/\/agora.xtec.cat\/iestremp\/wp-json\/wp\/v2\/users\/5"}],"replies":[{"embeddable":true,"href":"https:\/\/agora.xtec.cat\/iestremp\/wp-json\/wp\/v2\/comments?post=4815"}],"version-history":[{"count":5,"href":"https:\/\/agora.xtec.cat\/iestremp\/wp-json\/wp\/v2\/pages\/4815\/revisions"}],"predecessor-version":[{"id":4832,"href":"https:\/\/agora.xtec.cat\/iestremp\/wp-json\/wp\/v2\/pages\/4815\/revisions\/4832"}],"up":[{"embeddable":true,"href":"https:\/\/agora.xtec.cat\/iestremp\/wp-json\/wp\/v2\/pages\/13122"}],"wp:attachment":[{"href":"https:\/\/agora.xtec.cat\/iestremp\/wp-json\/wp\/v2\/media?parent=4815"}],"curies":[{"name":"wp","href":"https:\/\/api.w.org\/{rel}","templated":true}]}}