{"id":4808,"date":"2023-10-06T11:53:26","date_gmt":"2023-10-06T09:53:26","guid":{"rendered":"https:\/\/agora.xtec.cat\/iestremp\/?page_id=4808"},"modified":"2024-12-16T11:01:33","modified_gmt":"2024-12-16T10:01:33","slug":"empresa-fp","status":"publish","type":"page","link":"https:\/\/agora.xtec.cat\/iestremp\/projecte-educatiu\/programes-innovadors-fp\/empresa-fp\/","title":{"rendered":"Empresa FP"},"content":{"rendered":"<h3><b><span style=\"font-family: arial, sans-serif;\">EmpresaFP, un programa d&#8217;innovaci\u00f3 adre\u00e7at a crear vincles entre el sector empresarial local i l&#8217;Institut de Tremp<\/span><\/b><\/h3>\n<div>\n<p style=\"text-align: justify;\"><span style=\"font-family: arial, sans-serif;\"><a href=\"https:\/\/projectes.xtec.cat\/empresafp\/\"><img loading=\"lazy\" decoding=\"async\" class=\" wp-image-4809 alignright\" src=\"https:\/\/agora.xtec.cat\/iestremp\/wp-content\/uploads\/usu1880\/2023\/10\/empresaFP-1024x186.png\" alt=\"\" width=\"463\" height=\"84\" srcset=\"https:\/\/agora.xtec.cat\/iestremp\/wp-content\/uploads\/usu1880\/2023\/10\/empresaFP-1024x186.png 1024w, https:\/\/agora.xtec.cat\/iestremp\/wp-content\/uploads\/usu1880\/2023\/10\/empresaFP-300x55.png 300w, https:\/\/agora.xtec.cat\/iestremp\/wp-content\/uploads\/usu1880\/2023\/10\/empresaFP-768x140.png 768w, https:\/\/agora.xtec.cat\/iestremp\/wp-content\/uploads\/usu1880\/2023\/10\/empresaFP-1536x279.png 1536w, https:\/\/agora.xtec.cat\/iestremp\/wp-content\/uploads\/usu1880\/2023\/10\/empresaFP-2048x372.png 2048w\" sizes=\"auto, (max-width: 463px) 100vw, 463px\" \/><\/a>A partir del curs 23-24 l&#8217;Institut de Tremp s&#8217;incorpora al programa d&#8217;innovaci\u00f3 <a href=\"https:\/\/projectes.xtec.cat\/empresafp\/\"><b>EmpresaFP<\/b><\/a>. Aquesta xarxa vol crear vincles de col\u00b7laboraci\u00f3 entre les empreses del territori i l&#8217;institut: transfer\u00e8ncia de coneixement, formaci\u00f3 dels treballadors de l&#8217;empresa, projectes innovadors conjunts, demandes empresarials, actualitzaci\u00f3 de la formaci\u00f3 d&#8217;alumnat i professorat i dotaci\u00f3 i utilitzaci\u00f3 conjunta d&#8217;equipaments. El programa es desenvolupa en diferents fases i aquest any volem desenvolupar la primera fases: amb un professional de refer\u00e8ncia del propi centre s&#8217;elaborar\u00e0 el primer any una guia de serveis conjunta de la qual se&#8217;n far\u00e0 difusi\u00f3 per al territori,\u00a0<\/span><\/p>\n<\/div>\n","protected":false},"excerpt":{"rendered":"<p>EmpresaFP, un programa d&#8217;innovaci\u00f3 adre\u00e7at a crear vincles entre el sector empresarial local i l&#8217;Institut de Tremp A partir del curs 23-24 l&#8217;Institut de Tremp s&#8217;incorpora al programa d&#8217;innovaci\u00f3 EmpresaFP. Aquesta xarxa vol crear vincles de col\u00b7laboraci\u00f3 entre les empreses del territori i l&#8217;institut: transfer\u00e8ncia de coneixement, formaci\u00f3 dels treballadors de l&#8217;empresa, projectes innovadors conjunts, [&hellip;]<\/p>\n","protected":false},"author":5,"featured_media":0,"parent":13122,"menu_order":4,"comment_status":"closed","ping_status":"closed","template":"page-templates\/side-menu.php","meta":{"_bbp_topic_count":0,"_bbp_reply_count":0,"_bbp_total_topic_count":0,"_bbp_total_reply_count":0,"_bbp_voice_count":0,"_bbp_anonymous_reply_count":0,"_bbp_topic_count_hidden":0,"_bbp_reply_count_hidden":0,"_bbp_forum_subforum_count":0,"site-sidebar-layout":"default","site-content-layout":"","ast-site-content-layout":"","site-content-style":"default","site-sidebar-style":"default","ast-global-header-display":"","ast-banner-title-visibility":"","ast-main-header-display":"","ast-hfb-above-header-display":"","ast-hfb-below-header-display":"","ast-hfb-mobile-header-display":"","site-post-title":"","ast-breadcrumbs-content":"","ast-featured-img":"","footer-sml-layout":"","theme-transparent-header-meta":"","adv-header-id-meta":"","stick-header-meta":"","header-above-stick-meta":"","header-main-stick-meta":"","header-below-stick-meta":"","astra-migrate-meta-layouts":"default","ast-page-background-enabled":"default","ast-page-background-meta":{"desktop":{"background-color":"var(--ast-global-color-4)","background-image":"","background-repeat":"repeat","background-position":"center center","background-size":"auto","background-attachment":"scroll","background-type":"","background-media":"","overlay-type":"","overlay-color":"","overlay-opacity":"","overlay-gradient":""},"tablet":{"background-color":"","background-image":"","background-repeat":"repeat","background-position":"center center","background-size":"auto","background-attachment":"scroll","background-type":"","background-media":"","overlay-type":"","overlay-color":"","overlay-opacity":"","overlay-gradient":""},"mobile":{"background-color":"","background-image":"","background-repeat":"repeat","background-position":"center center","background-size":"auto","background-attachment":"scroll","background-type":"","background-media":"","overlay-type":"","overlay-color":"","overlay-opacity":"","overlay-gradient":""}},"ast-content-background-meta":{"desktop":{"background-color":"var(--ast-global-color-5)","background-image":"","background-repeat":"repeat","background-position":"center center","background-size":"auto","background-attachment":"scroll","background-type":"","background-media":"","overlay-type":"","overlay-color":"","overlay-opacity":"","overlay-gradient":""},"tablet":{"background-color":"var(--ast-global-color-5)","background-image":"","background-repeat":"repeat","background-position":"center center","background-size":"auto","background-attachment":"scroll","background-type":"","background-media":"","overlay-type":"","overlay-color":"","overlay-opacity":"","overlay-gradient":""},"mobile":{"background-color":"var(--ast-global-color-5)","background-image":"","background-repeat":"repeat","background-position":"center center","background-size":"auto","background-attachment":"scroll","background-type":"","background-media":"","overlay-type":"","overlay-color":"","overlay-opacity":"","overlay-gradient":""}},"footnotes":""},"class_list":["post-4808","page","type-page","status-publish","hentry"],"post_mailing_queue_ids":[],"_links":{"self":[{"href":"https:\/\/agora.xtec.cat\/iestremp\/wp-json\/wp\/v2\/pages\/4808","targetHints":{"allow":["GET"]}}],"collection":[{"href":"https:\/\/agora.xtec.cat\/iestremp\/wp-json\/wp\/v2\/pages"}],"about":[{"href":"https:\/\/agora.xtec.cat\/iestremp\/wp-json\/wp\/v2\/types\/page"}],"author":[{"embeddable":true,"href":"https:\/\/agora.xtec.cat\/iestremp\/wp-json\/wp\/v2\/users\/5"}],"replies":[{"embeddable":true,"href":"https:\/\/agora.xtec.cat\/iestremp\/wp-json\/wp\/v2\/comments?post=4808"}],"version-history":[{"count":5,"href":"https:\/\/agora.xtec.cat\/iestremp\/wp-json\/wp\/v2\/pages\/4808\/revisions"}],"predecessor-version":[{"id":13498,"href":"https:\/\/agora.xtec.cat\/iestremp\/wp-json\/wp\/v2\/pages\/4808\/revisions\/13498"}],"up":[{"embeddable":true,"href":"https:\/\/agora.xtec.cat\/iestremp\/wp-json\/wp\/v2\/pages\/13122"}],"wp:attachment":[{"href":"https:\/\/agora.xtec.cat\/iestremp\/wp-json\/wp\/v2\/media?parent=4808"}],"curies":[{"name":"wp","href":"https:\/\/api.w.org\/{rel}","templated":true}]}}