{"id":4779,"date":"2023-10-06T11:40:48","date_gmt":"2023-10-06T09:40:48","guid":{"rendered":"https:\/\/agora.xtec.cat\/iestremp\/?page_id=4779"},"modified":"2024-10-18T10:31:58","modified_gmt":"2024-10-18T08:31:58","slug":"fp-dual","status":"publish","type":"page","link":"https:\/\/agora.xtec.cat\/iestremp\/projecte-educatiu\/programes-innovadors-fp\/fp-dual\/","title":{"rendered":"FP dual"},"content":{"rendered":"<h3><b><span style=\"font-family: arial, sans-serif;\"> <a href=\"https:\/\/agora.xtec.cat\/fpdual\/\"><img loading=\"lazy\" decoding=\"async\" class=\"wp-image-4780 alignright\" src=\"https:\/\/agora.xtec.cat\/iestremp\/wp-content\/uploads\/usu1880\/2023\/10\/DUAL_alta.jpg\" alt=\"\" width=\"200\" height=\"200\" srcset=\"https:\/\/agora.xtec.cat\/iestremp\/wp-content\/uploads\/usu1880\/2023\/10\/DUAL_alta.jpg 553w, https:\/\/agora.xtec.cat\/iestremp\/wp-content\/uploads\/usu1880\/2023\/10\/DUAL_alta-300x300.jpg 300w, https:\/\/agora.xtec.cat\/iestremp\/wp-content\/uploads\/usu1880\/2023\/10\/DUAL_alta-150x150.jpg 150w\" sizes=\"auto, (max-width: 200px) 100vw, 200px\" \/><\/a>FP dual, un impuls a la inserci\u00f3 laboral<\/span><\/b><\/h3>\n<div><span style=\"font-family: arial, sans-serif;\">\u00a0<\/span><\/div>\n<div>\n<p style=\"text-align: justify;\"><span style=\"font-family: arial, sans-serif;\">L&#8217;Institut de Tremp inicia el curs 23-24 la\u00a0<a href=\"https:\/\/agora.xtec.cat\/fpdual\/\">Formaci\u00f3 Professional Dual<\/a>\u00a0o\u00a0FP Dual.\u00a0Aquesta\u00a0\u00e9s una modalitat de formaci\u00f3 professional que es realitza en alternan\u00e7a entre el centre educatiu i l&#8217;empresa,\u00a0combinant l&#8217;aprenentatge a l&#8217;aula amb l&#8217;activitat pr\u00e0ctica en el centre de treball.<\/span><\/p>\n<p style=\"text-align: justify;\"><span style=\"font-family: arial, sans-serif;\">\u00c9s una modalitat formativa que\u00a0beneficia:<\/span><\/p>\n<ul>\n<li style=\"text-align: justify;\"><span style=\"font-family: arial, sans-serif;\">tant a l&#8217;alumnat, que veur\u00e0 incrementades les seves oportunitats d&#8217;inserci\u00f3 laboral (durant l&#8217;estada rep una compensaci\u00f3 econ\u00f2mica d&#8217;acord al conveni i despr\u00e8s d&#8217;una estada en empresa de FP pot haver una oferta laboral).<\/span><\/li>\n<li style=\"text-align: justify;\"><span style=\"font-family: arial, sans-serif;\">com a les empreses,\u00a0ja que l&#8217;FP Dual els permet captar talent i millorar la qualificaci\u00f3 dels seus empleats (l&#8217;empresa incorpora un nou treballador i durant la seva estada de 900 hores no t\u00e9 despeses de seguretat social).<\/span><\/li>\n<\/ul>\n<\/div>\n","protected":false},"excerpt":{"rendered":"<p>FP dual, un impuls a la inserci\u00f3 laboral \u00a0 L&#8217;Institut de Tremp inicia el curs 23-24 la\u00a0Formaci\u00f3 Professional Dual\u00a0o\u00a0FP Dual.\u00a0Aquesta\u00a0\u00e9s una modalitat de formaci\u00f3 professional que es realitza en alternan\u00e7a entre el centre educatiu i l&#8217;empresa,\u00a0combinant l&#8217;aprenentatge a l&#8217;aula amb l&#8217;activitat pr\u00e0ctica en el centre de treball. \u00c9s una modalitat formativa que\u00a0beneficia: tant a l&#8217;alumnat, [&hellip;]<\/p>\n","protected":false},"author":5,"featured_media":0,"parent":13122,"menu_order":1,"comment_status":"closed","ping_status":"closed","template":"page-templates\/side-menu.php","meta":{"_bbp_topic_count":0,"_bbp_reply_count":0,"_bbp_total_topic_count":0,"_bbp_total_reply_count":0,"_bbp_voice_count":0,"_bbp_anonymous_reply_count":0,"_bbp_topic_count_hidden":0,"_bbp_reply_count_hidden":0,"_bbp_forum_subforum_count":0,"site-sidebar-layout":"default","site-content-layout":"","ast-site-content-layout":"","site-content-style":"default","site-sidebar-style":"default","ast-global-header-display":"","ast-banner-title-visibility":"","ast-main-header-display":"","ast-hfb-above-header-display":"","ast-hfb-below-header-display":"","ast-hfb-mobile-header-display":"","site-post-title":"","ast-breadcrumbs-content":"","ast-featured-img":"","footer-sml-layout":"","theme-transparent-header-meta":"","adv-header-id-meta":"","stick-header-meta":"","header-above-stick-meta":"","header-main-stick-meta":"","header-below-stick-meta":"","astra-migrate-meta-layouts":"default","ast-page-background-enabled":"default","ast-page-background-meta":{"desktop":{"background-color":"var(--ast-global-color-4)","background-image":"","background-repeat":"repeat","background-position":"center center","background-size":"auto","background-attachment":"scroll","background-type":"","background-media":"","overlay-type":"","overlay-color":"","overlay-opacity":"","overlay-gradient":""},"tablet":{"background-color":"","background-image":"","background-repeat":"repeat","background-position":"center center","background-size":"auto","background-attachment":"scroll","background-type":"","background-media":"","overlay-type":"","overlay-color":"","overlay-opacity":"","overlay-gradient":""},"mobile":{"background-color":"","background-image":"","background-repeat":"repeat","background-position":"center center","background-size":"auto","background-attachment":"scroll","background-type":"","background-media":"","overlay-type":"","overlay-color":"","overlay-opacity":"","overlay-gradient":""}},"ast-content-background-meta":{"desktop":{"background-color":"var(--ast-global-color-5)","background-image":"","background-repeat":"repeat","background-position":"center center","background-size":"auto","background-attachment":"scroll","background-type":"","background-media":"","overlay-type":"","overlay-color":"","overlay-opacity":"","overlay-gradient":""},"tablet":{"background-color":"var(--ast-global-color-5)","background-image":"","background-repeat":"repeat","background-position":"center center","background-size":"auto","background-attachment":"scroll","background-type":"","background-media":"","overlay-type":"","overlay-color":"","overlay-opacity":"","overlay-gradient":""},"mobile":{"background-color":"var(--ast-global-color-5)","background-image":"","background-repeat":"repeat","background-position":"center center","background-size":"auto","background-attachment":"scroll","background-type":"","background-media":"","overlay-type":"","overlay-color":"","overlay-opacity":"","overlay-gradient":""}},"footnotes":""},"class_list":["post-4779","page","type-page","status-publish","hentry"],"post_mailing_queue_ids":[],"_links":{"self":[{"href":"https:\/\/agora.xtec.cat\/iestremp\/wp-json\/wp\/v2\/pages\/4779","targetHints":{"allow":["GET"]}}],"collection":[{"href":"https:\/\/agora.xtec.cat\/iestremp\/wp-json\/wp\/v2\/pages"}],"about":[{"href":"https:\/\/agora.xtec.cat\/iestremp\/wp-json\/wp\/v2\/types\/page"}],"author":[{"embeddable":true,"href":"https:\/\/agora.xtec.cat\/iestremp\/wp-json\/wp\/v2\/users\/5"}],"replies":[{"embeddable":true,"href":"https:\/\/agora.xtec.cat\/iestremp\/wp-json\/wp\/v2\/comments?post=4779"}],"version-history":[{"count":5,"href":"https:\/\/agora.xtec.cat\/iestremp\/wp-json\/wp\/v2\/pages\/4779\/revisions"}],"predecessor-version":[{"id":4806,"href":"https:\/\/agora.xtec.cat\/iestremp\/wp-json\/wp\/v2\/pages\/4779\/revisions\/4806"}],"up":[{"embeddable":true,"href":"https:\/\/agora.xtec.cat\/iestremp\/wp-json\/wp\/v2\/pages\/13122"}],"wp:attachment":[{"href":"https:\/\/agora.xtec.cat\/iestremp\/wp-json\/wp\/v2\/media?parent=4779"}],"curies":[{"name":"wp","href":"https:\/\/api.w.org\/{rel}","templated":true}]}}