{"id":4710,"date":"2023-08-31T10:04:08","date_gmt":"2023-08-31T08:04:08","guid":{"rendered":"https:\/\/agora.xtec.cat\/iestremp\/?page_id=4710"},"modified":"2026-04-07T15:47:48","modified_gmt":"2026-04-07T13:47:48","slug":"menu-de-menjador","status":"publish","type":"page","link":"https:\/\/agora.xtec.cat\/iestremp\/menu-de-menjador\/","title":{"rendered":"Men\u00fa de menjador"},"content":{"rendered":"\n<div class=\"wp-block-cover is-light has-parallax\" style=\"min-height:1000px;aspect-ratio:unset;\"><span aria-hidden=\"true\" class=\"wp-block-cover__background has-background-dim\" style=\"background-color:#c1ae9d\"><\/span><div class=\"wp-block-cover__image-background wp-image-3750 has-parallax\" style=\"background-position:50% 50%;background-image:url(https:\/\/agora.xtec.cat\/iestremp\/wp-content\/uploads\/usu1880\/2022\/07\/comedor.jpg)\"><\/div><div class=\"wp-block-cover__inner-container is-layout-constrained wp-block-cover-is-layout-constrained\">\n<div class=\"wp-block-getwid-tabs\" data-active-tab=\"1\"><ul class=\"wp-block-getwid-tabs__nav-links\"><\/ul>\n<div class=\"wp-block-getwid-tabs__nav-link\"><h4 class=\"wp-block-getwid-tabs__title-wrapper\"><a href=\"#\"><span class=\"wp-block-getwid-tabs__title\"><mark style=\"background-color:rgba(0, 0, 0, 0)\" class=\"has-inline-color has-ast-global-color-1-color\">Setembre<\/mark><\/span><\/a><\/h4><\/div><div class=\"wp-block-getwid-tabs__tab-content-wrapper\"><div class=\"wp-block-getwid-tabs__tab-content\">\n<div data-wp-interactive=\"core\/file\" class=\"wp-block-file wp-container-content-1\"><object data-wp-bind--hidden=\"!state.hasPdfPreview\" hidden class=\"wp-block-file__embed\" data=\"https:\/\/agora.xtec.cat\/iestremp\/wp-content\/uploads\/usu1880\/2025\/09\/Menu-Basal-INSTITUT-DE-TREMP-Setembre-2025.pdf\" type=\"application\/pdf\" style=\"width:100%;height:600px\" aria-label=\"Incrustaci\u00f3 del fitxer Menu\u0301 Basal INSTITUT DE TREMP Setembre 2025.\"><\/object><a id=\"wp-block-file--media-da769fe7-7412-4c8a-aad7-ef1c5c9a9a1a\" href=\"https:\/\/agora.xtec.cat\/iestremp\/wp-content\/uploads\/usu1880\/2025\/09\/Menu-Basal-INSTITUT-DE-TREMP-Setembre-2025.pdf\">Menu\u0301 Basal INSTITUT DE TREMP Setembre 2025<\/a><a href=\"https:\/\/agora.xtec.cat\/iestremp\/wp-content\/uploads\/usu1880\/2025\/09\/Menu-Basal-INSTITUT-DE-TREMP-Setembre-2025.pdf\" class=\"wp-block-file__button wp-element-button\" download aria-describedby=\"wp-block-file--media-da769fe7-7412-4c8a-aad7-ef1c5c9a9a1a\">Baixa<\/a><\/div>\n<\/div><\/div>\n\n\n\n<div class=\"wp-block-getwid-tabs__nav-link\"><h4 class=\"wp-block-getwid-tabs__title-wrapper\"><a href=\"#\"><span class=\"wp-block-getwid-tabs__title\"><mark style=\"background-color:rgba(0, 0, 0, 0)\" class=\"has-inline-color has-ast-global-color-1-color\">Octubre<\/mark><\/span><\/a><\/h4><\/div><div class=\"wp-block-getwid-tabs__tab-content-wrapper\"><div class=\"wp-block-getwid-tabs__tab-content\">\n<div data-wp-interactive=\"core\/file\" class=\"wp-block-file\"><object data-wp-bind--hidden=\"!state.hasPdfPreview\" hidden class=\"wp-block-file__embed\" data=\"https:\/\/agora.xtec.cat\/iestremp\/wp-content\/uploads\/usu1880\/2025\/10\/Menu-Basal-INS.TREMP-Octubre-2025-2.pdf\" type=\"application\/pdf\" style=\"width:100%;height:600px\" aria-label=\"Incrustaci\u00f3 del fitxer Men\u00fa Basal INS.TREMP Octubre 2025.\"><\/object><a id=\"wp-block-file--media-6c463c27-7108-41d9-9fbe-a078b36f0885\" href=\"https:\/\/agora.xtec.cat\/iestremp\/wp-content\/uploads\/usu1880\/2025\/10\/Menu-Basal-INS.TREMP-Octubre-2025-2.pdf\">Men\u00fa Basal INS.TREMP Octubre 2025<\/a><a href=\"https:\/\/agora.xtec.cat\/iestremp\/wp-content\/uploads\/usu1880\/2025\/10\/Menu-Basal-INS.TREMP-Octubre-2025-2.pdf\" class=\"wp-block-file__button wp-element-button\" download aria-describedby=\"wp-block-file--media-6c463c27-7108-41d9-9fbe-a078b36f0885\">Baixa<\/a><\/div>\n<\/div><\/div>\n\n\n\n<div class=\"wp-block-getwid-tabs__nav-link\"><h4 class=\"wp-block-getwid-tabs__title-wrapper\"><a href=\"#\"><span class=\"wp-block-getwid-tabs__title\"><mark style=\"background-color:rgba(0, 0, 0, 0)\" class=\"has-inline-color has-ast-global-color-1-color\">Novembre<\/mark><\/span><\/a><\/h4><\/div><div class=\"wp-block-getwid-tabs__tab-content-wrapper\"><div class=\"wp-block-getwid-tabs__tab-content\">\n<div data-wp-interactive=\"core\/file\" class=\"wp-block-file\"><object data-wp-bind--hidden=\"!state.hasPdfPreview\" hidden class=\"wp-block-file__embed\" data=\"https:\/\/agora.xtec.cat\/iestremp\/wp-content\/uploads\/usu1880\/2025\/10\/Menu-Basal-INS.TREMP-Novembre-2025.pdf\" type=\"application\/pdf\" style=\"width:100%;height:600px\" aria-label=\"Incrustaci\u00f3 del fitxer Men\u00fa Basal INS.TREMP Novembre 2025.\"><\/object><a id=\"wp-block-file--media-28455962-228f-4a3f-bcf5-0ade44f87725\" href=\"https:\/\/agora.xtec.cat\/iestremp\/wp-content\/uploads\/usu1880\/2025\/10\/Menu-Basal-INS.TREMP-Novembre-2025.pdf\">Men\u00fa Basal INS.TREMP Novembre 2025<\/a><a href=\"https:\/\/agora.xtec.cat\/iestremp\/wp-content\/uploads\/usu1880\/2025\/10\/Menu-Basal-INS.TREMP-Novembre-2025.pdf\" class=\"wp-block-file__button wp-element-button\" download aria-describedby=\"wp-block-file--media-28455962-228f-4a3f-bcf5-0ade44f87725\">Baixa<\/a><\/div>\n<\/div><\/div>\n\n\n\n<div class=\"wp-block-getwid-tabs__nav-link\"><h4 class=\"wp-block-getwid-tabs__title-wrapper\"><a href=\"#\"><span class=\"wp-block-getwid-tabs__title\"><mark style=\"background-color:rgba(0, 0, 0, 0)\" class=\"has-inline-color has-ast-global-color-1-color\">Desembre<\/mark><\/span><\/a><\/h4><\/div><div class=\"wp-block-getwid-tabs__tab-content-wrapper\"><div class=\"wp-block-getwid-tabs__tab-content\">\n<div data-wp-interactive=\"core\/file\" class=\"wp-block-file\"><object data-wp-bind--hidden=\"!state.hasPdfPreview\" hidden class=\"wp-block-file__embed\" data=\"https:\/\/agora.xtec.cat\/iestremp\/wp-content\/uploads\/usu1880\/2025\/11\/Menu-Basal-Inst.Tremp-Desembre-2025.pdf\" type=\"application\/pdf\" style=\"width:100%;height:600px\" aria-label=\"Incrustaci\u00f3 del fitxer Men\u00fa Basal Inst.Tremp Desembre 2025.\"><\/object><a id=\"wp-block-file--media-a409f7dd-7fbb-4f70-a972-d9355caf87ce\" href=\"https:\/\/agora.xtec.cat\/iestremp\/wp-content\/uploads\/usu1880\/2025\/11\/Menu-Basal-Inst.Tremp-Desembre-2025.pdf\">Men\u00fa Basal Inst.Tremp Desembre 2025<\/a><a href=\"https:\/\/agora.xtec.cat\/iestremp\/wp-content\/uploads\/usu1880\/2025\/11\/Menu-Basal-Inst.Tremp-Desembre-2025.pdf\" class=\"wp-block-file__button wp-element-button\" download aria-describedby=\"wp-block-file--media-a409f7dd-7fbb-4f70-a972-d9355caf87ce\">Baixa<\/a><\/div>\n<\/div><\/div>\n\n\n\n<div class=\"wp-block-getwid-tabs__nav-link\"><h4 class=\"wp-block-getwid-tabs__title-wrapper\"><a href=\"#\"><span class=\"wp-block-getwid-tabs__title\"><mark style=\"background-color:rgba(0, 0, 0, 0)\" class=\"has-inline-color has-ast-global-color-1-color\">Gener<\/mark><\/span><\/a><\/h4><\/div><div class=\"wp-block-getwid-tabs__tab-content-wrapper\"><div class=\"wp-block-getwid-tabs__tab-content\">\n<div data-wp-interactive=\"core\/file\" class=\"wp-block-file\"><object data-wp-bind--hidden=\"!state.hasPdfPreview\" hidden class=\"wp-block-file__embed\" data=\"https:\/\/agora.xtec.cat\/iestremp\/wp-content\/uploads\/usu1880\/2026\/01\/Menu-Basal-INS.-TREMP-Gener-2026.pdf\" type=\"application\/pdf\" style=\"width:100%;height:600px\" aria-label=\"Incrustaci\u00f3 del fitxer Men\u00fa Basal INS. TREMP Gener 2026.\"><\/object><a id=\"wp-block-file--media-a14ce781-5410-42ee-80f8-b7d40d57ae15\" href=\"https:\/\/agora.xtec.cat\/iestremp\/wp-content\/uploads\/usu1880\/2026\/01\/Menu-Basal-INS.-TREMP-Gener-2026.pdf\">Men\u00fa Basal INS. TREMP Gener 2026<\/a><a href=\"https:\/\/agora.xtec.cat\/iestremp\/wp-content\/uploads\/usu1880\/2026\/01\/Menu-Basal-INS.-TREMP-Gener-2026.pdf\" class=\"wp-block-file__button wp-element-button\" download aria-describedby=\"wp-block-file--media-a14ce781-5410-42ee-80f8-b7d40d57ae15\">Baixa<\/a><\/div>\n<\/div><\/div>\n\n\n\n<div class=\"wp-block-getwid-tabs__nav-link\"><h4 class=\"wp-block-getwid-tabs__title-wrapper\"><a href=\"#\"><span class=\"wp-block-getwid-tabs__title\"><mark style=\"background-color:rgba(0, 0, 0, 0)\" class=\"has-inline-color has-ast-global-color-1-color\">Febrer<\/mark><\/span><\/a><\/h4><\/div><div class=\"wp-block-getwid-tabs__tab-content-wrapper\"><div class=\"wp-block-getwid-tabs__tab-content\">\n<div data-wp-interactive=\"core\/file\" class=\"wp-block-file\"><object data-wp-bind--hidden=\"!state.hasPdfPreview\" hidden class=\"wp-block-file__embed\" data=\"https:\/\/agora.xtec.cat\/iestremp\/wp-content\/uploads\/usu1880\/2026\/02\/Menu-Basal-INSTITUT-DE-TREMP-Febrer-2026.pdf\" type=\"application\/pdf\" style=\"width:100%;height:600px\" aria-label=\"Incrustaci\u00f3 del fitxer Men\u00fa Basal INSTITUT DE TREMP Febrer 2026.\"><\/object><a id=\"wp-block-file--media-8029e715-83e6-4043-9e76-3911f19ada06\" href=\"https:\/\/agora.xtec.cat\/iestremp\/wp-content\/uploads\/usu1880\/2026\/02\/Menu-Basal-INSTITUT-DE-TREMP-Febrer-2026.pdf\">Men\u00fa Basal INSTITUT DE TREMP Febrer 2026<\/a><a href=\"https:\/\/agora.xtec.cat\/iestremp\/wp-content\/uploads\/usu1880\/2026\/02\/Menu-Basal-INSTITUT-DE-TREMP-Febrer-2026.pdf\" class=\"wp-block-file__button wp-element-button\" download aria-describedby=\"wp-block-file--media-8029e715-83e6-4043-9e76-3911f19ada06\">Baixa<\/a><\/div>\n<\/div><\/div>\n\n\n\n<div class=\"wp-block-getwid-tabs__nav-link\"><h4 class=\"wp-block-getwid-tabs__title-wrapper\"><a href=\"#\"><span class=\"wp-block-getwid-tabs__title\"><mark style=\"background-color:rgba(0, 0, 0, 0)\" class=\"has-inline-color has-ast-global-color-1-color\">Mar\u00e7<\/mark><\/span><\/a><\/h4><\/div><div class=\"wp-block-getwid-tabs__tab-content-wrapper\"><div class=\"wp-block-getwid-tabs__tab-content\">\n<div data-wp-interactive=\"core\/file\" class=\"wp-block-file\"><object data-wp-bind--hidden=\"!state.hasPdfPreview\" hidden class=\"wp-block-file__embed\" data=\"https:\/\/agora.xtec.cat\/iestremp\/wp-content\/uploads\/usu1880\/2026\/02\/Menu-Basal-INSTITUT-DE-TREMP-Marc-2026.pdf\" type=\"application\/pdf\" style=\"width:100%;height:600px\" aria-label=\"Incrustaci\u00f3 del fitxer Men\u00fa Basal INSTITUT DE TREMP Mar\u00e7 2026.\"><\/object><a id=\"wp-block-file--media-fb55b3fc-9b35-4fb5-a716-6a5d8a5fcd84\" href=\"https:\/\/agora.xtec.cat\/iestremp\/wp-content\/uploads\/usu1880\/2026\/02\/Menu-Basal-INSTITUT-DE-TREMP-Marc-2026.pdf\">Men\u00fa Basal INSTITUT DE TREMP Mar\u00e7 2026<\/a><a href=\"https:\/\/agora.xtec.cat\/iestremp\/wp-content\/uploads\/usu1880\/2026\/02\/Menu-Basal-INSTITUT-DE-TREMP-Marc-2026.pdf\" class=\"wp-block-file__button wp-element-button\" download aria-describedby=\"wp-block-file--media-fb55b3fc-9b35-4fb5-a716-6a5d8a5fcd84\">Baixa<\/a><\/div>\n<\/div><\/div>\n\n\n\n<div class=\"wp-block-getwid-tabs__nav-link\"><h4 class=\"wp-block-getwid-tabs__title-wrapper\"><a href=\"#\"><span class=\"wp-block-getwid-tabs__title\"><mark style=\"background-color:rgba(0, 0, 0, 0)\" class=\"has-inline-color has-ast-global-color-1-color\">Abril<\/mark><\/span><\/a><\/h4><\/div><div class=\"wp-block-getwid-tabs__tab-content-wrapper\"><div class=\"wp-block-getwid-tabs__tab-content\">\n<div data-wp-interactive=\"core\/file\" class=\"wp-block-file\"><object data-wp-bind--hidden=\"!state.hasPdfPreview\" hidden class=\"wp-block-file__embed\" data=\"https:\/\/agora.xtec.cat\/iestremp\/wp-content\/uploads\/usu1880\/2026\/04\/Menu-INSTITUT-TREMP-Abril-2026.pdf\" type=\"application\/pdf\" style=\"width:100%;height:600px\" aria-label=\"Incrustaci\u00f3 del fitxer Men\u00fa INSTITUT TREMP Abril 2026.\"><\/object><a id=\"wp-block-file--media-6fd939d1-3d49-4b48-9f72-3c1c277a5b72\" href=\"https:\/\/agora.xtec.cat\/iestremp\/wp-content\/uploads\/usu1880\/2026\/04\/Menu-INSTITUT-TREMP-Abril-2026.pdf\">Men\u00fa INSTITUT TREMP Abril 2026<\/a><a href=\"https:\/\/agora.xtec.cat\/iestremp\/wp-content\/uploads\/usu1880\/2026\/04\/Menu-INSTITUT-TREMP-Abril-2026.pdf\" class=\"wp-block-file__button wp-element-button\" download aria-describedby=\"wp-block-file--media-6fd939d1-3d49-4b48-9f72-3c1c277a5b72\">Baixa<\/a><\/div>\n<\/div><\/div>\n\n\n\n<div class=\"wp-block-getwid-tabs__nav-link\"><h4 class=\"wp-block-getwid-tabs__title-wrapper\"><a href=\"#\"><span class=\"wp-block-getwid-tabs__title\"><mark style=\"background-color:rgba(0, 0, 0, 0)\" class=\"has-inline-color has-ast-global-color-1-color\">Maig<\/mark><\/span><\/a><\/h4><\/div><div class=\"wp-block-getwid-tabs__tab-content-wrapper\"><div class=\"wp-block-getwid-tabs__tab-content\">\n<div data-wp-interactive=\"core\/file\" class=\"wp-block-file\"><object data-wp-bind--hidden=\"!state.hasPdfPreview\" hidden class=\"wp-block-file__embed\" data=\"https:\/\/agora.xtec.cat\/iestremp\/wp-content\/uploads\/usu1880\/2025\/04\/Menu-Basal-INSTITUT-DE-TREMP-Maig-2025.pdf\" type=\"application\/pdf\" style=\"width:100%;height:600px\" aria-label=\"Incrustaci\u00f3 del fitxer Menu-Basal-INSTITUT-DE-TREMP-Maig-2025.\"><\/object><a id=\"wp-block-file--media-723af156-ba67-44a1-bb9b-81605cc44f01\" href=\"https:\/\/agora.xtec.cat\/iestremp\/wp-content\/uploads\/usu1880\/2025\/04\/Menu-Basal-INSTITUT-DE-TREMP-Maig-2025.pdf\">Menu-Basal-INSTITUT-DE-TREMP-Maig-2025<\/a><a href=\"https:\/\/agora.xtec.cat\/iestremp\/wp-content\/uploads\/usu1880\/2025\/04\/Menu-Basal-INSTITUT-DE-TREMP-Maig-2025.pdf\" class=\"wp-block-file__button wp-element-button\" download aria-describedby=\"wp-block-file--media-723af156-ba67-44a1-bb9b-81605cc44f01\">Baixa<\/a><\/div>\n<\/div><\/div>\n\n\n\n<div class=\"wp-block-getwid-tabs__nav-link\"><h4 class=\"wp-block-getwid-tabs__title-wrapper\"><a href=\"#\"><span class=\"wp-block-getwid-tabs__title\"><mark style=\"background-color:rgba(0, 0, 0, 0)\" class=\"has-inline-color has-ast-global-color-1-color\">Juny<\/mark><\/span><\/a><\/h4><\/div><div class=\"wp-block-getwid-tabs__tab-content-wrapper\"><div class=\"wp-block-getwid-tabs__tab-content\">\n<div data-wp-interactive=\"core\/file\" class=\"wp-block-file\"><object data-wp-bind--hidden=\"!state.hasPdfPreview\" hidden class=\"wp-block-file__embed\" data=\"https:\/\/agora.xtec.cat\/iestremp\/wp-content\/uploads\/usu1880\/2025\/05\/Menu-Basal-INSTITUT-TREMP-Juny-2025.pdf\" type=\"application\/pdf\" style=\"width:100%;height:600px\" aria-label=\"Incrustaci\u00f3 del fitxer Men\u00fa Basal INSTITUT TREMP Juny 2025.\"><\/object><a id=\"wp-block-file--media-036219b7-5409-432e-a57b-91ab3ad2a7f2\" href=\"https:\/\/agora.xtec.cat\/iestremp\/wp-content\/uploads\/usu1880\/2025\/05\/Menu-Basal-INSTITUT-TREMP-Juny-2025.pdf\">Men\u00fa Basal INSTITUT TREMP Juny 2025<\/a><a href=\"https:\/\/agora.xtec.cat\/iestremp\/wp-content\/uploads\/usu1880\/2025\/05\/Menu-Basal-INSTITUT-TREMP-Juny-2025.pdf\" class=\"wp-block-file__button wp-element-button\" download aria-describedby=\"wp-block-file--media-036219b7-5409-432e-a57b-91ab3ad2a7f2\">Baixa<\/a><\/div>\n<\/div><\/div>\n<\/div>\n<\/div><\/div>\n","protected":false},"excerpt":{"rendered":"","protected":false},"author":4,"featured_media":0,"parent":0,"menu_order":0,"comment_status":"closed","ping_status":"closed","template":"","meta":{"_bbp_topic_count":0,"_bbp_reply_count":0,"_bbp_total_topic_count":0,"_bbp_total_reply_count":0,"_bbp_voice_count":0,"_bbp_anonymous_reply_count":0,"_bbp_topic_count_hidden":0,"_bbp_reply_count_hidden":0,"_bbp_forum_subforum_count":0,"site-sidebar-layout":"default","site-content-layout":"","ast-site-content-layout":"default","site-content-style":"default","site-sidebar-style":"default","ast-global-header-display":"","ast-banner-title-visibility":"","ast-main-header-display":"","ast-hfb-above-header-display":"","ast-hfb-below-header-display":"","ast-hfb-mobile-header-display":"","site-post-title":"","ast-breadcrumbs-content":"","ast-featured-img":"","footer-sml-layout":"","theme-transparent-header-meta":"","adv-header-id-meta":"","stick-header-meta":"","header-above-stick-meta":"","header-main-stick-meta":"","header-below-stick-meta":"","astra-migrate-meta-layouts":"set","ast-page-background-enabled":"default","ast-page-background-meta":{"desktop":{"background-color":"var(--ast-global-color-4)","background-image":"","background-repeat":"repeat","background-position":"center center","background-size":"auto","background-attachment":"scroll","background-type":"","background-media":"","overlay-type":"","overlay-color":"","overlay-opacity":"","overlay-gradient":""},"tablet":{"background-color":"","background-image":"","background-repeat":"repeat","background-position":"center center","background-size":"auto","background-attachment":"scroll","background-type":"","background-media":"","overlay-type":"","overlay-color":"","overlay-opacity":"","overlay-gradient":""},"mobile":{"background-color":"","background-image":"","background-repeat":"repeat","background-position":"center center","background-size":"auto","background-attachment":"scroll","background-type":"","background-media":"","overlay-type":"","overlay-color":"","overlay-opacity":"","overlay-gradient":""}},"ast-content-background-meta":{"desktop":{"background-color":"var(--ast-global-color-5)","background-image":"","background-repeat":"repeat","background-position":"center center","background-size":"auto","background-attachment":"scroll","background-type":"","background-media":"","overlay-type":"","overlay-color":"","overlay-opacity":"","overlay-gradient":""},"tablet":{"background-color":"var(--ast-global-color-5)","background-image":"","background-repeat":"repeat","background-position":"center center","background-size":"auto","background-attachment":"scroll","background-type":"","background-media":"","overlay-type":"","overlay-color":"","overlay-opacity":"","overlay-gradient":""},"mobile":{"background-color":"var(--ast-global-color-5)","background-image":"","background-repeat":"repeat","background-position":"center center","background-size":"auto","background-attachment":"scroll","background-type":"","background-media":"","overlay-type":"","overlay-color":"","overlay-opacity":"","overlay-gradient":""}},"footnotes":""},"class_list":["post-4710","page","type-page","status-publish","hentry"],"post_mailing_queue_ids":[],"_links":{"self":[{"href":"https:\/\/agora.xtec.cat\/iestremp\/wp-json\/wp\/v2\/pages\/4710","targetHints":{"allow":["GET"]}}],"collection":[{"href":"https:\/\/agora.xtec.cat\/iestremp\/wp-json\/wp\/v2\/pages"}],"about":[{"href":"https:\/\/agora.xtec.cat\/iestremp\/wp-json\/wp\/v2\/types\/page"}],"author":[{"embeddable":true,"href":"https:\/\/agora.xtec.cat\/iestremp\/wp-json\/wp\/v2\/users\/4"}],"replies":[{"embeddable":true,"href":"https:\/\/agora.xtec.cat\/iestremp\/wp-json\/wp\/v2\/comments?post=4710"}],"version-history":[{"count":6,"href":"https:\/\/agora.xtec.cat\/iestremp\/wp-json\/wp\/v2\/pages\/4710\/revisions"}],"predecessor-version":[{"id":14203,"href":"https:\/\/agora.xtec.cat\/iestremp\/wp-json\/wp\/v2\/pages\/4710\/revisions\/14203"}],"wp:attachment":[{"href":"https:\/\/agora.xtec.cat\/iestremp\/wp-json\/wp\/v2\/media?parent=4710"}],"curies":[{"name":"wp","href":"https:\/\/api.w.org\/{rel}","templated":true}]}}