{"id":4525,"date":"2023-05-25T13:34:22","date_gmt":"2023-05-25T11:34:22","guid":{"rendered":"https:\/\/agora.xtec.cat\/iestremp\/?page_id=4525"},"modified":"2026-02-25T11:52:13","modified_gmt":"2026-02-25T10:52:13","slug":"preinscripcio-i-matricula-cicles-formatius","status":"publish","type":"page","link":"https:\/\/agora.xtec.cat\/iestremp\/preinscripcio-i-matricula-cicles-formatius\/","title":{"rendered":"Preinscripci\u00f3 i matr\u00edcula cicles formatius (alumnat nou i amb continu\u00eftat)"},"content":{"rendered":"<p>Abans d&#8217;enviar la documentaci\u00f3, primer cal fer la <strong>PREINSCRIPCI\u00d3 TELEM\u00c0TICA<\/strong><\/p>\n<h5><a href=\"https:\/\/preinscripcio.gencat.cat\/ca\/estudis\/fp-grau-mitja\/inici\/\" target=\"_blank\" rel=\"noopener\">Acc\u00e9s a formulari preinscripci\u00f3 telem\u00e0tica\u00a0CFGM<\/a><\/h5>\n<h5><a href=\"https:\/\/preinscripcio.gencat.cat\/ca\/estudis\/fp-grau-superior\/inici\/\">Acc\u00e9s a formulari preinscripci\u00f3 telem\u00e0tica CFGS<\/a><\/h5>\n<p>Tota la documentaci\u00f3 s\u2019ha d\u2019enviar escanejada al correu del centre: <a href=\"mailto:c5006288@xtec.cat\">c5006288@xtec.cat<\/a> \u00a0 <i>Rebreu justificant de recepci\u00f3<\/i><\/p>\n<h4><b>1. Documentaci\u00f3 preinscripci\u00f3 cicles formatius per a l\u2019alumnat nou al centre:<\/b><\/h4>\n<ol>\n<li style=\"font-weight: 400;\" aria-level=\"1\"><span style=\"font-weight: 400;\">Fotoc\u00f2pia del DNI, passaport o altre document d\u2019identitat de l\u2019alumne.<\/span><\/li>\n<li style=\"font-weight: 400;\" aria-level=\"1\"><span style=\"font-weight: 400;\">Fotoc\u00f2pia del DNI, passaport o altra documentaci\u00f3 d\u2019identitat dels pares o tutors legals (menors d\u2019edat).<\/span><\/li>\n<li style=\"font-weight: 400;\" aria-level=\"1\"><span style=\"font-weight: 400;\">Fotoc\u00f2pia del Llibre de Fam\u00edlia (menors d\u2019edat).<\/span><\/li>\n<li style=\"font-weight: 400;\" aria-level=\"1\"><span style=\"font-weight: 400;\">Fotoc\u00f2pia Targeta Sanit\u00e0ria Individual (TSI).<\/span><\/li>\n<li style=\"font-weight: 400;\" aria-level=\"1\"><span style=\"font-weight: 400;\">Fotoc\u00f2pia del t\u00edtol que permet l\u2019acc\u00e9s als cicles formatius (Batxillerat, FP2, COU, prova d\u2019acc\u00e9s, CFGM, etc.)<\/span><\/li>\n<li style=\"font-weight: 400;\" aria-level=\"1\"><span style=\"font-weight: 400;\">Pagament <\/span><span style=\"font-weight: 400;\">Asseguran\u00e7a escolar<\/span><span style=\"font-weight: 400;\"> (fins a 28 anys).<\/span><\/li>\n<li aria-level=\"1\"><strong>Cicles Formatius Grau Mitj\u00e0 (CAI \/ APSD &#8211; Electricitat &#8211; GA \/ SMX)<\/strong>. <span style=\"font-weight: 400;\">Full de transport<\/span><span style=\"font-weight: 400;\"> del Consell comarcal, <\/span><span style=\"font-weight: 400;\">domiciliaci\u00f3 banc\u00e0ria<\/span><span style=\"font-weight: 400;\"> si \u00e9s el cas. Preu 1,5 \u20ac \/ dia.<\/span><\/li>\n<li style=\"font-weight: 400;\" aria-level=\"1\"><span style=\"font-weight: 400;\"><strong>Nom\u00e9s Cicles Formatius de Grau Superior<\/strong>: comprovant de pagament<\/span><span style=\"font-weight: 400;\"> en el moment de la matr\u00edcula.<\/span><\/li>\n<\/ol>\n<h4><b>2. Documentaci\u00f3 matr\u00edcula cicles formatius per a tot l\u2019alumnat actual al centre:<\/b><\/h4>\n<p><strong>CICLES FORMATIUS GRAU MITJ\u00c0<\/strong><\/p>\n<ol>\n<li aria-level=\"1\">Full de continu\u00eftat al centre.<\/li>\n<li aria-level=\"1\">Pagament quota\u00a0 curs 2026-2027.<\/li>\n<\/ol>\n<p><strong>CICLES FORMATIUS GRAU SUPERIOR<\/strong><\/p>\n<ol>\n<li><span style=\"font-weight: 400;\"><strong>Cicles formatius de Grau Superior<\/strong>: comprovant de pagament<\/span><span style=\"font-weight: 400;\"> en el moment de la matr\u00edcula<a href=\"https:\/\/agora.xtec.cat\/iestremp\/wp-content\/uploads\/usu1880\/2024\/05\/Instruccions-pagament-preu-public-CFGS-2023-24-1.pdf\" target=\"_blank\" rel=\"noopener\">. <\/a>Instruccions de pagament matr\u00edcula preus p\u00fablics.<\/span><\/li>\n<li style=\"font-weight: 400;\" aria-level=\"1\"><span style=\"font-weight: 400;\">Pagament <\/span><span style=\"font-weight: 400;\">Asseguran\u00e7a escolar<\/span><span style=\"font-weight: 400;\"> (fins a 28 anys).<\/span><\/li>\n<li aria-level=\"1\">Pagament quota curs 2026-2027\u00a0(Nom\u00e9s alumnat becat al 100%)<\/li>\n<\/ol>\n<p><strong>*Llistat de llibres de Cicles formatius<\/strong><\/p>\n<p><span style=\"font-weight: 400;\">A continuaci\u00f3 teniu la informaci\u00f3 i do<\/span><span style=\"font-weight: 400;\">cumentaci\u00f3 dels diferents cicles formatius que s&#8217;imparteixen al centre <\/span><span style=\"font-weight: 400;\">per acabar de formalitzar la preinscripci\u00f3 i la matr\u00edcula.<\/span><\/p>\n<table style=\"width: 99.0714%; height: 44px;\">\n<tbody>\n<tr>\n<td style=\"width: 49.9268%;\"><a href=\"https:\/\/preinscripcio.gencat.cat\/ca\/estudis\/fp-grau-mitja\/inici\/\"><span style=\"font-weight: 400;\">Acc\u00e9s a formulari preinscripci\u00f3 telem\u00e0tica <\/span><b>CFGM<\/b><\/a><\/td>\n<td style=\"width: 49.5608%;\"><a href=\"https:\/\/preinscripcio.gencat.cat\/ca\/estudis\/fp-grau-superior\/inici\/\"><span style=\"font-weight: 400;\">Acc\u00e9s a formulari preinscripci\u00f3 telem\u00e0tica <\/span><b>CFGS<\/b><\/a><\/td>\n<\/tr>\n<tr>\n<td style=\"width: 99.4876%;\" colspan=\"2\"><span style=\"font-weight: 400;\">Presentaci\u00f3 Jornada portes obertes<\/span><\/td>\n<\/tr>\n<\/tbody>\n<\/table>\n<table style=\"width: 100%; height: 372px;\">\n<tbody>\n<tr style=\"height: 46px;\">\n<td style=\"height: 46px;\"><span style=\"font-weight: 400;\">CFGM Emerg\u00e8ncies sanit\u00e0ries (horari tarda)<\/span><\/td>\n<td style=\"height: 46px;\"><span style=\"font-weight: 400;\">Tr\u00edptic informatiu ES<\/span><\/td>\n<td style=\"height: 46px;\">\n<p>\u00a0 Pagament quota\u00a0 curs 2025-26<\/p>\n<\/td>\n<\/tr>\n<tr style=\"height: 70px;\">\n<td style=\"height: 70px;\"><span style=\"font-weight: 400;\">CFGM Conjunt: Atenci\u00f3 a les Persones en Situaci\u00f3 de Depend\u00e8ncia i CAI (horari de mat\u00ed)<\/span><\/td>\n<td style=\"height: 70px;\"><span style=\"font-weight: 400;\">Tr\u00edptic informatiu CAI+ATPD<\/span><\/td>\n<td style=\"height: 70px;\"><span style=\"font-weight: 400;\">Full de transport del Consell Comarcal<\/span><span style=\"font-weight: 400;\"> i <\/span><span style=\"font-weight: 400;\">sol\u00b7licitud de domiciliaci\u00f3 banc\u00e0ria <\/span><span style=\"font-weight: 400;\">. Pagament quota\u00a0 curs 2026-2027<\/span><\/td>\n<\/tr>\n<tr style=\"height: 70px;\">\n<td style=\"height: 70px;\"><span style=\"font-weight: 400;\">CFGM Conjunt: Gesti\u00f3 Administrativa i Sistemes Microinform\u00e0tics i Xarxes (horari de mat\u00ed)<\/span><\/td>\n<td style=\"height: 70px;\"><span style=\"font-weight: 400;\">Tr\u00edptic informatiu GA+SMX<\/span><\/td>\n<td style=\"height: 70px;\"><span style=\"font-weight: 400;\">Full de transport del Consell Comarcal<\/span><span style=\"font-weight: 400;\"> i \u00a0sol\u00b7licitud de domiciliaci\u00f3 banc\u00e0ria <\/span><span style=\"font-weight: 400;\">. Pagament quota\u00a0 curs 2026-2027<\/span><\/td>\n<\/tr>\n<tr style=\"height: 70px;\">\n<td style=\"height: 70px;\"><span style=\"font-weight: 400;\">CFGM: Instal\u00b7lacions El\u00e8ctriques i Autom\u00e0tiques (horari de mat\u00ed)<\/span><\/td>\n<td style=\"height: 70px;\"><span style=\"font-weight: 400;\">Tr\u00edptic informatiu IEA<\/span><\/td>\n<td style=\"height: 70px;\"><span style=\"font-weight: 400;\">Full de transport del Consell Comarcal<\/span><span style=\"font-weight: 400;\"> i <\/span><span style=\"font-weight: 400;\">sol\u00b7licitud de domiciliaci\u00f3 banc\u00e0ria <\/span><span style=\"font-weight: 400;\">&#8211; Pagament quota\u00a0 curs 2026-2027<\/span><\/td>\n<\/tr>\n<tr style=\"height: 46px;\">\n<td style=\"height: 46px;\"><span style=\"font-weight: 400;\">CFGS: Administraci\u00f3 i Finances (horari de tarda)<\/span><\/td>\n<td style=\"height: 46px;\"><span style=\"font-weight: 400;\">Tr\u00edptic informatiu AiF<\/span><\/td>\n<td style=\"height: 46px;\"><span style=\"font-weight: 400;\">Pagament matr\u00edcula CFGS <\/span><span style=\"font-weight: 400;\">&#8211; <\/span><span style=\"font-weight: 400;\">Asseguran\u00e7a escol<\/span><span style=\"font-weight: 400;\">a<\/span><span style=\"font-weight: 400;\">r obligat\u00f2ria (fins a 28 anys)<\/span><\/td>\n<\/tr>\n<tr style=\"height: 70px;\">\n<td style=\"height: 70px;\"><span style=\"font-weight: 400;\">CFGS: Diet\u00e8tica (horari de tarda)<\/span><\/td>\n<td style=\"height: 70px;\"><span style=\"font-weight: 400;\">Tr\u00edptic informatiu Diet\u00e8tica<\/span><\/td>\n<td style=\"height: 70px;\"><span style=\"font-weight: 400;\">Pagament matr\u00edcula CFGS <\/span><span style=\"font-weight: 400;\">&#8211; <\/span><span style=\"font-weight: 400;\">A<\/span><span style=\"font-weight: 400;\">sseguran\u00e7a escolar obligat\u00f2ria (fins a 28 anys)<\/span><\/td>\n<\/tr>\n<\/tbody>\n<\/table>\n\n\n<p><\/p>\n","protected":false},"excerpt":{"rendered":"<p>Abans d&#8217;enviar la documentaci\u00f3, primer cal fer la PREINSCRIPCI\u00d3 TELEM\u00c0TICA Acc\u00e9s a formulari preinscripci\u00f3 telem\u00e0tica\u00a0CFGM Acc\u00e9s a formulari preinscripci\u00f3 telem\u00e0tica CFGS Tota la documentaci\u00f3 s\u2019ha d\u2019enviar escanejada al correu del centre: c5006288@xtec.cat \u00a0 Rebreu justificant de recepci\u00f3 1. Documentaci\u00f3 preinscripci\u00f3 cicles formatius per a l\u2019alumnat nou al centre: Fotoc\u00f2pia del DNI, passaport o altre document [&hellip;]<\/p>\n","protected":false},"author":1,"featured_media":0,"parent":0,"menu_order":0,"comment_status":"closed","ping_status":"closed","template":"","meta":{"_bbp_topic_count":0,"_bbp_reply_count":0,"_bbp_total_topic_count":0,"_bbp_total_reply_count":0,"_bbp_voice_count":0,"_bbp_anonymous_reply_count":0,"_bbp_topic_count_hidden":0,"_bbp_reply_count_hidden":0,"_bbp_forum_subforum_count":0,"site-sidebar-layout":"default","site-content-layout":"","ast-site-content-layout":"default","site-content-style":"default","site-sidebar-style":"default","ast-global-header-display":"","ast-banner-title-visibility":"","ast-main-header-display":"","ast-hfb-above-header-display":"","ast-hfb-below-header-display":"","ast-hfb-mobile-header-display":"","site-post-title":"","ast-breadcrumbs-content":"","ast-featured-img":"","footer-sml-layout":"","theme-transparent-header-meta":"","adv-header-id-meta":"","stick-header-meta":"","header-above-stick-meta":"","header-main-stick-meta":"","header-below-stick-meta":"","astra-migrate-meta-layouts":"set","ast-page-background-enabled":"default","ast-page-background-meta":{"desktop":{"background-color":"var(--ast-global-color-4)","background-image":"","background-repeat":"repeat","background-position":"center center","background-size":"auto","background-attachment":"scroll","background-type":"","background-media":"","overlay-type":"","overlay-color":"","overlay-opacity":"","overlay-gradient":""},"tablet":{"background-color":"","background-image":"","background-repeat":"repeat","background-position":"center center","background-size":"auto","background-attachment":"scroll","background-type":"","background-media":"","overlay-type":"","overlay-color":"","overlay-opacity":"","overlay-gradient":""},"mobile":{"background-color":"","background-image":"","background-repeat":"repeat","background-position":"center center","background-size":"auto","background-attachment":"scroll","background-type":"","background-media":"","overlay-type":"","overlay-color":"","overlay-opacity":"","overlay-gradient":""}},"ast-content-background-meta":{"desktop":{"background-color":"var(--ast-global-color-5)","background-image":"","background-repeat":"repeat","background-position":"center center","background-size":"auto","background-attachment":"scroll","background-type":"","background-media":"","overlay-type":"","overlay-color":"","overlay-opacity":"","overlay-gradient":""},"tablet":{"background-color":"var(--ast-global-color-5)","background-image":"","background-repeat":"repeat","background-position":"center center","background-size":"auto","background-attachment":"scroll","background-type":"","background-media":"","overlay-type":"","overlay-color":"","overlay-opacity":"","overlay-gradient":""},"mobile":{"background-color":"var(--ast-global-color-5)","background-image":"","background-repeat":"repeat","background-position":"center center","background-size":"auto","background-attachment":"scroll","background-type":"","background-media":"","overlay-type":"","overlay-color":"","overlay-opacity":"","overlay-gradient":""}},"footnotes":""},"class_list":["post-4525","page","type-page","status-publish","hentry"],"post_mailing_queue_ids":[],"_links":{"self":[{"href":"https:\/\/agora.xtec.cat\/iestremp\/wp-json\/wp\/v2\/pages\/4525","targetHints":{"allow":["GET"]}}],"collection":[{"href":"https:\/\/agora.xtec.cat\/iestremp\/wp-json\/wp\/v2\/pages"}],"about":[{"href":"https:\/\/agora.xtec.cat\/iestremp\/wp-json\/wp\/v2\/types\/page"}],"author":[{"embeddable":true,"href":"https:\/\/agora.xtec.cat\/iestremp\/wp-json\/wp\/v2\/users\/1"}],"replies":[{"embeddable":true,"href":"https:\/\/agora.xtec.cat\/iestremp\/wp-json\/wp\/v2\/comments?post=4525"}],"version-history":[{"count":6,"href":"https:\/\/agora.xtec.cat\/iestremp\/wp-json\/wp\/v2\/pages\/4525\/revisions"}],"predecessor-version":[{"id":14179,"href":"https:\/\/agora.xtec.cat\/iestremp\/wp-json\/wp\/v2\/pages\/4525\/revisions\/14179"}],"wp:attachment":[{"href":"https:\/\/agora.xtec.cat\/iestremp\/wp-json\/wp\/v2\/media?parent=4525"}],"curies":[{"name":"wp","href":"https:\/\/api.w.org\/{rel}","templated":true}]}}