{"id":4520,"date":"2023-05-25T13:20:58","date_gmt":"2023-05-25T11:20:58","guid":{"rendered":"https:\/\/agora.xtec.cat\/iestremp\/?page_id=4520"},"modified":"2026-02-25T11:47:33","modified_gmt":"2026-02-25T10:47:33","slug":"preinscripcio-i-matricula-batxillerats","status":"publish","type":"page","link":"https:\/\/agora.xtec.cat\/iestremp\/preinscripcio-i-matricula-batxillerats\/","title":{"rendered":"Preinscripci\u00f3 i matr\u00edcula BATXILLERAT (alumnat nou i amb continu\u00eftat)"},"content":{"rendered":"<p><strong>PREINSCRIPCI\u00d3:<\/strong><\/p>\n<p><span style=\"font-weight: 400;\">Tot l&#8217;alumnat nou al centre i l&#8217;alumnat del centre que vol cursar 1r de Batxillerat d\u2019Arts, ha de fer la <a href=\"https:\/\/educacio.gencat.cat\/ca\/tramits\/tramits-temes\/9388-batxillerat?moda=1\">preinscripci\u00f3 telem\u00e0tica<\/a><\/span><\/p>\n<p>L&#8217;alumnat del centre que vol cursar les modalitats de Batxillerat &#8220;Ci\u00e8ncies i tecnologia&#8221; i &#8220;Humanitats i ci\u00e8ncies socials&#8221; no ha de fer la preinscripci\u00f3 telem\u00e0tica. Podr\u00e0 confirmar la preinscripci\u00f3 amb el full de continu\u00eftat que els donar\u00e0 el tutor\/a.<\/p>\n<p><strong>MATR\u00cdCULA:<\/strong><\/p>\n<p>Tota la documentaci\u00f3 s\u2019ha d\u2019enviar escanejada al correu del centre: <a href=\"mailto:c5006288@xtec.cat\">c5006288@xtec.cat<\/a> \u00a0 <i>Rebreu justificant de recepci\u00f3<\/i><\/p>\n<h4><strong>ALUMNAT PROVINENT D&#8217;UN ALTRE CENTRE: <\/strong><strong>Documentaci\u00f3 a enviar:<\/strong><\/h4>\n<p><em><b>Tot l\u2019alumnat nou al centre <\/b><span style=\"font-weight: 400;\">que vulgui cursar qualsevol modalitat i curs ha de trametre la seg\u00fcent documentaci\u00f3 en per\u00edode de matr\u00edcula.\u00a0<\/span><\/em><\/p>\n<ol>\n<li><span style=\"font-weight: 400;\">Fotoc\u00f2pia del DNI, passaport o altre document d\u2019identitat de l\u2019alumne.<\/span><\/li>\n<li><span style=\"font-weight: 400;\">Fotoc\u00f2pia del DNI, passaport o altra documentaci\u00f3 d\u2019identitat dels pares o tutors legals (menors d\u2019edat).<\/span><\/li>\n<li><span style=\"font-weight: 400;\">Fotoc\u00f2pia del Llibre de Fam\u00edlia (menors d\u2019edat).<\/span><\/li>\n<li><span style=\"font-weight: 400;\">Fotoc\u00f2pia Targeta Sanit\u00e0ria Individual (TIS).<\/span><\/li>\n<li><span style=\"font-weight: 400;\">Fotoc\u00f2pia del t\u00edtol que permet l\u2019acc\u00e9s al Batxillerat (ESO, CFGM, etc.)<\/span><\/li>\n<li><span style=\"font-weight: 400;\">Full de transport<\/span><span style=\"font-weight: 400;\"> del Consell comarcal, <\/span><span style=\"font-weight: 400;\">domiciliaci\u00f3 banc\u00e0ria<\/span><span style=\"font-weight: 400;\"> si \u00e9s el cas. Preu 1,5 \u20ac \/ dia.<\/span><\/li>\n<li><span style=\"font-weight: 400;\">Pagament <\/span><span style=\"font-weight: 400;\">Asseguran\u00e7a escolar<\/span><span style=\"font-weight: 400;\"> (fins a 28 anys).<\/span><\/li>\n<li><span style=\"font-weight: 400;\">Quota soci de l\u2019AFA i participaci\u00f3 en el banc de llibres <\/span><span style=\"font-weight: 400;\">1r Batxillerat<\/span><span style=\"font-weight: 400;\"> \/\u00a0<\/span><span style=\"font-weight: 400;\">2n Batxillerat.ARS<\/span> \u00a0<\/li>\n<li><span style=\"font-weight: 400;\">Full de tria<\/span><\/li>\n<\/ol>\n<ul>\n<li style=\"list-style-type: none;\">\n<ul>\n<li style=\"font-weight: 400;\" aria-level=\"1\"><span style=\"font-weight: 400;\">1r Batxillerat<\/span> &#8211; <span style=\"font-weight: 400;\">Formulari <\/span><b>1r Batxillerat<\/b> (data l\u00edmit 5 de maig)<\/li>\n<li style=\"font-weight: 400;\" aria-level=\"1\"><span style=\"font-weight: 400;\">2n Batxillerat <\/span>&#8211; <span style=\"font-weight: 400;\">Formulari <\/span><b>2n Batxillerat<\/b> (data l\u00edmit 5 de maig)<\/li>\n<\/ul>\n<\/li>\n<\/ul>\n<p><strong>Llistat de llibres de Batxillerat<\/strong><\/p>\n<h4><b>ALUMNAT DEL CENTRE: <\/b><b>Documentaci\u00f3 a enviar<\/b><\/h4>\n<ol>\n<li style=\"list-style-type: none;\">\n<ol>\n<li style=\"list-style-type: none;\">\n<ol>\n<li><span style=\"font-weight: 400;\">Full de transport<\/span><span style=\"font-weight: 400;\"> del Consell comarcal, <\/span><span style=\"font-weight: 400;\">domiciliaci\u00f3 banc\u00e0ria<\/span><span style=\"font-weight: 400;\"> si \u00e9s el cas. Preu 1,5 \u20ac \/ dia.<\/span><\/li>\n<li style=\"font-weight: 400;\" aria-level=\"1\"><span style=\"font-weight: 400;\">Pagament <\/span><span style=\"font-weight: 400;\">Asseguran\u00e7a escolar<\/span><span style=\"font-weight: 400;\"> (fins a 28 anys).<\/span><\/li>\n<li style=\"font-weight: 400;\" aria-level=\"1\"><span style=\"font-weight: 400;\">Quota soci de l\u2019AFA i participaci\u00f3 en el banc de llibres<\/span> <span style=\"font-weight: 400;\">1r Batxillerat<\/span><span style=\"font-weight: 400;\"> \/\u00a0<\/span><span style=\"font-weight: 400;\">2n Batxillerat<\/span><span style=\"font-weight: 400;\">.<\/span><\/li>\n<li style=\"font-weight: 400;\" aria-level=\"1\"><span style=\"font-weight: 400;\">Full de tria <\/span>\n<ul>\n<li style=\"font-weight: 400;\" aria-level=\"1\"><span style=\"font-weight: 400;\">1r Batxillerat<\/span> &#8211;\u00a0<span style=\"font-weight: 400;\">Formulari <\/span><b>1r Batxillerat\u00a0<\/b>(data l\u00edmit 5 de maig)<\/li>\n<li style=\"font-weight: 400;\" aria-level=\"1\"><span style=\"font-weight: 400;\">2n Batxillerat\u00a0 \u00a0<\/span>&#8211; <span style=\"font-weight: 400;\">Formulari <\/span><b>2n Batxillerat<\/b> (data l\u00edmit 5 de maig)<\/li>\n<\/ul>\n<\/li>\n<\/ol>\n<\/li>\n<\/ol>\n<\/li>\n<\/ol>\n<p><strong>Llistat de llibres de Batxillerat<\/strong><\/p>\n<p><span style=\"font-weight: 400;\">Tota la <\/span><span style=\"font-weight: 400;\">Documentaci\u00f3 Batxillerat:<\/span><\/p>\n<table>\n<tbody>\n<tr>\n<td><a href=\"https:\/\/preinscripcio.gencat.cat\/ca\/estudis\/batxillerat\/inici\/\"><span style=\"font-weight: 400;\">Acc\u00e9s a formulari preinscripci\u00f3 telem\u00e0tica<\/span><\/a><\/td>\n<td><a href=\"https:\/\/triaeducativa.gencat.cat\/ca\/batxillerat\/\"><span style=\"font-weight: 400;\">M\u00e9s informaci\u00f3 Batxillerat<\/span><\/a><\/td>\n<td><span style=\"font-weight: 400;\">Presentaci\u00f3 Jornada portes obertes<\/span><\/td>\n<\/tr>\n<tr>\n<td><span style=\"font-weight: 400;\">Full de tria de mat\u00e8ries de 1r de Batxillerat <\/span><span style=\"font-weight: 400;\">Formulari <\/span><b>1r Batxillerat<\/b>(data l\u00edmit 5 de maig)<\/td>\n<td><span style=\"font-weight: 400;\">Full de transport del Consell Comarcal<\/span><span style=\"font-weight: 400;\"> \u00a0<\/span><span style=\"font-weight: 400;\">Transport domiciliaci\u00f3 banc\u00e0ria<\/span><a href=\"https:\/\/agora.xtec.cat\/iestremp\/wp-content\/uploads\/usu1880\/2024\/05\/domiciliacio-bancaria-Postobligatoris.pdf\" target=\"_blank\" rel=\"noopener\"><span style=\"font-weight: 400;\">.<\/span><\/a><span style=\"font-weight: 400;\">Asseguran\u00e7a escolar obligat\u00f2ria<\/span><\/td>\n<td><span style=\"font-weight: 400;\">AFA: Quota soci i participaci\u00f3 en el banc de llibres\u00a0 <\/span><span style=\"font-weight: 400;\">1r Batxillerat<\/span>&#8211;<span style=\"font-weight: 400;\">2n Batxillerat.<\/span><\/td>\n<\/tr>\n<tr>\n<td><span style=\"font-weight: 400;\">Full de tria de mat\u00e8ries de 2n Batxillerat<\/span><span style=\"font-weight: 400;\">Formulari <\/span><b>2n Batxillerat\u00a0<\/b>(data l\u00edmit 5 de maig)<\/td>\n<td><span style=\"font-weight: 400;\">Asseguran\u00e7a escolar obligat\u00f2ria<\/span><\/td>\n<td><strong>*Llistat de llibres de Batxillerat<\/strong><\/td>\n<\/tr>\n<\/tbody>\n<\/table>\n\n\n<p><\/p>\n","protected":false},"excerpt":{"rendered":"<p>PREINSCRIPCI\u00d3: Tot l&#8217;alumnat nou al centre i l&#8217;alumnat del centre que vol cursar 1r de Batxillerat d\u2019Arts, ha de fer la preinscripci\u00f3 telem\u00e0tica L&#8217;alumnat del centre que vol cursar les modalitats de Batxillerat &#8220;Ci\u00e8ncies i tecnologia&#8221; i &#8220;Humanitats i ci\u00e8ncies socials&#8221; no ha de fer la preinscripci\u00f3 telem\u00e0tica. Podr\u00e0 confirmar la preinscripci\u00f3 amb el full [&hellip;]<\/p>\n","protected":false},"author":1,"featured_media":0,"parent":0,"menu_order":0,"comment_status":"closed","ping_status":"closed","template":"","meta":{"_bbp_topic_count":0,"_bbp_reply_count":0,"_bbp_total_topic_count":0,"_bbp_total_reply_count":0,"_bbp_voice_count":0,"_bbp_anonymous_reply_count":0,"_bbp_topic_count_hidden":0,"_bbp_reply_count_hidden":0,"_bbp_forum_subforum_count":0,"site-sidebar-layout":"default","site-content-layout":"","ast-site-content-layout":"default","site-content-style":"default","site-sidebar-style":"default","ast-global-header-display":"","ast-banner-title-visibility":"","ast-main-header-display":"","ast-hfb-above-header-display":"","ast-hfb-below-header-display":"","ast-hfb-mobile-header-display":"","site-post-title":"","ast-breadcrumbs-content":"","ast-featured-img":"","footer-sml-layout":"","theme-transparent-header-meta":"","adv-header-id-meta":"","stick-header-meta":"","header-above-stick-meta":"","header-main-stick-meta":"","header-below-stick-meta":"","astra-migrate-meta-layouts":"set","ast-page-background-enabled":"default","ast-page-background-meta":{"desktop":{"background-color":"var(--ast-global-color-4)","background-image":"","background-repeat":"repeat","background-position":"center center","background-size":"auto","background-attachment":"scroll","background-type":"","background-media":"","overlay-type":"","overlay-color":"","overlay-opacity":"","overlay-gradient":""},"tablet":{"background-color":"","background-image":"","background-repeat":"repeat","background-position":"center center","background-size":"auto","background-attachment":"scroll","background-type":"","background-media":"","overlay-type":"","overlay-color":"","overlay-opacity":"","overlay-gradient":""},"mobile":{"background-color":"","background-image":"","background-repeat":"repeat","background-position":"center center","background-size":"auto","background-attachment":"scroll","background-type":"","background-media":"","overlay-type":"","overlay-color":"","overlay-opacity":"","overlay-gradient":""}},"ast-content-background-meta":{"desktop":{"background-color":"var(--ast-global-color-5)","background-image":"","background-repeat":"repeat","background-position":"center center","background-size":"auto","background-attachment":"scroll","background-type":"","background-media":"","overlay-type":"","overlay-color":"","overlay-opacity":"","overlay-gradient":""},"tablet":{"background-color":"var(--ast-global-color-5)","background-image":"","background-repeat":"repeat","background-position":"center center","background-size":"auto","background-attachment":"scroll","background-type":"","background-media":"","overlay-type":"","overlay-color":"","overlay-opacity":"","overlay-gradient":""},"mobile":{"background-color":"var(--ast-global-color-5)","background-image":"","background-repeat":"repeat","background-position":"center center","background-size":"auto","background-attachment":"scroll","background-type":"","background-media":"","overlay-type":"","overlay-color":"","overlay-opacity":"","overlay-gradient":""}},"footnotes":""},"class_list":["post-4520","page","type-page","status-publish","hentry"],"post_mailing_queue_ids":[],"_links":{"self":[{"href":"https:\/\/agora.xtec.cat\/iestremp\/wp-json\/wp\/v2\/pages\/4520","targetHints":{"allow":["GET"]}}],"collection":[{"href":"https:\/\/agora.xtec.cat\/iestremp\/wp-json\/wp\/v2\/pages"}],"about":[{"href":"https:\/\/agora.xtec.cat\/iestremp\/wp-json\/wp\/v2\/types\/page"}],"author":[{"embeddable":true,"href":"https:\/\/agora.xtec.cat\/iestremp\/wp-json\/wp\/v2\/users\/1"}],"replies":[{"embeddable":true,"href":"https:\/\/agora.xtec.cat\/iestremp\/wp-json\/wp\/v2\/comments?post=4520"}],"version-history":[{"count":5,"href":"https:\/\/agora.xtec.cat\/iestremp\/wp-json\/wp\/v2\/pages\/4520\/revisions"}],"predecessor-version":[{"id":14178,"href":"https:\/\/agora.xtec.cat\/iestremp\/wp-json\/wp\/v2\/pages\/4520\/revisions\/14178"}],"wp:attachment":[{"href":"https:\/\/agora.xtec.cat\/iestremp\/wp-json\/wp\/v2\/media?parent=4520"}],"curies":[{"name":"wp","href":"https:\/\/api.w.org\/{rel}","templated":true}]}}