{"id":4379,"date":"2023-03-30T12:16:53","date_gmt":"2023-03-30T10:16:53","guid":{"rendered":"https:\/\/agora.xtec.cat\/iestremp\/?page_id=4379"},"modified":"2025-06-20T10:09:11","modified_gmt":"2025-06-20T08:09:11","slug":"titols-tecnic-en-cures-auxiliars-infermeria-i-tecnic-en-atencio-a-persones-en-situacio-dependencia","status":"publish","type":"page","link":"https:\/\/agora.xtec.cat\/iestremp\/estudis\/cicles-formatius\/familia-de-sanitat\/titols-tecnic-en-cures-auxiliars-infermeria-i-tecnic-en-atencio-a-persones-en-situacio-dependencia\/","title":{"rendered":"T\u00cdTOLS T\u00c8CNIC EN CURES AUXILIARS INFERMERIA I <br>T\u00c8CNIC EN  ATENCI\u00d3 A PERSONES EN SITUACI\u00d3 DEPEND\u00c8NCIA"},"content":{"rendered":"\n<p>&nbsp;<\/p>\n\n\n\n<p>NOVETAT: CICLE DE DEPEND\u00c8NCIA EN FORMACI\u00d3 DUAL<\/p>\n\n\n\n<h3 class=\"wp-block-heading\">&nbsp;<\/h3>\n\n\n\n<div class=\"wp-block-group is-nowrap is-layout-flex wp-container-core-group-is-layout-1 wp-block-group-is-layout-flex\">\n<h3 class=\"wp-block-heading\">PREINSCRIPCI\u00d3 i MATR\u00cdCULA<\/h3>\n<\/div>\n\n\n\n<div class=\"wp-block-group alignwide has-background is-vertical is-content-justification-left is-layout-flex wp-container-core-group-is-layout-2 wp-block-group-is-layout-flex\" style=\"background-color:#ffffff00;background-image:url(&#039;https:\/\/agora.xtec.cat\/iestremp\/wp-content\/uploads\/usu1880\/2023\/03\/CFGM.DEPENDENCIA.png&#039;);background-size:cover;\">\n<figure class=\"wp-block-embed is-type-wp-embed is-provider-institut-de-tremp wp-block-embed-institut-de-tremp\" style=\"margin-top:0;margin-right:0;margin-bottom:0;margin-left:0\"><div class=\"wp-block-embed__wrapper\">\n<blockquote class=\"wp-embedded-content\" data-secret=\"fq1G9bEefh\"><a href=\"https:\/\/agora.xtec.cat\/iestremp\/general\/preinscripcions-i-matricules-2025-2026\/\">Preinscripcions i matr\u00edcules 2025\/2026<\/a><\/blockquote><iframe loading=\"lazy\" class=\"wp-embedded-content\" sandbox=\"allow-scripts\" security=\"restricted\" style=\"position: absolute; visibility: hidden;\" title=\"&#8220;Preinscripcions i matr\u00edcules 2025\/2026&#8221; &#8212; Institut de Tremp\" src=\"https:\/\/agora.xtec.cat\/iestremp\/general\/preinscripcions-i-matricules-2025-2026\/embed\/#?secret=XeFc7NQ0ss#?secret=fq1G9bEefh\" data-secret=\"fq1G9bEefh\" width=\"500\" height=\"282\" frameborder=\"0\" marginwidth=\"0\" marginheight=\"0\" scrolling=\"no\"><\/iframe>\n<\/div><\/figure>\n<\/div>\n\n\n\n<h3 class=\"wp-block-heading\">&nbsp;<\/h3>\n\n\n\n<p><\/p>\n\n\n\n<h3 class=\"wp-block-heading\">CONDICIONS D&#8217;ACC\u00c9S<\/h3>\n\n\n\n<ul class=\"wp-block-list\">\n<li>T\u00edtol de Graduat en ESO<\/li>\n\n\n\n<li>T\u00edtol de F.P. de Primer Grau<\/li>\n\n\n\n<li>T\u00edtol de t\u00e8cnic<\/li>\n\n\n\n<li>Segon Curs de BUP<\/li>\n\n\n\n<li>Haver superat el curs espec\u00edfic CFGM<\/li>\n\n\n\n<li>Haver superat la prova d\u2019 acc\u00e9s a la universitat per a majors de 25 anys<\/li>\n\n\n\n<li>Haver superat la prova d\u2019acc\u00e9s a CFGM<\/li>\n<\/ul>\n\n\n\n<h3 class=\"wp-block-heading\">PLA DE FORMACI\u00d3<\/h3>\n\n\n\n<p>Distribu\u00eft en 2 cursos:<\/p>\n\n\n\n<ul class=\"wp-block-list\">\n<li>L&#8217;\u00e9sser hum\u00e0 davant la malaltia<\/li>\n\n\n\n<li>Cures b\u00e0siques d&#8217;infermeria<\/li>\n\n\n\n<li>Organitzaci\u00f3 de l&#8217;atenci\u00f3 a les persones en situaci\u00f3 de depend\u00e8ncia<\/li>\n\n\n\n<li>Atenci\u00f3 i suport psicosocial<\/li>\n\n\n\n<li>Higiene del medi hospitalari i neteja del material<\/li>\n\n\n\n<li>Atenci\u00f3 i suport psicosocial<\/li>\n\n\n\n<li>Primers auxilis<\/li>\n\n\n\n<li>Destreses socials<\/li>\n\n\n\n<li>T\u00e8cniques d&#8217;ajuda odontol\u00f2gica\/estomatol\u00f2gica<\/li>\n\n\n\n<li>Formaci\u00f3 pr\u00e0ctica en centres de treball<\/li>\n\n\n\n<li>M\u00f2duls transversals<\/li>\n<\/ul>\n\n\n\n<p>Existeix la possibilitat de cursar els CFGM per separat<\/p>\n\n\n\n<h3 class=\"wp-block-heading\">HORARI LECTIU<\/h3>\n\n\n\n<div class=\"wp-block-columns is-layout-flex wp-container-core-columns-is-layout-1 wp-block-columns-is-layout-flex\">\n<div class=\"wp-block-column is-layout-flow wp-block-column-is-layout-flow\" style=\"flex-basis:100%\">\n<figure class=\"wp-block-image size-full\"><img loading=\"lazy\" decoding=\"async\" width=\"1120\" height=\"630\" src=\"https:\/\/agora.xtec.cat\/iestremp\/wp-content\/uploads\/usu1880\/2023\/03\/CFGM.CAI_.png\" alt=\"\" class=\"wp-image-4388\" srcset=\"https:\/\/agora.xtec.cat\/iestremp\/wp-content\/uploads\/usu1880\/2023\/03\/CFGM.CAI_.png 1120w, https:\/\/agora.xtec.cat\/iestremp\/wp-content\/uploads\/usu1880\/2023\/03\/CFGM.CAI_-300x169.png 300w, https:\/\/agora.xtec.cat\/iestremp\/wp-content\/uploads\/usu1880\/2023\/03\/CFGM.CAI_-1024x576.png 1024w, https:\/\/agora.xtec.cat\/iestremp\/wp-content\/uploads\/usu1880\/2023\/03\/CFGM.CAI_-768x432.png 768w\" sizes=\"auto, (max-width: 1120px) 100vw, 1120px\" \/><\/figure>\n<\/div>\n<\/div>\n\n\n\n<p>Al mat\u00ed de 8:45 a 15:15h<\/p>\n\n\n\n<h3 class=\"wp-block-heading\">SORTIDES ACAD\u00c8MIQUES i PROFESSIONALS<\/h3>\n\n\n\n<ol class=\"wp-block-list\">\n<li>Batxillerat<\/li>\n\n\n\n<li>A qualsevol C. Formatiu Grau Superior<\/li>\n\n\n\n<li>Al m\u00f3n laboral com a:\n<ul class=\"wp-block-list\">\n<li>T\u00c8CNIC EN CURES AUXILIARS INFERMERIA<\/li>\n\n\n\n<li>T\u00c8CNIC EN ATENCI\u00d3 A PERSONES EN SITUACI\u00d3 DEPEND\u00c8NCIA<\/li>\n<\/ul>\n<\/li>\n<\/ol>\n\n\n\n<p>Descarrega el <a href=\"https:\/\/agora.xtec.cat\/iestremp\/wp-content\/uploads\/usu1880\/2024\/04\/CAI_i_APSD-CFGM.pdf\" target=\"_blank\" rel=\"noopener\">Full informatiu.<\/a><br>Descarrega el <a href=\"\/\/agora.xtec.cat\/iestremp\/wp-content\/uploads\/usu1880\/2023\/05\/Dossier-Alumne-CFGM-APSD-i-CAI.pdf\" target=\"_blank\" rel=\"noopener\">Dossier de l&#8217;alumne.<\/a><\/p>\n\n\n\n<p><\/p>\n","protected":false},"excerpt":{"rendered":"<p>&nbsp; NOVETAT: CICLE DE DEPEND\u00c8NCIA EN FORMACI\u00d3 DUAL &nbsp; PREINSCRIPCI\u00d3 i MATR\u00cdCULA &nbsp; CONDICIONS D&#8217;ACC\u00c9S PLA DE FORMACI\u00d3 Distribu\u00eft en 2 cursos: Existeix la possibilitat de cursar els CFGM per separat HORARI LECTIU Al mat\u00ed de 8:45 a 15:15h SORTIDES ACAD\u00c8MIQUES i PROFESSIONALS Descarrega el Full informatiu.Descarrega el Dossier de l&#8217;alumne.<\/p>\n","protected":false},"author":4,"featured_media":0,"parent":562,"menu_order":0,"comment_status":"closed","ping_status":"closed","template":"","meta":{"_bbp_topic_count":0,"_bbp_reply_count":0,"_bbp_total_topic_count":0,"_bbp_total_reply_count":0,"_bbp_voice_count":0,"_bbp_anonymous_reply_count":0,"_bbp_topic_count_hidden":0,"_bbp_reply_count_hidden":0,"_bbp_forum_subforum_count":0,"site-sidebar-layout":"default","site-content-layout":"","ast-site-content-layout":"default","site-content-style":"default","site-sidebar-style":"default","ast-global-header-display":"","ast-banner-title-visibility":"","ast-main-header-display":"","ast-hfb-above-header-display":"","ast-hfb-below-header-display":"","ast-hfb-mobile-header-display":"","site-post-title":"","ast-breadcrumbs-content":"","ast-featured-img":"","footer-sml-layout":"","theme-transparent-header-meta":"","adv-header-id-meta":"","stick-header-meta":"","header-above-stick-meta":"","header-main-stick-meta":"","header-below-stick-meta":"","astra-migrate-meta-layouts":"set","ast-page-background-enabled":"default","ast-page-background-meta":{"desktop":{"background-color":"var(--ast-global-color-4)","background-image":"","background-repeat":"repeat","background-position":"center center","background-size":"auto","background-attachment":"scroll","background-type":"","background-media":"","overlay-type":"","overlay-color":"","overlay-opacity":"","overlay-gradient":""},"tablet":{"background-color":"","background-image":"","background-repeat":"repeat","background-position":"center center","background-size":"auto","background-attachment":"scroll","background-type":"","background-media":"","overlay-type":"","overlay-color":"","overlay-opacity":"","overlay-gradient":""},"mobile":{"background-color":"","background-image":"","background-repeat":"repeat","background-position":"center center","background-size":"auto","background-attachment":"scroll","background-type":"","background-media":"","overlay-type":"","overlay-color":"","overlay-opacity":"","overlay-gradient":""}},"ast-content-background-meta":{"desktop":{"background-color":"var(--ast-global-color-5)","background-image":"","background-repeat":"repeat","background-position":"center center","background-size":"auto","background-attachment":"scroll","background-type":"","background-media":"","overlay-type":"","overlay-color":"","overlay-opacity":"","overlay-gradient":""},"tablet":{"background-color":"var(--ast-global-color-5)","background-image":"","background-repeat":"repeat","background-position":"center center","background-size":"auto","background-attachment":"scroll","background-type":"","background-media":"","overlay-type":"","overlay-color":"","overlay-opacity":"","overlay-gradient":""},"mobile":{"background-color":"var(--ast-global-color-5)","background-image":"","background-repeat":"repeat","background-position":"center center","background-size":"auto","background-attachment":"scroll","background-type":"","background-media":"","overlay-type":"","overlay-color":"","overlay-opacity":"","overlay-gradient":""}},"footnotes":""},"class_list":["post-4379","page","type-page","status-publish","hentry"],"post_mailing_queue_ids":[],"_links":{"self":[{"href":"https:\/\/agora.xtec.cat\/iestremp\/wp-json\/wp\/v2\/pages\/4379","targetHints":{"allow":["GET"]}}],"collection":[{"href":"https:\/\/agora.xtec.cat\/iestremp\/wp-json\/wp\/v2\/pages"}],"about":[{"href":"https:\/\/agora.xtec.cat\/iestremp\/wp-json\/wp\/v2\/types\/page"}],"author":[{"embeddable":true,"href":"https:\/\/agora.xtec.cat\/iestremp\/wp-json\/wp\/v2\/users\/4"}],"replies":[{"embeddable":true,"href":"https:\/\/agora.xtec.cat\/iestremp\/wp-json\/wp\/v2\/comments?post=4379"}],"version-history":[{"count":5,"href":"https:\/\/agora.xtec.cat\/iestremp\/wp-json\/wp\/v2\/pages\/4379\/revisions"}],"predecessor-version":[{"id":14028,"href":"https:\/\/agora.xtec.cat\/iestremp\/wp-json\/wp\/v2\/pages\/4379\/revisions\/14028"}],"up":[{"embeddable":true,"href":"https:\/\/agora.xtec.cat\/iestremp\/wp-json\/wp\/v2\/pages\/562"}],"wp:attachment":[{"href":"https:\/\/agora.xtec.cat\/iestremp\/wp-json\/wp\/v2\/media?parent=4379"}],"curies":[{"name":"wp","href":"https:\/\/api.w.org\/{rel}","templated":true}]}}