{"id":3990,"date":"2022-12-21T09:09:24","date_gmt":"2022-12-21T08:09:24","guid":{"rendered":"https:\/\/agora.xtec.cat\/iestremp\/?page_id=3990"},"modified":"2026-03-26T09:48:28","modified_gmt":"2026-03-26T08:48:28","slug":"documents-centre","status":"publish","type":"page","link":"https:\/\/agora.xtec.cat\/iestremp\/linstitut\/documents-centre\/","title":{"rendered":"Documents centre"},"content":{"rendered":"<ul>\n<li><a href=\"https:\/\/drive.google.com\/file\/d\/1B7aWfZKjH1RtIegOmEoYh9Yx3EANQZag\/view?usp=sharing\">Projecte Educatiu de Centre PEC<\/a><\/li>\n<li><a href=\"https:\/\/drive.google.com\/file\/d\/1tETuFyng1hyZ-8ot95ReHtWfO_rZ_7kU\/view?usp=sharing\">Normes\u00a0 d\u2019Organitzaci\u00f3 i Funcionament de Centre (NOFC)<\/a><\/li>\n<li><a href=\"https:\/\/drive.google.com\/file\/d\/156KlAJ7rbKxY1GaS3xdZrGtlnhvO5VTY\/view?usp=sharing\">Carta de comprom\u00eds educatiu<\/a><\/li>\n<li><a href=\"https:\/\/drive.google.com\/file\/d\/1Q6_vCoxfaTTBofu1_E-elzqe2R8iq5gg\/view?usp=sharing\">Pla d&#8217;Acci\u00f3 Tutorial de Formaci\u00f3 Professional (PAT)<\/a><\/li>\n<li><a href=\"https:\/\/drive.google.com\/file\/d\/1XeYrwAJXm8GMnUXrM9xyy-39D16DulLf\/view?usp=sharing\">Pla d&#8217;emerg\u00e8ncia<\/a><\/li>\n<\/ul>\n\n\n<p><\/p>\n","protected":false},"excerpt":{"rendered":"<p>Projecte Educatiu de Centre PEC Normes\u00a0 d\u2019Organitzaci\u00f3 i Funcionament de Centre (NOFC) Carta de comprom\u00eds educatiu Pla d&#8217;Acci\u00f3 Tutorial de Formaci\u00f3 Professional (PAT) Pla d&#8217;emerg\u00e8ncia<\/p>\n","protected":false},"author":4,"featured_media":0,"parent":19,"menu_order":6,"comment_status":"closed","ping_status":"closed","template":"","meta":{"_bbp_topic_count":0,"_bbp_reply_count":0,"_bbp_total_topic_count":0,"_bbp_total_reply_count":0,"_bbp_voice_count":0,"_bbp_anonymous_reply_count":0,"_bbp_topic_count_hidden":0,"_bbp_reply_count_hidden":0,"_bbp_forum_subforum_count":0,"site-sidebar-layout":"default","site-content-layout":"","ast-site-content-layout":"default","site-content-style":"default","site-sidebar-style":"default","ast-global-header-display":"","ast-banner-title-visibility":"","ast-main-header-display":"","ast-hfb-above-header-display":"","ast-hfb-below-header-display":"","ast-hfb-mobile-header-display":"","site-post-title":"","ast-breadcrumbs-content":"","ast-featured-img":"","footer-sml-layout":"","theme-transparent-header-meta":"","adv-header-id-meta":"","stick-header-meta":"","header-above-stick-meta":"","header-main-stick-meta":"","header-below-stick-meta":"","astra-migrate-meta-layouts":"set","ast-page-background-enabled":"default","ast-page-background-meta":{"desktop":{"background-color":"var(--ast-global-color-4)","background-image":"","background-repeat":"repeat","background-position":"center center","background-size":"auto","background-attachment":"scroll","background-type":"","background-media":"","overlay-type":"","overlay-color":"","overlay-opacity":"","overlay-gradient":""},"tablet":{"background-color":"","background-image":"","background-repeat":"repeat","background-position":"center center","background-size":"auto","background-attachment":"scroll","background-type":"","background-media":"","overlay-type":"","overlay-color":"","overlay-opacity":"","overlay-gradient":""},"mobile":{"background-color":"","background-image":"","background-repeat":"repeat","background-position":"center center","background-size":"auto","background-attachment":"scroll","background-type":"","background-media":"","overlay-type":"","overlay-color":"","overlay-opacity":"","overlay-gradient":""}},"ast-content-background-meta":{"desktop":{"background-color":"var(--ast-global-color-5)","background-image":"","background-repeat":"repeat","background-position":"center center","background-size":"auto","background-attachment":"scroll","background-type":"","background-media":"","overlay-type":"","overlay-color":"","overlay-opacity":"","overlay-gradient":""},"tablet":{"background-color":"var(--ast-global-color-5)","background-image":"","background-repeat":"repeat","background-position":"center center","background-size":"auto","background-attachment":"scroll","background-type":"","background-media":"","overlay-type":"","overlay-color":"","overlay-opacity":"","overlay-gradient":""},"mobile":{"background-color":"var(--ast-global-color-5)","background-image":"","background-repeat":"repeat","background-position":"center center","background-size":"auto","background-attachment":"scroll","background-type":"","background-media":"","overlay-type":"","overlay-color":"","overlay-opacity":"","overlay-gradient":""}},"footnotes":""},"class_list":["post-3990","page","type-page","status-publish","hentry"],"post_mailing_queue_ids":[],"_links":{"self":[{"href":"https:\/\/agora.xtec.cat\/iestremp\/wp-json\/wp\/v2\/pages\/3990","targetHints":{"allow":["GET"]}}],"collection":[{"href":"https:\/\/agora.xtec.cat\/iestremp\/wp-json\/wp\/v2\/pages"}],"about":[{"href":"https:\/\/agora.xtec.cat\/iestremp\/wp-json\/wp\/v2\/types\/page"}],"author":[{"embeddable":true,"href":"https:\/\/agora.xtec.cat\/iestremp\/wp-json\/wp\/v2\/users\/4"}],"replies":[{"embeddable":true,"href":"https:\/\/agora.xtec.cat\/iestremp\/wp-json\/wp\/v2\/comments?post=3990"}],"version-history":[{"count":6,"href":"https:\/\/agora.xtec.cat\/iestremp\/wp-json\/wp\/v2\/pages\/3990\/revisions"}],"predecessor-version":[{"id":14201,"href":"https:\/\/agora.xtec.cat\/iestremp\/wp-json\/wp\/v2\/pages\/3990\/revisions\/14201"}],"up":[{"embeddable":true,"href":"https:\/\/agora.xtec.cat\/iestremp\/wp-json\/wp\/v2\/pages\/19"}],"wp:attachment":[{"href":"https:\/\/agora.xtec.cat\/iestremp\/wp-json\/wp\/v2\/media?parent=3990"}],"curies":[{"name":"wp","href":"https:\/\/api.w.org\/{rel}","templated":true}]}}