{"id":3948,"date":"2022-12-20T13:29:50","date_gmt":"2022-12-20T12:29:50","guid":{"rendered":"https:\/\/agora.xtec.cat\/iestremp\/?page_id=3948"},"modified":"2025-06-13T10:10:50","modified_gmt":"2025-06-13T08:10:50","slug":"secretaria","status":"publish","type":"page","link":"https:\/\/agora.xtec.cat\/iestremp\/serveis\/secretaria\/","title":{"rendered":"Secretaria"},"content":{"rendered":"\n<div class=\"wp-block-media-text has-media-on-the-right is-stacked-on-mobile is-vertically-aligned-top\" style=\"grid-template-columns:auto 41%\"><div class=\"wp-block-media-text__content\">\n<h3 class=\"wp-block-heading\">Horari Secretaria<\/h3>\n\n\n\n<p>Mat\u00ed: de dilluns a dijous de 09:00h a 14:00h i divendres de 9:00 a 15:00h<br>Tarda: de dilluns a dijous de 15:00 a 19:00h<\/p>\n\n\n\n<p>Juny, Juliol i Setembre: de 9:00h a 14:00h<\/p>\n\n\n\n<p>Del 21 de juliol al 27 d&#8217;agost: tancat<\/p>\n\n\n\n<p>Atenci\u00f3 telef\u00f2nica del 21 al 31 de juliol al n\u00famero: 619 225 242<\/p>\n<\/div><figure class=\"wp-block-media-text__media\"><img loading=\"lazy\" decoding=\"async\" width=\"819\" height=\"1024\" src=\"https:\/\/agora.xtec.cat\/iestremp\/wp-content\/uploads\/usu1880\/2025\/06\/Secretaria-1-819x1024.jpg\" alt=\"\" class=\"wp-image-13961 size-full\" srcset=\"https:\/\/agora.xtec.cat\/iestremp\/wp-content\/uploads\/usu1880\/2025\/06\/Secretaria-1-819x1024.jpg 819w, https:\/\/agora.xtec.cat\/iestremp\/wp-content\/uploads\/usu1880\/2025\/06\/Secretaria-1-240x300.jpg 240w, https:\/\/agora.xtec.cat\/iestremp\/wp-content\/uploads\/usu1880\/2025\/06\/Secretaria-1-768x960.jpg 768w, https:\/\/agora.xtec.cat\/iestremp\/wp-content\/uploads\/usu1880\/2025\/06\/Secretaria-1-1229x1536.jpg 1229w, https:\/\/agora.xtec.cat\/iestremp\/wp-content\/uploads\/usu1880\/2025\/06\/Secretaria-1-1638x2048.jpg 1638w, https:\/\/agora.xtec.cat\/iestremp\/wp-content\/uploads\/usu1880\/2025\/06\/Secretaria-1-scaled.jpg 2048w\" sizes=\"auto, (max-width: 819px) 100vw, 819px\" \/><\/figure><\/div>\n\n\n\n<h2 class=\"wp-block-heading\">Pagaments<\/h2>\n\n\n\n<p>Per informaci\u00f3 sobre com efectuar pagaments de les sortides, asseguran\u00e7a escolar obligat\u00f2ria i altres activitats del centre visiteu aquestes p\u00e0gines:<\/p>\n\n\n\n<div class=\"wp-block-buttons is-layout-flex wp-block-buttons-is-layout-flex\">\n<div class=\"wp-block-button has-custom-width wp-block-button__width-50 has-custom-font-size is-style-fill has-medium-font-size\"><a class=\"wp-block-button__link has-text-align-center wp-element-button\" href=\"https:\/\/agora.xtec.cat\/iestremp\/serveis\/secretaria\/pagaments\/\"><strong>Pagaments<\/strong><\/a><\/div>\n\n\n\n<div class=\"wp-block-button has-custom-width wp-block-button__width-50 has-custom-font-size has-medium-font-size\"><a class=\"wp-block-button__link has-text-align-center wp-element-button\" href=\"https:\/\/agora.xtec.cat\/iestremp\/serveis\/secretaria\/autoritzacions-alumnat\/\"><strong>Autoritzacions<\/strong><\/a><\/div>\n<\/div>\n\n\n\n<hr class=\"wp-block-separator has-alpha-channel-opacity\"\/>\n\n\n\n<p class=\"has-large-font-size\">Not\u00edcies recents<\/p>\n\n\n\n\t\t<div class=\"wp-block-getwid-recent-posts has-layout-grid\">\n\t\t\t<div class=\"wp-block-getwid-recent-posts__wrapper getwid-columns getwid-columns-3\">\n\t\t\t\t\n<article id=\"post-3162\" class=\"wp-block-getwid-recent-posts__post\">\n    <div class=\"wp-block-getwid-recent-posts__post-wrapper\">\n                    <div class=\"wp-block-getwid-recent-posts__post-thumbnail\">\n                <a href=\"https:\/\/agora.xtec.cat\/iestremp\/general\/beques-de-menjador-escolar-curs-21-22-consell-comarcal-pallars-jussa\/\"><img loading=\"lazy\" decoding=\"async\" width=\"357\" height=\"141\" src=\"https:\/\/agora.xtec.cat\/iestremp\/wp-content\/uploads\/usu1880\/2021\/06\/baixa.jpg\" class=\"attachment-large size-large wp-post-image\" alt=\"Beques de menjador escolar curs 25-26: Consell Comarcal Pallars Juss\u00e0\" srcset=\"https:\/\/agora.xtec.cat\/iestremp\/wp-content\/uploads\/usu1880\/2021\/06\/baixa.jpg 357w, https:\/\/agora.xtec.cat\/iestremp\/wp-content\/uploads\/usu1880\/2021\/06\/baixa-300x118.jpg 300w\" sizes=\"auto, (max-width: 357px) 100vw, 357px\" \/><\/a>\n            <\/div>\n                            <div class=\"wp-block-getwid-recent-posts__content-wrapper\">\n                                    <header class=\"wp-block-getwid-recent-posts__entry-header\">\n                                                    <h3 class=\"wp-block-getwid-recent-posts__post-title\"><a href=\"https:\/\/agora.xtec.cat\/iestremp\/general\/beques-de-menjador-escolar-curs-21-22-consell-comarcal-pallars-jussa\/\">Beques de menjador escolar curs 25-26: Consell Comarcal Pallars Juss\u00e0<\/a><\/h3>                                                                            <div class=\"wp-block-getwid-recent-posts__entry-meta\">\n                                                                    <span class=\"wp-block-getwid-recent-posts__post-date\">\n                                        <time datetime=\"2025-05-31T21:01:37+02:00\"><a href=\"https:\/\/agora.xtec.cat\/iestremp\/2025\/05\/31\/\">31\/05\/2025<\/a><\/time>\n                                    <\/span>\n                                                            <\/div>\n                                            <\/header>\n                                <div class=\"wp-block-getwid-recent-posts__post-content\">Sol\u00b7licitud beca menjador escolar curs 21-22 pels ensenyaments obligatoris&#8230;<\/div>\n                \n                            <\/div>\n            <\/div>\n<\/article>\n\n<article id=\"post-12946\" class=\"wp-block-getwid-recent-posts__post\">\n    <div class=\"wp-block-getwid-recent-posts__post-wrapper\">\n                    <div class=\"wp-block-getwid-recent-posts__post-thumbnail\">\n                <a href=\"https:\/\/agora.xtec.cat\/iestremp\/general\/sollicitud-servei-de-menjador-escolar-2024-25\/\"><img loading=\"lazy\" decoding=\"async\" width=\"640\" height=\"257\" src=\"https:\/\/agora.xtec.cat\/iestremp\/wp-content\/uploads\/usu1880\/2020\/09\/logo-alessa-serunion.jpg\" class=\"attachment-large size-large wp-post-image\" alt=\"Sol\u00b7licitud servei de menjador 2024-25 i Ajut individual\" srcset=\"https:\/\/agora.xtec.cat\/iestremp\/wp-content\/uploads\/usu1880\/2020\/09\/logo-alessa-serunion.jpg 640w, https:\/\/agora.xtec.cat\/iestremp\/wp-content\/uploads\/usu1880\/2020\/09\/logo-alessa-serunion-300x120.jpg 300w\" sizes=\"auto, (max-width: 640px) 100vw, 640px\" \/><\/a>\n            <\/div>\n                            <div class=\"wp-block-getwid-recent-posts__content-wrapper\">\n                                    <header class=\"wp-block-getwid-recent-posts__entry-header\">\n                                                    <h3 class=\"wp-block-getwid-recent-posts__post-title\"><a href=\"https:\/\/agora.xtec.cat\/iestremp\/general\/sollicitud-servei-de-menjador-escolar-2024-25\/\">Sol\u00b7licitud servei de menjador 2024-25 i Ajut individual<\/a><\/h3>                                                                            <div class=\"wp-block-getwid-recent-posts__entry-meta\">\n                                                                    <span class=\"wp-block-getwid-recent-posts__post-date\">\n                                        <time datetime=\"2024-05-31T12:45:57+02:00\"><a href=\"https:\/\/agora.xtec.cat\/iestremp\/2024\/05\/31\/\">31\/05\/2024<\/a><\/time>\n                                    <\/span>\n                                                            <\/div>\n                                            <\/header>\n                                <div class=\"wp-block-getwid-recent-posts__post-content\">Sol\u00b7licitud servei de menjador escolar 2024-25.<\/div>\n                \n                            <\/div>\n            <\/div>\n<\/article>\n\n<article id=\"post-4648\" class=\"wp-block-getwid-recent-posts__post\">\n    <div class=\"wp-block-getwid-recent-posts__post-wrapper\">\n                    <div class=\"wp-block-getwid-recent-posts__post-thumbnail\">\n                <a href=\"https:\/\/agora.xtec.cat\/iestremp\/general\/sollicitud-servei-de-menjador-document-dades-personals-i-bancaries\/\"><img loading=\"lazy\" decoding=\"async\" width=\"640\" height=\"257\" src=\"https:\/\/agora.xtec.cat\/iestremp\/wp-content\/uploads\/usu1880\/2020\/09\/logo-alessa-serunion.jpg\" class=\"attachment-large size-large wp-post-image\" alt=\"Sol\u00b7licitud Servei de Menjador: document dades personals i banc\u00e0ries\" srcset=\"https:\/\/agora.xtec.cat\/iestremp\/wp-content\/uploads\/usu1880\/2020\/09\/logo-alessa-serunion.jpg 640w, https:\/\/agora.xtec.cat\/iestremp\/wp-content\/uploads\/usu1880\/2020\/09\/logo-alessa-serunion-300x120.jpg 300w\" sizes=\"auto, (max-width: 640px) 100vw, 640px\" \/><\/a>\n            <\/div>\n                            <div class=\"wp-block-getwid-recent-posts__content-wrapper\">\n                                    <header class=\"wp-block-getwid-recent-posts__entry-header\">\n                                                    <h3 class=\"wp-block-getwid-recent-posts__post-title\"><a href=\"https:\/\/agora.xtec.cat\/iestremp\/general\/sollicitud-servei-de-menjador-document-dades-personals-i-bancaries\/\">Sol\u00b7licitud Servei de Menjador: document dades personals i banc\u00e0ries<\/a><\/h3>                                                                            <div class=\"wp-block-getwid-recent-posts__entry-meta\">\n                                                                    <span class=\"wp-block-getwid-recent-posts__post-date\">\n                                        <time datetime=\"2023-06-16T08:41:10+02:00\"><a href=\"https:\/\/agora.xtec.cat\/iestremp\/2023\/06\/16\/\">16\/06\/2023<\/a><\/time>\n                                    <\/span>\n                                                            <\/div>\n                                            <\/header>\n                                <div class=\"wp-block-getwid-recent-posts__post-content\">Per tal de formalitzar la inscripci\u00f3 els usuaris del servei de menjador pel curs 2023\/24, es demana que retornin omplert i signat el document adjunt al correu electr\u00f2nic del Consell Comarcal del Pallars Juss\u00e0, ccuberes@pallarsjussa.cat\u00a0abans del\u00a015 de juliol de 2023.<\/div>\n                \n                            <\/div>\n            <\/div>\n<\/article>\n\t\t\t<\/div>\n\t\t<\/div>\n\t\t","protected":false},"excerpt":{"rendered":"<p>Horari Secretaria Mat\u00ed: de dilluns a dijous de 09:00h a 14:00h i divendres de 9:00 a 15:00hTarda: de dilluns a dijous de 15:00 a 19:00h Juny, Juliol i Setembre: de 9:00h a 14:00h Del 21 de juliol al 27 d&#8217;agost: tancat Atenci\u00f3 telef\u00f2nica del 21 al 31 de juliol al n\u00famero: 619 225 242 Pagaments [&hellip;]<\/p>\n","protected":false},"author":4,"featured_media":13961,"parent":63,"menu_order":1,"comment_status":"closed","ping_status":"closed","template":"","meta":{"_bbp_topic_count":0,"_bbp_reply_count":0,"_bbp_total_topic_count":0,"_bbp_total_reply_count":0,"_bbp_voice_count":0,"_bbp_anonymous_reply_count":0,"_bbp_topic_count_hidden":0,"_bbp_reply_count_hidden":0,"_bbp_forum_subforum_count":0,"site-sidebar-layout":"default","site-content-layout":"","ast-site-content-layout":"default","site-content-style":"default","site-sidebar-style":"default","ast-global-header-display":"","ast-banner-title-visibility":"","ast-main-header-display":"","ast-hfb-above-header-display":"","ast-hfb-below-header-display":"","ast-hfb-mobile-header-display":"","site-post-title":"","ast-breadcrumbs-content":"","ast-featured-img":"","footer-sml-layout":"","theme-transparent-header-meta":"","adv-header-id-meta":"","stick-header-meta":"","header-above-stick-meta":"","header-main-stick-meta":"","header-below-stick-meta":"","astra-migrate-meta-layouts":"set","ast-page-background-enabled":"default","ast-page-background-meta":{"desktop":{"background-color":"var(--ast-global-color-4)","background-image":"","background-repeat":"repeat","background-position":"center center","background-size":"auto","background-attachment":"scroll","background-type":"","background-media":"","overlay-type":"","overlay-color":"","overlay-opacity":"","overlay-gradient":""},"tablet":{"background-color":"","background-image":"","background-repeat":"repeat","background-position":"center center","background-size":"auto","background-attachment":"scroll","background-type":"","background-media":"","overlay-type":"","overlay-color":"","overlay-opacity":"","overlay-gradient":""},"mobile":{"background-color":"","background-image":"","background-repeat":"repeat","background-position":"center center","background-size":"auto","background-attachment":"scroll","background-type":"","background-media":"","overlay-type":"","overlay-color":"","overlay-opacity":"","overlay-gradient":""}},"ast-content-background-meta":{"desktop":{"background-color":"var(--ast-global-color-5)","background-image":"","background-repeat":"repeat","background-position":"center center","background-size":"auto","background-attachment":"scroll","background-type":"","background-media":"","overlay-type":"","overlay-color":"","overlay-opacity":"","overlay-gradient":""},"tablet":{"background-color":"var(--ast-global-color-5)","background-image":"","background-repeat":"repeat","background-position":"center center","background-size":"auto","background-attachment":"scroll","background-type":"","background-media":"","overlay-type":"","overlay-color":"","overlay-opacity":"","overlay-gradient":""},"mobile":{"background-color":"var(--ast-global-color-5)","background-image":"","background-repeat":"repeat","background-position":"center center","background-size":"auto","background-attachment":"scroll","background-type":"","background-media":"","overlay-type":"","overlay-color":"","overlay-opacity":"","overlay-gradient":""}},"footnotes":""},"class_list":["post-3948","page","type-page","status-publish","has-post-thumbnail","hentry"],"post_mailing_queue_ids":[],"_links":{"self":[{"href":"https:\/\/agora.xtec.cat\/iestremp\/wp-json\/wp\/v2\/pages\/3948","targetHints":{"allow":["GET"]}}],"collection":[{"href":"https:\/\/agora.xtec.cat\/iestremp\/wp-json\/wp\/v2\/pages"}],"about":[{"href":"https:\/\/agora.xtec.cat\/iestremp\/wp-json\/wp\/v2\/types\/page"}],"author":[{"embeddable":true,"href":"https:\/\/agora.xtec.cat\/iestremp\/wp-json\/wp\/v2\/users\/4"}],"replies":[{"embeddable":true,"href":"https:\/\/agora.xtec.cat\/iestremp\/wp-json\/wp\/v2\/comments?post=3948"}],"version-history":[{"count":6,"href":"https:\/\/agora.xtec.cat\/iestremp\/wp-json\/wp\/v2\/pages\/3948\/revisions"}],"predecessor-version":[{"id":13970,"href":"https:\/\/agora.xtec.cat\/iestremp\/wp-json\/wp\/v2\/pages\/3948\/revisions\/13970"}],"up":[{"embeddable":true,"href":"https:\/\/agora.xtec.cat\/iestremp\/wp-json\/wp\/v2\/pages\/63"}],"wp:featuredmedia":[{"embeddable":true,"href":"https:\/\/agora.xtec.cat\/iestremp\/wp-json\/wp\/v2\/media\/13961"}],"wp:attachment":[{"href":"https:\/\/agora.xtec.cat\/iestremp\/wp-json\/wp\/v2\/media?parent=3948"}],"curies":[{"name":"wp","href":"https:\/\/api.w.org\/{rel}","templated":true}]}}