{"id":3936,"date":"2022-12-20T13:14:41","date_gmt":"2022-12-20T12:14:41","guid":{"rendered":"https:\/\/agora.xtec.cat\/iestremp\/?page_id=3936"},"modified":"2025-10-31T10:45:37","modified_gmt":"2025-10-31T09:45:37","slug":"consergeria","status":"publish","type":"page","link":"https:\/\/agora.xtec.cat\/iestremp\/serveis\/consergeria\/","title":{"rendered":"Consergeria"},"content":{"rendered":"<p><a href=\"https:\/\/agora.xtec.cat\/iestremp\/wp-content\/uploads\/usu1880\/2022\/12\/Consergeria.jpg\"><img loading=\"lazy\" decoding=\"async\" class=\"wp-image-4024 aligncenter\" src=\"https:\/\/agora.xtec.cat\/iestremp\/wp-content\/uploads\/usu1880\/2022\/12\/Consergeria.jpg\" alt=\"\" width=\"394\" height=\"296\" srcset=\"https:\/\/agora.xtec.cat\/iestremp\/wp-content\/uploads\/usu1880\/2022\/12\/Consergeria.jpg 1024w, https:\/\/agora.xtec.cat\/iestremp\/wp-content\/uploads\/usu1880\/2022\/12\/Consergeria-300x225.jpg 300w, https:\/\/agora.xtec.cat\/iestremp\/wp-content\/uploads\/usu1880\/2022\/12\/Consergeria-768x576.jpg 768w, https:\/\/agora.xtec.cat\/iestremp\/wp-content\/uploads\/usu1880\/2022\/12\/Consergeria-200x150.jpg 200w\" sizes=\"auto, (max-width: 394px) 100vw, 394px\" \/><\/a><\/p>\n<p>La consergeria del centre s&#8217;ocupa, entre altres funcions, del control de l&#8217;entrada i sortida de l&#8217;alumnat, l&#8217;atenci\u00f3 telef\u00f2nica, la recollida de justificants d&#8217;abs\u00e8ncia, la realitzaci\u00f3 de fotoc\u00f2pies i impressions, el manteniment de les instal\u00b7lacions del centre i la gesti\u00f3 de les guixetes (taquilles alumnat).<\/p>\n<p>Per imprimir pots enviar un correu a <a href=\"mailto:consergeria@iestremp.cat?Subject=Per%20imprimir\"><strong>consergeria@iestremp.cat<\/strong><\/a> adjuntant el document que vulguis imprimir.<\/p>\n\n\n<div class=\"wp-block-columns is-layout-flex wp-container-core-columns-is-layout-1 wp-block-columns-is-layout-flex\">\n<div class=\"wp-block-column is-layout-flow wp-block-column-is-layout-flow\">\n<figure class=\"wp-block-table is-style-regular\"><table class=\"has-fixed-layout\"><thead><tr><th>Enquadernacions<\/th><th>Preu<\/th><\/tr><\/thead><tbody><tr><td>Espiral met\u00e0l\u00b7lic<\/td><td>des de 1.20\u20ac<\/td><\/tr><tr><td>Espiral pl\u00e0stic<\/td><td>0,65\u20ac<\/td><\/tr><tr><td>Plastificar<\/td><td>0,70\u20ac<\/td><\/tr><\/tbody><\/table><\/figure>\n<\/div>\n\n\n\n<div class=\"wp-block-column is-layout-flow wp-block-column-is-layout-flow\">\n<figure class=\"wp-block-table\"><table><thead><tr><th>Impressions<\/th><td>&nbsp;Preu<\/td><\/tr><\/thead><tbody><tr><td>Blanc i negre<\/td><td>0,10\u20ac<\/td><\/tr><tr><td>Color<\/td><td>0,60\u20ac<\/td><\/tr><\/tbody><\/table><\/figure>\n<\/div>\n<\/div>\n\n\n\n<h3 class=\"wp-block-heading\"><strong>Horari Consergeria:<\/strong><\/h3>\n\n\n\n<p>De dilluns a divendres de 8:15h a 21:30h<\/p>\n\n\n\n<p>Juliol: de 8:00 a 15:00h<\/p>\n\n\n\n<p>Agost: tancat<\/p>\n","protected":false},"excerpt":{"rendered":"<p>La consergeria del centre s&#8217;ocupa, entre altres funcions, del control de l&#8217;entrada i sortida de l&#8217;alumnat, l&#8217;atenci\u00f3 telef\u00f2nica, la recollida de justificants d&#8217;abs\u00e8ncia, la realitzaci\u00f3 de fotoc\u00f2pies i impressions, el manteniment de les instal\u00b7lacions del centre i la gesti\u00f3 de les guixetes (taquilles alumnat). Per imprimir pots enviar un correu a consergeria@iestremp.cat adjuntant el document [&hellip;]<\/p>\n","protected":false},"author":4,"featured_media":0,"parent":63,"menu_order":2,"comment_status":"closed","ping_status":"closed","template":"","meta":{"_bbp_topic_count":0,"_bbp_reply_count":0,"_bbp_total_topic_count":0,"_bbp_total_reply_count":0,"_bbp_voice_count":0,"_bbp_anonymous_reply_count":0,"_bbp_topic_count_hidden":0,"_bbp_reply_count_hidden":0,"_bbp_forum_subforum_count":0,"site-sidebar-layout":"default","site-content-layout":"","ast-site-content-layout":"default","site-content-style":"default","site-sidebar-style":"default","ast-global-header-display":"","ast-banner-title-visibility":"","ast-main-header-display":"","ast-hfb-above-header-display":"","ast-hfb-below-header-display":"","ast-hfb-mobile-header-display":"","site-post-title":"","ast-breadcrumbs-content":"","ast-featured-img":"","footer-sml-layout":"","theme-transparent-header-meta":"","adv-header-id-meta":"","stick-header-meta":"","header-above-stick-meta":"","header-main-stick-meta":"","header-below-stick-meta":"","astra-migrate-meta-layouts":"set","ast-page-background-enabled":"default","ast-page-background-meta":{"desktop":{"background-color":"var(--ast-global-color-4)","background-image":"","background-repeat":"repeat","background-position":"center center","background-size":"auto","background-attachment":"scroll","background-type":"","background-media":"","overlay-type":"","overlay-color":"","overlay-opacity":"","overlay-gradient":""},"tablet":{"background-color":"","background-image":"","background-repeat":"repeat","background-position":"center center","background-size":"auto","background-attachment":"scroll","background-type":"","background-media":"","overlay-type":"","overlay-color":"","overlay-opacity":"","overlay-gradient":""},"mobile":{"background-color":"","background-image":"","background-repeat":"repeat","background-position":"center center","background-size":"auto","background-attachment":"scroll","background-type":"","background-media":"","overlay-type":"","overlay-color":"","overlay-opacity":"","overlay-gradient":""}},"ast-content-background-meta":{"desktop":{"background-color":"var(--ast-global-color-5)","background-image":"","background-repeat":"repeat","background-position":"center center","background-size":"auto","background-attachment":"scroll","background-type":"","background-media":"","overlay-type":"","overlay-color":"","overlay-opacity":"","overlay-gradient":""},"tablet":{"background-color":"var(--ast-global-color-5)","background-image":"","background-repeat":"repeat","background-position":"center center","background-size":"auto","background-attachment":"scroll","background-type":"","background-media":"","overlay-type":"","overlay-color":"","overlay-opacity":"","overlay-gradient":""},"mobile":{"background-color":"var(--ast-global-color-5)","background-image":"","background-repeat":"repeat","background-position":"center center","background-size":"auto","background-attachment":"scroll","background-type":"","background-media":"","overlay-type":"","overlay-color":"","overlay-opacity":"","overlay-gradient":""}},"footnotes":""},"class_list":["post-3936","page","type-page","status-publish","hentry"],"post_mailing_queue_ids":[],"_links":{"self":[{"href":"https:\/\/agora.xtec.cat\/iestremp\/wp-json\/wp\/v2\/pages\/3936","targetHints":{"allow":["GET"]}}],"collection":[{"href":"https:\/\/agora.xtec.cat\/iestremp\/wp-json\/wp\/v2\/pages"}],"about":[{"href":"https:\/\/agora.xtec.cat\/iestremp\/wp-json\/wp\/v2\/types\/page"}],"author":[{"embeddable":true,"href":"https:\/\/agora.xtec.cat\/iestremp\/wp-json\/wp\/v2\/users\/4"}],"replies":[{"embeddable":true,"href":"https:\/\/agora.xtec.cat\/iestremp\/wp-json\/wp\/v2\/comments?post=3936"}],"version-history":[{"count":6,"href":"https:\/\/agora.xtec.cat\/iestremp\/wp-json\/wp\/v2\/pages\/3936\/revisions"}],"predecessor-version":[{"id":14115,"href":"https:\/\/agora.xtec.cat\/iestremp\/wp-json\/wp\/v2\/pages\/3936\/revisions\/14115"}],"up":[{"embeddable":true,"href":"https:\/\/agora.xtec.cat\/iestremp\/wp-json\/wp\/v2\/pages\/63"}],"wp:attachment":[{"href":"https:\/\/agora.xtec.cat\/iestremp\/wp-json\/wp\/v2\/media?parent=3936"}],"curies":[{"name":"wp","href":"https:\/\/api.w.org\/{rel}","templated":true}]}}