{"id":3917,"date":"2022-12-20T12:12:29","date_gmt":"2022-12-20T11:12:29","guid":{"rendered":"https:\/\/agora.xtec.cat\/iestremp\/?page_id=3917"},"modified":"2025-08-04T08:57:16","modified_gmt":"2025-08-04T06:57:16","slug":"qui-som","status":"publish","type":"page","link":"https:\/\/agora.xtec.cat\/iestremp\/linstitut\/qui-som\/","title":{"rendered":"Qui som"},"content":{"rendered":"\n<p>L\u2019Institut de Tremp \u00e9s un centre p\u00fablic del Departament d\u2019Educaci\u00f3, situat a Tremp, on s\u2019hi pot cursar:<\/p>\n\n\n\n<ul class=\"wp-block-list\">\n<li>ESO<\/li>\n\n\n\n<li>Batxillerat de les modalitats:\n<ul class=\"wp-block-list\">\n<li>Humanitats i ci\u00e8ncies socials,<\/li>\n\n\n\n<li>Arts pl\u00e0stiques, imatge i disseny<\/li>\n\n\n\n<li>Ci\u00e8ncies i Tecnologia<\/li>\n<\/ul>\n<\/li>\n\n\n\n<li>Cicles formatius de grau mitj\u00e0 de les fam\u00edlies professionals de Sanitat i Serveis socioculturals, Electricitat i electr\u00f2nica, Adminitraci\u00f3 i gesti\u00f3 i Inform\u00e0tica i comunicacions.<\/li>\n\n\n\n<li>Cicles formatius de grau superior de les fam\u00edlies d\u2019Administraci\u00f3 i gesti\u00f3 i de Sanitat.<\/li>\n\n\n\n<li>Programa de formaci\u00f3 i Inserci\u00f3 Auxiliar sanitari (PFI)<\/li>\n<\/ul>\n\n\n\n<h1 class=\"wp-block-heading\">Carta de serveis:<\/h1>\n\n\n\n<div data-wp-interactive=\"core\/file\" class=\"wp-block-file\"><object data-wp-bind--hidden=\"!state.hasPdfPreview\" hidden class=\"wp-block-file__embed\" data=\"https:\/\/agora.xtec.cat\/iestremp\/wp-content\/uploads\/usu1880\/2025\/01\/Carta-de-serveis-InsTremp.pdf\" type=\"application\/pdf\" style=\"width:100%;height:600px\" aria-label=\"Incrustaci\u00f3 del fitxer Carta de serveis InsTremp.\"><\/object><a id=\"wp-block-file--media-70171298-53de-4538-8b71-63b3ea896806\" href=\"https:\/\/agora.xtec.cat\/iestremp\/wp-content\/uploads\/usu1880\/2025\/01\/Carta-de-serveis-InsTremp.pdf\">Carta de serveis InsTremp<\/a><a href=\"https:\/\/agora.xtec.cat\/iestremp\/wp-content\/uploads\/usu1880\/2025\/01\/Carta-de-serveis-InsTremp.pdf\" class=\"wp-block-file__button wp-element-button\" download aria-describedby=\"wp-block-file--media-70171298-53de-4538-8b71-63b3ea896806\">Baixa<\/a><\/div>\n\n\n\n<h1 class=\"wp-block-heading\">Hist\u00f2ria:<\/h1>\n\n\n\n<figure class=\"wp-block-image alignright\"><img loading=\"lazy\" decoding=\"async\" width=\"310\" height=\"210\" src=\"https:\/\/agora.xtec.cat\/iestremp\/wp-content\/uploads\/usu1880\/2023\/01\/baixa.png\" alt=\"Antic logo de l'institut\" class=\"wp-image-4094\" srcset=\"https:\/\/agora.xtec.cat\/iestremp\/wp-content\/uploads\/usu1880\/2023\/01\/baixa.png 310w, https:\/\/agora.xtec.cat\/iestremp\/wp-content\/uploads\/usu1880\/2023\/01\/baixa-300x203.png 300w\" sizes=\"auto, (max-width: 310px) 100vw, 310px\" \/><\/figure>\n\n\n\n<p>L\u2019Institut de Tremp est\u00e0 situat a l\u2019edifici que la congregaci\u00f3 dels Pares Salesians tenien a Tremp l\u2019any 1958. Des de llavors i fins als anys 80 va ser un centre educatiu i internat de nois que s&#8217;anomenava &#8220;Colegio Diocesano Pio XII&#8221;. Quan la congregaci\u00f3 va marxar, el centre va passar a ser gestionat pel Bisbat de la Seu d\u2019Urgell amb professorat del mateix Bisbat i altre de contractat.<\/p>\n\n\n\n<p>El curs 1985-86 la Generalitat de Catalunya va crear una secci\u00f3 d\u2019ensenyament p\u00fablic a Tremp, a l\u2019edifici de la Lira, i es va impartir el 1r de BUP. Aquell mateix any el Departament d\u2019Ensenyament va adquirir l\u2019edifici de l\u2019Institut i, a partir del curs 1986-87 es van iniciar les classes de BUP i FP. A partir de llavors i fins l\u2019actualitat, va ser un centre educatiu amb plena titularitat p\u00fablica.<\/p>\n\n\n\n<p>Els anys 2006 i 2007 es varen realitzar obres a l\u2019edifici que van implicar una remodelaci\u00f3 important per tal de rendibilitzar els espais.<\/p>\n\n\n\n<p>L\u2019INS de Tremp, abans i ara, ha mantingut una voluntat de servei i dinamitzaci\u00f3 de la comarca del Pallars Juss\u00e0 i de les comarques properes i, continua sent un referent educatiu per a les terres del Prepirineu i Pirineu lleidat\u00e0.<\/p>\n\n\n\n<div class=\"wp-block-media-text is-stacked-on-mobile is-vertically-aligned-center\" style=\"grid-template-columns:30% auto\"><figure class=\"wp-block-media-text__media\"><a href=\"https:\/\/agora.xtec.cat\/iestremp\/wp-content\/uploads\/usu1880\/2024\/12\/TDR_-historia-de-linstitut.pdf\"><img loading=\"lazy\" decoding=\"async\" width=\"726\" height=\"1024\" src=\"https:\/\/agora.xtec.cat\/iestremp\/wp-content\/uploads\/usu1880\/2024\/12\/Portada-TDR_-historia-de-linstitut-726x1024.jpg\" alt=\"\" class=\"wp-image-13482 size-full\" srcset=\"https:\/\/agora.xtec.cat\/iestremp\/wp-content\/uploads\/usu1880\/2024\/12\/Portada-TDR_-historia-de-linstitut-726x1024.jpg 726w, https:\/\/agora.xtec.cat\/iestremp\/wp-content\/uploads\/usu1880\/2024\/12\/Portada-TDR_-historia-de-linstitut-213x300.jpg 213w, https:\/\/agora.xtec.cat\/iestremp\/wp-content\/uploads\/usu1880\/2024\/12\/Portada-TDR_-historia-de-linstitut-768x1084.jpg 768w, https:\/\/agora.xtec.cat\/iestremp\/wp-content\/uploads\/usu1880\/2024\/12\/Portada-TDR_-historia-de-linstitut-1088x1536.jpg 1088w, https:\/\/agora.xtec.cat\/iestremp\/wp-content\/uploads\/usu1880\/2024\/12\/Portada-TDR_-historia-de-linstitut.jpg 1410w\" sizes=\"auto, (max-width: 726px) 100vw, 726px\" \/><\/a><\/figure><div class=\"wp-block-media-text__content\">\n<p>Si voleu con\u00e8ixer molt m\u00e9s sobre la hist\u00f2ria del nostre centre podeu consultar el treball de recerca de l&#8217;alumna J\u00falia Torra Medina.<\/p>\n<\/div><\/div>\n","protected":false},"excerpt":{"rendered":"<p>L\u2019Institut de Tremp \u00e9s un centre p\u00fablic del Departament d\u2019Educaci\u00f3, situat a Tremp, on s\u2019hi pot cursar: Carta de serveis: Hist\u00f2ria: L\u2019Institut de Tremp est\u00e0 situat a l\u2019edifici que la congregaci\u00f3 dels Pares Salesians tenien a Tremp l\u2019any 1958. Des de llavors i fins als anys 80 va ser un centre educatiu i internat de [&hellip;]<\/p>\n","protected":false},"author":4,"featured_media":0,"parent":19,"menu_order":0,"comment_status":"closed","ping_status":"closed","template":"","meta":{"_bbp_topic_count":0,"_bbp_reply_count":0,"_bbp_total_topic_count":0,"_bbp_total_reply_count":0,"_bbp_voice_count":0,"_bbp_anonymous_reply_count":0,"_bbp_topic_count_hidden":0,"_bbp_reply_count_hidden":0,"_bbp_forum_subforum_count":0,"site-sidebar-layout":"default","site-content-layout":"","ast-site-content-layout":"default","site-content-style":"default","site-sidebar-style":"default","ast-global-header-display":"","ast-banner-title-visibility":"","ast-main-header-display":"","ast-hfb-above-header-display":"","ast-hfb-below-header-display":"","ast-hfb-mobile-header-display":"","site-post-title":"","ast-breadcrumbs-content":"","ast-featured-img":"","footer-sml-layout":"","theme-transparent-header-meta":"","adv-header-id-meta":"","stick-header-meta":"","header-above-stick-meta":"","header-main-stick-meta":"","header-below-stick-meta":"","astra-migrate-meta-layouts":"set","ast-page-background-enabled":"default","ast-page-background-meta":{"desktop":{"background-color":"var(--ast-global-color-4)","background-image":"","background-repeat":"repeat","background-position":"center center","background-size":"auto","background-attachment":"scroll","background-type":"","background-media":"","overlay-type":"","overlay-color":"","overlay-opacity":"","overlay-gradient":""},"tablet":{"background-color":"","background-image":"","background-repeat":"repeat","background-position":"center center","background-size":"auto","background-attachment":"scroll","background-type":"","background-media":"","overlay-type":"","overlay-color":"","overlay-opacity":"","overlay-gradient":""},"mobile":{"background-color":"","background-image":"","background-repeat":"repeat","background-position":"center center","background-size":"auto","background-attachment":"scroll","background-type":"","background-media":"","overlay-type":"","overlay-color":"","overlay-opacity":"","overlay-gradient":""}},"ast-content-background-meta":{"desktop":{"background-color":"var(--ast-global-color-5)","background-image":"","background-repeat":"repeat","background-position":"center center","background-size":"auto","background-attachment":"scroll","background-type":"","background-media":"","overlay-type":"","overlay-color":"","overlay-opacity":"","overlay-gradient":""},"tablet":{"background-color":"var(--ast-global-color-5)","background-image":"","background-repeat":"repeat","background-position":"center center","background-size":"auto","background-attachment":"scroll","background-type":"","background-media":"","overlay-type":"","overlay-color":"","overlay-opacity":"","overlay-gradient":""},"mobile":{"background-color":"var(--ast-global-color-5)","background-image":"","background-repeat":"repeat","background-position":"center center","background-size":"auto","background-attachment":"scroll","background-type":"","background-media":"","overlay-type":"","overlay-color":"","overlay-opacity":"","overlay-gradient":""}},"footnotes":""},"class_list":["post-3917","page","type-page","status-publish","hentry"],"post_mailing_queue_ids":[],"_links":{"self":[{"href":"https:\/\/agora.xtec.cat\/iestremp\/wp-json\/wp\/v2\/pages\/3917","targetHints":{"allow":["GET"]}}],"collection":[{"href":"https:\/\/agora.xtec.cat\/iestremp\/wp-json\/wp\/v2\/pages"}],"about":[{"href":"https:\/\/agora.xtec.cat\/iestremp\/wp-json\/wp\/v2\/types\/page"}],"author":[{"embeddable":true,"href":"https:\/\/agora.xtec.cat\/iestremp\/wp-json\/wp\/v2\/users\/4"}],"replies":[{"embeddable":true,"href":"https:\/\/agora.xtec.cat\/iestremp\/wp-json\/wp\/v2\/comments?post=3917"}],"version-history":[{"count":6,"href":"https:\/\/agora.xtec.cat\/iestremp\/wp-json\/wp\/v2\/pages\/3917\/revisions"}],"predecessor-version":[{"id":14057,"href":"https:\/\/agora.xtec.cat\/iestremp\/wp-json\/wp\/v2\/pages\/3917\/revisions\/14057"}],"up":[{"embeddable":true,"href":"https:\/\/agora.xtec.cat\/iestremp\/wp-json\/wp\/v2\/pages\/19"}],"wp:attachment":[{"href":"https:\/\/agora.xtec.cat\/iestremp\/wp-json\/wp\/v2\/media?parent=3917"}],"curies":[{"name":"wp","href":"https:\/\/api.w.org\/{rel}","templated":true}]}}