{"id":3195,"date":"2021-07-19T12:23:05","date_gmt":"2021-07-19T10:23:05","guid":{"rendered":"http:\/\/agora.xtec.cat\/iestremp\/?page_id=3195"},"modified":"2026-01-13T11:26:20","modified_gmt":"2026-01-13T10:26:20","slug":"autoritzacions-alumnat","status":"publish","type":"page","link":"https:\/\/agora.xtec.cat\/iestremp\/serveis\/secretaria\/autoritzacions-alumnat\/","title":{"rendered":"Autoritzacions"},"content":{"rendered":"<p>Clica a sobre per obtenir les autoritzacions i\/o comunicacions que et calguin&#8230;<\/p>\n<h4>Sortides<\/h4>\n<ul>\n<li style=\"list-style-type: none;\">\n<ul>\n<li><a href=\"https:\/\/drive.google.com\/file\/d\/1bu23bS3DUTjN2hlVLx-nyTCVDb_OZpm3\/view?usp=sharing\">Autoritzaci\u00f3 gen\u00e8rica per a sortides<\/a><\/li>\n<li><a href=\"https:\/\/agora.xtec.cat\/iestremp\/wp-content\/uploads\/usu1880\/2024\/09\/Fitxa-Presentacio-intercanvi-Franca.pdf\">Intercanvi Fran\u00e7a<\/a><\/li>\n<li><a href=\"https:\/\/agora.xtec.cat\/iestremp\/wp-content\/uploads\/usu1880\/2024\/09\/Fitxa-presentacio-altres-intercanvis.pdf\">Altres intercanvis<\/a><\/li>\n<\/ul>\n<\/li>\n<\/ul>\n<h4>Assist\u00e8ncia<\/h4>\n<ul>\n<li style=\"list-style-type: none;\">\n<ul>\n<li><a href=\"https:\/\/agora.xtec.cat\/iestremp\/wp-content\/uploads\/usu1880\/2023\/01\/SOL\u00b7LICITUD-COL\u00b7LECTIVA-INASSISTENCIA-CLASSE-v01-2.Per-Alumnat.pdf\">Sol\u00b7licitud Col\u00b7lectiva d\u2019Inassist\u00e8ncia a Classe (Paro estudiantil)<\/a><\/li>\n<li><a href=\"https:\/\/agora.xtec.cat\/iestremp\/wp-content\/uploads\/usu1880\/2023\/01\/Justificant-individual-dinassistencia-classe-v01.pdf\">Justificant individual d&#8217;inassistencia a classe (Paro estudiantil)<\/a><\/li>\n<li><a href=\"https:\/\/agora.xtec.cat\/iestremp\/docs\/justificants-dassistencia-dalumnat-de-lins-tremp\/?bp-attachment=1-Notificaci%C3%B3-falta-assit%C3%A8ncia.pdf\">Notificaci\u00f3 falta d&#8217;assit\u00e8ncia<\/a><\/li>\n<\/ul>\n<\/li>\n<\/ul>\n<h4>Professorat<\/h4>\n<ul>\n<li style=\"list-style-type: none;\">\n<ul>\n<li><a href=\"https:\/\/agora.xtec.cat\/iestremp\/wp-content\/uploads\/usu1880\/2024\/10\/Notificacio-assistencia-professorat-formulari-PDF.pdf\">Notificaci\u00f3 falta assist\u00e8ncia professorat<\/a><\/li>\n<\/ul>\n<\/li>\n<\/ul>\n<h4>Drets d&#8217;imatge i internet<\/h4>\n<ul>\n<li style=\"list-style-type: none;\">\n<ul>\n<li><a href=\"https:\/\/agora.xtec.cat\/iestremp\/wp-content\/uploads\/usu1880\/2022\/12\/A251.pdf\" target=\"_blank\" rel=\"noopener\">Autoritzaci\u00f3 relativa als alumnes menors de 14 anys: \u00fas d\u2019imatges, publicaci\u00f3 de dades de car\u00e0cter personal i de material que elaboren.<\/a><\/li>\n<li><a href=\"https:\/\/agora.xtec.cat\/iestremp\/wp-content\/uploads\/usu1880\/2022\/12\/A253.pdf\">Autoritzaci\u00f3 relativa als alumnes de menys de 14 anys: \u00fas de serveis i recursos digitals a Internet per treballar a l\u2019aula.<\/a><\/li>\n<li><a style=\"color: #2795b6;\" href=\"https:\/\/agora.xtec.cat\/iestremp\/wp-content\/uploads\/usu1880\/2022\/12\/A252.pdf\" target=\"_blank\" rel=\"noopener\">Comunicaci\u00f3 relativa als alumnes de m\u00e9s de 14 anys per\u00f2 menors d\u2019edat: \u00fas de serveis i recursos digitals a Internet per treballar a l\u2019aula.<\/a><\/li>\n<li><a href=\"https:\/\/agora.xtec.cat\/iestremp\/wp-content\/uploads\/usu1880\/2022\/12\/A254.pdf\" target=\"_blank\" rel=\"noopener\">Autoritzaci\u00f3 relativa als alumnes majors de 14 anys i dels professors i personal del centre: \u00fas d\u2019imatges, publicaci\u00f3 de dades de car\u00e0cter personal i de material que elaboren.<\/a><\/li>\n<\/ul>\n<\/li>\n<\/ul>\n<h4>\u00a0Salut<\/h4>\n<ul>\n<li style=\"list-style-type: none;\">\n<ul>\n<li><a style=\"color: #2795b6;\" href=\"https:\/\/agora.xtec.cat\/iestremp\/wp-content\/uploads\/usu1880\/2022\/12\/administracio-paracetamol.pdf\" target=\"_blank\" rel=\"noopener\">Autoritzaci\u00f3 per a l\u2019administraci\u00f3 de paracetamol<\/a><\/li>\n<li><a href=\"https:\/\/agora.xtec.cat\/iestremp\/wp-content\/uploads\/usu1880\/2022\/12\/comunicacio-CAP-diabetis-1.pdf\" target=\"_blank\" rel=\"noopener\">Comunicaci\u00f3 de l\u2019escolaritzaci\u00f3 d\u2019un infant amb diabetis al centre d\u2019atenci\u00f3 prim\u00e0ria (CAP)<\/a><\/li>\n<li><a href=\"https:\/\/agora.xtec.cat\/iestremp\/wp-content\/uploads\/usu1880\/2022\/12\/administracio-glucago.pdf\" target=\"_blank\" rel=\"noopener\">Sol\u00b7licitud i autoritzaci\u00f3 d\u2019administraci\u00f3 de glucag\u00f3 als alumnes amb diabetis<\/a><\/li>\n<li><a href=\"https:\/\/agora.xtec.cat\/iestremp\/wp-content\/uploads\/usu1880\/2022\/12\/administracio-insulina.pdf\" target=\"_blank\" rel=\"noopener\">Sol\u00b7licitud de control de glucosa als alumnes amb diabetis i autoritzaci\u00f3 de l\u2019administraci\u00f3 d\u2019insulina<\/a><\/li>\n<li><a style=\"color: #2795b6;\" href=\"https:\/\/agora.xtec.cat\/iestremp\/wp-content\/uploads\/usu1880\/2022\/12\/actuacio-allergia.pdf\" target=\"_blank\" rel=\"noopener\">Pautes d&#8217;actuaci\u00f3 en cas de reacci\u00f3 al\u00b7l\u00e8rgica<\/a><\/li>\n<li><a href=\"https:\/\/agora.xtec.cat\/iestremp\/wp-content\/uploads\/usu1880\/2022\/12\/recollida-informacio-allergia-alimentaria.pdf\" target=\"_blank\" rel=\"noopener\">Full de recollida d\u2019informaci\u00f3 per a alumnes amb al\u00b7l\u00e8rgia aliment\u00e0ria i\/o al l\u00e0tex<\/a><\/li>\n<li><a href=\"https:\/\/agora.xtec.cat\/iestremp\/wp-content\/uploads\/usu1880\/2022\/12\/Comunicacio-CAP-allergia.pdf\" target=\"_blank\" rel=\"noopener\">Comunicaci\u00f3 de l\u2019escolaritzaci\u00f3 d\u2019un infant amb al\u00b7l\u00e8rgia aliment\u00e0ria i\/o al l\u00e0tex al centre d\u2019atenci\u00f3 prim\u00e0ria (CAP)<\/a><\/li>\n<li><a href=\"https:\/\/agora.xtec.cat\/iestremp\/wp-content\/uploads\/usu1880\/2022\/12\/autoritzacio-medicaments-allergies.pdf\" target=\"_blank\" rel=\"noopener\">Sol\u00b7licitud i autoritzaci\u00f3 d\u2019administraci\u00f3 de medicaments als alumnes amb al\u00b7l\u00e8rgies aliment\u00e0ries i\/o al l\u00e0tex<\/a><\/li>\n<\/ul>\n<\/li>\n<\/ul>\n","protected":false},"excerpt":{"rendered":"<p>Clica a sobre per obtenir les autoritzacions i\/o comunicacions que et calguin&#8230; Sortides Autoritzaci\u00f3 gen\u00e8rica per a sortides Intercanvi Fran\u00e7a Altres intercanvis Assist\u00e8ncia Sol\u00b7licitud Col\u00b7lectiva d\u2019Inassist\u00e8ncia a Classe (Paro estudiantil) Justificant individual d&#8217;inassistencia a classe (Paro estudiantil) Notificaci\u00f3 falta d&#8217;assit\u00e8ncia Professorat Notificaci\u00f3 falta assist\u00e8ncia professorat Drets d&#8217;imatge i internet Autoritzaci\u00f3 relativa als alumnes menors de [&hellip;]<\/p>\n","protected":false},"author":1,"featured_media":0,"parent":3948,"menu_order":5,"comment_status":"closed","ping_status":"closed","template":"","meta":{"_bbp_topic_count":0,"_bbp_reply_count":0,"_bbp_total_topic_count":0,"_bbp_total_reply_count":0,"_bbp_voice_count":0,"_bbp_anonymous_reply_count":0,"_bbp_topic_count_hidden":0,"_bbp_reply_count_hidden":0,"_bbp_forum_subforum_count":0,"site-sidebar-layout":"default","site-content-layout":"","ast-site-content-layout":"default","site-content-style":"default","site-sidebar-style":"default","ast-global-header-display":"","ast-banner-title-visibility":"","ast-main-header-display":"","ast-hfb-above-header-display":"","ast-hfb-below-header-display":"","ast-hfb-mobile-header-display":"","site-post-title":"","ast-breadcrumbs-content":"","ast-featured-img":"","footer-sml-layout":"","theme-transparent-header-meta":"","adv-header-id-meta":"","stick-header-meta":"","header-above-stick-meta":"","header-main-stick-meta":"","header-below-stick-meta":"","astra-migrate-meta-layouts":"set","ast-page-background-enabled":"default","ast-page-background-meta":{"desktop":{"background-color":"var(--ast-global-color-4)","background-image":"","background-repeat":"repeat","background-position":"center center","background-size":"auto","background-attachment":"scroll","background-type":"","background-media":"","overlay-type":"","overlay-color":"","overlay-opacity":"","overlay-gradient":""},"tablet":{"background-color":"","background-image":"","background-repeat":"repeat","background-position":"center center","background-size":"auto","background-attachment":"scroll","background-type":"","background-media":"","overlay-type":"","overlay-color":"","overlay-opacity":"","overlay-gradient":""},"mobile":{"background-color":"","background-image":"","background-repeat":"repeat","background-position":"center center","background-size":"auto","background-attachment":"scroll","background-type":"","background-media":"","overlay-type":"","overlay-color":"","overlay-opacity":"","overlay-gradient":""}},"ast-content-background-meta":{"desktop":{"background-color":"var(--ast-global-color-5)","background-image":"","background-repeat":"repeat","background-position":"center center","background-size":"auto","background-attachment":"scroll","background-type":"","background-media":"","overlay-type":"","overlay-color":"","overlay-opacity":"","overlay-gradient":""},"tablet":{"background-color":"var(--ast-global-color-5)","background-image":"","background-repeat":"repeat","background-position":"center center","background-size":"auto","background-attachment":"scroll","background-type":"","background-media":"","overlay-type":"","overlay-color":"","overlay-opacity":"","overlay-gradient":""},"mobile":{"background-color":"var(--ast-global-color-5)","background-image":"","background-repeat":"repeat","background-position":"center center","background-size":"auto","background-attachment":"scroll","background-type":"","background-media":"","overlay-type":"","overlay-color":"","overlay-opacity":"","overlay-gradient":""}},"footnotes":""},"class_list":["post-3195","page","type-page","status-publish","hentry"],"post_mailing_queue_ids":[],"_links":{"self":[{"href":"https:\/\/agora.xtec.cat\/iestremp\/wp-json\/wp\/v2\/pages\/3195","targetHints":{"allow":["GET"]}}],"collection":[{"href":"https:\/\/agora.xtec.cat\/iestremp\/wp-json\/wp\/v2\/pages"}],"about":[{"href":"https:\/\/agora.xtec.cat\/iestremp\/wp-json\/wp\/v2\/types\/page"}],"author":[{"embeddable":true,"href":"https:\/\/agora.xtec.cat\/iestremp\/wp-json\/wp\/v2\/users\/1"}],"replies":[{"embeddable":true,"href":"https:\/\/agora.xtec.cat\/iestremp\/wp-json\/wp\/v2\/comments?post=3195"}],"version-history":[{"count":6,"href":"https:\/\/agora.xtec.cat\/iestremp\/wp-json\/wp\/v2\/pages\/3195\/revisions"}],"predecessor-version":[{"id":14155,"href":"https:\/\/agora.xtec.cat\/iestremp\/wp-json\/wp\/v2\/pages\/3195\/revisions\/14155"}],"up":[{"embeddable":true,"href":"https:\/\/agora.xtec.cat\/iestremp\/wp-json\/wp\/v2\/pages\/3948"}],"wp:attachment":[{"href":"https:\/\/agora.xtec.cat\/iestremp\/wp-json\/wp\/v2\/media?parent=3195"}],"curies":[{"name":"wp","href":"https:\/\/api.w.org\/{rel}","templated":true}]}}