{"id":27,"date":"2014-09-17T16:24:03","date_gmt":"2014-09-17T16:24:03","guid":{"rendered":"http:\/\/agora.xtec.cat\/iestremp\/?page_id=27"},"modified":"2023-12-07T23:18:57","modified_gmt":"2023-12-07T22:18:57","slug":"historia","status":"publish","type":"page","link":"https:\/\/agora.xtec.cat\/iestremp\/historia\/","title":{"rendered":"Hist\u00f2ria"},"content":{"rendered":"<p><img loading=\"lazy\" decoding=\"async\" class=\"irc_mi alignleft\" src=\"https:\/\/www.viurealspirineus.cat\/media\/pirineus\/images\/2016\/07\/19\/2016071909135667174.jpg\" alt=\"Imagen relacionada\" width=\"352\" height=\"264\" \/>L\u2019Institut de Tremp est\u00e0 situat a l\u2019edifici que la congregaci\u00f3 dels Pares Salesians tenien a Tremp l\u2019any 1958. Des de llavors i fins als anys 80 va ser centre educatiu i internat. Quan la congregaci\u00f3 va marxar, el centre va passar a ser gestionat pel Bisbat de la Seu d\u2019Urgell amb professorat del mateix Bisbat i altre de contractat.<\/p>\n<p>El curs 1985-86 la Generalitat de Catalunya va crear una secci\u00f3 d\u2019ensenyament p\u00fablic a l\u2019edifici a Tremp, a l\u2019edifici de la Lira, i es va impartir el 1r de BUP.\u00a0 Aquell mateix any el Departament d\u2019Ensenyament va adquirir l\u2019edifici de l\u2019Institut i, a partir del curs 1986-87 es van iniciar les classes de BUP i FP. A partir de llavors i fins l\u2019actualitat, va ser un centre educatiu amb plena titularitat p\u00fablica.<\/p>\n<p>Els anys 2006 i 2007 es varen realizar obres a l\u2019edifici que van implicar una remodelaci\u00f3 important per tal de rendinbilitzar els espais.<\/p>\n<p>L\u2019INS de Tremp, abans i ara, ha mantingut una voluntat de servei i dinamitzaci\u00f3 de la comarca del Pallars Juss\u00e0 i de les comarques properes i, continua sent un referent educatiu per a les terres del Prepirineu i Pirineu lleidat\u00e0.<\/p>\n<p>&nbsp;<\/p>\n<p>&nbsp;<\/p>\n<p>&nbsp;<\/p>\n<p>&nbsp;<\/p>\n","protected":false},"excerpt":{"rendered":"<p>L\u2019Institut de Tremp est\u00e0 situat a l\u2019edifici que la congregaci\u00f3 dels Pares Salesians tenien a Tremp l\u2019any 1958. Des de llavors i fins als anys 80 va ser centre educatiu i internat. Quan la congregaci\u00f3 va marxar, el centre va passar a ser gestionat pel Bisbat de la Seu d\u2019Urgell amb professorat del mateix Bisbat [&hellip;]<\/p>\n","protected":false},"author":1,"featured_media":0,"parent":0,"menu_order":20,"comment_status":"closed","ping_status":"closed","template":"page-templates\/side-menu.php","meta":{"_bbp_topic_count":0,"_bbp_reply_count":0,"_bbp_total_topic_count":0,"_bbp_total_reply_count":0,"_bbp_voice_count":0,"_bbp_anonymous_reply_count":0,"_bbp_topic_count_hidden":0,"_bbp_reply_count_hidden":0,"_bbp_forum_subforum_count":0,"site-sidebar-layout":"default","site-content-layout":"","ast-site-content-layout":"","site-content-style":"default","site-sidebar-style":"default","ast-global-header-display":"","ast-banner-title-visibility":"","ast-main-header-display":"","ast-hfb-above-header-display":"","ast-hfb-below-header-display":"","ast-hfb-mobile-header-display":"","site-post-title":"","ast-breadcrumbs-content":"","ast-featured-img":"","footer-sml-layout":"","theme-transparent-header-meta":"","adv-header-id-meta":"","stick-header-meta":"","header-above-stick-meta":"","header-main-stick-meta":"","header-below-stick-meta":"","astra-migrate-meta-layouts":"default","ast-page-background-enabled":"default","ast-page-background-meta":{"desktop":{"background-color":"var(--ast-global-color-4)","background-image":"","background-repeat":"repeat","background-position":"center center","background-size":"auto","background-attachment":"scroll","background-type":"","background-media":"","overlay-type":"","overlay-color":"","overlay-opacity":"","overlay-gradient":""},"tablet":{"background-color":"","background-image":"","background-repeat":"repeat","background-position":"center center","background-size":"auto","background-attachment":"scroll","background-type":"","background-media":"","overlay-type":"","overlay-color":"","overlay-opacity":"","overlay-gradient":""},"mobile":{"background-color":"","background-image":"","background-repeat":"repeat","background-position":"center center","background-size":"auto","background-attachment":"scroll","background-type":"","background-media":"","overlay-type":"","overlay-color":"","overlay-opacity":"","overlay-gradient":""}},"ast-content-background-meta":{"desktop":{"background-color":"var(--ast-global-color-5)","background-image":"","background-repeat":"repeat","background-position":"center center","background-size":"auto","background-attachment":"scroll","background-type":"","background-media":"","overlay-type":"","overlay-color":"","overlay-opacity":"","overlay-gradient":""},"tablet":{"background-color":"var(--ast-global-color-5)","background-image":"","background-repeat":"repeat","background-position":"center center","background-size":"auto","background-attachment":"scroll","background-type":"","background-media":"","overlay-type":"","overlay-color":"","overlay-opacity":"","overlay-gradient":""},"mobile":{"background-color":"var(--ast-global-color-5)","background-image":"","background-repeat":"repeat","background-position":"center center","background-size":"auto","background-attachment":"scroll","background-type":"","background-media":"","overlay-type":"","overlay-color":"","overlay-opacity":"","overlay-gradient":""}},"footnotes":""},"class_list":["post-27","page","type-page","status-publish","hentry"],"post_mailing_queue_ids":[],"_links":{"self":[{"href":"https:\/\/agora.xtec.cat\/iestremp\/wp-json\/wp\/v2\/pages\/27","targetHints":{"allow":["GET"]}}],"collection":[{"href":"https:\/\/agora.xtec.cat\/iestremp\/wp-json\/wp\/v2\/pages"}],"about":[{"href":"https:\/\/agora.xtec.cat\/iestremp\/wp-json\/wp\/v2\/types\/page"}],"author":[{"embeddable":true,"href":"https:\/\/agora.xtec.cat\/iestremp\/wp-json\/wp\/v2\/users\/1"}],"replies":[{"embeddable":true,"href":"https:\/\/agora.xtec.cat\/iestremp\/wp-json\/wp\/v2\/comments?post=27"}],"version-history":[{"count":5,"href":"https:\/\/agora.xtec.cat\/iestremp\/wp-json\/wp\/v2\/pages\/27\/revisions"}],"predecessor-version":[{"id":3909,"href":"https:\/\/agora.xtec.cat\/iestremp\/wp-json\/wp\/v2\/pages\/27\/revisions\/3909"}],"wp:attachment":[{"href":"https:\/\/agora.xtec.cat\/iestremp\/wp-json\/wp\/v2\/media?parent=27"}],"curies":[{"name":"wp","href":"https:\/\/api.w.org\/{rel}","templated":true}]}}