{"id":21,"date":"2014-09-17T16:14:14","date_gmt":"2014-09-17T14:14:14","guid":{"rendered":"http:\/\/agora.xtec.cat\/iestremp\/?page_id=21"},"modified":"2025-01-24T10:16:00","modified_gmt":"2025-01-24T09:16:00","slug":"on-som","status":"publish","type":"page","link":"https:\/\/agora.xtec.cat\/iestremp\/linstitut\/on-som\/","title":{"rendered":"Horari i ubicaci\u00f3"},"content":{"rendered":"\n<h2 class=\"wp-block-heading has-black-color has-text-color has-link-color has-large-font-size wp-elements-d6fac961d3afbe1543ef143003fe1ee8\"><strong>Horari<\/strong><\/h2>\n\n\n\n<p><strong>Horari lectiu:<\/strong><\/p>\n\n\n\n<p>Torn mat\u00ed de 08:45h a 15:15h: ESO, Batxillerat, PFI Auxiliar sanitari, CFGM de Gesti\u00f3 administrativa i Sistemes microinform\u00e0tics, CFGM Atenci\u00f3 a la depend\u00e8ncia i Cures Auxiliars d\u2019infermeria, CFGM Instal\u00b7lacions el\u00e8ctriques i autom\u00e0tiques.<\/p>\n\n\n\n<p>Torn de tarda de 15:20 a 21:10h: CFGS Sistemes electr\u00f2nics i automatitzats i CFGS d\u2019Administraci\u00f3 i finances, CFDM Emerg\u00e8ncies sanit\u00e0ries i CFGS Diet\u00e8tica.<\/p>\n\n\n\n<p><strong>Horari Atenci\u00f3 al p\u00fablic Secretaria<\/strong><\/p>\n\n\n\n<p>Mat\u00ed: de dilluns a dijous de 09:00h a 14:00h i divendres de 9:00 a 15:00h<br>Tarda: de dilluns a dijous de 15:00h a 19:00h<\/p>\n\n\n\n<p>Juny, Juliol i Setembre: de 9:00h a 14:00h<\/p>\n\n\n\n<p><strong>Horari Consergeria:<\/strong><\/p>\n\n\n\n<p>De dilluns a divendres de 8:15h a 21:30h<\/p>\n\n\n\n<p>Juliol: de 8:00 a 15:00h<\/p>\n\n\n\n<p>Vacances d\u2019estiu: 24 de juliol al 25 d\u2019agost<\/p>\n\n\n\n<hr class=\"wp-block-separator has-alpha-channel-opacity\"\/>\n\n\n\n<h2 class=\"wp-block-heading has-text-align-left has-black-color has-text-color has-link-color has-large-font-size wp-elements-afca551e6cc9fb6e764f7a060ad7f7ea\"><strong>On som<\/strong><\/h2>\n\n\n<p><strong>Institut Tremp<\/strong><br \/>Av. Bisbe Iglesias,\u00a0 5<br \/>25620\u00a0Tremp<br \/>Tel\u00e8fon: 973 650 836<br \/>Correu electr\u00f2nic: c5006288@xtec.cat<\/p>\n<p><iframe loading=\"lazy\" style=\"border: 0;\" src=\"https:\/\/www.google.com\/maps\/embed?pb=!1m18!1m12!1m3!1d2957.47342398025!2d0.893294715450019!3d42.16155387920061!2m3!1f0!2f0!3f0!3m2!1i1024!2i768!4f13.1!3m3!1m2!1s0x12a641f0459526ed%3A0x7db08e714b9a005e!2sInstitut+Public+De+Tremp!5e0!3m2!1sca!2ses!4v1531814872303\" width=\"600\" height=\"400\" frameborder=\"0\" allowfullscreen=\"allowfullscreen\"><\/iframe><\/p>","protected":false},"excerpt":{"rendered":"<p>Horari Horari lectiu: Torn mat\u00ed de 08:45h a 15:15h: ESO, Batxillerat, PFI Auxiliar sanitari, CFGM de Gesti\u00f3 administrativa i Sistemes microinform\u00e0tics, CFGM Atenci\u00f3 a la depend\u00e8ncia i Cures Auxiliars d\u2019infermeria, CFGM Instal\u00b7lacions el\u00e8ctriques i autom\u00e0tiques. Torn de tarda de 15:20 a 21:10h: CFGS Sistemes electr\u00f2nics i automatitzats i CFGS d\u2019Administraci\u00f3 i finances, CFDM Emerg\u00e8ncies sanit\u00e0ries [&hellip;]<\/p>\n","protected":false},"author":1,"featured_media":0,"parent":19,"menu_order":1,"comment_status":"closed","ping_status":"closed","template":"page-templates\/side-menu.php","meta":{"_bbp_topic_count":0,"_bbp_reply_count":0,"_bbp_total_topic_count":0,"_bbp_total_reply_count":0,"_bbp_voice_count":0,"_bbp_anonymous_reply_count":0,"_bbp_topic_count_hidden":0,"_bbp_reply_count_hidden":0,"_bbp_forum_subforum_count":0,"site-sidebar-layout":"default","site-content-layout":"","ast-site-content-layout":"","site-content-style":"default","site-sidebar-style":"default","ast-global-header-display":"","ast-banner-title-visibility":"","ast-main-header-display":"","ast-hfb-above-header-display":"","ast-hfb-below-header-display":"","ast-hfb-mobile-header-display":"","site-post-title":"","ast-breadcrumbs-content":"","ast-featured-img":"","footer-sml-layout":"","theme-transparent-header-meta":"","adv-header-id-meta":"","stick-header-meta":"","header-above-stick-meta":"","header-main-stick-meta":"","header-below-stick-meta":"","astra-migrate-meta-layouts":"default","ast-page-background-enabled":"default","ast-page-background-meta":{"desktop":{"background-color":"var(--ast-global-color-4)","background-image":"","background-repeat":"repeat","background-position":"center center","background-size":"auto","background-attachment":"scroll","background-type":"","background-media":"","overlay-type":"","overlay-color":"","overlay-opacity":"","overlay-gradient":""},"tablet":{"background-color":"","background-image":"","background-repeat":"repeat","background-position":"center center","background-size":"auto","background-attachment":"scroll","background-type":"","background-media":"","overlay-type":"","overlay-color":"","overlay-opacity":"","overlay-gradient":""},"mobile":{"background-color":"","background-image":"","background-repeat":"repeat","background-position":"center center","background-size":"auto","background-attachment":"scroll","background-type":"","background-media":"","overlay-type":"","overlay-color":"","overlay-opacity":"","overlay-gradient":""}},"ast-content-background-meta":{"desktop":{"background-color":"var(--ast-global-color-5)","background-image":"","background-repeat":"repeat","background-position":"center center","background-size":"auto","background-attachment":"scroll","background-type":"","background-media":"","overlay-type":"","overlay-color":"","overlay-opacity":"","overlay-gradient":""},"tablet":{"background-color":"var(--ast-global-color-5)","background-image":"","background-repeat":"repeat","background-position":"center center","background-size":"auto","background-attachment":"scroll","background-type":"","background-media":"","overlay-type":"","overlay-color":"","overlay-opacity":"","overlay-gradient":""},"mobile":{"background-color":"var(--ast-global-color-5)","background-image":"","background-repeat":"repeat","background-position":"center center","background-size":"auto","background-attachment":"scroll","background-type":"","background-media":"","overlay-type":"","overlay-color":"","overlay-opacity":"","overlay-gradient":""}},"footnotes":""},"class_list":["post-21","page","type-page","status-publish","hentry"],"post_mailing_queue_ids":[],"_links":{"self":[{"href":"https:\/\/agora.xtec.cat\/iestremp\/wp-json\/wp\/v2\/pages\/21","targetHints":{"allow":["GET"]}}],"collection":[{"href":"https:\/\/agora.xtec.cat\/iestremp\/wp-json\/wp\/v2\/pages"}],"about":[{"href":"https:\/\/agora.xtec.cat\/iestremp\/wp-json\/wp\/v2\/types\/page"}],"author":[{"embeddable":true,"href":"https:\/\/agora.xtec.cat\/iestremp\/wp-json\/wp\/v2\/users\/1"}],"replies":[{"embeddable":true,"href":"https:\/\/agora.xtec.cat\/iestremp\/wp-json\/wp\/v2\/comments?post=21"}],"version-history":[{"count":6,"href":"https:\/\/agora.xtec.cat\/iestremp\/wp-json\/wp\/v2\/pages\/21\/revisions"}],"predecessor-version":[{"id":13583,"href":"https:\/\/agora.xtec.cat\/iestremp\/wp-json\/wp\/v2\/pages\/21\/revisions\/13583"}],"up":[{"embeddable":true,"href":"https:\/\/agora.xtec.cat\/iestremp\/wp-json\/wp\/v2\/pages\/19"}],"wp:attachment":[{"href":"https:\/\/agora.xtec.cat\/iestremp\/wp-json\/wp\/v2\/media?parent=21"}],"curies":[{"name":"wp","href":"https:\/\/api.w.org\/{rel}","templated":true}]}}