{"id":14209,"date":"2026-04-13T17:49:35","date_gmt":"2026-04-13T15:49:35","guid":{"rendered":"https:\/\/agora.xtec.cat\/iestremp\/?page_id=14209"},"modified":"2026-04-13T18:07:04","modified_gmt":"2026-04-13T16:07:04","slug":"preinscripcio-i-matricula-ife","status":"publish","type":"page","link":"https:\/\/agora.xtec.cat\/iestremp\/preinscripcio-i-matricula-ife\/","title":{"rendered":"Preinscripci\u00f3 i matr\u00edcula\u00a0IFE"},"content":{"rendered":"\n<h3 class=\"wp-block-heading\">Requisits d&#8217;acc\u00e9s<\/h3>\n\n\n\n<p>Poden accedir als<strong> itineraris formatius espec\u00edfics<\/strong> (IFE) els joves amb necessitats educatives especials associades a discapacitat intel\u00b7lectual lleu o moderada, incl\u00f2s el trastorn de l\u2019espectre de l\u2019autisme (TEA), que tinguin entre 16 i 20 anys durant l\u2019any natural d\u2019inici de l\u2019itinerari.<\/p>\n\n\n\n<p>L\u2019acc\u00e9s es pot fer tant amb el graduat en educaci\u00f3 secund\u00e0ria obligat\u00f2ria (ESO) com sense.<\/p>\n\n\n\n<h3 class=\"wp-block-heading\">Oferta formativa del centre<\/h3>\n\n\n\n<p>Al nostre centre oferim l\u2019IFE d\u2019<strong>Auxiliar de vendes i atenci\u00f3 al p\u00fablic<\/strong>, amb una durada de&nbsp;<strong>4 cursos acad\u00e8mics<\/strong>.<\/p>\n\n\n\n<h3 class=\"wp-block-heading\">Calendari<\/h3>\n\n\n\n<ul class=\"wp-block-list\">\n<li><strong>Preinscripci\u00f3:<\/strong>&nbsp;de l\u201911 al 22 de maig<\/li>\n\n\n\n<li><strong>Matr\u00edcula:<\/strong>&nbsp;del 19 al 26 de juny<\/li>\n<\/ul>\n\n\n\n<p>La preinscripci\u00f3 s\u2019ha de formalitzar&nbsp;<strong>presencialment al centre<\/strong>.<\/p>\n\n\n\n<h3 class=\"wp-block-heading\">Documentaci\u00f3 a presentar<\/h3>\n\n\n\n<p>En tots els casos, cal presentar dins del termini establert:<\/p>\n\n\n\n<ul class=\"wp-block-list\">\n<li>DNI, NIE o passaport vigent. En el cas d\u2019estrangers comunitaris, document d\u2019identitat del pa\u00eds d\u2019origen.<\/li>\n\n\n\n<li>Dictamen d\u2019escolaritzaci\u00f3 o informe de reconeixement de necessitats educatives especials em\u00e8s per l\u2019Equip d\u2019Assessorament i Orientaci\u00f3 Psicopedag\u00f2gica (EAP), on consti la condici\u00f3 d\u2019alumne amb necessitats educatives especials associades a discapacitat intel\u00b7lectual lleu o moderada.<\/li>\n<\/ul>\n\n\n\n<h4 class=\"wp-block-heading\">Documentaci\u00f3 addicional per a menors d\u2019edat<\/h4>\n\n\n\n<p>Si la persona sol\u00b7licitant \u00e9s menor d\u2019edat, tamb\u00e9 cal aportar:<\/p>\n\n\n\n<ul class=\"wp-block-list\">\n<li>Certificaci\u00f3 electr\u00f2nica de la inscripci\u00f3 de naixement, llibre de fam\u00edlia o altres documents de filiaci\u00f3. En cas d\u2019acolliment, la resoluci\u00f3 corresponent del Departament de Drets Socials.<\/li>\n\n\n\n<li>DNI de la persona sol\u00b7licitant (pare, mare, tutor\/a o guardador\/a de fet). Si \u00e9s estrangera, targeta de resid\u00e8ncia amb NIE o passaport. En el cas de ciutadans comunitaris, document d\u2019identitat del pa\u00eds membre de la Uni\u00f3 Europea.<\/li>\n<\/ul>\n\n\n\n<p>Per m\u00e9s informaci\u00f3 sobre la preinscripci\u00f3 i matr\u00edcula podeu consultar aquest web:\u00a0<a href=\"https:\/\/preinscripcio.gencat.cat\/ca\/estudis\/ife\/inici\/\" target=\"_blank\" rel=\"noreferrer noopener\">https:\/\/preinscripcio.gencat.cat\/ca\/estudis\/ife\/inici\/<\/a><\/p>\n\n\n\n<p>Per m\u00e9s informaci\u00f3 sobre l&#8217;ensenyament podeu consultar aquest web: <a href=\"https:\/\/repositori.educacio.gencat.cat\/bitstream\/handle\/20.500.12694\/1768\/ife_cm01_ca_2021.pdf?sequence=1&amp;isAllowed=y\">https:\/\/repositori.educacio.gencat.cat\/bitstream\/handle\/20.500.12694\/1768\/ife_cm01_ca_2021.pdf?sequence=1&amp;isAllowed=y<\/a><\/p>\n\n\n\n<p><\/p>\n","protected":false},"excerpt":{"rendered":"<p>Requisits d&#8217;acc\u00e9s Poden accedir als itineraris formatius espec\u00edfics (IFE) els joves amb necessitats educatives especials associades a discapacitat intel\u00b7lectual lleu o moderada, incl\u00f2s el trastorn de l\u2019espectre de l\u2019autisme (TEA), que tinguin entre 16 i 20 anys durant l\u2019any natural d\u2019inici de l\u2019itinerari. L\u2019acc\u00e9s es pot fer tant amb el graduat en educaci\u00f3 secund\u00e0ria obligat\u00f2ria [&hellip;]<\/p>\n","protected":false},"author":4,"featured_media":0,"parent":0,"menu_order":0,"comment_status":"closed","ping_status":"close","template":"","meta":{"_bbp_topic_count":0,"_bbp_reply_count":0,"_bbp_total_topic_count":0,"_bbp_total_reply_count":0,"_bbp_voice_count":0,"_bbp_anonymous_reply_count":0,"_bbp_topic_count_hidden":0,"_bbp_reply_count_hidden":0,"_bbp_forum_subforum_count":0,"site-sidebar-layout":"default","site-content-layout":"","ast-site-content-layout":"default","site-content-style":"default","site-sidebar-style":"default","ast-global-header-display":"","ast-banner-title-visibility":"","ast-main-header-display":"","ast-hfb-above-header-display":"","ast-hfb-below-header-display":"","ast-hfb-mobile-header-display":"","site-post-title":"","ast-breadcrumbs-content":"","ast-featured-img":"","footer-sml-layout":"","theme-transparent-header-meta":"","adv-header-id-meta":"","stick-header-meta":"","header-above-stick-meta":"","header-main-stick-meta":"","header-below-stick-meta":"","astra-migrate-meta-layouts":"set","ast-page-background-enabled":"default","ast-page-background-meta":{"desktop":{"background-color":"var(--ast-global-color-4)","background-image":"","background-repeat":"repeat","background-position":"center center","background-size":"auto","background-attachment":"scroll","background-type":"","background-media":"","overlay-type":"","overlay-color":"","overlay-opacity":"","overlay-gradient":""},"tablet":{"background-color":"","background-image":"","background-repeat":"repeat","background-position":"center center","background-size":"auto","background-attachment":"scroll","background-type":"","background-media":"","overlay-type":"","overlay-color":"","overlay-opacity":"","overlay-gradient":""},"mobile":{"background-color":"","background-image":"","background-repeat":"repeat","background-position":"center center","background-size":"auto","background-attachment":"scroll","background-type":"","background-media":"","overlay-type":"","overlay-color":"","overlay-opacity":"","overlay-gradient":""}},"ast-content-background-meta":{"desktop":{"background-color":"var(--ast-global-color-5)","background-image":"","background-repeat":"repeat","background-position":"center center","background-size":"auto","background-attachment":"scroll","background-type":"","background-media":"","overlay-type":"","overlay-color":"","overlay-opacity":"","overlay-gradient":""},"tablet":{"background-color":"var(--ast-global-color-5)","background-image":"","background-repeat":"repeat","background-position":"center center","background-size":"auto","background-attachment":"scroll","background-type":"","background-media":"","overlay-type":"","overlay-color":"","overlay-opacity":"","overlay-gradient":""},"mobile":{"background-color":"var(--ast-global-color-5)","background-image":"","background-repeat":"repeat","background-position":"center center","background-size":"auto","background-attachment":"scroll","background-type":"","background-media":"","overlay-type":"","overlay-color":"","overlay-opacity":"","overlay-gradient":""}},"footnotes":""},"class_list":["post-14209","page","type-page","status-publish","hentry"],"post_mailing_queue_ids":[],"_links":{"self":[{"href":"https:\/\/agora.xtec.cat\/iestremp\/wp-json\/wp\/v2\/pages\/14209","targetHints":{"allow":["GET"]}}],"collection":[{"href":"https:\/\/agora.xtec.cat\/iestremp\/wp-json\/wp\/v2\/pages"}],"about":[{"href":"https:\/\/agora.xtec.cat\/iestremp\/wp-json\/wp\/v2\/types\/page"}],"author":[{"embeddable":true,"href":"https:\/\/agora.xtec.cat\/iestremp\/wp-json\/wp\/v2\/users\/4"}],"replies":[{"embeddable":true,"href":"https:\/\/agora.xtec.cat\/iestremp\/wp-json\/wp\/v2\/comments?post=14209"}],"version-history":[{"count":3,"href":"https:\/\/agora.xtec.cat\/iestremp\/wp-json\/wp\/v2\/pages\/14209\/revisions"}],"predecessor-version":[{"id":14216,"href":"https:\/\/agora.xtec.cat\/iestremp\/wp-json\/wp\/v2\/pages\/14209\/revisions\/14216"}],"wp:attachment":[{"href":"https:\/\/agora.xtec.cat\/iestremp\/wp-json\/wp\/v2\/media?parent=14209"}],"curies":[{"name":"wp","href":"https:\/\/api.w.org\/{rel}","templated":true}]}}