{"id":13714,"date":"2025-03-23T11:05:50","date_gmt":"2025-03-23T10:05:50","guid":{"rendered":"https:\/\/agora.xtec.cat\/iestremp\/?page_id=13714"},"modified":"2026-03-25T19:28:22","modified_gmt":"2026-03-25T18:28:22","slug":"transparencia","status":"publish","type":"page","link":"https:\/\/agora.xtec.cat\/iestremp\/transparencia\/","title":{"rendered":"Transpar\u00e8ncia"},"content":{"rendered":"\n<p>Aquest apartat, d&#8217;acord amb el que disposa la Llei 19\/2014, de 29 de desembre, de transpar\u00e8ncia, acc\u00e9s a la informaci\u00f3 p\u00fablica i bon govern, t\u00e9 per objecte ampliar i refor\u00e7ar la transpar\u00e8ncia de les activitats de l&#8217;Institut de Tremp.<\/p>\n\n\n\n<h2 class=\"wp-block-heading\">Acords del Consell Escolar<\/h2>\n\n\n\n<ul class=\"wp-block-list\">\n<li><a href=\"https:\/\/agora.xtec.cat\/iestremp\/wp-content\/uploads\/usu1880\/2025\/03\/Institut-de-Tremp-Acta-de-Reunio-Consell-Escolar-07-10-24.pdf\">Acta de Reunio Consell Escolar 07-10-24.<\/a><\/li>\n\n\n\n<li><a href=\"https:\/\/agora.xtec.cat\/iestremp\/wp-content\/uploads\/usu1880\/2025\/03\/Institut-de-Tremp-Acta-de-Reunio-Consell-Escolar-29-01-25.pdf\">Acta de Reunio Consell Escolar 29-01-25<\/a><\/li>\n\n\n\n<li><a href=\"https:\/\/agora.xtec.cat\/iestremp\/wp-content\/uploads\/usu1880\/2025\/07\/Acta-de-reunio-Consell-Escolar-26-06-25.pdf\" data-type=\"attachment\" data-id=\"14045\">Acta de Reuni\u00f3 Consell Escolar 26-06-25<\/a><\/li>\n\n\n\n<li><a href=\"https:\/\/drive.google.com\/file\/d\/1Gpsf-3lEcXVKOh88Z5Vg74EWte2oQsph\/view?usp=sharing\">Acta de Reuni\u00f3 Consell Escolar 01-09-25<\/a><\/li>\n\n\n\n<li><a href=\"https:\/\/drive.google.com\/file\/d\/1k3ir98KWGQywLDWNg6XRhvCBTquXMcrj\/view?usp=sharing\">Acta de Reuni\u00f3 Consell Escolar 06-10-25<\/a><\/li>\n\n\n\n<li><a href=\"https:\/\/drive.google.com\/file\/d\/1mhJv7gZzOa6TOoXkvsdk2Dq3_T0SK1Ix\/view?usp=sharing\">Acta de Reuni\u00f3 Consell Escolar 26-11-25<\/a><\/li>\n\n\n\n<li><a href=\"https:\/\/drive.google.com\/file\/d\/1OISupspuzfzMJU1sKElPB-pSeKxwWtlX\/view?usp=sharing\">Acta de Reuni\u00f3 Consell Escolar 26-01-26<\/a><\/li>\n<\/ul>\n\n\n\n<h2 class=\"wp-block-heading\">Article 9 b) de la llei 19\/2014: Perfils professionals Equip Directiu<\/h2>\n\n\n\n<ul class=\"wp-block-list\">\n<li><a href=\"https:\/\/agora.xtec.cat\/iestremp\/wp-content\/uploads\/usu1880\/2025\/03\/CV-Rebeca-Escales.pdf\">Directora<\/a><\/li>\n\n\n\n<li><a href=\"https:\/\/agora.xtec.cat\/iestremp\/wp-content\/uploads\/usu1880\/2025\/03\/CV-Marina-Marsa.pdf\">Secret\u00e0ria<\/a><\/li>\n\n\n\n<li><a href=\"https:\/\/agora.xtec.cat\/iestremp\/wp-content\/uploads\/usu1880\/2025\/03\/CV-Borja-Llaser.pdf\">Cap d&#8217;estudis Eso i Batxillerat<\/a><\/li>\n\n\n\n<li><a href=\"https:\/\/drive.google.com\/file\/d\/1R3UY8NtKDojHvGvgJIQHupzUDcYq4TrJ\/view?usp=sharing\">Cap d&#8217;estudis Formaci\u00f3 Professional<\/a><\/li>\n\n\n\n<li><a href=\"https:\/\/agora.xtec.cat\/iestremp\/wp-content\/uploads\/usu1880\/2025\/03\/CV-Victor-Morato.pdf\">Administraci\u00f3<\/a><\/li>\n<\/ul>\n\n\n\n<p><\/p>\n","protected":false},"excerpt":{"rendered":"<p>Aquest apartat, d&#8217;acord amb el que disposa la Llei 19\/2014, de 29 de desembre, de transpar\u00e8ncia, acc\u00e9s a la informaci\u00f3 p\u00fablica i bon govern, t\u00e9 per objecte ampliar i refor\u00e7ar la transpar\u00e8ncia de les activitats de l&#8217;Institut de Tremp. Acords del Consell Escolar Article 9 b) de la llei 19\/2014: Perfils professionals Equip Directiu<\/p>\n","protected":false},"author":4,"featured_media":0,"parent":0,"menu_order":0,"comment_status":"closed","ping_status":"close","template":"","meta":{"_bbp_topic_count":0,"_bbp_reply_count":0,"_bbp_total_topic_count":0,"_bbp_total_reply_count":0,"_bbp_voice_count":0,"_bbp_anonymous_reply_count":0,"_bbp_topic_count_hidden":0,"_bbp_reply_count_hidden":0,"_bbp_forum_subforum_count":0,"site-sidebar-layout":"default","site-content-layout":"","ast-site-content-layout":"default","site-content-style":"default","site-sidebar-style":"default","ast-global-header-display":"","ast-banner-title-visibility":"","ast-main-header-display":"","ast-hfb-above-header-display":"","ast-hfb-below-header-display":"","ast-hfb-mobile-header-display":"","site-post-title":"","ast-breadcrumbs-content":"","ast-featured-img":"","footer-sml-layout":"","theme-transparent-header-meta":"","adv-header-id-meta":"","stick-header-meta":"","header-above-stick-meta":"","header-main-stick-meta":"","header-below-stick-meta":"","astra-migrate-meta-layouts":"set","ast-page-background-enabled":"default","ast-page-background-meta":{"desktop":{"background-color":"var(--ast-global-color-4)","background-image":"","background-repeat":"repeat","background-position":"center center","background-size":"auto","background-attachment":"scroll","background-type":"","background-media":"","overlay-type":"","overlay-color":"","overlay-opacity":"","overlay-gradient":""},"tablet":{"background-color":"","background-image":"","background-repeat":"repeat","background-position":"center center","background-size":"auto","background-attachment":"scroll","background-type":"","background-media":"","overlay-type":"","overlay-color":"","overlay-opacity":"","overlay-gradient":""},"mobile":{"background-color":"","background-image":"","background-repeat":"repeat","background-position":"center center","background-size":"auto","background-attachment":"scroll","background-type":"","background-media":"","overlay-type":"","overlay-color":"","overlay-opacity":"","overlay-gradient":""}},"ast-content-background-meta":{"desktop":{"background-color":"var(--ast-global-color-5)","background-image":"","background-repeat":"repeat","background-position":"center center","background-size":"auto","background-attachment":"scroll","background-type":"","background-media":"","overlay-type":"","overlay-color":"","overlay-opacity":"","overlay-gradient":""},"tablet":{"background-color":"var(--ast-global-color-5)","background-image":"","background-repeat":"repeat","background-position":"center center","background-size":"auto","background-attachment":"scroll","background-type":"","background-media":"","overlay-type":"","overlay-color":"","overlay-opacity":"","overlay-gradient":""},"mobile":{"background-color":"var(--ast-global-color-5)","background-image":"","background-repeat":"repeat","background-position":"center center","background-size":"auto","background-attachment":"scroll","background-type":"","background-media":"","overlay-type":"","overlay-color":"","overlay-opacity":"","overlay-gradient":""}},"footnotes":""},"class_list":["post-13714","page","type-page","status-publish","hentry"],"post_mailing_queue_ids":[],"_links":{"self":[{"href":"https:\/\/agora.xtec.cat\/iestremp\/wp-json\/wp\/v2\/pages\/13714","targetHints":{"allow":["GET"]}}],"collection":[{"href":"https:\/\/agora.xtec.cat\/iestremp\/wp-json\/wp\/v2\/pages"}],"about":[{"href":"https:\/\/agora.xtec.cat\/iestremp\/wp-json\/wp\/v2\/types\/page"}],"author":[{"embeddable":true,"href":"https:\/\/agora.xtec.cat\/iestremp\/wp-json\/wp\/v2\/users\/4"}],"replies":[{"embeddable":true,"href":"https:\/\/agora.xtec.cat\/iestremp\/wp-json\/wp\/v2\/comments?post=13714"}],"version-history":[{"count":6,"href":"https:\/\/agora.xtec.cat\/iestremp\/wp-json\/wp\/v2\/pages\/13714\/revisions"}],"predecessor-version":[{"id":14200,"href":"https:\/\/agora.xtec.cat\/iestremp\/wp-json\/wp\/v2\/pages\/13714\/revisions\/14200"}],"wp:attachment":[{"href":"https:\/\/agora.xtec.cat\/iestremp\/wp-json\/wp\/v2\/media?parent=13714"}],"curies":[{"name":"wp","href":"https:\/\/api.w.org\/{rel}","templated":true}]}}