{"id":13709,"date":"2025-03-23T10:51:22","date_gmt":"2025-03-23T09:51:22","guid":{"rendered":"https:\/\/agora.xtec.cat\/iestremp\/?page_id=13709"},"modified":"2025-03-23T11:47:03","modified_gmt":"2025-03-23T10:47:03","slug":"criteris-dhomologacio-de-proveidors","status":"publish","type":"page","link":"https:\/\/agora.xtec.cat\/iestremp\/criteris-dhomologacio-de-proveidors\/","title":{"rendered":"Criteris d\u2019homologaci\u00f3 de prove\u00efdors"},"content":{"rendered":"\n<p><a><\/a> Us informem que per formar part de la nostra base de prove\u00efdors cal una avaluaci\u00f3 pr\u00e8via en base als seg\u00fcents aspectes:<\/p>\n\n\n\n<ol class=\"wp-block-list\">\n<li>Solv\u00e8ncia t\u00e8cnica i capacitat per complir els requisits de les comandes dels productes o dels serveis sol\u00b7licitats.<\/li>\n\n\n\n<li>Informacions p\u00fabliques que estiguin disponibles, per refer\u00e8ncies obtingudes d\u2019altres institucions o empreses en les que es mantingui una relaci\u00f3, i, en la mesura del possible, per la informaci\u00f3 directa.<\/li>\n\n\n\n<li>Certificaci\u00f3 en sistema de qualitat tramitat per una empresa independent.<\/li>\n\n\n\n<li>Per acceptar a un nou prove\u00efdor ser\u00e0 necessari que efectu\u00ef una primera comanda de prova, i que sigui satisfact\u00f2ria.<\/li>\n<\/ol>\n\n\n\n<p>Aquests aspectes es sintetitzen en els seg\u00fcents <strong>criteris d\u2019homologaci\u00f3 de prove\u00efdors<\/strong>:<\/p>\n\n\n\n<ol class=\"wp-block-list\">\n<li>Preus i condicions econ\u00f2miques <em>(En refer\u00e8ncia a d\u2019altres prove\u00efdors).<\/em><\/li>\n\n\n\n<li>Facilitat compra <em>(Proximitat f\u00edsica o accessibilitat telef\u00f2nica, e-mail, fax).<\/em><\/li>\n\n\n\n<li>Atenci\u00f3 al client <em>(Inclou servei post-venda).<\/em><\/li>\n\n\n\n<li>Qualitat productes o serveis <em>(Experi\u00e8ncia pr\u00e8via amb el centre o experi\u00e8ncia amb altres entitats similars).<\/em><\/li>\n<\/ol>\n\n\n\n<p>Cadascun d\u2019aquests criteris es puntuar\u00e0 sobre 10 i la puntuaci\u00f3 total m\u00ednima per obtenir l\u2019homologaci\u00f3 ser\u00e0 de 20 punts. A m\u00e9s, es considerar\u00e0 favorablement el fet que el prove\u00efdor disposi d\u2019un sistema de qualitat certificat per un organisme o empresa independent.<\/p>\n\n\n\n<p>Anualment es realitza una revisi\u00f3 de l\u2019avaluaci\u00f3 de tots els prove\u00efdors per valorar-ne la<br>idone\u00eftat.<\/p>\n","protected":false},"excerpt":{"rendered":"<p>Us informem que per formar part de la nostra base de prove\u00efdors cal una avaluaci\u00f3 pr\u00e8via en base als seg\u00fcents aspectes: Aquests aspectes es sintetitzen en els seg\u00fcents criteris d\u2019homologaci\u00f3 de prove\u00efdors: Cadascun d\u2019aquests criteris es puntuar\u00e0 sobre 10 i la puntuaci\u00f3 total m\u00ednima per obtenir l\u2019homologaci\u00f3 ser\u00e0 de 20 punts. A m\u00e9s, es considerar\u00e0 [&hellip;]<\/p>\n","protected":false},"author":4,"featured_media":0,"parent":0,"menu_order":0,"comment_status":"closed","ping_status":"close","template":"","meta":{"_bbp_topic_count":0,"_bbp_reply_count":0,"_bbp_total_topic_count":0,"_bbp_total_reply_count":0,"_bbp_voice_count":0,"_bbp_anonymous_reply_count":0,"_bbp_topic_count_hidden":0,"_bbp_reply_count_hidden":0,"_bbp_forum_subforum_count":0,"site-sidebar-layout":"default","site-content-layout":"","ast-site-content-layout":"","site-content-style":"default","site-sidebar-style":"default","ast-global-header-display":"","ast-banner-title-visibility":"","ast-main-header-display":"","ast-hfb-above-header-display":"","ast-hfb-below-header-display":"","ast-hfb-mobile-header-display":"","site-post-title":"","ast-breadcrumbs-content":"","ast-featured-img":"","footer-sml-layout":"","theme-transparent-header-meta":"","adv-header-id-meta":"","stick-header-meta":"","header-above-stick-meta":"","header-main-stick-meta":"","header-below-stick-meta":"","astra-migrate-meta-layouts":"default","ast-page-background-enabled":"default","ast-page-background-meta":{"desktop":{"background-color":"var(--ast-global-color-4)","background-image":"","background-repeat":"repeat","background-position":"center center","background-size":"auto","background-attachment":"scroll","background-type":"","background-media":"","overlay-type":"","overlay-color":"","overlay-opacity":"","overlay-gradient":""},"tablet":{"background-color":"","background-image":"","background-repeat":"repeat","background-position":"center center","background-size":"auto","background-attachment":"scroll","background-type":"","background-media":"","overlay-type":"","overlay-color":"","overlay-opacity":"","overlay-gradient":""},"mobile":{"background-color":"","background-image":"","background-repeat":"repeat","background-position":"center center","background-size":"auto","background-attachment":"scroll","background-type":"","background-media":"","overlay-type":"","overlay-color":"","overlay-opacity":"","overlay-gradient":""}},"ast-content-background-meta":{"desktop":{"background-color":"var(--ast-global-color-5)","background-image":"","background-repeat":"repeat","background-position":"center center","background-size":"auto","background-attachment":"scroll","background-type":"","background-media":"","overlay-type":"","overlay-color":"","overlay-opacity":"","overlay-gradient":""},"tablet":{"background-color":"var(--ast-global-color-5)","background-image":"","background-repeat":"repeat","background-position":"center center","background-size":"auto","background-attachment":"scroll","background-type":"","background-media":"","overlay-type":"","overlay-color":"","overlay-opacity":"","overlay-gradient":""},"mobile":{"background-color":"var(--ast-global-color-5)","background-image":"","background-repeat":"repeat","background-position":"center center","background-size":"auto","background-attachment":"scroll","background-type":"","background-media":"","overlay-type":"","overlay-color":"","overlay-opacity":"","overlay-gradient":""}},"footnotes":""},"class_list":["post-13709","page","type-page","status-publish","hentry"],"post_mailing_queue_ids":[],"_links":{"self":[{"href":"https:\/\/agora.xtec.cat\/iestremp\/wp-json\/wp\/v2\/pages\/13709","targetHints":{"allow":["GET"]}}],"collection":[{"href":"https:\/\/agora.xtec.cat\/iestremp\/wp-json\/wp\/v2\/pages"}],"about":[{"href":"https:\/\/agora.xtec.cat\/iestremp\/wp-json\/wp\/v2\/types\/page"}],"author":[{"embeddable":true,"href":"https:\/\/agora.xtec.cat\/iestremp\/wp-json\/wp\/v2\/users\/4"}],"replies":[{"embeddable":true,"href":"https:\/\/agora.xtec.cat\/iestremp\/wp-json\/wp\/v2\/comments?post=13709"}],"version-history":[{"count":1,"href":"https:\/\/agora.xtec.cat\/iestremp\/wp-json\/wp\/v2\/pages\/13709\/revisions"}],"predecessor-version":[{"id":13711,"href":"https:\/\/agora.xtec.cat\/iestremp\/wp-json\/wp\/v2\/pages\/13709\/revisions\/13711"}],"wp:attachment":[{"href":"https:\/\/agora.xtec.cat\/iestremp\/wp-json\/wp\/v2\/media?parent=13709"}],"curies":[{"name":"wp","href":"https:\/\/api.w.org\/{rel}","templated":true}]}}