{"id":13493,"date":"2024-12-13T10:40:35","date_gmt":"2024-12-13T09:40:35","guid":{"rendered":"https:\/\/agora.xtec.cat\/iestremp\/?page_id=13493"},"modified":"2025-01-12T21:31:50","modified_gmt":"2025-01-12T20:31:50","slug":"servei-dorientacio","status":"publish","type":"page","link":"https:\/\/agora.xtec.cat\/iestremp\/ex-alumnes\/servei-dorientacio\/","title":{"rendered":"Servei d&#8217;orientaci\u00f3"},"content":{"rendered":"\n<div class=\"emaillist\" id=\"es_form_f1-n1\"><form action=\"\/iestremp\/wp-json\/wp\/v2\/pages\/13493#es_form_f1-n1\" method=\"post\" class=\"es_subscription_form es_shortcode_form  es_ajax_subscription_form\" id=\"es_subscription_form_69e61003d6efe\" data-source=\"ig-es\" data-form-id=\"1\"><input type=\"hidden\" name=\"esfpx_form_id\" value=\"1\" \/><input type=\"hidden\" name=\"esfpx_lists[]\" value=\"dd1c3d1fa577\" \/><input type=\"hidden\" name=\"esfpx_lists[]\" value=\"7f5e87f35931\" \/><input type=\"hidden\" name=\"es\" value=\"subscribe\" \/>\n\t\t\t<input type=\"hidden\" name=\"esfpx_es_form_identifier\" value=\"f1-n1\" \/>\n\t\t\t<input type=\"hidden\" name=\"esfpx_es_email_page\" value=\"13493\" \/>\n\t\t\t<input type=\"hidden\" name=\"esfpx_es_email_page_url\" value=\"https:\/\/agora.xtec.cat\/iestremp\/ex-alumnes\/servei-dorientacio\/\" \/>\n\t\t\t<input type=\"hidden\" name=\"esfpx_status\" value=\"Unconfirmed\" \/>\n\t\t\t<input type=\"hidden\" name=\"esfpx_es-subscribe\" id=\"es-subscribe-69e61003d6efe\" value=\"f44123c68a\" \/>\n\t\t\t<label style=\"position:absolute;top:-99999px;left:-99999px;z-index:-99;\" aria-hidden=\"true\"><span hidden>Please leave this field empty.<\/span><input type=\"email\" name=\"esfpx_es_hp_email\" class=\"es_required_field\" tabindex=\"-1\" autocomplete=\"-1\" value=\"\" \/><\/label><style>form.es_subscription_form[data-form-id=\"1\"] * { box-sizing: border-box; } #i6ugl{icon-size:20px;line-height:0;font-size:14px;padding-top:10px;padding-bottom:50px;}form[data-form-id=\"1\"] .es-form-field-container .gjs-row{display:flex;justify-content:flex-start;align-items:stretch;flex-wrap:nowrap;}form[data-form-id=\"1\"] .es-form-field-container .gjs-cell{flex-grow:1;flex-basis:100%;}form[data-form-id=\"1\"] .es-form-field-container .gjs-cell[data-highlightable=\"1\"]:empty{border-top-width:1px;border-right-width:1px;border-bottom-width:1px;border-left-width:1px;border-top-style:dashed;border-right-style:dashed;border-bottom-style:dashed;border-left-style:dashed;border-top-color:rgb(204, 204, 204);border-right-color:rgb(204, 204, 204);border-bottom-color:rgb(204, 204, 204);border-left-color:rgb(204, 204, 204);border-image-source:initial;border-image-slice:initial;border-image-width:initial;border-image-outset:initial;border-image-repeat:initial;height:30px;}form[data-form-id=\"1\"] .es-form-field-container .gjs-row .gjs-cell input[type=\"checkbox\"], form[data-form-id=\"1\"] .es-form-field-container .gjs-row .gjs-cell input[type=\"radio\"]{margin-top:0px;margin-right:5px;margin-bottom:0px;margin-left:0px;width:auto;}form[data-form-id=\"1\"] .es-form-field-container .gjs-row{margin-bottom:0.6em;}form[data-form-id=\"1\"] .es-form-field-container label.es-field-label{display:block;}@media (max-width: 320px){form[data-form-id=\"1\"] .es-form-field-container{padding-top:1rem;padding-right:1rem;padding-bottom:1rem;padding-left:1rem;}}<\/style><div class=\"es-form-field-container\"><div class=\"gjs-row\"><div class=\"gjs-cell\"><p>Tens algun dubte sobre qu\u00e8 estudiar o com trobar feina? Al nostre centre disposem d&#039;un servei d&#039;orientaci\u00f3 acad\u00e8mica i professional. Deixa les teves dades i ens posarem en contacte amb tu.<\/p><label for=\"esfpx_name_d2f19c5d900f2\" class=\"es-field-label\">Nom<\/label><input type=\"text\" name=\"esfpx_name\" autocomplete=\"off\" placeholder=\"El teu nom\" class=\"es-name\" id=\"esfpx_name_d2f19c5d900f2\" \/><div class=\"gjs-row\"><div class=\"gjs-cell\"><label class=\"es-field-label\">Tel\u00e8fon<\/label><input type=\"text\" name=\"esfpx_name\" autocomplete=\"off\" placeholder=\"El teu tel\u00e8fon\" class=\"es-name\" \/><label for=\"esfpx_email_d2f19c5d900f2\" class=\"es-field-label\">Email<\/label><input type=\"email\" required class=\"es-email\" name=\"esfpx_email\" autocomplete=\"off\" placeholder=\"El teu email\" id=\"esfpx_email_d2f19c5d900f2\" \/><label class=\"es-field-label\">En qu\u00e8 et podem ajudar?<\/label><input type=\"text\" name=\"esfpx_name\" autocomplete=\"off\" placeholder=\"Explica'ns-ho aqu\u00ed\" class=\"es-name\" required id=\"i6ugl\" \/><\/div><\/div><\/div><\/div><input type=\"submit\" name=\"submit\" value=\"Envia\" \/><div class=\"gjs-row\"><\/div><div class=\"gjs-row\"><\/div><\/div><div class=\"gjs-row\"><div class=\"gjs-cell\"><\/div><\/div><span class=\"es_spinner_image\" id=\"spinner-image\"><img decoding=\"async\" src=\"https:\/\/agora.xtec.cat\/iestremp\/wp-content\/plugins\/email-subscribers\/lite\/public\/images\/spinner.gif\" alt=\"Loading\" \/><\/span><\/form><span class=\"es_subscription_message \" id=\"es_subscription_message_69e61003d6efe\" role=\"alert\" aria-live=\"assertive\"><\/span><\/div>\n","protected":false},"excerpt":{"rendered":"","protected":false},"author":5,"featured_media":0,"parent":13240,"menu_order":1,"comment_status":"closed","ping_status":"close","template":"page-templates\/side-menu.php","meta":{"_bbp_topic_count":0,"_bbp_reply_count":0,"_bbp_total_topic_count":0,"_bbp_total_reply_count":0,"_bbp_voice_count":0,"_bbp_anonymous_reply_count":0,"_bbp_topic_count_hidden":0,"_bbp_reply_count_hidden":0,"_bbp_forum_subforum_count":0,"site-sidebar-layout":"default","site-content-layout":"","ast-site-content-layout":"","site-content-style":"default","site-sidebar-style":"default","ast-global-header-display":"","ast-banner-title-visibility":"","ast-main-header-display":"","ast-hfb-above-header-display":"","ast-hfb-below-header-display":"","ast-hfb-mobile-header-display":"","site-post-title":"","ast-breadcrumbs-content":"","ast-featured-img":"","footer-sml-layout":"","theme-transparent-header-meta":"","adv-header-id-meta":"","stick-header-meta":"","header-above-stick-meta":"","header-main-stick-meta":"","header-below-stick-meta":"","astra-migrate-meta-layouts":"default","ast-page-background-enabled":"default","ast-page-background-meta":{"desktop":{"background-color":"var(--ast-global-color-4)","background-image":"","background-repeat":"repeat","background-position":"center center","background-size":"auto","background-attachment":"scroll","background-type":"","background-media":"","overlay-type":"","overlay-color":"","overlay-opacity":"","overlay-gradient":""},"tablet":{"background-color":"","background-image":"","background-repeat":"repeat","background-position":"center center","background-size":"auto","background-attachment":"scroll","background-type":"","background-media":"","overlay-type":"","overlay-color":"","overlay-opacity":"","overlay-gradient":""},"mobile":{"background-color":"","background-image":"","background-repeat":"repeat","background-position":"center center","background-size":"auto","background-attachment":"scroll","background-type":"","background-media":"","overlay-type":"","overlay-color":"","overlay-opacity":"","overlay-gradient":""}},"ast-content-background-meta":{"desktop":{"background-color":"var(--ast-global-color-5)","background-image":"","background-repeat":"repeat","background-position":"center center","background-size":"auto","background-attachment":"scroll","background-type":"","background-media":"","overlay-type":"","overlay-color":"","overlay-opacity":"","overlay-gradient":""},"tablet":{"background-color":"var(--ast-global-color-5)","background-image":"","background-repeat":"repeat","background-position":"center center","background-size":"auto","background-attachment":"scroll","background-type":"","background-media":"","overlay-type":"","overlay-color":"","overlay-opacity":"","overlay-gradient":""},"mobile":{"background-color":"var(--ast-global-color-5)","background-image":"","background-repeat":"repeat","background-position":"center center","background-size":"auto","background-attachment":"scroll","background-type":"","background-media":"","overlay-type":"","overlay-color":"","overlay-opacity":"","overlay-gradient":""}},"footnotes":""},"class_list":["post-13493","page","type-page","status-publish","hentry"],"post_mailing_queue_ids":[],"_links":{"self":[{"href":"https:\/\/agora.xtec.cat\/iestremp\/wp-json\/wp\/v2\/pages\/13493","targetHints":{"allow":["GET"]}}],"collection":[{"href":"https:\/\/agora.xtec.cat\/iestremp\/wp-json\/wp\/v2\/pages"}],"about":[{"href":"https:\/\/agora.xtec.cat\/iestremp\/wp-json\/wp\/v2\/types\/page"}],"author":[{"embeddable":true,"href":"https:\/\/agora.xtec.cat\/iestremp\/wp-json\/wp\/v2\/users\/5"}],"replies":[{"embeddable":true,"href":"https:\/\/agora.xtec.cat\/iestremp\/wp-json\/wp\/v2\/comments?post=13493"}],"version-history":[{"count":2,"href":"https:\/\/agora.xtec.cat\/iestremp\/wp-json\/wp\/v2\/pages\/13493\/revisions"}],"predecessor-version":[{"id":13571,"href":"https:\/\/agora.xtec.cat\/iestremp\/wp-json\/wp\/v2\/pages\/13493\/revisions\/13571"}],"up":[{"embeddable":true,"href":"https:\/\/agora.xtec.cat\/iestremp\/wp-json\/wp\/v2\/pages\/13240"}],"wp:attachment":[{"href":"https:\/\/agora.xtec.cat\/iestremp\/wp-json\/wp\/v2\/media?parent=13493"}],"curies":[{"name":"wp","href":"https:\/\/api.w.org\/{rel}","templated":true}]}}