{"id":13373,"date":"2024-11-08T10:11:09","date_gmt":"2024-11-08T09:11:09","guid":{"rendered":"https:\/\/agora.xtec.cat\/iestremp\/?page_id=13373"},"modified":"2025-11-20T09:34:34","modified_gmt":"2025-11-20T08:34:34","slug":"estategia-digital-de-centre","status":"publish","type":"page","link":"https:\/\/agora.xtec.cat\/iestremp\/projecte-educatiu\/estategia-digital-de-centre\/","title":{"rendered":"Estrat\u00e8gia digital de centre"},"content":{"rendered":"\n<p><strong>L&#8217;Estrat\u00e8gia Digital de Centre (EDC)<\/strong> t\u00e9 com a objectiu establir les l\u00ednies d&#8217;actuaci\u00f3 necess\u00e0ries perqu\u00e8 docents, alumnat i centre puguin assolir la compet\u00e8ncia digital de manera integral. Aquesta estrat\u00e8gia inclou tots els \u00e0mbits del centre, que es veuran implicats i, si cal, transformats, sota una perspectiva d&#8217;innovaci\u00f3 i millora cont\u00ednua. Els \u00e0mbits inclouen aspectes organitzatius, metodol\u00f2gics, curriculars i comunicatius.<\/p>\n\n\n\n<p><strong>Objectius de l&#8217;EDC<\/strong><\/p>\n\n\n\n<p>Els objectius de l&#8217;EDC es divideixen en cinc \u00e0mbits principals per tal d&#8217;assolir plenament la compet\u00e8ncia digital:<\/p>\n\n\n\n<ul class=\"wp-block-list\">\n<li>Assoliment de la compet\u00e8ncia digital de l&#8217;alumnat, el professorat i el centre.<\/li>\n\n\n\n<li>Planificaci\u00f3 estrat\u00e8gica i organitzaci\u00f3 per optimitzar recursos i processos digitals.<\/li>\n\n\n\n<li>Metodologies did\u00e0ctiques i innovaci\u00f3 per integrar noves formes d&#8217;aprenentatge.<\/li>\n\n\n\n<li>Inclusi\u00f3 digital i de g\u00e8nere per garantir l&#8217;equitat i l&#8217;accessibilitat.<\/li>\n\n\n\n<li>Seguretat i protecci\u00f3 de dades per assegurar un entorn digital segur.<\/li>\n<\/ul>\n\n\n\n<p>Per a m\u00e9s informaci\u00f3 detallada sobre l\u2019EDC podeu consultar el seu propi espai web&nbsp;<\/p>\n\n\n\n<ul class=\"wp-block-list\">\n<li><a href=\"https:\/\/sites.google.com\/iestremp.cat\/estratgia-digital-de-centre\/inici\">https:\/\/sites.google.com\/iestremp.cat\/estratgia-digital-de-centre\/inici<\/a><\/li>\n<\/ul>\n\n\n\n<p>o el document Estrat\u00e8gia Digital de Centre&nbsp;<\/p>\n\n\n\n<ul class=\"wp-block-list\">\n<li><a href=\"https:\/\/educacio.gencat.cat\/web\/.content\/home\/departament\/publicacions\/colleccions\/pla-educacio-digital\/estrategia-digital-centre\/estrategia-digital-centre.pdf\">https:\/\/educacio.gencat.cat\/web\/.content\/home\/departament\/publicacions\/colleccions\/pla-educacio-digital\/estrategia-digital-centre\/estrategia-digital-centre.pdf<\/a><\/li>\n<\/ul>\n","protected":false},"excerpt":{"rendered":"<p>L&#8217;Estrat\u00e8gia Digital de Centre (EDC) t\u00e9 com a objectiu establir les l\u00ednies d&#8217;actuaci\u00f3 necess\u00e0ries perqu\u00e8 docents, alumnat i centre puguin assolir la compet\u00e8ncia digital de manera integral. Aquesta estrat\u00e8gia inclou tots els \u00e0mbits del centre, que es veuran implicats i, si cal, transformats, sota una perspectiva d&#8217;innovaci\u00f3 i millora cont\u00ednua. Els \u00e0mbits inclouen aspectes organitzatius, [&hellip;]<\/p>\n","protected":false},"author":5,"featured_media":0,"parent":57,"menu_order":3,"comment_status":"closed","ping_status":"close","template":"","meta":{"_bbp_topic_count":0,"_bbp_reply_count":0,"_bbp_total_topic_count":0,"_bbp_total_reply_count":0,"_bbp_voice_count":0,"_bbp_anonymous_reply_count":0,"_bbp_topic_count_hidden":0,"_bbp_reply_count_hidden":0,"_bbp_forum_subforum_count":0,"site-sidebar-layout":"default","site-content-layout":"","ast-site-content-layout":"default","site-content-style":"default","site-sidebar-style":"default","ast-global-header-display":"","ast-banner-title-visibility":"","ast-main-header-display":"","ast-hfb-above-header-display":"","ast-hfb-below-header-display":"","ast-hfb-mobile-header-display":"","site-post-title":"","ast-breadcrumbs-content":"","ast-featured-img":"","footer-sml-layout":"","theme-transparent-header-meta":"","adv-header-id-meta":"","stick-header-meta":"","header-above-stick-meta":"","header-main-stick-meta":"","header-below-stick-meta":"","astra-migrate-meta-layouts":"set","ast-page-background-enabled":"default","ast-page-background-meta":{"desktop":{"background-color":"var(--ast-global-color-4)","background-image":"","background-repeat":"repeat","background-position":"center center","background-size":"auto","background-attachment":"scroll","background-type":"","background-media":"","overlay-type":"","overlay-color":"","overlay-opacity":"","overlay-gradient":""},"tablet":{"background-color":"","background-image":"","background-repeat":"repeat","background-position":"center center","background-size":"auto","background-attachment":"scroll","background-type":"","background-media":"","overlay-type":"","overlay-color":"","overlay-opacity":"","overlay-gradient":""},"mobile":{"background-color":"","background-image":"","background-repeat":"repeat","background-position":"center center","background-size":"auto","background-attachment":"scroll","background-type":"","background-media":"","overlay-type":"","overlay-color":"","overlay-opacity":"","overlay-gradient":""}},"ast-content-background-meta":{"desktop":{"background-color":"var(--ast-global-color-5)","background-image":"","background-repeat":"repeat","background-position":"center center","background-size":"auto","background-attachment":"scroll","background-type":"","background-media":"","overlay-type":"","overlay-color":"","overlay-opacity":"","overlay-gradient":""},"tablet":{"background-color":"var(--ast-global-color-5)","background-image":"","background-repeat":"repeat","background-position":"center center","background-size":"auto","background-attachment":"scroll","background-type":"","background-media":"","overlay-type":"","overlay-color":"","overlay-opacity":"","overlay-gradient":""},"mobile":{"background-color":"var(--ast-global-color-5)","background-image":"","background-repeat":"repeat","background-position":"center center","background-size":"auto","background-attachment":"scroll","background-type":"","background-media":"","overlay-type":"","overlay-color":"","overlay-opacity":"","overlay-gradient":""}},"footnotes":""},"class_list":["post-13373","page","type-page","status-publish","hentry"],"post_mailing_queue_ids":[],"_links":{"self":[{"href":"https:\/\/agora.xtec.cat\/iestremp\/wp-json\/wp\/v2\/pages\/13373","targetHints":{"allow":["GET"]}}],"collection":[{"href":"https:\/\/agora.xtec.cat\/iestremp\/wp-json\/wp\/v2\/pages"}],"about":[{"href":"https:\/\/agora.xtec.cat\/iestremp\/wp-json\/wp\/v2\/types\/page"}],"author":[{"embeddable":true,"href":"https:\/\/agora.xtec.cat\/iestremp\/wp-json\/wp\/v2\/users\/5"}],"replies":[{"embeddable":true,"href":"https:\/\/agora.xtec.cat\/iestremp\/wp-json\/wp\/v2\/comments?post=13373"}],"version-history":[{"count":2,"href":"https:\/\/agora.xtec.cat\/iestremp\/wp-json\/wp\/v2\/pages\/13373\/revisions"}],"predecessor-version":[{"id":14128,"href":"https:\/\/agora.xtec.cat\/iestremp\/wp-json\/wp\/v2\/pages\/13373\/revisions\/14128"}],"up":[{"embeddable":true,"href":"https:\/\/agora.xtec.cat\/iestremp\/wp-json\/wp\/v2\/pages\/57"}],"wp:attachment":[{"href":"https:\/\/agora.xtec.cat\/iestremp\/wp-json\/wp\/v2\/media?parent=13373"}],"curies":[{"name":"wp","href":"https:\/\/api.w.org\/{rel}","templated":true}]}}