{"id":13354,"date":"2024-10-25T10:46:37","date_gmt":"2024-10-25T08:46:37","guid":{"rendered":"https:\/\/agora.xtec.cat\/iestremp\/?page_id=13354"},"modified":"2025-01-24T10:37:18","modified_gmt":"2025-01-24T09:37:18","slug":"afa","status":"publish","type":"page","link":"https:\/\/agora.xtec.cat\/iestremp\/afa\/","title":{"rendered":"AFA"},"content":{"rendered":"\n<p>L&#8217;AFA \u00e9s l&#8217;Associaci\u00f3 de Fam\u00edlies d&#8217;Alumnes (anteriorment coneguda com AMPA). \u00c9s una organitzaci\u00f3 formada per les fam\u00edlies dels estudiants que t\u00e9 com a objectiu col\u00b7laborar amb el centre educatiu per millorar la qualitat de l&#8217;ensenyament i defensar els interessos dels alumnes i les seves fam\u00edlies.<\/p>\n\n\n\n<p>En el nostre centre s\u2019ha constitu\u00eft una AFA que s\u2019encarrega principalment de gestionar el banc de llibres de reutilitzaci\u00f3 per als alumnes de l\u2019ESO i Batxillerat. Les fam\u00edlies interessades en aquest servei s\u2019han de fer socies de l\u2019AFA.&nbsp;<\/p>\n\n\n\n<p>Per a m\u00e9s informaci\u00f3 consulteu les not\u00edcies publicades a la web referents al curs actual.<\/p>\n\n\n\n<p><strong>Per contactar amb l\u2019AFA:<\/strong><\/p>\n\n\n\n<p>Correu electr\u00f2nic: <a href=\"mailto:afa@iestremp.cat\">afa@iestremp.cat<\/a> <\/p>\n\n\n\n<p>Tel\u00e8fon: 699 459 811<\/p>\n\n\n\n<hr class=\"wp-block-separator has-alpha-channel-opacity\"\/>\n\n\n\n\t\t<div class=\"wp-block-getwid-recent-posts has-layout-grid has-cropped-images\">\n\t\t\t<div class=\"wp-block-getwid-recent-posts__wrapper getwid-columns getwid-columns-3\">\n\t\t\t\t\n<article id=\"post-4568\" class=\"wp-block-getwid-recent-posts__post\">\n    <div class=\"wp-block-getwid-recent-posts__post-wrapper\">\n                    <div class=\"wp-block-getwid-recent-posts__post-thumbnail\">\n                <a href=\"https:\/\/agora.xtec.cat\/iestremp\/general\/llistat-llibres-eso-1r-i-2n-batxillerat-curs-2025-2026\/\"><img loading=\"lazy\" decoding=\"async\" width=\"300\" height=\"150\" src=\"https:\/\/agora.xtec.cat\/iestremp\/wp-content\/uploads\/usu1880\/2023\/06\/llibres.jpg\" class=\"attachment-large size-large wp-post-image\" alt=\"Llistat llibres ESO, 1r i 2n Batxillerat i Cicles Formatius pel curs 2025\/26\" \/><\/a>\n            <\/div>\n                            <div class=\"wp-block-getwid-recent-posts__content-wrapper\">\n                                    <header class=\"wp-block-getwid-recent-posts__entry-header\">\n                                                    <h3 class=\"wp-block-getwid-recent-posts__post-title\"><a href=\"https:\/\/agora.xtec.cat\/iestremp\/general\/llistat-llibres-eso-1r-i-2n-batxillerat-curs-2025-2026\/\">Llistat llibres ESO, 1r i 2n Batxillerat i Cicles Formatius pel curs 2025\/26<\/a><\/h3>                                                                            <div class=\"wp-block-getwid-recent-posts__entry-meta\">\n                                                                    <span class=\"wp-block-getwid-recent-posts__post-date\">\n                                        <time datetime=\"2025-07-08T15:04:00+02:00\"><a href=\"https:\/\/agora.xtec.cat\/iestremp\/2025\/07\/08\/\">08\/07\/2025<\/a><\/time>\n                                    <\/span>\n                                                            <\/div>\n                                            <\/header>\n                                \n                            <\/div>\n            <\/div>\n<\/article>\n\n<article id=\"post-4600\" class=\"wp-block-getwid-recent-posts__post\">\n    <div class=\"wp-block-getwid-recent-posts__post-wrapper\">\n                    <div class=\"wp-block-getwid-recent-posts__post-thumbnail\">\n                <a href=\"https:\/\/agora.xtec.cat\/iestremp\/general\/programa-afa-banc-de-llibres-de-text-eso-i-batxillerat-curs-2025-2026\/\"><img loading=\"lazy\" decoding=\"async\" width=\"300\" height=\"200\" src=\"https:\/\/agora.xtec.cat\/iestremp\/wp-content\/uploads\/usu1880\/2021\/05\/banc_llibres-text.jpg\" class=\"attachment-large size-large wp-post-image\" alt=\"Programa AFA Banc de llibres de text ESO i Batxillerat curs 2025-2026\" \/><\/a>\n            <\/div>\n                            <div class=\"wp-block-getwid-recent-posts__content-wrapper\">\n                                    <header class=\"wp-block-getwid-recent-posts__entry-header\">\n                                                    <h3 class=\"wp-block-getwid-recent-posts__post-title\"><a href=\"https:\/\/agora.xtec.cat\/iestremp\/general\/programa-afa-banc-de-llibres-de-text-eso-i-batxillerat-curs-2025-2026\/\">Programa AFA Banc de llibres de text ESO i Batxillerat curs 2025-2026<\/a><\/h3>                                                                            <div class=\"wp-block-getwid-recent-posts__entry-meta\">\n                                                                    <span class=\"wp-block-getwid-recent-posts__post-date\">\n                                        <time datetime=\"2025-06-18T10:26:57+02:00\"><a href=\"https:\/\/agora.xtec.cat\/iestremp\/2025\/06\/18\/\">18\/06\/2025<\/a><\/time>\n                                    <\/span>\n                                                            <\/div>\n                                            <\/header>\n                                \n                            <\/div>\n            <\/div>\n<\/article>\n\n<article id=\"post-12954\" class=\"wp-block-getwid-recent-posts__post\">\n    <div class=\"wp-block-getwid-recent-posts__post-wrapper\">\n                    <div class=\"wp-block-getwid-recent-posts__post-thumbnail\">\n                <a href=\"https:\/\/agora.xtec.cat\/iestremp\/general\/llistat-llibres-de-text-2024-25\/\"><img loading=\"lazy\" decoding=\"async\" width=\"300\" height=\"200\" src=\"https:\/\/agora.xtec.cat\/iestremp\/wp-content\/uploads\/usu1880\/2021\/05\/banc_llibres-text.jpg\" class=\"attachment-large size-large wp-post-image\" alt=\"Programa AFA Banc de llibres de text ESO i Batxillerat 2024-2025\" \/><\/a>\n            <\/div>\n                            <div class=\"wp-block-getwid-recent-posts__content-wrapper\">\n                                    <header class=\"wp-block-getwid-recent-posts__entry-header\">\n                                                    <h3 class=\"wp-block-getwid-recent-posts__post-title\"><a href=\"https:\/\/agora.xtec.cat\/iestremp\/general\/llistat-llibres-de-text-2024-25\/\">Programa AFA Banc de llibres de text ESO i Batxillerat 2024-2025<\/a><\/h3>                                                                            <div class=\"wp-block-getwid-recent-posts__entry-meta\">\n                                                                    <span class=\"wp-block-getwid-recent-posts__post-date\">\n                                        <time datetime=\"2024-06-10T13:57:17+02:00\"><a href=\"https:\/\/agora.xtec.cat\/iestremp\/2024\/06\/10\/\">10\/06\/2024<\/a><\/time>\n                                    <\/span>\n                                                            <\/div>\n                                            <\/header>\n                                \n                            <\/div>\n            <\/div>\n<\/article>\n\n<article id=\"post-4745\" class=\"wp-block-getwid-recent-posts__post\">\n    <div class=\"wp-block-getwid-recent-posts__post-wrapper\">\n                    <div class=\"wp-block-getwid-recent-posts__post-thumbnail\">\n                <a href=\"https:\/\/agora.xtec.cat\/iestremp\/general\/agraiment-a-la-tasca-de-lafa\/\"><img loading=\"lazy\" decoding=\"async\" width=\"940\" height=\"243\" src=\"https:\/\/agora.xtec.cat\/iestremp\/wp-content\/uploads\/usu1880\/2019\/03\/IMATGE-AMPA-1.jpg\" class=\"attachment-large size-large wp-post-image\" alt=\"Agra\u00efment a la tasca de l&#8217;AFA\" srcset=\"https:\/\/agora.xtec.cat\/iestremp\/wp-content\/uploads\/usu1880\/2019\/03\/IMATGE-AMPA-1.jpg 940w, https:\/\/agora.xtec.cat\/iestremp\/wp-content\/uploads\/usu1880\/2019\/03\/IMATGE-AMPA-1-300x78.jpg 300w, https:\/\/agora.xtec.cat\/iestremp\/wp-content\/uploads\/usu1880\/2019\/03\/IMATGE-AMPA-1-768x199.jpg 768w\" sizes=\"auto, (max-width: 940px) 100vw, 940px\" \/><\/a>\n            <\/div>\n                            <div class=\"wp-block-getwid-recent-posts__content-wrapper\">\n                                    <header class=\"wp-block-getwid-recent-posts__entry-header\">\n                                                    <h3 class=\"wp-block-getwid-recent-posts__post-title\"><a href=\"https:\/\/agora.xtec.cat\/iestremp\/general\/agraiment-a-la-tasca-de-lafa\/\">Agra\u00efment a la tasca de l&#8217;AFA<\/a><\/h3>                                                                            <div class=\"wp-block-getwid-recent-posts__entry-meta\">\n                                                                    <span class=\"wp-block-getwid-recent-posts__post-date\">\n                                        <time datetime=\"2023-09-21T11:54:11+02:00\"><a href=\"https:\/\/agora.xtec.cat\/iestremp\/2023\/09\/21\/\">21\/09\/2023<\/a><\/time>\n                                    <\/span>\n                                                            <\/div>\n                                            <\/header>\n                                \n                            <\/div>\n            <\/div>\n<\/article>\n\n<article id=\"post-4322\" class=\"wp-block-getwid-recent-posts__post\">\n    <div class=\"wp-block-getwid-recent-posts__post-wrapper\">\n                    <div class=\"wp-block-getwid-recent-posts__post-thumbnail\">\n                <a href=\"https:\/\/agora.xtec.cat\/iestremp\/afa\/recurs-per-a-families-nouvingudes\/\"><img loading=\"lazy\" decoding=\"async\" width=\"800\" height=\"418\" src=\"https:\/\/agora.xtec.cat\/iestremp\/wp-content\/uploads\/usu1880\/2023\/03\/Projectes_Web_InformacioPoder-800x418-1.png\" class=\"attachment-large size-large wp-post-image\" alt=\"Recurs per a fam\u00edlies nouvingudes\" srcset=\"https:\/\/agora.xtec.cat\/iestremp\/wp-content\/uploads\/usu1880\/2023\/03\/Projectes_Web_InformacioPoder-800x418-1.png 800w, https:\/\/agora.xtec.cat\/iestremp\/wp-content\/uploads\/usu1880\/2023\/03\/Projectes_Web_InformacioPoder-800x418-1-300x157.png 300w, https:\/\/agora.xtec.cat\/iestremp\/wp-content\/uploads\/usu1880\/2023\/03\/Projectes_Web_InformacioPoder-800x418-1-768x401.png 768w\" sizes=\"auto, (max-width: 800px) 100vw, 800px\" \/><\/a>\n            <\/div>\n                            <div class=\"wp-block-getwid-recent-posts__content-wrapper\">\n                                    <header class=\"wp-block-getwid-recent-posts__entry-header\">\n                                                    <h3 class=\"wp-block-getwid-recent-posts__post-title\"><a href=\"https:\/\/agora.xtec.cat\/iestremp\/afa\/recurs-per-a-families-nouvingudes\/\">Recurs per a fam\u00edlies nouvingudes<\/a><\/h3>                                                                            <div class=\"wp-block-getwid-recent-posts__entry-meta\">\n                                                                    <span class=\"wp-block-getwid-recent-posts__post-date\">\n                                        <time datetime=\"2023-03-24T13:41:55+01:00\"><a href=\"https:\/\/agora.xtec.cat\/iestremp\/2023\/03\/24\/\">24\/03\/2023<\/a><\/time>\n                                    <\/span>\n                                                            <\/div>\n                                            <\/header>\n                                \n                            <\/div>\n            <\/div>\n<\/article>\n\n<article id=\"post-4115\" class=\"wp-block-getwid-recent-posts__post\">\n    <div class=\"wp-block-getwid-recent-posts__post-wrapper\">\n                    <div class=\"wp-block-getwid-recent-posts__post-thumbnail\">\n                <a href=\"https:\/\/agora.xtec.cat\/iestremp\/general\/jo-tambe-hi-vull-anar\/\"><img loading=\"lazy\" decoding=\"async\" width=\"968\" height=\"882\" src=\"https:\/\/agora.xtec.cat\/iestremp\/wp-content\/uploads\/usu1880\/2023\/01\/JoTambeHiVullAnar.jpg\" class=\"attachment-large size-large wp-post-image\" alt=\"Jo tamb\u00e9 hi vull anar\" srcset=\"https:\/\/agora.xtec.cat\/iestremp\/wp-content\/uploads\/usu1880\/2023\/01\/JoTambeHiVullAnar.jpg 968w, https:\/\/agora.xtec.cat\/iestremp\/wp-content\/uploads\/usu1880\/2023\/01\/JoTambeHiVullAnar-300x273.jpg 300w, https:\/\/agora.xtec.cat\/iestremp\/wp-content\/uploads\/usu1880\/2023\/01\/JoTambeHiVullAnar-768x700.jpg 768w\" sizes=\"auto, (max-width: 968px) 100vw, 968px\" \/><\/a>\n            <\/div>\n                            <div class=\"wp-block-getwid-recent-posts__content-wrapper\">\n                                    <header class=\"wp-block-getwid-recent-posts__entry-header\">\n                                                    <h3 class=\"wp-block-getwid-recent-posts__post-title\"><a href=\"https:\/\/agora.xtec.cat\/iestremp\/general\/jo-tambe-hi-vull-anar\/\">Jo tamb\u00e9 hi vull anar<\/a><\/h3>                                                                            <div class=\"wp-block-getwid-recent-posts__entry-meta\">\n                                                                    <span class=\"wp-block-getwid-recent-posts__post-date\">\n                                        <time datetime=\"2023-01-20T11:35:49+01:00\"><a href=\"https:\/\/agora.xtec.cat\/iestremp\/2023\/01\/20\/\">20\/01\/2023<\/a><\/time>\n                                    <\/span>\n                                                            <\/div>\n                                            <\/header>\n                                \n                            <\/div>\n            <\/div>\n<\/article>\n\n<article id=\"post-3781\" class=\"wp-block-getwid-recent-posts__post\">\n    <div class=\"wp-block-getwid-recent-posts__post-wrapper\">\n                    <div class=\"wp-block-getwid-recent-posts__post-thumbnail\">\n                <a href=\"https:\/\/agora.xtec.cat\/iestremp\/general\/calendari-escolar-2022-23\/\"><img loading=\"lazy\" decoding=\"async\" width=\"704\" height=\"479\" src=\"https:\/\/agora.xtec.cat\/iestremp\/wp-content\/uploads\/usu1880\/2022\/09\/grande_calendari.jpg\" class=\"attachment-large size-large wp-post-image\" alt=\"Calendari escolar 2022-23\" srcset=\"https:\/\/agora.xtec.cat\/iestremp\/wp-content\/uploads\/usu1880\/2022\/09\/grande_calendari.jpg 704w, https:\/\/agora.xtec.cat\/iestremp\/wp-content\/uploads\/usu1880\/2022\/09\/grande_calendari-300x204.jpg 300w\" sizes=\"auto, (max-width: 704px) 100vw, 704px\" \/><\/a>\n            <\/div>\n                            <div class=\"wp-block-getwid-recent-posts__content-wrapper\">\n                                    <header class=\"wp-block-getwid-recent-posts__entry-header\">\n                                                    <h3 class=\"wp-block-getwid-recent-posts__post-title\"><a href=\"https:\/\/agora.xtec.cat\/iestremp\/general\/calendari-escolar-2022-23\/\">Calendari escolar 2022-23<\/a><\/h3>                                                                            <div class=\"wp-block-getwid-recent-posts__entry-meta\">\n                                                                    <span class=\"wp-block-getwid-recent-posts__post-date\">\n                                        <time datetime=\"2022-09-05T22:37:06+02:00\"><a href=\"https:\/\/agora.xtec.cat\/iestremp\/2022\/09\/05\/\">05\/09\/2022<\/a><\/time>\n                                    <\/span>\n                                                            <\/div>\n                                            <\/header>\n                                \n                            <\/div>\n            <\/div>\n<\/article>\n\n<article id=\"post-3745\" class=\"wp-block-getwid-recent-posts__post\">\n    <div class=\"wp-block-getwid-recent-posts__post-wrapper\">\n                    <div class=\"wp-block-getwid-recent-posts__post-thumbnail\">\n                <a href=\"https:\/\/agora.xtec.cat\/iestremp\/general\/sollicitud-servei-de-menjador-escolar-ins-tremp-fins-data-10-dagost\/\"><img loading=\"lazy\" decoding=\"async\" width=\"1024\" height=\"683\" src=\"https:\/\/agora.xtec.cat\/iestremp\/wp-content\/uploads\/usu1880\/2022\/07\/comedor-1024x683.jpg\" class=\"attachment-large size-large wp-post-image\" alt=\"Sol\u00b7licitud servei de menjador escolar  INS Tremp fins data 10 d&#8217;agost\" srcset=\"https:\/\/agora.xtec.cat\/iestremp\/wp-content\/uploads\/usu1880\/2022\/07\/comedor-1024x683.jpg 1024w, https:\/\/agora.xtec.cat\/iestremp\/wp-content\/uploads\/usu1880\/2022\/07\/comedor-300x200.jpg 300w, https:\/\/agora.xtec.cat\/iestremp\/wp-content\/uploads\/usu1880\/2022\/07\/comedor-768x512.jpg 768w, https:\/\/agora.xtec.cat\/iestremp\/wp-content\/uploads\/usu1880\/2022\/07\/comedor.jpg 1080w\" sizes=\"auto, (max-width: 1024px) 100vw, 1024px\" \/><\/a>\n            <\/div>\n                            <div class=\"wp-block-getwid-recent-posts__content-wrapper\">\n                                    <header class=\"wp-block-getwid-recent-posts__entry-header\">\n                                                    <h3 class=\"wp-block-getwid-recent-posts__post-title\"><a href=\"https:\/\/agora.xtec.cat\/iestremp\/general\/sollicitud-servei-de-menjador-escolar-ins-tremp-fins-data-10-dagost\/\">Sol\u00b7licitud servei de menjador escolar  INS Tremp fins data 10 d&#8217;agost<\/a><\/h3>                                                                            <div class=\"wp-block-getwid-recent-posts__entry-meta\">\n                                                                    <span class=\"wp-block-getwid-recent-posts__post-date\">\n                                        <time datetime=\"2022-07-21T10:53:06+02:00\"><a href=\"https:\/\/agora.xtec.cat\/iestremp\/2022\/07\/21\/\">21\/07\/2022<\/a><\/time>\n                                    <\/span>\n                                                            <\/div>\n                                            <\/header>\n                                \n                            <\/div>\n            <\/div>\n<\/article>\n\n<article id=\"post-3710\" class=\"wp-block-getwid-recent-posts__post\">\n    <div class=\"wp-block-getwid-recent-posts__post-wrapper\">\n                    <div class=\"wp-block-getwid-recent-posts__post-thumbnail\">\n                <a href=\"https:\/\/agora.xtec.cat\/iestremp\/general\/llibres-de-text-eso-i-batxillerat-curs-22-23\/\"><img loading=\"lazy\" decoding=\"async\" width=\"400\" height=\"400\" src=\"https:\/\/agora.xtec.cat\/iestremp\/wp-content\/uploads\/usu1880\/2022\/06\/llibres.jpg\" class=\"attachment-large size-large wp-post-image\" alt=\"Novetat: Llibres de text ESO, Batxillerat i Cicles Formatius pel curs 22-23\" srcset=\"https:\/\/agora.xtec.cat\/iestremp\/wp-content\/uploads\/usu1880\/2022\/06\/llibres.jpg 400w, https:\/\/agora.xtec.cat\/iestremp\/wp-content\/uploads\/usu1880\/2022\/06\/llibres-300x300.jpg 300w, https:\/\/agora.xtec.cat\/iestremp\/wp-content\/uploads\/usu1880\/2022\/06\/llibres-150x150.jpg 150w\" sizes=\"auto, (max-width: 400px) 100vw, 400px\" \/><\/a>\n            <\/div>\n                            <div class=\"wp-block-getwid-recent-posts__content-wrapper\">\n                                    <header class=\"wp-block-getwid-recent-posts__entry-header\">\n                                                    <h3 class=\"wp-block-getwid-recent-posts__post-title\"><a href=\"https:\/\/agora.xtec.cat\/iestremp\/general\/llibres-de-text-eso-i-batxillerat-curs-22-23\/\">Novetat: Llibres de text ESO, Batxillerat i Cicles Formatius pel curs 22-23<\/a><\/h3>                                                                            <div class=\"wp-block-getwid-recent-posts__entry-meta\">\n                                                                    <span class=\"wp-block-getwid-recent-posts__post-date\">\n                                        <time datetime=\"2022-06-15T11:13:27+02:00\"><a href=\"https:\/\/agora.xtec.cat\/iestremp\/2022\/06\/15\/\">15\/06\/2022<\/a><\/time>\n                                    <\/span>\n                                                            <\/div>\n                                            <\/header>\n                                \n                            <\/div>\n            <\/div>\n<\/article>\n\t\t\t<\/div>\n\t\t<\/div>\n\t\t","protected":false},"excerpt":{"rendered":"<p>L&#8217;AFA \u00e9s l&#8217;Associaci\u00f3 de Fam\u00edlies d&#8217;Alumnes (anteriorment coneguda com AMPA). \u00c9s una organitzaci\u00f3 formada per les fam\u00edlies dels estudiants que t\u00e9 com a objectiu col\u00b7laborar amb el centre educatiu per millorar la qualitat de l&#8217;ensenyament i defensar els interessos dels alumnes i les seves fam\u00edlies. En el nostre centre s\u2019ha constitu\u00eft una AFA que s\u2019encarrega [&hellip;]<\/p>\n","protected":false},"author":5,"featured_media":0,"parent":0,"menu_order":0,"comment_status":"closed","ping_status":"close","template":"page-templates\/side-menu.php","meta":{"_bbp_topic_count":0,"_bbp_reply_count":0,"_bbp_total_topic_count":0,"_bbp_total_reply_count":0,"_bbp_voice_count":0,"_bbp_anonymous_reply_count":0,"_bbp_topic_count_hidden":0,"_bbp_reply_count_hidden":0,"_bbp_forum_subforum_count":0,"site-sidebar-layout":"default","site-content-layout":"","ast-site-content-layout":"","site-content-style":"default","site-sidebar-style":"default","ast-global-header-display":"","ast-banner-title-visibility":"","ast-main-header-display":"","ast-hfb-above-header-display":"","ast-hfb-below-header-display":"","ast-hfb-mobile-header-display":"","site-post-title":"","ast-breadcrumbs-content":"","ast-featured-img":"","footer-sml-layout":"","theme-transparent-header-meta":"","adv-header-id-meta":"","stick-header-meta":"","header-above-stick-meta":"","header-main-stick-meta":"","header-below-stick-meta":"","astra-migrate-meta-layouts":"default","ast-page-background-enabled":"default","ast-page-background-meta":{"desktop":{"background-color":"var(--ast-global-color-4)","background-image":"","background-repeat":"repeat","background-position":"center center","background-size":"auto","background-attachment":"scroll","background-type":"","background-media":"","overlay-type":"","overlay-color":"","overlay-opacity":"","overlay-gradient":""},"tablet":{"background-color":"","background-image":"","background-repeat":"repeat","background-position":"center center","background-size":"auto","background-attachment":"scroll","background-type":"","background-media":"","overlay-type":"","overlay-color":"","overlay-opacity":"","overlay-gradient":""},"mobile":{"background-color":"","background-image":"","background-repeat":"repeat","background-position":"center center","background-size":"auto","background-attachment":"scroll","background-type":"","background-media":"","overlay-type":"","overlay-color":"","overlay-opacity":"","overlay-gradient":""}},"ast-content-background-meta":{"desktop":{"background-color":"var(--ast-global-color-5)","background-image":"","background-repeat":"repeat","background-position":"center center","background-size":"auto","background-attachment":"scroll","background-type":"","background-media":"","overlay-type":"","overlay-color":"","overlay-opacity":"","overlay-gradient":""},"tablet":{"background-color":"var(--ast-global-color-5)","background-image":"","background-repeat":"repeat","background-position":"center center","background-size":"auto","background-attachment":"scroll","background-type":"","background-media":"","overlay-type":"","overlay-color":"","overlay-opacity":"","overlay-gradient":""},"mobile":{"background-color":"var(--ast-global-color-5)","background-image":"","background-repeat":"repeat","background-position":"center center","background-size":"auto","background-attachment":"scroll","background-type":"","background-media":"","overlay-type":"","overlay-color":"","overlay-opacity":"","overlay-gradient":""}},"footnotes":""},"class_list":["post-13354","page","type-page","status-publish","hentry"],"post_mailing_queue_ids":[],"_links":{"self":[{"href":"https:\/\/agora.xtec.cat\/iestremp\/wp-json\/wp\/v2\/pages\/13354","targetHints":{"allow":["GET"]}}],"collection":[{"href":"https:\/\/agora.xtec.cat\/iestremp\/wp-json\/wp\/v2\/pages"}],"about":[{"href":"https:\/\/agora.xtec.cat\/iestremp\/wp-json\/wp\/v2\/types\/page"}],"author":[{"embeddable":true,"href":"https:\/\/agora.xtec.cat\/iestremp\/wp-json\/wp\/v2\/users\/5"}],"replies":[{"embeddable":true,"href":"https:\/\/agora.xtec.cat\/iestremp\/wp-json\/wp\/v2\/comments?post=13354"}],"version-history":[{"count":4,"href":"https:\/\/agora.xtec.cat\/iestremp\/wp-json\/wp\/v2\/pages\/13354\/revisions"}],"predecessor-version":[{"id":13953,"href":"https:\/\/agora.xtec.cat\/iestremp\/wp-json\/wp\/v2\/pages\/13354\/revisions\/13953"}],"wp:attachment":[{"href":"https:\/\/agora.xtec.cat\/iestremp\/wp-json\/wp\/v2\/media?parent=13354"}],"curies":[{"name":"wp","href":"https:\/\/api.w.org\/{rel}","templated":true}]}}