{"id":13337,"date":"2024-10-25T10:42:12","date_gmt":"2024-10-25T08:42:12","guid":{"rendered":"https:\/\/agora.xtec.cat\/iestremp\/?page_id=13337"},"modified":"2025-01-24T10:28:06","modified_gmt":"2025-01-24T09:28:06","slug":"consell-escolar-2","status":"publish","type":"page","link":"https:\/\/agora.xtec.cat\/iestremp\/linstitut\/consell-escolar-2\/","title":{"rendered":"Consell escolar"},"content":{"rendered":"\n<p>El consell escolar del centre \u00e9s l&#8217;\u00f2rgan col\u00b7legiat de participaci\u00f3 de la comunitat escolar en el govern del centre. En el consell escolar hi ha representats tots els col\u00b7lectius que intervenen en la comunitat educativa.<\/p>\n\n\n\n<p>El consell escolar de l\u2019Institut de Tremp est\u00e0 format pel director\/a, secretari\/a, el cap d\u2019estudis, 8 membres de professorat, 4 membres d\u2019alumnat, 4 membres familiars d\u2019alumnat, un representant de l\u2019Ajuntament de Tremp, un membre del personal d\u2019atenci\u00f3 educativa i un membre de Personal d&#8217;Administraci\u00f3 i serveis.<\/p>\n\n\n\n<p>El\/La secretari\/a del centre, actua com a secretari\/a del consell escolar, amb veu i sense vot.<\/p>\n\n\n\n<p>Hi ha un membre del consell escolar que ha de ser designat com a representant de coeducaci\u00f3 i la seva funci\u00f3 \u00e9s impulsar mesures educatives de foment de la igualtat real i efectiva entre homes i dones. En el nostre centre \u00e9s un membre del sector fam\u00edlies. Aquesta persona es coordina amb l\u2019equip directiu i la comissi\u00f3 de coeducaci\u00f3 del centre per vetllar que la perspectiva de coeducaci\u00f3 sigui present al centre.<\/p>\n\n\n\n<p>El consell escolar de l\u2019Institut es reuniex prescriptivament un cop per trimestre i sempre que sigui necessari pr\u00e8via convocat\u00f2ria.<\/p>\n\n\n\n<p>Podeu consultar m\u00e9s informaci\u00f3 sobre les <a href=\"https:\/\/educacio.gencat.cat\/ca\/arees-actuacio\/centres-serveis-educatius\/centres\/consells-escolars-centres\/centres-publics\/\">funcions del Consell escolar al web del Departament d\u2019Educaci\u00f3.<\/a> I, per saber m\u00e9s concretament el funcionament del Consell escolar de l\u2019Institut de Tremp podeu consultar a les NOFC del centre.<\/p>\n\n\n\n<p>Com a fam\u00edlies d\u2019alumnat, si teniu alguna proposta o dubte, podeu adre\u00e7ar-vos a la direcci\u00f3 <a href=\"mailto:familiesconsellescolar@iestremp.cat\">families.consell.escolar@iestremp.cat<\/a>\u00a0<\/p>\n\n\n\n<hr class=\"wp-block-separator has-alpha-channel-opacity\"\/>\n\n\n\n<h2 class=\"wp-block-heading\">Not\u00edcies del consell escolar<\/h2>\n\n\n\n\t\t<div class=\"wp-block-getwid-recent-posts has-layout-grid has-cropped-images\">\n\t\t\t<div class=\"wp-block-getwid-recent-posts__wrapper getwid-columns getwid-columns-3\">\n\t\t\t\t\n<article id=\"post-14106\" class=\"wp-block-getwid-recent-posts__post\">\n    <div class=\"wp-block-getwid-recent-posts__post-wrapper\">\n                    <div class=\"wp-block-getwid-recent-posts__post-thumbnail\">\n                <a href=\"https:\/\/agora.xtec.cat\/iestremp\/general\/eleccions-consell-escolar\/\"><img loading=\"lazy\" decoding=\"async\" width=\"480\" height=\"365\" src=\"https:\/\/agora.xtec.cat\/iestremp\/wp-content\/uploads\/usu1880\/2025\/10\/45879647_10211882390911801_1681760157748428800_n.jpg\" class=\"attachment-large size-large wp-post-image\" alt=\"Eleccions Consell Escolar\" srcset=\"https:\/\/agora.xtec.cat\/iestremp\/wp-content\/uploads\/usu1880\/2025\/10\/45879647_10211882390911801_1681760157748428800_n.jpg 480w, https:\/\/agora.xtec.cat\/iestremp\/wp-content\/uploads\/usu1880\/2025\/10\/45879647_10211882390911801_1681760157748428800_n-300x228.jpg 300w\" sizes=\"auto, (max-width: 480px) 100vw, 480px\" \/><\/a>\n            <\/div>\n                            <div class=\"wp-block-getwid-recent-posts__content-wrapper\">\n                                    <header class=\"wp-block-getwid-recent-posts__entry-header\">\n                                                    <h3 class=\"wp-block-getwid-recent-posts__post-title\"><a href=\"https:\/\/agora.xtec.cat\/iestremp\/general\/eleccions-consell-escolar\/\">Eleccions Consell Escolar<\/a><\/h3>                                                                            <div class=\"wp-block-getwid-recent-posts__entry-meta\">\n                                                                    <span class=\"wp-block-getwid-recent-posts__post-date\">\n                                        <time datetime=\"2025-10-30T17:22:25+01:00\"><a href=\"https:\/\/agora.xtec.cat\/iestremp\/2025\/10\/30\/\">30\/10\/2025<\/a><\/time>\n                                    <\/span>\n                                                            <\/div>\n                                            <\/header>\n                                \n                            <\/div>\n            <\/div>\n<\/article>\n\t\t\t<\/div>\n\t\t<\/div>\n\t\t","protected":false},"excerpt":{"rendered":"<p>El consell escolar del centre \u00e9s l&#8217;\u00f2rgan col\u00b7legiat de participaci\u00f3 de la comunitat escolar en el govern del centre. En el consell escolar hi ha representats tots els col\u00b7lectius que intervenen en la comunitat educativa. El consell escolar de l\u2019Institut de Tremp est\u00e0 format pel director\/a, secretari\/a, el cap d\u2019estudis, 8 membres de professorat, 4 [&hellip;]<\/p>\n","protected":false},"author":5,"featured_media":0,"parent":19,"menu_order":6,"comment_status":"closed","ping_status":"close","template":"page-templates\/side-menu.php","meta":{"_bbp_topic_count":0,"_bbp_reply_count":0,"_bbp_total_topic_count":0,"_bbp_total_reply_count":0,"_bbp_voice_count":0,"_bbp_anonymous_reply_count":0,"_bbp_topic_count_hidden":0,"_bbp_reply_count_hidden":0,"_bbp_forum_subforum_count":0,"site-sidebar-layout":"default","site-content-layout":"","ast-site-content-layout":"","site-content-style":"default","site-sidebar-style":"default","ast-global-header-display":"","ast-banner-title-visibility":"","ast-main-header-display":"","ast-hfb-above-header-display":"","ast-hfb-below-header-display":"","ast-hfb-mobile-header-display":"","site-post-title":"","ast-breadcrumbs-content":"","ast-featured-img":"","footer-sml-layout":"","theme-transparent-header-meta":"","adv-header-id-meta":"","stick-header-meta":"","header-above-stick-meta":"","header-main-stick-meta":"","header-below-stick-meta":"","astra-migrate-meta-layouts":"default","ast-page-background-enabled":"default","ast-page-background-meta":{"desktop":{"background-color":"var(--ast-global-color-4)","background-image":"","background-repeat":"repeat","background-position":"center center","background-size":"auto","background-attachment":"scroll","background-type":"","background-media":"","overlay-type":"","overlay-color":"","overlay-opacity":"","overlay-gradient":""},"tablet":{"background-color":"","background-image":"","background-repeat":"repeat","background-position":"center center","background-size":"auto","background-attachment":"scroll","background-type":"","background-media":"","overlay-type":"","overlay-color":"","overlay-opacity":"","overlay-gradient":""},"mobile":{"background-color":"","background-image":"","background-repeat":"repeat","background-position":"center center","background-size":"auto","background-attachment":"scroll","background-type":"","background-media":"","overlay-type":"","overlay-color":"","overlay-opacity":"","overlay-gradient":""}},"ast-content-background-meta":{"desktop":{"background-color":"var(--ast-global-color-5)","background-image":"","background-repeat":"repeat","background-position":"center center","background-size":"auto","background-attachment":"scroll","background-type":"","background-media":"","overlay-type":"","overlay-color":"","overlay-opacity":"","overlay-gradient":""},"tablet":{"background-color":"var(--ast-global-color-5)","background-image":"","background-repeat":"repeat","background-position":"center center","background-size":"auto","background-attachment":"scroll","background-type":"","background-media":"","overlay-type":"","overlay-color":"","overlay-opacity":"","overlay-gradient":""},"mobile":{"background-color":"var(--ast-global-color-5)","background-image":"","background-repeat":"repeat","background-position":"center center","background-size":"auto","background-attachment":"scroll","background-type":"","background-media":"","overlay-type":"","overlay-color":"","overlay-opacity":"","overlay-gradient":""}},"footnotes":""},"class_list":["post-13337","page","type-page","status-publish","hentry"],"post_mailing_queue_ids":[],"_links":{"self":[{"href":"https:\/\/agora.xtec.cat\/iestremp\/wp-json\/wp\/v2\/pages\/13337","targetHints":{"allow":["GET"]}}],"collection":[{"href":"https:\/\/agora.xtec.cat\/iestremp\/wp-json\/wp\/v2\/pages"}],"about":[{"href":"https:\/\/agora.xtec.cat\/iestremp\/wp-json\/wp\/v2\/types\/page"}],"author":[{"embeddable":true,"href":"https:\/\/agora.xtec.cat\/iestremp\/wp-json\/wp\/v2\/users\/5"}],"replies":[{"embeddable":true,"href":"https:\/\/agora.xtec.cat\/iestremp\/wp-json\/wp\/v2\/comments?post=13337"}],"version-history":[{"count":4,"href":"https:\/\/agora.xtec.cat\/iestremp\/wp-json\/wp\/v2\/pages\/13337\/revisions"}],"predecessor-version":[{"id":13590,"href":"https:\/\/agora.xtec.cat\/iestremp\/wp-json\/wp\/v2\/pages\/13337\/revisions\/13590"}],"up":[{"embeddable":true,"href":"https:\/\/agora.xtec.cat\/iestremp\/wp-json\/wp\/v2\/pages\/19"}],"wp:attachment":[{"href":"https:\/\/agora.xtec.cat\/iestremp\/wp-json\/wp\/v2\/media?parent=13337"}],"curies":[{"name":"wp","href":"https:\/\/api.w.org\/{rel}","templated":true}]}}