{"id":13323,"date":"2024-10-25T10:15:08","date_gmt":"2024-10-25T08:15:08","guid":{"rendered":"https:\/\/agora.xtec.cat\/iestremp\/?page_id=13323"},"modified":"2024-11-15T10:11:25","modified_gmt":"2024-11-15T09:11:25","slug":"eso","status":"publish","type":"page","link":"https:\/\/agora.xtec.cat\/iestremp\/estudis\/eso\/","title":{"rendered":"ESO"},"content":{"rendered":"\n<p>A l&#8217;Institut de Tremp oferim una formaci\u00f3 integral i de qualitat durant l&#8217;etapa de l&#8217;<strong>Educaci\u00f3 Secund\u00e0ria Obligat\u00f2ria<\/strong> (ESO), adre\u00e7ada a alumnes a partir de 12 anys. L&#8217;objectiu principal de l&#8217;ESO \u00e9s garantir que tot l&#8217;alumnat adquireixi els coneixements, habilitats i valors necessaris per al seu desenvolupament personal, acad\u00e8mic i social.<\/p>\n\n\n\n<p>El centre est\u00e0 dotat de <strong>dues l\u00ednies d&#8217;alumnes<\/strong> per a cada un dels quatre cursos de l&#8217;ESO. Els darrers anys estem assolint xifres de 60 alumnes per nivell. Aquests grups, sempre que sigui possible organitzativament, es desdoblen en tres grups per cada nivell, de manera que cada grup t\u00e9 aproximadament uns 20 alumnes. Aquesta mesura es duu a terme per a garantir una <strong>atenci\u00f3 individualitzada<\/strong> i una <strong>educaci\u00f3 de qualitat<\/strong> per als joves, a m\u00e9s d\u2019una <strong>educaci\u00f3 inclusiva<\/strong>.<\/p>\n\n\n\n<p>En els <strong>tres primers cursos<\/strong> de l&#8217;ESO els alumnes cursen un seguit de mat\u00e8ries comunes que els permeten consolidar les compet\u00e8ncies b\u00e0siques adquirides a l&#8217;educaci\u00f3 prim\u00e0ria i els proporcionen una base s\u00f2lida en mat\u00e8ries fonamentals com les lleng\u00fces (catal\u00e0, castell\u00e0, angl\u00e8s), les matem\u00e0tiques, les ci\u00e8ncies socials i naturals, la tecnologia, i l&#8217;educaci\u00f3 f\u00edsica.<\/p>\n\n\n\n<p>Al<strong> quart curs<\/strong> de l&#8217;ESO l\u2019alumnat escull algunes optatives segons el seu inter\u00e8s per encaminar-se en la seva futura especialitzaci\u00f3 postobligat\u00f2ria.&nbsp;<\/p>\n\n\n\n<p><strong>Franges d\u2019optatives <\/strong>de 3h cada mat\u00e8ria<\/p>\n\n\n\n<figure class=\"wp-block-table\"><table><tbody><tr><td><strong>Franja 1<\/strong><\/td><td>Biologia i Geologia<\/td><td>Digitalitzaci\u00f3 (inform\u00e0tica)<\/td><td>Visual i pl\u00e0stica<\/td><\/tr><tr><td><strong>Franja 2<\/strong><\/td><td>Franc\u00e8s<\/td><td>M\u00fasica<\/td><td>Tecnologia<\/td><\/tr><tr><td><strong>Franja 3<\/strong><\/td><td>F\u00edsica i Qu\u00edmica<\/td><td>Emprenedoria<\/td><td>Cultura cl\u00e0ssica<\/td><\/tr><\/tbody><\/table><\/figure>\n\n\n\n<p>A 4t d\u2019ESO es realitza <strong>el projecte de recerca<\/strong>, mat\u00e8ria d\u20191 hora a la setmana, es tracta d\u2019un treball en equip, constitu\u00eft per un conjunt d\u2019activitats de descoberta i recerca realitzades per l\u2019alumnat entorn d\u2019un tema escollit i acotat, en part, per ell mateix, sota el guiatge del docent. Durant el projecte, l\u2019alumne\/a ha de mostrar capacitat d\u2019autonomia i iniciativa en l\u2019organitzaci\u00f3 del seu treball individual, i tamb\u00e9 de cooperaci\u00f3 i col\u00b7laboraci\u00f3 en el treball en equip. <a href=\"https:\/\/agora.xtec.cat\/iestremp\/wp-content\/uploads\/usu1880\/2024\/11\/PdR_4t-ESO.pdf\" data-type=\"attachment\" data-id=\"13403\"><strong>Aqu\u00ed podeu consultar la guia del Projecte de recerca de 4t d\u2019ESO.<\/strong><\/a><\/p>\n\n\n\n<p>Durant tota l\u2019ESO al centre s&#8217;ofereix la <strong>mat\u00e8ria de franc\u00e8s<\/strong> com a segona llengua estrangera. L\u2019alumnat t\u00e9 la possibilitat de continu\u00eftar l\u2019aprenentatge d\u2019aquesta llengua al Batxillerat. Amb aquesta formaci\u00f3 els alumnes poden accedir a obtenir t\u00edtols oficials d&#8217;aquest idioma que els ajudin a impulsar el seu futur.<\/p>\n\n\n\n<p>En algunes mat\u00e8ries no ling\u00fc\u00edstiques es realitza l<strong>\u2019AICLE <\/strong>(Aprenentatge Integrat de Continguts i Lleng\u00fces estrangeres); s\u2019imparteixen continguts en angl\u00e8s i\/o es donen materials de suport en angl\u00e8s. Podeu consultar al nostre web <a href=\"https:\/\/agora.xtec.cat\/iestremp\/projecte-educatiu\/generacio-plurilingue-gep\/\">l\u2019apartat del Programa GEP<\/a> que explica extensament l\u2019abast d\u2019aquest projecte.&nbsp;<\/p>\n\n\n\n<p>Durant els darrers anys s&#8217;ha fet un esfor\u00e7 per <strong>ampliar l&#8217;oferta d&#8217;alternatives<\/strong> a la religi\u00f3 i al franc\u00e8s, amb la idea que siguin plataformes per fomentar la creaci\u00f3 de connexions entre mat\u00e8ries i cursos, a millora de la llengua, expressi\u00f3 i l\u2019\u00fas de tecnologia i el benestar de l&#8217;alumnat de manera que s&#8217;estimula el plaer d&#8217;aprendre.<\/p>\n\n\n\n<p>Alguns exemples de mat\u00e8ries que s&#8217;ofereixen com a<strong> alternativa a la religi\u00f3<\/strong> trobem: <em>Grup de Teatre, Club de Lectura, Grup musical, Creaci\u00f3 de Continguts a la Xarxa, Creaci\u00f3 Liter\u00e0ria, Grup musical, Creaci\u00f3 Liter\u00e0ria, Dansa, Esport Basal<\/em>, etc.<\/p>\n\n\n\n<p>Com a <strong>alternatives a la llengua francesa<\/strong> s&#8217;ofereixen mat\u00e8ries com:<em> Eines TIC i Recursos Digitals, Cultura Cl\u00e0ssica, Ci\u00e8ncia Ciutadana, Maker, C\u00f2mic, Projecte Hort, Rob\u00f2tica i Programaci\u00f3, Emprenent projectes art\u00edstics.<\/em><\/p>\n\n\n\n<p>Pel que fa a la metodologia pedag\u00f2gica, en els darrers anys s&#8217;han introdu\u00eft diversos <strong>projectes <\/strong>en els tres primers cursos de l&#8217;ESO. El treball per projectes t\u00e9 com a objectiu principal promoure un aprenentatge actiu i significatiu, on els alumnes es converteixen en els protagonistes del seu propi proc\u00e9s d&#8217;aprenentatge treballant de manera col\u00b7laborativa per resoldre problemes o desenvolupar projectes concrets que integren coneixements de diverses \u00e0rees.<\/p>\n\n\n\n<p>Els projectes que es realitzen actualment (2024-25) al centre s\u00f3n els seg\u00fcents:<\/p>\n\n\n\n<ul class=\"wp-block-list\">\n<li>Un m\u00f3n millor (1r ESO)<\/li>\n\n\n\n<li>Projectes STEAM (2n ESO)<\/li>\n\n\n\n<li>Geoparc (3r ESO)<\/li>\n\n\n\n<li>Hist\u00f2ries i Camins (3r ESO)<\/li>\n<\/ul>\n\n\n\n<p>Amb tot aquest desplegament organitzatiu en els estudis secundaris obligatoris el centre pret\u00e9n donar una <strong>formaci\u00f3 completa<\/strong> i din\u00e0mica a l\u2019alumnat, perqu\u00e8 acabin aquesta etapa educativa <strong>assolint les compet\u00e8ncies<\/strong> tant acad\u00e8miques com personals.&nbsp;<\/p>\n\n\n\n<p><\/p>\n\n\n\n<hr class=\"wp-block-separator aligncenter has-alpha-channel-opacity is-style-wide\"\/>\n\n\n\n<h2 class=\"wp-block-heading\">Not\u00edcies ESO<\/h2>\n\n\n\n\t\t<div class=\"wp-block-getwid-recent-posts has-layout-grid has-cropped-images\">\n\t\t\t<div class=\"wp-block-getwid-recent-posts__wrapper getwid-columns getwid-columns-3\">\n\t\t\t\t\n<article id=\"post-14170\" class=\"wp-block-getwid-recent-posts__post\">\n    <div class=\"wp-block-getwid-recent-posts__post-wrapper\">\n                    <div class=\"wp-block-getwid-recent-posts__post-thumbnail\">\n                <a href=\"https:\/\/agora.xtec.cat\/iestremp\/general\/preinscripcions-i-matricules-2026-2027\/\"><img loading=\"lazy\" decoding=\"async\" width=\"1685\" height=\"2382\" src=\"https:\/\/agora.xtec.cat\/iestremp\/wp-content\/uploads\/usu1880\/2026\/02\/Generalitat_Preinscripcio_Escolar_Secundaria_Generalitat.jpg\" class=\"attachment-thumb-300 size-thumb-300 wp-post-image\" alt=\"Preinscripcions i matr\u00edcules 2026\/2027\" srcset=\"https:\/\/agora.xtec.cat\/iestremp\/wp-content\/uploads\/usu1880\/2026\/02\/Generalitat_Preinscripcio_Escolar_Secundaria_Generalitat.jpg 1685w, https:\/\/agora.xtec.cat\/iestremp\/wp-content\/uploads\/usu1880\/2026\/02\/Generalitat_Preinscripcio_Escolar_Secundaria_Generalitat-212x300.jpg 212w, https:\/\/agora.xtec.cat\/iestremp\/wp-content\/uploads\/usu1880\/2026\/02\/Generalitat_Preinscripcio_Escolar_Secundaria_Generalitat-724x1024.jpg 724w, https:\/\/agora.xtec.cat\/iestremp\/wp-content\/uploads\/usu1880\/2026\/02\/Generalitat_Preinscripcio_Escolar_Secundaria_Generalitat-768x1086.jpg 768w, https:\/\/agora.xtec.cat\/iestremp\/wp-content\/uploads\/usu1880\/2026\/02\/Generalitat_Preinscripcio_Escolar_Secundaria_Generalitat-1087x1536.jpg 1087w, https:\/\/agora.xtec.cat\/iestremp\/wp-content\/uploads\/usu1880\/2026\/02\/Generalitat_Preinscripcio_Escolar_Secundaria_Generalitat-1449x2048.jpg 1449w\" sizes=\"auto, (max-width: 1685px) 100vw, 1685px\" \/><\/a>\n            <\/div>\n                            <div class=\"wp-block-getwid-recent-posts__content-wrapper\">\n                                    <header class=\"wp-block-getwid-recent-posts__entry-header\">\n                                                    <h3 class=\"wp-block-getwid-recent-posts__post-title\"><a href=\"https:\/\/agora.xtec.cat\/iestremp\/general\/preinscripcions-i-matricules-2026-2027\/\">Preinscripcions i matr\u00edcules 2026\/2027<\/a><\/h3>                                                                            <div class=\"wp-block-getwid-recent-posts__entry-meta\">\n                                                                    <span class=\"wp-block-getwid-recent-posts__post-date\">\n                                        <time datetime=\"2026-04-08T13:00:36+02:00\"><a href=\"https:\/\/agora.xtec.cat\/iestremp\/2026\/04\/08\/\">08\/04\/2026<\/a><\/time>\n                                    <\/span>\n                                                            <\/div>\n                                            <\/header>\n                                \n                            <\/div>\n            <\/div>\n<\/article>\n\n<article id=\"post-4568\" class=\"wp-block-getwid-recent-posts__post\">\n    <div class=\"wp-block-getwid-recent-posts__post-wrapper\">\n                    <div class=\"wp-block-getwid-recent-posts__post-thumbnail\">\n                <a href=\"https:\/\/agora.xtec.cat\/iestremp\/general\/llistat-llibres-eso-1r-i-2n-batxillerat-curs-2025-2026\/\"><img loading=\"lazy\" decoding=\"async\" width=\"300\" height=\"150\" src=\"https:\/\/agora.xtec.cat\/iestremp\/wp-content\/uploads\/usu1880\/2023\/06\/llibres.jpg\" class=\"attachment-thumb-300 size-thumb-300 wp-post-image\" alt=\"Llistat llibres ESO, 1r i 2n Batxillerat i Cicles Formatius pel curs 2025\/26\" \/><\/a>\n            <\/div>\n                            <div class=\"wp-block-getwid-recent-posts__content-wrapper\">\n                                    <header class=\"wp-block-getwid-recent-posts__entry-header\">\n                                                    <h3 class=\"wp-block-getwid-recent-posts__post-title\"><a href=\"https:\/\/agora.xtec.cat\/iestremp\/general\/llistat-llibres-eso-1r-i-2n-batxillerat-curs-2025-2026\/\">Llistat llibres ESO, 1r i 2n Batxillerat i Cicles Formatius pel curs 2025\/26<\/a><\/h3>                                                                            <div class=\"wp-block-getwid-recent-posts__entry-meta\">\n                                                                    <span class=\"wp-block-getwid-recent-posts__post-date\">\n                                        <time datetime=\"2025-07-08T15:04:00+02:00\"><a href=\"https:\/\/agora.xtec.cat\/iestremp\/2025\/07\/08\/\">08\/07\/2025<\/a><\/time>\n                                    <\/span>\n                                                            <\/div>\n                                            <\/header>\n                                \n                            <\/div>\n            <\/div>\n<\/article>\n\n<article id=\"post-4600\" class=\"wp-block-getwid-recent-posts__post\">\n    <div class=\"wp-block-getwid-recent-posts__post-wrapper\">\n                    <div class=\"wp-block-getwid-recent-posts__post-thumbnail\">\n                <a href=\"https:\/\/agora.xtec.cat\/iestremp\/general\/programa-afa-banc-de-llibres-de-text-eso-i-batxillerat-curs-2025-2026\/\"><img loading=\"lazy\" decoding=\"async\" width=\"300\" height=\"200\" src=\"https:\/\/agora.xtec.cat\/iestremp\/wp-content\/uploads\/usu1880\/2021\/05\/banc_llibres-text-300x200.jpg\" class=\"attachment-thumb-300 size-thumb-300 wp-post-image\" alt=\"Programa AFA Banc de llibres de text ESO i Batxillerat curs 2025-2026\" \/><\/a>\n            <\/div>\n                            <div class=\"wp-block-getwid-recent-posts__content-wrapper\">\n                                    <header class=\"wp-block-getwid-recent-posts__entry-header\">\n                                                    <h3 class=\"wp-block-getwid-recent-posts__post-title\"><a href=\"https:\/\/agora.xtec.cat\/iestremp\/general\/programa-afa-banc-de-llibres-de-text-eso-i-batxillerat-curs-2025-2026\/\">Programa AFA Banc de llibres de text ESO i Batxillerat curs 2025-2026<\/a><\/h3>                                                                            <div class=\"wp-block-getwid-recent-posts__entry-meta\">\n                                                                    <span class=\"wp-block-getwid-recent-posts__post-date\">\n                                        <time datetime=\"2025-06-18T10:26:57+02:00\"><a href=\"https:\/\/agora.xtec.cat\/iestremp\/2025\/06\/18\/\">18\/06\/2025<\/a><\/time>\n                                    <\/span>\n                                                            <\/div>\n                                            <\/header>\n                                \n                            <\/div>\n            <\/div>\n<\/article>\n\n<article id=\"post-13939\" class=\"wp-block-getwid-recent-posts__post\">\n    <div class=\"wp-block-getwid-recent-posts__post-wrapper\">\n                    <div class=\"wp-block-getwid-recent-posts__post-thumbnail\">\n                <a href=\"https:\/\/agora.xtec.cat\/iestremp\/general\/sortida-parc-nacional-daiguestortes\/\"><img loading=\"lazy\" decoding=\"async\" width=\"2048\" height=\"1536\" src=\"https:\/\/agora.xtec.cat\/iestremp\/wp-content\/uploads\/usu1880\/2025\/06\/1000087113.jpg\" class=\"attachment-thumb-300 size-thumb-300 wp-post-image\" alt=\"Sortida parc nacional d&#8217;Aig\u00fcestortes\" srcset=\"https:\/\/agora.xtec.cat\/iestremp\/wp-content\/uploads\/usu1880\/2025\/06\/1000087113.jpg 2048w, https:\/\/agora.xtec.cat\/iestremp\/wp-content\/uploads\/usu1880\/2025\/06\/1000087113-300x225.jpg 300w, https:\/\/agora.xtec.cat\/iestremp\/wp-content\/uploads\/usu1880\/2025\/06\/1000087113-1024x768.jpg 1024w, https:\/\/agora.xtec.cat\/iestremp\/wp-content\/uploads\/usu1880\/2025\/06\/1000087113-768x576.jpg 768w, https:\/\/agora.xtec.cat\/iestremp\/wp-content\/uploads\/usu1880\/2025\/06\/1000087113-1536x1152.jpg 1536w\" sizes=\"auto, (max-width: 2048px) 100vw, 2048px\" \/><\/a>\n            <\/div>\n                            <div class=\"wp-block-getwid-recent-posts__content-wrapper\">\n                                    <header class=\"wp-block-getwid-recent-posts__entry-header\">\n                                                    <h3 class=\"wp-block-getwid-recent-posts__post-title\"><a href=\"https:\/\/agora.xtec.cat\/iestremp\/general\/sortida-parc-nacional-daiguestortes\/\">Sortida parc nacional d&#8217;Aig\u00fcestortes<\/a><\/h3>                                                                            <div class=\"wp-block-getwid-recent-posts__entry-meta\">\n                                                                    <span class=\"wp-block-getwid-recent-posts__post-date\">\n                                        <time datetime=\"2025-06-06T10:04:12+02:00\"><a href=\"https:\/\/agora.xtec.cat\/iestremp\/2025\/06\/06\/\">06\/06\/2025<\/a><\/time>\n                                    <\/span>\n                                                            <\/div>\n                                            <\/header>\n                                \n                            <\/div>\n            <\/div>\n<\/article>\n\n<article id=\"post-3162\" class=\"wp-block-getwid-recent-posts__post\">\n    <div class=\"wp-block-getwid-recent-posts__post-wrapper\">\n                    <div class=\"wp-block-getwid-recent-posts__post-thumbnail\">\n                <a href=\"https:\/\/agora.xtec.cat\/iestremp\/general\/beques-de-menjador-escolar-curs-21-22-consell-comarcal-pallars-jussa\/\"><img loading=\"lazy\" decoding=\"async\" width=\"300\" height=\"141\" src=\"https:\/\/agora.xtec.cat\/iestremp\/wp-content\/uploads\/usu1880\/2021\/06\/baixa-300x141.jpg\" class=\"attachment-thumb-300 size-thumb-300 wp-post-image\" alt=\"Beques de menjador escolar curs 25-26: Consell Comarcal Pallars Juss\u00e0\" \/><\/a>\n            <\/div>\n                            <div class=\"wp-block-getwid-recent-posts__content-wrapper\">\n                                    <header class=\"wp-block-getwid-recent-posts__entry-header\">\n                                                    <h3 class=\"wp-block-getwid-recent-posts__post-title\"><a href=\"https:\/\/agora.xtec.cat\/iestremp\/general\/beques-de-menjador-escolar-curs-21-22-consell-comarcal-pallars-jussa\/\">Beques de menjador escolar curs 25-26: Consell Comarcal Pallars Juss\u00e0<\/a><\/h3>                                                                            <div class=\"wp-block-getwid-recent-posts__entry-meta\">\n                                                                    <span class=\"wp-block-getwid-recent-posts__post-date\">\n                                        <time datetime=\"2025-05-31T21:01:37+02:00\"><a href=\"https:\/\/agora.xtec.cat\/iestremp\/2025\/05\/31\/\">31\/05\/2025<\/a><\/time>\n                                    <\/span>\n                                                            <\/div>\n                                            <\/header>\n                                \n                            <\/div>\n            <\/div>\n<\/article>\n\n<article id=\"post-13599\" class=\"wp-block-getwid-recent-posts__post\">\n    <div class=\"wp-block-getwid-recent-posts__post-wrapper\">\n                    <div class=\"wp-block-getwid-recent-posts__post-thumbnail\">\n                <a href=\"https:\/\/agora.xtec.cat\/iestremp\/general\/ensenyar-i-viure-la-ciencia-local-connecta-lleida\/\"><img loading=\"lazy\" decoding=\"async\" width=\"300\" height=\"250\" src=\"https:\/\/agora.xtec.cat\/iestremp\/wp-content\/uploads\/usu1880\/2025\/01\/Ensenyar-i-viure-la-ciencia-local-Connecta-Lleida-Pirineus-21-01-2025-300x250.png\" class=\"attachment-thumb-300 size-thumb-300 wp-post-image\" alt=\"Ensenyar i viure la ci\u00e8ncia local: Connecta Lleida\" \/><\/a>\n            <\/div>\n                            <div class=\"wp-block-getwid-recent-posts__content-wrapper\">\n                                    <header class=\"wp-block-getwid-recent-posts__entry-header\">\n                                                    <h3 class=\"wp-block-getwid-recent-posts__post-title\"><a href=\"https:\/\/agora.xtec.cat\/iestremp\/general\/ensenyar-i-viure-la-ciencia-local-connecta-lleida\/\">Ensenyar i viure la ci\u00e8ncia local: Connecta Lleida<\/a><\/h3>                                                                            <div class=\"wp-block-getwid-recent-posts__entry-meta\">\n                                                                    <span class=\"wp-block-getwid-recent-posts__post-date\">\n                                        <time datetime=\"2025-01-26T13:55:35+01:00\"><a href=\"https:\/\/agora.xtec.cat\/iestremp\/2025\/01\/26\/\">26\/01\/2025<\/a><\/time>\n                                    <\/span>\n                                                            <\/div>\n                                            <\/header>\n                                \n                            <\/div>\n            <\/div>\n<\/article>\n\t\t\t<\/div>\n\t\t<\/div>\n\t\t","protected":false},"excerpt":{"rendered":"<p>A l&#8217;Institut de Tremp oferim una formaci\u00f3 integral i de qualitat durant l&#8217;etapa de l&#8217;Educaci\u00f3 Secund\u00e0ria Obligat\u00f2ria (ESO), adre\u00e7ada a alumnes a partir de 12 anys. L&#8217;objectiu principal de l&#8217;ESO \u00e9s garantir que tot l&#8217;alumnat adquireixi els coneixements, habilitats i valors necessaris per al seu desenvolupament personal, acad\u00e8mic i social. El centre est\u00e0 dotat de [&hellip;]<\/p>\n","protected":false},"author":5,"featured_media":0,"parent":195,"menu_order":1,"comment_status":"closed","ping_status":"close","template":"page-templates\/side-menu.php","meta":{"_bbp_topic_count":0,"_bbp_reply_count":0,"_bbp_total_topic_count":0,"_bbp_total_reply_count":0,"_bbp_voice_count":0,"_bbp_anonymous_reply_count":0,"_bbp_topic_count_hidden":0,"_bbp_reply_count_hidden":0,"_bbp_forum_subforum_count":0,"site-sidebar-layout":"default","site-content-layout":"","ast-site-content-layout":"","site-content-style":"default","site-sidebar-style":"default","ast-global-header-display":"","ast-banner-title-visibility":"","ast-main-header-display":"","ast-hfb-above-header-display":"","ast-hfb-below-header-display":"","ast-hfb-mobile-header-display":"","site-post-title":"","ast-breadcrumbs-content":"","ast-featured-img":"","footer-sml-layout":"","theme-transparent-header-meta":"","adv-header-id-meta":"","stick-header-meta":"","header-above-stick-meta":"","header-main-stick-meta":"","header-below-stick-meta":"","astra-migrate-meta-layouts":"default","ast-page-background-enabled":"default","ast-page-background-meta":{"desktop":{"background-color":"var(--ast-global-color-4)","background-image":"","background-repeat":"repeat","background-position":"center center","background-size":"auto","background-attachment":"scroll","background-type":"","background-media":"","overlay-type":"","overlay-color":"","overlay-opacity":"","overlay-gradient":""},"tablet":{"background-color":"","background-image":"","background-repeat":"repeat","background-position":"center center","background-size":"auto","background-attachment":"scroll","background-type":"","background-media":"","overlay-type":"","overlay-color":"","overlay-opacity":"","overlay-gradient":""},"mobile":{"background-color":"","background-image":"","background-repeat":"repeat","background-position":"center center","background-size":"auto","background-attachment":"scroll","background-type":"","background-media":"","overlay-type":"","overlay-color":"","overlay-opacity":"","overlay-gradient":""}},"ast-content-background-meta":{"desktop":{"background-color":"var(--ast-global-color-5)","background-image":"","background-repeat":"repeat","background-position":"center center","background-size":"auto","background-attachment":"scroll","background-type":"","background-media":"","overlay-type":"","overlay-color":"","overlay-opacity":"","overlay-gradient":""},"tablet":{"background-color":"var(--ast-global-color-5)","background-image":"","background-repeat":"repeat","background-position":"center center","background-size":"auto","background-attachment":"scroll","background-type":"","background-media":"","overlay-type":"","overlay-color":"","overlay-opacity":"","overlay-gradient":""},"mobile":{"background-color":"var(--ast-global-color-5)","background-image":"","background-repeat":"repeat","background-position":"center center","background-size":"auto","background-attachment":"scroll","background-type":"","background-media":"","overlay-type":"","overlay-color":"","overlay-opacity":"","overlay-gradient":""}},"footnotes":""},"class_list":["post-13323","page","type-page","status-publish","hentry"],"post_mailing_queue_ids":[],"_links":{"self":[{"href":"https:\/\/agora.xtec.cat\/iestremp\/wp-json\/wp\/v2\/pages\/13323","targetHints":{"allow":["GET"]}}],"collection":[{"href":"https:\/\/agora.xtec.cat\/iestremp\/wp-json\/wp\/v2\/pages"}],"about":[{"href":"https:\/\/agora.xtec.cat\/iestremp\/wp-json\/wp\/v2\/types\/page"}],"author":[{"embeddable":true,"href":"https:\/\/agora.xtec.cat\/iestremp\/wp-json\/wp\/v2\/users\/5"}],"replies":[{"embeddable":true,"href":"https:\/\/agora.xtec.cat\/iestremp\/wp-json\/wp\/v2\/comments?post=13323"}],"version-history":[{"count":6,"href":"https:\/\/agora.xtec.cat\/iestremp\/wp-json\/wp\/v2\/pages\/13323\/revisions"}],"predecessor-version":[{"id":13405,"href":"https:\/\/agora.xtec.cat\/iestremp\/wp-json\/wp\/v2\/pages\/13323\/revisions\/13405"}],"up":[{"embeddable":true,"href":"https:\/\/agora.xtec.cat\/iestremp\/wp-json\/wp\/v2\/pages\/195"}],"wp:attachment":[{"href":"https:\/\/agora.xtec.cat\/iestremp\/wp-json\/wp\/v2\/media?parent=13323"}],"curies":[{"name":"wp","href":"https:\/\/api.w.org\/{rel}","templated":true}]}}