{"id":13283,"date":"2024-10-21T13:16:51","date_gmt":"2024-10-21T11:16:51","guid":{"rendered":"https:\/\/agora.xtec.cat\/iestremp\/?page_id=13283"},"modified":"2026-02-20T11:41:52","modified_gmt":"2026-02-20T10:41:52","slug":"biblioteca","status":"publish","type":"page","link":"https:\/\/agora.xtec.cat\/iestremp\/projecte-educatiu\/biblioteca\/","title":{"rendered":"Biblioteca"},"content":{"rendered":"\n<div class=\"wp-block-getwid-images-slider has-arrows-inside has-dots-inside has-images-center has-cropped-images has-fixed-height\"><div class=\"wp-block-getwid-images-slider__wrapper\" data-effect=\"slide\" data-slides-show=\"1\" data-slides-show-laptop=\"1\" data-slides-show-tablet=\"1\" data-slides-show-mobile=\"1\" data-slides-scroll=\"1\" data-autoplay=\"true\" data-pause-hover=\"true\" data-autoplay-speed=\"2000\" data-infinite=\"true\" data-animation-speed=\"800\" data-center-mode=\"false\" data-variable-width=\"false\" data-arrows=\"inside\" data-dots=\"inside\" data-spacing=\"none\"><div class=\"wp-block-getwid-images-slider__item\" style=\"height:500px\"><figure><img loading=\"lazy\" decoding=\"async\" width=\"1080\" height=\"809\" src=\"https:\/\/agora.xtec.cat\/iestremp\/wp-content\/uploads\/usu1880\/2024\/11\/IMG_20241113_223238.jpg\" data-id=\"13457\" data-link=\"https:\/\/agora.xtec.cat\/iestremp\/projecte-educatiu\/biblioteca\/attachment\/img_20241113_223238\/\" data-original-link=\"https:\/\/agora.xtec.cat\/iestremp\/wp-content\/uploads\/usu1880\/2024\/11\/IMG_20241113_223238.jpg\" class=\"wp-block-getwid-images-slider__image wp-image-13457\" srcset=\"https:\/\/agora.xtec.cat\/iestremp\/wp-content\/uploads\/usu1880\/2024\/11\/IMG_20241113_223238.jpg 1080w, https:\/\/agora.xtec.cat\/iestremp\/wp-content\/uploads\/usu1880\/2024\/11\/IMG_20241113_223238-300x225.jpg 300w, https:\/\/agora.xtec.cat\/iestremp\/wp-content\/uploads\/usu1880\/2024\/11\/IMG_20241113_223238-1024x767.jpg 1024w, https:\/\/agora.xtec.cat\/iestremp\/wp-content\/uploads\/usu1880\/2024\/11\/IMG_20241113_223238-768x575.jpg 768w, https:\/\/agora.xtec.cat\/iestremp\/wp-content\/uploads\/usu1880\/2024\/11\/IMG_20241113_223238-200x150.jpg 200w\" sizes=\"auto, (max-width: 1080px) 100vw, 1080px\" \/><\/figure><\/div><div class=\"wp-block-getwid-images-slider__item\" style=\"height:500px\"><figure><img loading=\"lazy\" decoding=\"async\" width=\"1080\" height=\"821\" src=\"https:\/\/agora.xtec.cat\/iestremp\/wp-content\/uploads\/usu1880\/2024\/11\/IMG_20241113_223048.jpg\" data-id=\"13458\" data-link=\"https:\/\/agora.xtec.cat\/iestremp\/projecte-educatiu\/biblioteca\/attachment\/img_20241113_223048\/\" data-original-link=\"https:\/\/agora.xtec.cat\/iestremp\/wp-content\/uploads\/usu1880\/2024\/11\/IMG_20241113_223048.jpg\" class=\"wp-block-getwid-images-slider__image wp-image-13458\" srcset=\"https:\/\/agora.xtec.cat\/iestremp\/wp-content\/uploads\/usu1880\/2024\/11\/IMG_20241113_223048.jpg 1080w, https:\/\/agora.xtec.cat\/iestremp\/wp-content\/uploads\/usu1880\/2024\/11\/IMG_20241113_223048-300x228.jpg 300w, https:\/\/agora.xtec.cat\/iestremp\/wp-content\/uploads\/usu1880\/2024\/11\/IMG_20241113_223048-1024x778.jpg 1024w, https:\/\/agora.xtec.cat\/iestremp\/wp-content\/uploads\/usu1880\/2024\/11\/IMG_20241113_223048-768x584.jpg 768w\" sizes=\"auto, (max-width: 1080px) 100vw, 1080px\" \/><\/figure><\/div><div class=\"wp-block-getwid-images-slider__item\" style=\"height:500px\"><figure><img loading=\"lazy\" decoding=\"async\" width=\"1080\" height=\"810\" src=\"https:\/\/agora.xtec.cat\/iestremp\/wp-content\/uploads\/usu1880\/2024\/11\/IMG_20241113_222943.jpg\" data-id=\"13459\" data-link=\"https:\/\/agora.xtec.cat\/iestremp\/projecte-educatiu\/biblioteca\/attachment\/img_20241113_222943\/\" data-original-link=\"https:\/\/agora.xtec.cat\/iestremp\/wp-content\/uploads\/usu1880\/2024\/11\/IMG_20241113_222943.jpg\" class=\"wp-block-getwid-images-slider__image wp-image-13459\" srcset=\"https:\/\/agora.xtec.cat\/iestremp\/wp-content\/uploads\/usu1880\/2024\/11\/IMG_20241113_222943.jpg 1080w, https:\/\/agora.xtec.cat\/iestremp\/wp-content\/uploads\/usu1880\/2024\/11\/IMG_20241113_222943-300x225.jpg 300w, https:\/\/agora.xtec.cat\/iestremp\/wp-content\/uploads\/usu1880\/2024\/11\/IMG_20241113_222943-1024x768.jpg 1024w, https:\/\/agora.xtec.cat\/iestremp\/wp-content\/uploads\/usu1880\/2024\/11\/IMG_20241113_222943-768x576.jpg 768w, https:\/\/agora.xtec.cat\/iestremp\/wp-content\/uploads\/usu1880\/2024\/11\/IMG_20241113_222943-200x150.jpg 200w\" sizes=\"auto, (max-width: 1080px) 100vw, 1080px\" \/><\/figure><\/div><div class=\"wp-block-getwid-images-slider__item\" style=\"height:500px\"><figure><img loading=\"lazy\" decoding=\"async\" width=\"1080\" height=\"817\" src=\"https:\/\/agora.xtec.cat\/iestremp\/wp-content\/uploads\/usu1880\/2024\/11\/IMG_20241113_223015.jpg\" data-id=\"13462\" data-link=\"https:\/\/agora.xtec.cat\/iestremp\/projecte-educatiu\/biblioteca\/attachment\/img_20241113_223015\/\" data-original-link=\"https:\/\/agora.xtec.cat\/iestremp\/wp-content\/uploads\/usu1880\/2024\/11\/IMG_20241113_223015.jpg\" class=\"wp-block-getwid-images-slider__image wp-image-13462\" srcset=\"https:\/\/agora.xtec.cat\/iestremp\/wp-content\/uploads\/usu1880\/2024\/11\/IMG_20241113_223015.jpg 1080w, https:\/\/agora.xtec.cat\/iestremp\/wp-content\/uploads\/usu1880\/2024\/11\/IMG_20241113_223015-300x227.jpg 300w, https:\/\/agora.xtec.cat\/iestremp\/wp-content\/uploads\/usu1880\/2024\/11\/IMG_20241113_223015-1024x775.jpg 1024w, https:\/\/agora.xtec.cat\/iestremp\/wp-content\/uploads\/usu1880\/2024\/11\/IMG_20241113_223015-768x581.jpg 768w, https:\/\/agora.xtec.cat\/iestremp\/wp-content\/uploads\/usu1880\/2024\/11\/IMG_20241113_223015-200x150.jpg 200w\" sizes=\"auto, (max-width: 1080px) 100vw, 1080px\" \/><\/figure><\/div><div class=\"wp-block-getwid-images-slider__item\" style=\"height:500px\"><figure><img loading=\"lazy\" decoding=\"async\" width=\"1080\" height=\"811\" src=\"https:\/\/agora.xtec.cat\/iestremp\/wp-content\/uploads\/usu1880\/2024\/11\/IMG_20241113_223101.jpg\" data-id=\"13463\" data-link=\"https:\/\/agora.xtec.cat\/iestremp\/projecte-educatiu\/biblioteca\/attachment\/img_20241113_223101\/\" data-original-link=\"https:\/\/agora.xtec.cat\/iestremp\/wp-content\/uploads\/usu1880\/2024\/11\/IMG_20241113_223101.jpg\" class=\"wp-block-getwid-images-slider__image wp-image-13463\" srcset=\"https:\/\/agora.xtec.cat\/iestremp\/wp-content\/uploads\/usu1880\/2024\/11\/IMG_20241113_223101.jpg 1080w, https:\/\/agora.xtec.cat\/iestremp\/wp-content\/uploads\/usu1880\/2024\/11\/IMG_20241113_223101-300x225.jpg 300w, https:\/\/agora.xtec.cat\/iestremp\/wp-content\/uploads\/usu1880\/2024\/11\/IMG_20241113_223101-1024x769.jpg 1024w, https:\/\/agora.xtec.cat\/iestremp\/wp-content\/uploads\/usu1880\/2024\/11\/IMG_20241113_223101-768x577.jpg 768w, https:\/\/agora.xtec.cat\/iestremp\/wp-content\/uploads\/usu1880\/2024\/11\/IMG_20241113_223101-200x150.jpg 200w\" sizes=\"auto, (max-width: 1080px) 100vw, 1080px\" \/><\/figure><\/div><div class=\"wp-block-getwid-images-slider__item\" style=\"height:500px\"><figure><img loading=\"lazy\" decoding=\"async\" width=\"1080\" height=\"816\" src=\"https:\/\/agora.xtec.cat\/iestremp\/wp-content\/uploads\/usu1880\/2024\/11\/IMG_20241113_223030.jpg\" data-id=\"13464\" data-link=\"https:\/\/agora.xtec.cat\/iestremp\/projecte-educatiu\/biblioteca\/attachment\/img_20241113_223030\/\" data-original-link=\"https:\/\/agora.xtec.cat\/iestremp\/wp-content\/uploads\/usu1880\/2024\/11\/IMG_20241113_223030.jpg\" class=\"wp-block-getwid-images-slider__image wp-image-13464\" srcset=\"https:\/\/agora.xtec.cat\/iestremp\/wp-content\/uploads\/usu1880\/2024\/11\/IMG_20241113_223030.jpg 1080w, https:\/\/agora.xtec.cat\/iestremp\/wp-content\/uploads\/usu1880\/2024\/11\/IMG_20241113_223030-300x227.jpg 300w, https:\/\/agora.xtec.cat\/iestremp\/wp-content\/uploads\/usu1880\/2024\/11\/IMG_20241113_223030-1024x774.jpg 1024w, https:\/\/agora.xtec.cat\/iestremp\/wp-content\/uploads\/usu1880\/2024\/11\/IMG_20241113_223030-768x580.jpg 768w, https:\/\/agora.xtec.cat\/iestremp\/wp-content\/uploads\/usu1880\/2024\/11\/IMG_20241113_223030-200x150.jpg 200w\" sizes=\"auto, (max-width: 1080px) 100vw, 1080px\" \/><\/figure><\/div><\/div><\/div>\n\n\n\n<p><\/p>\n\n\n\n<p><strong><mark>La remodelaci\u00f3 de la biblioteca<\/mark><\/strong><\/p>\n\n\n\n<p>La biblioteca escolar del centre (BE) ha estat recentment remodelada i s\u2019ha realitzat una esporga i descatalogaci\u00f3&nbsp;en profunditat que ha perm\u00e8s donar espai a noves adquisicions m\u00e9s adequades i actualitzades als gustos i inquietuds de l\u2019alumnat. Aquesta selecci\u00f3 del fons d\u2019exemplars de la biblioteca s\u2019ha realitzat amb la participaci\u00f3 de la totalitat dels departaments del centre i s\u2019ha tingut en compte la vig\u00e8ncia i actualitzaci\u00f3 del material, l\u2019adequaci\u00f3 als objectius de la BE, l\u2019equilibri raonable en funci\u00f3 de l\u2019espai, les necessitats dels departaments i la proximitat dels materials amb el territori.&nbsp;<\/p>\n\n\n\n<p>Podeu consultar el nou catl\u00e0leg en <a href=\"https:\/\/aplicacions.gestioeducativa.gencat.cat\/epergam\/web\/biblioteca.jsp?codi=25006288\">aquesta p\u00e0gina<\/a>.<\/p>\n\n\n\n<p>L&#8217;acc\u00e9s a la biblioteca dins l\u2019horari lectiu es contempla que sigui durant les hores establertes a cada curs. A la plataforma iEduca&nbsp; es podr\u00e0 consultar l\u2019horari de la biblioteca i fer la reserva segons les necessitats del professorat. Aix\u00ed mateix, l\u2019alumnat de manera individual tamb\u00e9 podr\u00e0 fer dels espais de la biblioteca del centre a les hores de pati establertes pr\u00e8via reserva sempre que aquests es comprometin a respectar les normes d\u2019\u00fas.<\/p>\n\n\n\n<p><strong><mark>La biblioteca de l\u2019institut: un espai viu de lectura i conviv\u00e8ncia<\/mark><\/strong><\/p>\n\n\n\n<p>La biblioteca de l\u2019institut \u00e9s molt m\u00e9s que un lloc per estudiar o agafar llibres en pr\u00e9stec: \u00e9s un espai viu on fomentem el gust per la lectura, el pensament cr\u00edtic i la participaci\u00f3 de l\u2019alumnat a trav\u00e9s d\u2019activitats diverses i din\u00e0miques.<\/p>\n\n\n\n<p>Al llarg del curs, impulsem iniciatives com la lectura en veu alta, que permet compartir textos, millorar la comprensi\u00f3 lectora i refor\u00e7ar la confian\u00e7a i l\u2019expressi\u00f3 oral. Tamb\u00e9 celebrem dates destacades del calendari cultural, com el Dia de la Poesia, amb activitats que conviden a descobrir i gaudir del llenguatge po\u00e8tic.<\/p>\n\n\n\n<p>A m\u00e9s, treballem tem\u00e0tiques diverses vinculades als valors i a l\u2019actualitat, com el Dia de la Dona i la Nena a la Ci\u00e8ncia o el Dia Internacional de la Dona, a trav\u00e9s de lectures, exposicions i propostes que promouen la reflexi\u00f3, la igualtat i la visibilitzaci\u00f3 de referents femenins.<\/p>\n\n\n\n<p>Per celebrar el primer aniversari de la biblioteca, vam organitzar un bingo literari, una activitat l\u00fadica que va combinar el joc amb el coneixement literari i que va tenir molt bona acollida entre l\u2019alumnat. A m\u00e9s a m\u00e9s, cada curs presentem la biblioteca als nous estudiants de l\u2019institut a trav\u00e9s d\u2019una activitat l\u00fadica, una Escape Room de descoberta de la biblioteca.<\/p>\n\n\n\n<p>Amb totes aquestes activitats, la biblioteca es consolida com un espai de trobada, aprenentatge i creativitat, obert a tota la comunitat educativa.<\/p>\n","protected":false},"excerpt":{"rendered":"<p>La remodelaci\u00f3 de la biblioteca La biblioteca escolar del centre (BE) ha estat recentment remodelada i s\u2019ha realitzat una esporga i descatalogaci\u00f3&nbsp;en profunditat que ha perm\u00e8s donar espai a noves adquisicions m\u00e9s adequades i actualitzades als gustos i inquietuds de l\u2019alumnat. Aquesta selecci\u00f3 del fons d\u2019exemplars de la biblioteca s\u2019ha realitzat amb la participaci\u00f3 de [&hellip;]<\/p>\n","protected":false},"author":5,"featured_media":0,"parent":57,"menu_order":4,"comment_status":"closed","ping_status":"closed","template":"","meta":{"_bbp_topic_count":0,"_bbp_reply_count":0,"_bbp_total_topic_count":0,"_bbp_total_reply_count":0,"_bbp_voice_count":0,"_bbp_anonymous_reply_count":0,"_bbp_topic_count_hidden":0,"_bbp_reply_count_hidden":0,"_bbp_forum_subforum_count":0,"site-sidebar-layout":"default","site-content-layout":"","ast-site-content-layout":"default","site-content-style":"default","site-sidebar-style":"default","ast-global-header-display":"","ast-banner-title-visibility":"","ast-main-header-display":"","ast-hfb-above-header-display":"","ast-hfb-below-header-display":"","ast-hfb-mobile-header-display":"","site-post-title":"","ast-breadcrumbs-content":"","ast-featured-img":"","footer-sml-layout":"","theme-transparent-header-meta":"","adv-header-id-meta":"","stick-header-meta":"","header-above-stick-meta":"","header-main-stick-meta":"","header-below-stick-meta":"","astra-migrate-meta-layouts":"set","ast-page-background-enabled":"default","ast-page-background-meta":{"desktop":{"background-color":"var(--ast-global-color-4)","background-image":"","background-repeat":"repeat","background-position":"center center","background-size":"auto","background-attachment":"scroll","background-type":"","background-media":"","overlay-type":"","overlay-color":"","overlay-opacity":"","overlay-gradient":""},"tablet":{"background-color":"","background-image":"","background-repeat":"repeat","background-position":"center center","background-size":"auto","background-attachment":"scroll","background-type":"","background-media":"","overlay-type":"","overlay-color":"","overlay-opacity":"","overlay-gradient":""},"mobile":{"background-color":"","background-image":"","background-repeat":"repeat","background-position":"center center","background-size":"auto","background-attachment":"scroll","background-type":"","background-media":"","overlay-type":"","overlay-color":"","overlay-opacity":"","overlay-gradient":""}},"ast-content-background-meta":{"desktop":{"background-color":"var(--ast-global-color-5)","background-image":"","background-repeat":"repeat","background-position":"center center","background-size":"auto","background-attachment":"scroll","background-type":"","background-media":"","overlay-type":"","overlay-color":"","overlay-opacity":"","overlay-gradient":""},"tablet":{"background-color":"var(--ast-global-color-5)","background-image":"","background-repeat":"repeat","background-position":"center center","background-size":"auto","background-attachment":"scroll","background-type":"","background-media":"","overlay-type":"","overlay-color":"","overlay-opacity":"","overlay-gradient":""},"mobile":{"background-color":"var(--ast-global-color-5)","background-image":"","background-repeat":"repeat","background-position":"center center","background-size":"auto","background-attachment":"scroll","background-type":"","background-media":"","overlay-type":"","overlay-color":"","overlay-opacity":"","overlay-gradient":""}},"footnotes":""},"class_list":["post-13283","page","type-page","status-publish","hentry"],"post_mailing_queue_ids":[],"_links":{"self":[{"href":"https:\/\/agora.xtec.cat\/iestremp\/wp-json\/wp\/v2\/pages\/13283","targetHints":{"allow":["GET"]}}],"collection":[{"href":"https:\/\/agora.xtec.cat\/iestremp\/wp-json\/wp\/v2\/pages"}],"about":[{"href":"https:\/\/agora.xtec.cat\/iestremp\/wp-json\/wp\/v2\/types\/page"}],"author":[{"embeddable":true,"href":"https:\/\/agora.xtec.cat\/iestremp\/wp-json\/wp\/v2\/users\/5"}],"replies":[{"embeddable":true,"href":"https:\/\/agora.xtec.cat\/iestremp\/wp-json\/wp\/v2\/comments?post=13283"}],"version-history":[{"count":6,"href":"https:\/\/agora.xtec.cat\/iestremp\/wp-json\/wp\/v2\/pages\/13283\/revisions"}],"predecessor-version":[{"id":14169,"href":"https:\/\/agora.xtec.cat\/iestremp\/wp-json\/wp\/v2\/pages\/13283\/revisions\/14169"}],"up":[{"embeddable":true,"href":"https:\/\/agora.xtec.cat\/iestremp\/wp-json\/wp\/v2\/pages\/57"}],"wp:attachment":[{"href":"https:\/\/agora.xtec.cat\/iestremp\/wp-json\/wp\/v2\/media?parent=13283"}],"curies":[{"name":"wp","href":"https:\/\/api.w.org\/{rel}","templated":true}]}}