{"id":13234,"date":"2024-10-18T10:50:37","date_gmt":"2024-10-18T08:50:37","guid":{"rendered":"https:\/\/agora.xtec.cat\/iestremp\/?page_id=13234"},"modified":"2024-10-18T19:07:50","modified_gmt":"2024-10-18T17:07:50","slug":"ioc-centre-collaborador","status":"publish","type":"page","link":"https:\/\/agora.xtec.cat\/iestremp\/serveis\/ioc-centre-collaborador\/","title":{"rendered":"IOC centre col\u00b7laborador"},"content":{"rendered":"\n<p>Des del curs 2023-24, l&#8217;Institut de Tremp \u00e9s centre col\u00b7laborador de l&#8217;IOC del <strong>Batxillerat per les mat\u00e8ries comunes.<\/strong><\/p>\n\n\n\n<p>Les nostres tasques com a centre col\u00b7laborador s\u00f3n:<\/p>\n\n\n\n<ul class=\"wp-block-list\">\n<li>Coordinar la relaci\u00f3 amb l\u2019IOC de tot l\u2019alumnat assignat al centre col\u00b7laborador, orientant-lo<br>en totes les tasques de tipus administratiu i acad\u00e8mic (matr\u00edcula, obtenci\u00f3 de notes,<br>certificats, \u2026).<\/li>\n\n\n\n<li>Exercir les tasques pr\u00f2pies de tutoria de l\u2019alumnat IOC assignat al seu centre.<\/li>\n\n\n\n<li>Convocar l\u2019alumnat assignat al centre col\u00b7laborador als ex\u00e0mens semestrals, dins de les<br>directrius marcades per la Direcci\u00f3 acad\u00e8mica de batxillerat i ACFGS de l\u2019IOC.<\/li>\n\n\n\n<li>Fer les tasques de vigil\u00e0ncia i distribuci\u00f3 d\u2019ex\u00e0mens rebuts de la Direcci\u00f3 acad\u00e8mica de<br>batxillerat de l\u2019IOC.<\/li>\n\n\n\n<li>Trametre a l\u2019IOC els ex\u00e0mens de l\u2019alumnat IOC convocat en el centre col\u00b7laborador.<\/li>\n<\/ul>\n\n\n\n<p>Per a m\u00e9s informaci\u00f3, podeu consultar el <a href=\"https:\/\/ioc.xtec.cat\/educacio\/\" data-type=\"link\" data-id=\"https:\/\/ioc.xtec.cat\/educacio\/\">web de l&#8217;IOC.<\/a><\/p>\n","protected":false},"excerpt":{"rendered":"<p>Des del curs 2023-24, l&#8217;Institut de Tremp \u00e9s centre col\u00b7laborador de l&#8217;IOC del Batxillerat per les mat\u00e8ries comunes. Les nostres tasques com a centre col\u00b7laborador s\u00f3n: Per a m\u00e9s informaci\u00f3, podeu consultar el web de l&#8217;IOC.<\/p>\n","protected":false},"author":5,"featured_media":0,"parent":63,"menu_order":6,"comment_status":"closed","ping_status":"close","template":"page-templates\/side-menu.php","meta":{"_bbp_topic_count":0,"_bbp_reply_count":0,"_bbp_total_topic_count":0,"_bbp_total_reply_count":0,"_bbp_voice_count":0,"_bbp_anonymous_reply_count":0,"_bbp_topic_count_hidden":0,"_bbp_reply_count_hidden":0,"_bbp_forum_subforum_count":0,"site-sidebar-layout":"default","site-content-layout":"","ast-site-content-layout":"","site-content-style":"default","site-sidebar-style":"default","ast-global-header-display":"","ast-banner-title-visibility":"","ast-main-header-display":"","ast-hfb-above-header-display":"","ast-hfb-below-header-display":"","ast-hfb-mobile-header-display":"","site-post-title":"","ast-breadcrumbs-content":"","ast-featured-img":"","footer-sml-layout":"","theme-transparent-header-meta":"","adv-header-id-meta":"","stick-header-meta":"","header-above-stick-meta":"","header-main-stick-meta":"","header-below-stick-meta":"","astra-migrate-meta-layouts":"default","ast-page-background-enabled":"default","ast-page-background-meta":{"desktop":{"background-color":"var(--ast-global-color-4)","background-image":"","background-repeat":"repeat","background-position":"center center","background-size":"auto","background-attachment":"scroll","background-type":"","background-media":"","overlay-type":"","overlay-color":"","overlay-opacity":"","overlay-gradient":""},"tablet":{"background-color":"","background-image":"","background-repeat":"repeat","background-position":"center center","background-size":"auto","background-attachment":"scroll","background-type":"","background-media":"","overlay-type":"","overlay-color":"","overlay-opacity":"","overlay-gradient":""},"mobile":{"background-color":"","background-image":"","background-repeat":"repeat","background-position":"center center","background-size":"auto","background-attachment":"scroll","background-type":"","background-media":"","overlay-type":"","overlay-color":"","overlay-opacity":"","overlay-gradient":""}},"ast-content-background-meta":{"desktop":{"background-color":"var(--ast-global-color-5)","background-image":"","background-repeat":"repeat","background-position":"center center","background-size":"auto","background-attachment":"scroll","background-type":"","background-media":"","overlay-type":"","overlay-color":"","overlay-opacity":"","overlay-gradient":""},"tablet":{"background-color":"var(--ast-global-color-5)","background-image":"","background-repeat":"repeat","background-position":"center center","background-size":"auto","background-attachment":"scroll","background-type":"","background-media":"","overlay-type":"","overlay-color":"","overlay-opacity":"","overlay-gradient":""},"mobile":{"background-color":"var(--ast-global-color-5)","background-image":"","background-repeat":"repeat","background-position":"center center","background-size":"auto","background-attachment":"scroll","background-type":"","background-media":"","overlay-type":"","overlay-color":"","overlay-opacity":"","overlay-gradient":""}},"footnotes":""},"class_list":["post-13234","page","type-page","status-publish","hentry"],"post_mailing_queue_ids":[],"_links":{"self":[{"href":"https:\/\/agora.xtec.cat\/iestremp\/wp-json\/wp\/v2\/pages\/13234","targetHints":{"allow":["GET"]}}],"collection":[{"href":"https:\/\/agora.xtec.cat\/iestremp\/wp-json\/wp\/v2\/pages"}],"about":[{"href":"https:\/\/agora.xtec.cat\/iestremp\/wp-json\/wp\/v2\/types\/page"}],"author":[{"embeddable":true,"href":"https:\/\/agora.xtec.cat\/iestremp\/wp-json\/wp\/v2\/users\/5"}],"replies":[{"embeddable":true,"href":"https:\/\/agora.xtec.cat\/iestremp\/wp-json\/wp\/v2\/comments?post=13234"}],"version-history":[{"count":4,"href":"https:\/\/agora.xtec.cat\/iestremp\/wp-json\/wp\/v2\/pages\/13234\/revisions"}],"predecessor-version":[{"id":13253,"href":"https:\/\/agora.xtec.cat\/iestremp\/wp-json\/wp\/v2\/pages\/13234\/revisions\/13253"}],"up":[{"embeddable":true,"href":"https:\/\/agora.xtec.cat\/iestremp\/wp-json\/wp\/v2\/pages\/63"}],"wp:attachment":[{"href":"https:\/\/agora.xtec.cat\/iestremp\/wp-json\/wp\/v2\/media?parent=13234"}],"curies":[{"name":"wp","href":"https:\/\/api.w.org\/{rel}","templated":true}]}}