{"id":13230,"date":"2024-10-18T10:47:23","date_gmt":"2024-10-18T08:47:23","guid":{"rendered":"https:\/\/agora.xtec.cat\/iestremp\/?page_id=13230"},"modified":"2025-01-10T10:58:03","modified_gmt":"2025-01-10T09:58:03","slug":"salut-i-escola","status":"publish","type":"page","link":"https:\/\/agora.xtec.cat\/iestremp\/projecte-educatiu\/salut-i-escola\/","title":{"rendered":"Salut i escola"},"content":{"rendered":"\n<p>Aquest programa es desenvolupa en col\u00b7laboraci\u00f3 amb el Departament de Salut. El seu objectiu \u00e9s impulsar la promoci\u00f3 i prevenci\u00f3 de la salut a l\u2019escola. Es potencia la coordinaci\u00f3 dels centres docents, els serveis educatius i els serveis sanitaris en accions de promoci\u00f3 de la salut i d&#8217;atenci\u00f3 a l&#8217;alumnat. <\/p>\n\n\n\n<p><strong>Consulta oberta<\/strong><\/p>\n\n\n\n<p>Aquest programa ofereix un servei que es diu &#8220;Consulta Oberta&#8221;. Consisteix en qu\u00e8 un\/a professional d\u2019infermeria es despla\u00e7a peri\u00f2dicament al centre docent i ofereix consulta presencial als nostres joves. En concret al nostre centre es duu a terme els dimarts d\u201910:45 a 11 hores del mat\u00ed (durant el 1r pati). Aquest servei afavoreix l\u2019accessibilitat i millora la prevenci\u00f3 de situacions de risc i atenci\u00f3 preco\u00e7 als problemes de salut dels adolescents a l\u2019atenci\u00f3 sanit\u00e0ria amb garanties de privacitat, confidencialitat i proximitat.<\/p>\n\n\n\n<p><strong>Activitats de foment de la salut a les tutories<\/strong><\/p>\n\n\n\n<p>La persona d\u2019infermera que at\u00e9n aquesta consulta tamb\u00e9 \u00e9s l\u2019encarregada de fer xerrades de salut, sexualitat, drogodepend\u00e8ncies i altres conductes de risc a tots els cursos d\u2019ESO a les hores de tutoria, algunes d\u2019aquestes xerrades es fan a tot el grup classe al mateix moment i altres es divideix el grup classe en 2 per tal que les xerrades siguin m\u00e9s efectives. A m\u00e9s a m\u00e9s d\u2019aquesta professional, el programa Salut i Escola tamb\u00e9 contempla l\u2019actuaci\u00f3 d\u2019una psic\u00f2loga i una nutricionista per tractar la prevenci\u00f3 d\u2019aspectes relatius amb l\u2019angoixa, ansietat i dubtes d\u2019alimentaci\u00f3.<\/p>\n\n\n\n<div class=\"wp-block-columns is-layout-flex wp-container-core-columns-is-layout-1 wp-block-columns-is-layout-flex\">\n<div class=\"wp-block-column is-layout-flow wp-block-column-is-layout-flow\">\n<figure class=\"wp-block-image size-large is-resized\"><a href=\"https:\/\/agora.xtec.cat\/iestremp\/wp-content\/uploads\/usu1880\/2025\/01\/IMG-20241203-WA0009.jpg\"><img loading=\"lazy\" decoding=\"async\" width=\"1024\" height=\"768\" src=\"https:\/\/agora.xtec.cat\/iestremp\/wp-content\/uploads\/usu1880\/2025\/01\/IMG-20241203-WA0009-1024x768.jpg\" alt=\"\" class=\"wp-image-13565\" style=\"width:417px;height:auto\" srcset=\"https:\/\/agora.xtec.cat\/iestremp\/wp-content\/uploads\/usu1880\/2025\/01\/IMG-20241203-WA0009-1024x768.jpg 1024w, https:\/\/agora.xtec.cat\/iestremp\/wp-content\/uploads\/usu1880\/2025\/01\/IMG-20241203-WA0009-300x225.jpg 300w, https:\/\/agora.xtec.cat\/iestremp\/wp-content\/uploads\/usu1880\/2025\/01\/IMG-20241203-WA0009-768x576.jpg 768w, https:\/\/agora.xtec.cat\/iestremp\/wp-content\/uploads\/usu1880\/2025\/01\/IMG-20241203-WA0009-1536x1152.jpg 1536w, https:\/\/agora.xtec.cat\/iestremp\/wp-content\/uploads\/usu1880\/2025\/01\/IMG-20241203-WA0009-200x150.jpg 200w, https:\/\/agora.xtec.cat\/iestremp\/wp-content\/uploads\/usu1880\/2025\/01\/IMG-20241203-WA0009.jpg 1600w\" sizes=\"auto, (max-width: 1024px) 100vw, 1024px\" \/><\/a><\/figure>\n<\/div>\n\n\n\n<div class=\"wp-block-column is-layout-flow wp-block-column-is-layout-flow\">\n<figure class=\"wp-block-image size-large\"><a href=\"https:\/\/agora.xtec.cat\/iestremp\/wp-content\/uploads\/usu1880\/2025\/01\/IMG-20241203-WA0006.jpg\"><img loading=\"lazy\" decoding=\"async\" width=\"1024\" height=\"768\" src=\"https:\/\/agora.xtec.cat\/iestremp\/wp-content\/uploads\/usu1880\/2025\/01\/IMG-20241203-WA0006-1024x768.jpg\" alt=\"\" class=\"wp-image-13566\" srcset=\"https:\/\/agora.xtec.cat\/iestremp\/wp-content\/uploads\/usu1880\/2025\/01\/IMG-20241203-WA0006-1024x768.jpg 1024w, https:\/\/agora.xtec.cat\/iestremp\/wp-content\/uploads\/usu1880\/2025\/01\/IMG-20241203-WA0006-300x225.jpg 300w, https:\/\/agora.xtec.cat\/iestremp\/wp-content\/uploads\/usu1880\/2025\/01\/IMG-20241203-WA0006-768x576.jpg 768w, https:\/\/agora.xtec.cat\/iestremp\/wp-content\/uploads\/usu1880\/2025\/01\/IMG-20241203-WA0006-1536x1152.jpg 1536w, https:\/\/agora.xtec.cat\/iestremp\/wp-content\/uploads\/usu1880\/2025\/01\/IMG-20241203-WA0006-200x150.jpg 200w, https:\/\/agora.xtec.cat\/iestremp\/wp-content\/uploads\/usu1880\/2025\/01\/IMG-20241203-WA0006.jpg 1600w\" sizes=\"auto, (max-width: 1024px) 100vw, 1024px\" \/><\/a><\/figure>\n<\/div>\n<\/div>\n","protected":false},"excerpt":{"rendered":"<p>Aquest programa es desenvolupa en col\u00b7laboraci\u00f3 amb el Departament de Salut. El seu objectiu \u00e9s impulsar la promoci\u00f3 i prevenci\u00f3 de la salut a l\u2019escola. Es potencia la coordinaci\u00f3 dels centres docents, els serveis educatius i els serveis sanitaris en accions de promoci\u00f3 de la salut i d&#8217;atenci\u00f3 a l&#8217;alumnat. Consulta oberta Aquest programa ofereix [&hellip;]<\/p>\n","protected":false},"author":5,"featured_media":0,"parent":57,"menu_order":7,"comment_status":"closed","ping_status":"closed","template":"page-templates\/side-menu.php","meta":{"_bbp_topic_count":0,"_bbp_reply_count":0,"_bbp_total_topic_count":0,"_bbp_total_reply_count":0,"_bbp_voice_count":0,"_bbp_anonymous_reply_count":0,"_bbp_topic_count_hidden":0,"_bbp_reply_count_hidden":0,"_bbp_forum_subforum_count":0,"site-sidebar-layout":"default","site-content-layout":"","ast-site-content-layout":"","site-content-style":"default","site-sidebar-style":"default","ast-global-header-display":"","ast-banner-title-visibility":"","ast-main-header-display":"","ast-hfb-above-header-display":"","ast-hfb-below-header-display":"","ast-hfb-mobile-header-display":"","site-post-title":"","ast-breadcrumbs-content":"","ast-featured-img":"","footer-sml-layout":"","theme-transparent-header-meta":"","adv-header-id-meta":"","stick-header-meta":"","header-above-stick-meta":"","header-main-stick-meta":"","header-below-stick-meta":"","astra-migrate-meta-layouts":"default","ast-page-background-enabled":"default","ast-page-background-meta":{"desktop":{"background-color":"var(--ast-global-color-4)","background-image":"","background-repeat":"repeat","background-position":"center center","background-size":"auto","background-attachment":"scroll","background-type":"","background-media":"","overlay-type":"","overlay-color":"","overlay-opacity":"","overlay-gradient":""},"tablet":{"background-color":"","background-image":"","background-repeat":"repeat","background-position":"center center","background-size":"auto","background-attachment":"scroll","background-type":"","background-media":"","overlay-type":"","overlay-color":"","overlay-opacity":"","overlay-gradient":""},"mobile":{"background-color":"","background-image":"","background-repeat":"repeat","background-position":"center center","background-size":"auto","background-attachment":"scroll","background-type":"","background-media":"","overlay-type":"","overlay-color":"","overlay-opacity":"","overlay-gradient":""}},"ast-content-background-meta":{"desktop":{"background-color":"var(--ast-global-color-5)","background-image":"","background-repeat":"repeat","background-position":"center center","background-size":"auto","background-attachment":"scroll","background-type":"","background-media":"","overlay-type":"","overlay-color":"","overlay-opacity":"","overlay-gradient":""},"tablet":{"background-color":"var(--ast-global-color-5)","background-image":"","background-repeat":"repeat","background-position":"center center","background-size":"auto","background-attachment":"scroll","background-type":"","background-media":"","overlay-type":"","overlay-color":"","overlay-opacity":"","overlay-gradient":""},"mobile":{"background-color":"var(--ast-global-color-5)","background-image":"","background-repeat":"repeat","background-position":"center center","background-size":"auto","background-attachment":"scroll","background-type":"","background-media":"","overlay-type":"","overlay-color":"","overlay-opacity":"","overlay-gradient":""}},"footnotes":""},"class_list":["post-13230","page","type-page","status-publish","hentry"],"post_mailing_queue_ids":[],"_links":{"self":[{"href":"https:\/\/agora.xtec.cat\/iestremp\/wp-json\/wp\/v2\/pages\/13230","targetHints":{"allow":["GET"]}}],"collection":[{"href":"https:\/\/agora.xtec.cat\/iestremp\/wp-json\/wp\/v2\/pages"}],"about":[{"href":"https:\/\/agora.xtec.cat\/iestremp\/wp-json\/wp\/v2\/types\/page"}],"author":[{"embeddable":true,"href":"https:\/\/agora.xtec.cat\/iestremp\/wp-json\/wp\/v2\/users\/5"}],"replies":[{"embeddable":true,"href":"https:\/\/agora.xtec.cat\/iestremp\/wp-json\/wp\/v2\/comments?post=13230"}],"version-history":[{"count":6,"href":"https:\/\/agora.xtec.cat\/iestremp\/wp-json\/wp\/v2\/pages\/13230\/revisions"}],"predecessor-version":[{"id":13570,"href":"https:\/\/agora.xtec.cat\/iestremp\/wp-json\/wp\/v2\/pages\/13230\/revisions\/13570"}],"up":[{"embeddable":true,"href":"https:\/\/agora.xtec.cat\/iestremp\/wp-json\/wp\/v2\/pages\/57"}],"wp:attachment":[{"href":"https:\/\/agora.xtec.cat\/iestremp\/wp-json\/wp\/v2\/media?parent=13230"}],"curies":[{"name":"wp","href":"https:\/\/api.w.org\/{rel}","templated":true}]}}