{"id":12753,"date":"2024-04-10T17:54:01","date_gmt":"2024-04-10T15:54:01","guid":{"rendered":"https:\/\/agora.xtec.cat\/iestremp\/?page_id=12753"},"modified":"2025-06-20T09:53:01","modified_gmt":"2025-06-20T07:53:01","slug":"cicles-formatius","status":"publish","type":"page","link":"https:\/\/agora.xtec.cat\/iestremp\/estudis\/cicles-formatius\/","title":{"rendered":"Cicles Formatius"},"content":{"rendered":"\n<div class=\"wp-block-columns is-layout-flex wp-container-core-columns-is-layout-1 wp-block-columns-is-layout-flex\"><\/div>\n\n\n\n<div class=\"wp-block-columns are-vertically-aligned-center is-layout-flex wp-container-core-columns-is-layout-2 wp-block-columns-is-layout-flex\">\n<div class=\"wp-block-column is-vertically-aligned-center is-layout-flow wp-block-column-is-layout-flow\">\n<figure class=\"wp-block-image\"><a href=\"https:\/\/agora.xtec.cat\/iestremp\/estudis\/cicles-formatius\/administracio-informatica\/\"><img loading=\"lazy\" decoding=\"async\" width=\"536\" height=\"536\" src=\"https:\/\/agora.xtec.cat\/iestremp\/wp-content\/uploads\/usu1880\/2024\/10\/AiI-be.png\" alt=\"\" class=\"wp-image-13135\" srcset=\"https:\/\/agora.xtec.cat\/iestremp\/wp-content\/uploads\/usu1880\/2024\/10\/AiI-be.png 536w, https:\/\/agora.xtec.cat\/iestremp\/wp-content\/uploads\/usu1880\/2024\/10\/AiI-be-300x300.png 300w, https:\/\/agora.xtec.cat\/iestremp\/wp-content\/uploads\/usu1880\/2024\/10\/AiI-be-150x150.png 150w\" sizes=\"auto, (max-width: 536px) 100vw, 536px\" \/><\/a><\/figure>\n<\/div>\n\n\n\n<div class=\"wp-block-column is-vertically-aligned-center is-layout-flow wp-block-column-is-layout-flow\">\n<figure class=\"wp-block-image size-large\"><a href=\"https:\/\/agora.xtec.cat\/iestremp\/estudis\/cicles-formatius\/familia-de-sanitat\/\"><img loading=\"lazy\" decoding=\"async\" width=\"527\" height=\"527\" src=\"https:\/\/agora.xtec.cat\/iestremp\/wp-content\/uploads\/usu1880\/2024\/10\/SiSC.png\" alt=\"\" class=\"wp-image-13132\" srcset=\"https:\/\/agora.xtec.cat\/iestremp\/wp-content\/uploads\/usu1880\/2024\/10\/SiSC.png 527w, https:\/\/agora.xtec.cat\/iestremp\/wp-content\/uploads\/usu1880\/2024\/10\/SiSC-300x300.png 300w, https:\/\/agora.xtec.cat\/iestremp\/wp-content\/uploads\/usu1880\/2024\/10\/SiSC-150x150.png 150w\" sizes=\"auto, (max-width: 527px) 100vw, 527px\" \/><\/a><\/figure>\n<\/div>\n\n\n\n<div class=\"wp-block-column is-vertically-aligned-center is-layout-flow wp-block-column-is-layout-flow\">\n<figure class=\"wp-block-gallery has-nested-images columns-default is-cropped wp-block-gallery-1 is-layout-flex wp-block-gallery-is-layout-flex\">\n<figure class=\"wp-block-image size-large\"><a href=\"https:\/\/agora.xtec.cat\/iestremp\/estudis\/cicles-formatius\/electricitat-i-electronica\/\"><img loading=\"lazy\" decoding=\"async\" width=\"538\" height=\"538\" src=\"https:\/\/agora.xtec.cat\/iestremp\/wp-content\/uploads\/usu1880\/2024\/10\/EiE.png\" alt=\"\" class=\"wp-image-13134\" srcset=\"https:\/\/agora.xtec.cat\/iestremp\/wp-content\/uploads\/usu1880\/2024\/10\/EiE.png 538w, https:\/\/agora.xtec.cat\/iestremp\/wp-content\/uploads\/usu1880\/2024\/10\/EiE-300x300.png 300w, https:\/\/agora.xtec.cat\/iestremp\/wp-content\/uploads\/usu1880\/2024\/10\/EiE-150x150.png 150w\" sizes=\"auto, (max-width: 538px) 100vw, 538px\" \/><\/a><\/figure>\n<\/figure>\n<\/div>\n<\/div>\n\n\n\n<hr class=\"wp-block-separator has-alpha-channel-opacity\"\/>\n\n\n\n<h2 class=\"wp-block-heading\">Not\u00edcies de cicles<\/h2>\n\n\n\n\t\t<div class=\"wp-block-getwid-recent-posts alignwide has-layout-grid has-cropped-images\">\n\t\t\t<div class=\"wp-block-getwid-recent-posts__wrapper getwid-columns getwid-columns-4\">\n\t\t\t\t\n<article id=\"post-14170\" class=\"wp-block-getwid-recent-posts__post\">\n    <div class=\"wp-block-getwid-recent-posts__post-wrapper\">\n                    <div class=\"wp-block-getwid-recent-posts__post-thumbnail\">\n                <a href=\"https:\/\/agora.xtec.cat\/iestremp\/general\/preinscripcions-i-matricules-2026-2027\/\"><img loading=\"lazy\" decoding=\"async\" width=\"724\" height=\"1024\" src=\"https:\/\/agora.xtec.cat\/iestremp\/wp-content\/uploads\/usu1880\/2026\/02\/Generalitat_Preinscripcio_Escolar_Secundaria_Generalitat-724x1024.jpg\" class=\"attachment-large size-large wp-post-image\" alt=\"Preinscripcions i matr\u00edcules 2026\/2027\" srcset=\"https:\/\/agora.xtec.cat\/iestremp\/wp-content\/uploads\/usu1880\/2026\/02\/Generalitat_Preinscripcio_Escolar_Secundaria_Generalitat-724x1024.jpg 724w, https:\/\/agora.xtec.cat\/iestremp\/wp-content\/uploads\/usu1880\/2026\/02\/Generalitat_Preinscripcio_Escolar_Secundaria_Generalitat-212x300.jpg 212w, https:\/\/agora.xtec.cat\/iestremp\/wp-content\/uploads\/usu1880\/2026\/02\/Generalitat_Preinscripcio_Escolar_Secundaria_Generalitat-768x1086.jpg 768w, https:\/\/agora.xtec.cat\/iestremp\/wp-content\/uploads\/usu1880\/2026\/02\/Generalitat_Preinscripcio_Escolar_Secundaria_Generalitat-1087x1536.jpg 1087w, https:\/\/agora.xtec.cat\/iestremp\/wp-content\/uploads\/usu1880\/2026\/02\/Generalitat_Preinscripcio_Escolar_Secundaria_Generalitat-1449x2048.jpg 1449w, https:\/\/agora.xtec.cat\/iestremp\/wp-content\/uploads\/usu1880\/2026\/02\/Generalitat_Preinscripcio_Escolar_Secundaria_Generalitat.jpg 1685w\" sizes=\"auto, (max-width: 724px) 100vw, 724px\" \/><\/a>\n            <\/div>\n                            <div class=\"wp-block-getwid-recent-posts__content-wrapper\">\n                                    <header class=\"wp-block-getwid-recent-posts__entry-header\">\n                                                    <h5 class=\"wp-block-getwid-recent-posts__post-title\"><a href=\"https:\/\/agora.xtec.cat\/iestremp\/general\/preinscripcions-i-matricules-2026-2027\/\">Preinscripcions i matr\u00edcules 2026\/2027<\/a><\/h5>                                                                    <\/header>\n                                \n                            <\/div>\n            <\/div>\n<\/article>\n\n<article id=\"post-13668\" class=\"wp-block-getwid-recent-posts__post\">\n    <div class=\"wp-block-getwid-recent-posts__post-wrapper\">\n                    <div class=\"wp-block-getwid-recent-posts__post-thumbnail\">\n                <a href=\"https:\/\/agora.xtec.cat\/iestremp\/general\/convocatoria-24-25-erasmus-fp\/\"><img loading=\"lazy\" decoding=\"async\" width=\"708\" height=\"393\" src=\"https:\/\/agora.xtec.cat\/iestremp\/wp-content\/uploads\/usu1880\/2025\/03\/58-e1741004856667.webp\" class=\"attachment-large size-large wp-post-image\" alt=\"Convocat\u00f2ria 2025-26 ERASMUS + FP\" srcset=\"https:\/\/agora.xtec.cat\/iestremp\/wp-content\/uploads\/usu1880\/2025\/03\/58-e1741004856667.webp 708w, https:\/\/agora.xtec.cat\/iestremp\/wp-content\/uploads\/usu1880\/2025\/03\/58-e1741004856667-300x167.webp 300w\" sizes=\"auto, (max-width: 708px) 100vw, 708px\" \/><\/a>\n            <\/div>\n                            <div class=\"wp-block-getwid-recent-posts__content-wrapper\">\n                                    <header class=\"wp-block-getwid-recent-posts__entry-header\">\n                                                    <h5 class=\"wp-block-getwid-recent-posts__post-title\"><a href=\"https:\/\/agora.xtec.cat\/iestremp\/general\/convocatoria-24-25-erasmus-fp\/\">Convocat\u00f2ria 2025-26 ERASMUS + FP<\/a><\/h5>                                                                    <\/header>\n                                \n                            <\/div>\n            <\/div>\n<\/article>\n\n<article id=\"post-13925\" class=\"wp-block-getwid-recent-posts__post\">\n    <div class=\"wp-block-getwid-recent-posts__post-wrapper\">\n                    <div class=\"wp-block-getwid-recent-posts__post-thumbnail\">\n                <a href=\"https:\/\/agora.xtec.cat\/iestremp\/general\/lins-tremp-obte-la-certificacio-iso-90012015-per-la-qualitat-en-la-formacio-professional\/\"><img loading=\"lazy\" decoding=\"async\" width=\"1024\" height=\"579\" src=\"https:\/\/agora.xtec.cat\/iestremp\/wp-content\/uploads\/usu1880\/2025\/05\/Certificacio-ISO-9001-1024x579.jpg\" class=\"attachment-large size-large wp-post-image\" alt=\"L\u2019INS Tremp obt\u00e9 la certificaci\u00f3 ISO 9001:2015 per la qualitat en la formaci\u00f3 professional\" srcset=\"https:\/\/agora.xtec.cat\/iestremp\/wp-content\/uploads\/usu1880\/2025\/05\/Certificacio-ISO-9001-1024x579.jpg 1024w, https:\/\/agora.xtec.cat\/iestremp\/wp-content\/uploads\/usu1880\/2025\/05\/Certificacio-ISO-9001-300x170.jpg 300w, https:\/\/agora.xtec.cat\/iestremp\/wp-content\/uploads\/usu1880\/2025\/05\/Certificacio-ISO-9001-768x434.jpg 768w, https:\/\/agora.xtec.cat\/iestremp\/wp-content\/uploads\/usu1880\/2025\/05\/Certificacio-ISO-9001.jpg 1126w\" sizes=\"auto, (max-width: 1024px) 100vw, 1024px\" \/><\/a>\n            <\/div>\n                            <div class=\"wp-block-getwid-recent-posts__content-wrapper\">\n                                    <header class=\"wp-block-getwid-recent-posts__entry-header\">\n                                                    <h5 class=\"wp-block-getwid-recent-posts__post-title\"><a href=\"https:\/\/agora.xtec.cat\/iestremp\/general\/lins-tremp-obte-la-certificacio-iso-90012015-per-la-qualitat-en-la-formacio-professional\/\">L\u2019INS Tremp obt\u00e9 la certificaci\u00f3 ISO 9001:2015 per la qualitat en la formaci\u00f3 professional<\/a><\/h5>                                                                    <\/header>\n                                \n                            <\/div>\n            <\/div>\n<\/article>\n\n<article id=\"post-13728\" class=\"wp-block-getwid-recent-posts__post\">\n    <div class=\"wp-block-getwid-recent-posts__post-wrapper\">\n                    <div class=\"wp-block-getwid-recent-posts__post-thumbnail\">\n                <a href=\"https:\/\/agora.xtec.cat\/iestremp\/batxillerat\/jornada-de-portes-obertes\/\"><img loading=\"lazy\" decoding=\"async\" width=\"724\" height=\"1024\" src=\"https:\/\/agora.xtec.cat\/iestremp\/wp-content\/uploads\/usu1880\/2025\/03\/Portes-Obertes-Batx-i-FP-2025-724x1024.png\" class=\"attachment-large size-large wp-post-image\" alt=\"Jornada de Portes Obertes dijous 3 d&#8217;abril\u00a0\" srcset=\"https:\/\/agora.xtec.cat\/iestremp\/wp-content\/uploads\/usu1880\/2025\/03\/Portes-Obertes-Batx-i-FP-2025-724x1024.png 724w, https:\/\/agora.xtec.cat\/iestremp\/wp-content\/uploads\/usu1880\/2025\/03\/Portes-Obertes-Batx-i-FP-2025-212x300.png 212w, https:\/\/agora.xtec.cat\/iestremp\/wp-content\/uploads\/usu1880\/2025\/03\/Portes-Obertes-Batx-i-FP-2025-768x1086.png 768w, https:\/\/agora.xtec.cat\/iestremp\/wp-content\/uploads\/usu1880\/2025\/03\/Portes-Obertes-Batx-i-FP-2025-1086x1536.png 1086w, https:\/\/agora.xtec.cat\/iestremp\/wp-content\/uploads\/usu1880\/2025\/03\/Portes-Obertes-Batx-i-FP-2025-1448x2048.png 1448w, https:\/\/agora.xtec.cat\/iestremp\/wp-content\/uploads\/usu1880\/2025\/03\/Portes-Obertes-Batx-i-FP-2025.png 1587w\" sizes=\"auto, (max-width: 724px) 100vw, 724px\" \/><\/a>\n            <\/div>\n                            <div class=\"wp-block-getwid-recent-posts__content-wrapper\">\n                                    <header class=\"wp-block-getwid-recent-posts__entry-header\">\n                                                    <h5 class=\"wp-block-getwid-recent-posts__post-title\"><a href=\"https:\/\/agora.xtec.cat\/iestremp\/batxillerat\/jornada-de-portes-obertes\/\">Jornada de Portes Obertes dijous 3 d&#8217;abril\u00a0<\/a><\/h5>                                                                    <\/header>\n                                \n                            <\/div>\n            <\/div>\n<\/article>\n\n<article id=\"post-13684\" class=\"wp-block-getwid-recent-posts__post\">\n    <div class=\"wp-block-getwid-recent-posts__post-wrapper\">\n                    <div class=\"wp-block-getwid-recent-posts__post-thumbnail\">\n                <a href=\"https:\/\/agora.xtec.cat\/iestremp\/general\/la-seu-durgell-acull-la-1a-trobada-esportiva-dels-programes-de-formacio-i-insercio-de-lalt-pirineu-i-aran\/\"><img loading=\"lazy\" decoding=\"async\" width=\"1024\" height=\"683\" src=\"https:\/\/agora.xtec.cat\/iestremp\/wp-content\/uploads\/usu1880\/2025\/03\/DSC01250-1024x683.jpg\" class=\"attachment-large size-large wp-post-image\" alt=\"La Seu d\u2019Urgell acull la 1a Trobada Esportiva dels Programes de Formaci\u00f3 i Inserci\u00f3 de l\u2019Alt Pirineu i Aran\" srcset=\"https:\/\/agora.xtec.cat\/iestremp\/wp-content\/uploads\/usu1880\/2025\/03\/DSC01250-1024x683.jpg 1024w, https:\/\/agora.xtec.cat\/iestremp\/wp-content\/uploads\/usu1880\/2025\/03\/DSC01250-300x200.jpg 300w, https:\/\/agora.xtec.cat\/iestremp\/wp-content\/uploads\/usu1880\/2025\/03\/DSC01250-768x512.jpg 768w, https:\/\/agora.xtec.cat\/iestremp\/wp-content\/uploads\/usu1880\/2025\/03\/DSC01250-1536x1024.jpg 1536w, https:\/\/agora.xtec.cat\/iestremp\/wp-content\/uploads\/usu1880\/2025\/03\/DSC01250-2048x1365.jpg 2048w\" sizes=\"auto, (max-width: 1024px) 100vw, 1024px\" \/><\/a>\n            <\/div>\n                            <div class=\"wp-block-getwid-recent-posts__content-wrapper\">\n                                    <header class=\"wp-block-getwid-recent-posts__entry-header\">\n                                                    <h5 class=\"wp-block-getwid-recent-posts__post-title\"><a href=\"https:\/\/agora.xtec.cat\/iestremp\/general\/la-seu-durgell-acull-la-1a-trobada-esportiva-dels-programes-de-formacio-i-insercio-de-lalt-pirineu-i-aran\/\">La Seu d\u2019Urgell acull la 1a Trobada Esportiva dels Programes de Formaci\u00f3 i Inserci\u00f3 de l\u2019Alt Pirineu i Aran<\/a><\/h5>                                                                    <\/header>\n                                \n                            <\/div>\n            <\/div>\n<\/article>\n\n<article id=\"post-13584\" class=\"wp-block-getwid-recent-posts__post\">\n    <div class=\"wp-block-getwid-recent-posts__post-wrapper\">\n                    <div class=\"wp-block-getwid-recent-posts__post-thumbnail\">\n                <a href=\"https:\/\/agora.xtec.cat\/iestremp\/general\/portada\/format-en-installacio-de-panells-solars\/\"><img loading=\"lazy\" decoding=\"async\" width=\"724\" height=\"1024\" src=\"https:\/\/agora.xtec.cat\/iestremp\/wp-content\/uploads\/usu1880\/2025\/01\/CP_petit-724x1024.jpg\" class=\"attachment-large size-large wp-post-image\" alt=\"Forma&#8217;t en instal\u00b7laci\u00f3 de panells solars!\" srcset=\"https:\/\/agora.xtec.cat\/iestremp\/wp-content\/uploads\/usu1880\/2025\/01\/CP_petit-724x1024.jpg 724w, https:\/\/agora.xtec.cat\/iestremp\/wp-content\/uploads\/usu1880\/2025\/01\/CP_petit-212x300.jpg 212w, https:\/\/agora.xtec.cat\/iestremp\/wp-content\/uploads\/usu1880\/2025\/01\/CP_petit-768x1086.jpg 768w, https:\/\/agora.xtec.cat\/iestremp\/wp-content\/uploads\/usu1880\/2025\/01\/CP_petit-1086x1536.jpg 1086w, https:\/\/agora.xtec.cat\/iestremp\/wp-content\/uploads\/usu1880\/2025\/01\/CP_petit.jpg 1414w\" sizes=\"auto, (max-width: 724px) 100vw, 724px\" \/><\/a>\n            <\/div>\n                            <div class=\"wp-block-getwid-recent-posts__content-wrapper\">\n                                    <header class=\"wp-block-getwid-recent-posts__entry-header\">\n                                                    <h5 class=\"wp-block-getwid-recent-posts__post-title\"><a href=\"https:\/\/agora.xtec.cat\/iestremp\/general\/portada\/format-en-installacio-de-panells-solars\/\">Forma&#8217;t en instal\u00b7laci\u00f3 de panells solars!<\/a><\/h5>                                                                    <\/header>\n                                \n                            <\/div>\n            <\/div>\n<\/article>\n\n<article id=\"post-12993\" class=\"wp-block-getwid-recent-posts__post\">\n    <div class=\"wp-block-getwid-recent-posts__post-wrapper\">\n                    <div class=\"wp-block-getwid-recent-posts__post-thumbnail\">\n                <a href=\"https:\/\/agora.xtec.cat\/iestremp\/general\/llistat-llibres-cicles-formatius-2024-25\/\"><img loading=\"lazy\" decoding=\"async\" width=\"300\" height=\"150\" src=\"https:\/\/agora.xtec.cat\/iestremp\/wp-content\/uploads\/usu1880\/2023\/06\/llibres.jpg\" class=\"attachment-large size-large wp-post-image\" alt=\"Llistat llibres Cicles Formatius 2024-25\" \/><\/a>\n            <\/div>\n                            <div class=\"wp-block-getwid-recent-posts__content-wrapper\">\n                                    <header class=\"wp-block-getwid-recent-posts__entry-header\">\n                                                    <h5 class=\"wp-block-getwid-recent-posts__post-title\"><a href=\"https:\/\/agora.xtec.cat\/iestremp\/general\/llistat-llibres-cicles-formatius-2024-25\/\">Llistat llibres Cicles Formatius 2024-25<\/a><\/h5>                                                                    <\/header>\n                                \n                            <\/div>\n            <\/div>\n<\/article>\n\n<article id=\"post-12954\" class=\"wp-block-getwid-recent-posts__post\">\n    <div class=\"wp-block-getwid-recent-posts__post-wrapper\">\n                    <div class=\"wp-block-getwid-recent-posts__post-thumbnail\">\n                <a href=\"https:\/\/agora.xtec.cat\/iestremp\/general\/llistat-llibres-de-text-2024-25\/\"><img loading=\"lazy\" decoding=\"async\" width=\"300\" height=\"200\" src=\"https:\/\/agora.xtec.cat\/iestremp\/wp-content\/uploads\/usu1880\/2021\/05\/banc_llibres-text.jpg\" class=\"attachment-large size-large wp-post-image\" alt=\"Programa AFA Banc de llibres de text ESO i Batxillerat 2024-2025\" \/><\/a>\n            <\/div>\n                            <div class=\"wp-block-getwid-recent-posts__content-wrapper\">\n                                    <header class=\"wp-block-getwid-recent-posts__entry-header\">\n                                                    <h5 class=\"wp-block-getwid-recent-posts__post-title\"><a href=\"https:\/\/agora.xtec.cat\/iestremp\/general\/llistat-llibres-de-text-2024-25\/\">Programa AFA Banc de llibres de text ESO i Batxillerat 2024-2025<\/a><\/h5>                                                                    <\/header>\n                                \n                            <\/div>\n            <\/div>\n<\/article>\n\n<article id=\"post-12750\" class=\"wp-block-getwid-recent-posts__post\">\n    <div class=\"wp-block-getwid-recent-posts__post-wrapper\">\n                    <div class=\"wp-block-getwid-recent-posts__post-thumbnail\">\n                <a href=\"https:\/\/agora.xtec.cat\/iestremp\/general\/novetats-en-cicles-formatius-per-al-curs-24-25\/\"><img loading=\"lazy\" decoding=\"async\" width=\"724\" height=\"1024\" src=\"https:\/\/agora.xtec.cat\/iestremp\/wp-content\/uploads\/usu1880\/2024\/04\/3-724x1024.jpg\" class=\"attachment-large size-large wp-post-image\" alt=\"Novetats en cicles formatius per al curs 24-25\" srcset=\"https:\/\/agora.xtec.cat\/iestremp\/wp-content\/uploads\/usu1880\/2024\/04\/3-724x1024.jpg 724w, https:\/\/agora.xtec.cat\/iestremp\/wp-content\/uploads\/usu1880\/2024\/04\/3-212x300.jpg 212w, https:\/\/agora.xtec.cat\/iestremp\/wp-content\/uploads\/usu1880\/2024\/04\/3-768x1086.jpg 768w, https:\/\/agora.xtec.cat\/iestremp\/wp-content\/uploads\/usu1880\/2024\/04\/3-1086x1536.jpg 1086w, https:\/\/agora.xtec.cat\/iestremp\/wp-content\/uploads\/usu1880\/2024\/04\/3-1448x2048.jpg 1448w, https:\/\/agora.xtec.cat\/iestremp\/wp-content\/uploads\/usu1880\/2024\/04\/3.jpg 1587w\" sizes=\"auto, (max-width: 724px) 100vw, 724px\" \/><\/a>\n            <\/div>\n                            <div class=\"wp-block-getwid-recent-posts__content-wrapper\">\n                                    <header class=\"wp-block-getwid-recent-posts__entry-header\">\n                                                    <h5 class=\"wp-block-getwid-recent-posts__post-title\"><a href=\"https:\/\/agora.xtec.cat\/iestremp\/general\/novetats-en-cicles-formatius-per-al-curs-24-25\/\">Novetats en cicles formatius per al curs 24-25<\/a><\/h5>                                                                    <\/header>\n                                \n                            <\/div>\n            <\/div>\n<\/article>\n\t\t\t<\/div>\n\t\t<\/div>\n\t\t","protected":false},"excerpt":{"rendered":"<p>Not\u00edcies de cicles<\/p>\n","protected":false},"author":5,"featured_media":0,"parent":195,"menu_order":3,"comment_status":"closed","ping_status":"closed","template":"","meta":{"_bbp_topic_count":0,"_bbp_reply_count":0,"_bbp_total_topic_count":0,"_bbp_total_reply_count":0,"_bbp_voice_count":0,"_bbp_anonymous_reply_count":0,"_bbp_topic_count_hidden":0,"_bbp_reply_count_hidden":0,"_bbp_forum_subforum_count":0,"site-sidebar-layout":"default","site-content-layout":"","ast-site-content-layout":"default","site-content-style":"default","site-sidebar-style":"default","ast-global-header-display":"","ast-banner-title-visibility":"","ast-main-header-display":"","ast-hfb-above-header-display":"","ast-hfb-below-header-display":"","ast-hfb-mobile-header-display":"","site-post-title":"","ast-breadcrumbs-content":"","ast-featured-img":"","footer-sml-layout":"","theme-transparent-header-meta":"","adv-header-id-meta":"","stick-header-meta":"","header-above-stick-meta":"","header-main-stick-meta":"","header-below-stick-meta":"","astra-migrate-meta-layouts":"set","ast-page-background-enabled":"default","ast-page-background-meta":{"desktop":{"background-color":"var(--ast-global-color-4)","background-image":"","background-repeat":"repeat","background-position":"center center","background-size":"auto","background-attachment":"scroll","background-type":"","background-media":"","overlay-type":"","overlay-color":"","overlay-opacity":"","overlay-gradient":""},"tablet":{"background-color":"","background-image":"","background-repeat":"repeat","background-position":"center center","background-size":"auto","background-attachment":"scroll","background-type":"","background-media":"","overlay-type":"","overlay-color":"","overlay-opacity":"","overlay-gradient":""},"mobile":{"background-color":"","background-image":"","background-repeat":"repeat","background-position":"center center","background-size":"auto","background-attachment":"scroll","background-type":"","background-media":"","overlay-type":"","overlay-color":"","overlay-opacity":"","overlay-gradient":""}},"ast-content-background-meta":{"desktop":{"background-color":"var(--ast-global-color-5)","background-image":"","background-repeat":"repeat","background-position":"center center","background-size":"auto","background-attachment":"scroll","background-type":"","background-media":"","overlay-type":"","overlay-color":"","overlay-opacity":"","overlay-gradient":""},"tablet":{"background-color":"var(--ast-global-color-5)","background-image":"","background-repeat":"repeat","background-position":"center center","background-size":"auto","background-attachment":"scroll","background-type":"","background-media":"","overlay-type":"","overlay-color":"","overlay-opacity":"","overlay-gradient":""},"mobile":{"background-color":"var(--ast-global-color-5)","background-image":"","background-repeat":"repeat","background-position":"center center","background-size":"auto","background-attachment":"scroll","background-type":"","background-media":"","overlay-type":"","overlay-color":"","overlay-opacity":"","overlay-gradient":""}},"footnotes":""},"class_list":["post-12753","page","type-page","status-publish","hentry"],"post_mailing_queue_ids":[],"_links":{"self":[{"href":"https:\/\/agora.xtec.cat\/iestremp\/wp-json\/wp\/v2\/pages\/12753","targetHints":{"allow":["GET"]}}],"collection":[{"href":"https:\/\/agora.xtec.cat\/iestremp\/wp-json\/wp\/v2\/pages"}],"about":[{"href":"https:\/\/agora.xtec.cat\/iestremp\/wp-json\/wp\/v2\/types\/page"}],"author":[{"embeddable":true,"href":"https:\/\/agora.xtec.cat\/iestremp\/wp-json\/wp\/v2\/users\/5"}],"replies":[{"embeddable":true,"href":"https:\/\/agora.xtec.cat\/iestremp\/wp-json\/wp\/v2\/comments?post=12753"}],"version-history":[{"count":6,"href":"https:\/\/agora.xtec.cat\/iestremp\/wp-json\/wp\/v2\/pages\/12753\/revisions"}],"predecessor-version":[{"id":14019,"href":"https:\/\/agora.xtec.cat\/iestremp\/wp-json\/wp\/v2\/pages\/12753\/revisions\/14019"}],"up":[{"embeddable":true,"href":"https:\/\/agora.xtec.cat\/iestremp\/wp-json\/wp\/v2\/pages\/195"}],"wp:attachment":[{"href":"https:\/\/agora.xtec.cat\/iestremp\/wp-json\/wp\/v2\/media?parent=12753"}],"curies":[{"name":"wp","href":"https:\/\/api.w.org\/{rel}","templated":true}]}}