{"id":12502,"date":"2023-11-02T14:47:35","date_gmt":"2023-11-02T13:47:35","guid":{"rendered":"https:\/\/agora.xtec.cat\/iestremp\/?page_id=12502"},"modified":"2025-11-27T13:53:37","modified_gmt":"2025-11-27T12:53:37","slug":"politica-de-qualitat","status":"publish","type":"page","link":"https:\/\/agora.xtec.cat\/iestremp\/linstitut\/politica-de-qualitat\/","title":{"rendered":"Pol\u00edtica de Qualitat"},"content":{"rendered":"<p><a href=\"https:\/\/agora.xtec.cat\/iestremp\/wp-content\/uploads\/usu1880\/2023\/11\/PQiMC.png\"><img loading=\"lazy\" decoding=\"async\" class=\"alignnone size-full wp-image-12507\" src=\"https:\/\/agora.xtec.cat\/iestremp\/wp-content\/uploads\/usu1880\/2023\/11\/PQiMC.png\" alt=\"\" width=\"638\" height=\"168\" srcset=\"https:\/\/agora.xtec.cat\/iestremp\/wp-content\/uploads\/usu1880\/2023\/11\/PQiMC.png 638w, https:\/\/agora.xtec.cat\/iestremp\/wp-content\/uploads\/usu1880\/2023\/11\/PQiMC-300x79.png 300w\" sizes=\"auto, (max-width: 638px) 100vw, 638px\" \/><\/a><\/p>\n<p><span style=\"font-weight: 400;\">L\u2019Institut de Tremp pertany al<\/span> <b>Programa d\u2019assegurament de la qualitat <\/b><span style=\"font-weight: 400;\">del <\/span><a href=\"https:\/\/projectes.xtec.cat\/qualitatfp\/pla-pqimc\/\"><span style=\"font-weight: 400;\">Projecte de qualitat i millora cont\u00ednua<\/span><\/a><span style=\"font-weight: 400;\"> del Departament d\u2019Educaci\u00f3.<\/span> <span style=\"font-weight: 400;\">Aquest programa que t\u00e9 com a finalitat millorar els resultats educatius i la cohesi\u00f3 social en els centres educatius, aix\u00ed com garantir la confian\u00e7a dels grups d\u2019inter\u00e8s, mitjan\u00e7ant la implantaci\u00f3 de sistemes de gesti\u00f3 de la qualitat. L\u2019Institut de Tremp t\u00e9 implantat un Sistema de Gesti\u00f3 de Qualitat basat en la Norma ISO 9001:2015 amb abast a tots els ensenyaments reglats impartits al Centre. <\/span><span style=\"font-weight: 400;\">\u00a0Amb aquest Sistema de Gesti\u00f3 de la Qualitat (SGQ) l\u2019institut de Tremp adquireix un comprom\u00eds per:\u00a0<\/span><\/p>\n<ul>\n<li style=\"font-weight: 400;\" aria-level=\"1\"><span style=\"font-weight: 400;\">Contribuir a assolir els objectius que el seu context social demanda com a instituci\u00f3 educativa tant en el servei que ofereix als grups d\u2019inter\u00e8s com en el treball que desenvolupen les persones que formen l&#8217;organitzaci\u00f3.<\/span><\/li>\n<li style=\"font-weight: 400;\" aria-level=\"1\"><span style=\"font-weight: 400;\">Vetllar per l\u2019acompliment de tots els requisits legals i normatius.<\/span><\/li>\n<li style=\"font-weight: 400;\" aria-level=\"1\"><span style=\"font-weight: 400;\">Mantenir un Sistema de Qualitat segons un model de processos, considerant un comprom\u00eds de millora cont\u00ednua de l&#8217;acompliment de la instituci\u00f3, i del compliment dels requisits establerts, que impliqui a tots els elements i aspectes que formen part del centre, i que interaccionen amb el mateix.<\/span><\/li>\n<li style=\"font-weight: 400;\" aria-level=\"1\"><span style=\"font-weight: 400;\">Satisfer les expectatives i necessitats de les parts interessades:\u00a0<\/span>\n<ul>\n<li style=\"font-weight: 400;\" aria-level=\"3\"><span style=\"font-weight: 400;\">Alumnat i fam\u00edlies: Oferint ensenyaments i serveis de qualitat adaptats a l\u2019entorn, basats en el foment de valors prosocials i en l\u2019assoliment competencial, sempre en resposta als requeriments dels Objectius de Desenvolupament Sostenible.<\/span><\/li>\n<li style=\"font-weight: 400;\" aria-level=\"3\"><span style=\"font-weight: 400;\">Entitats externes: Oferint facilitats i transpar\u00e8ncia per garantir serveis i col\u00b7laboracions de qualitat.<\/span><\/li>\n<li style=\"font-weight: 400;\" aria-level=\"3\"><span style=\"font-weight: 400;\">Personal del centre: Vetllant per l\u2019ergonomia dels llocs de treball i el benestar del personal.<\/span><\/li>\n<\/ul>\n<\/li>\n<li style=\"font-weight: 400;\" aria-level=\"1\"><span style=\"font-weight: 400;\">Proporcionar el marc de refer\u00e8ncia per establir i revisar els objectius de la qualitat i les accions i la gesti\u00f3 de la prevenci\u00f3 dels riscos laborals, encoratjant a la participaci\u00f3 activa a la totalitat de la comunitat educativa.<\/span><\/li>\n<li style=\"font-weight: 400;\" aria-level=\"1\"><span style=\"font-weight: 400;\">Implicar al conjunt de l\u2019equip hum\u00e0 de l\u2019institut per obtenir un alt nivell de satisfacci\u00f3 de la comunitat educativa, entenent la totalitat dels recursos humans del centre com a peces clau per l\u2019aplicaci\u00f3 del SGQ i mitjan\u00e7ant una actitud proactiva i un treball en equip basat en la comunicaci\u00f3 fluida.<\/span><\/li>\n<\/ul>\n<p><span style=\"font-weight: 400;\">L\u2019abast del SGQ compr\u00e8n tots els ensenyaments d\u2019Educaci\u00f3 Secund\u00e0ria Obligat\u00f2ria, de Batxillerat i de Formaci\u00f3 Professional reglada (Programa de formaci\u00f3 i inserci\u00f3 i Cicles formatius de grau mitj\u00e0 i superior). <\/span><\/p>\n<p>El punt 8.3 de Disseny o desenvolupament dels productes i serveis, no s\u2019aplica at\u00e8s que \u00e9s el Departament d\u2019Educaci\u00f3 i FP qui dissenya l\u2019estructura, continguts i recursos necessaris per impartir els cursos reglats.<\/p>\n\n\n<div data-wp-interactive=\"core\/file\" class=\"wp-block-file\"><object data-wp-bind--hidden=\"!state.hasPdfPreview\" hidden class=\"wp-block-file__embed\" data=\"https:\/\/agora.xtec.cat\/iestremp\/wp-content\/uploads\/usu1880\/2025\/05\/Certificat-ISO-9001-IES-Tremp-1.pdf\" type=\"application\/pdf\" style=\"width:100%;height:1200px\" aria-label=\"Incrustaci\u00f3 del fitxer Certificat-ISO-9001-IES-Tremp.\"><\/object><a id=\"wp-block-file--media-7fa96a6b-f670-40c4-b12e-cab8f033bfe6\" href=\"https:\/\/agora.xtec.cat\/iestremp\/wp-content\/uploads\/usu1880\/2025\/05\/Certificat-ISO-9001-IES-Tremp-1.pdf\" target=\"_blank\" rel=\"noreferrer noopener\">Certificat-ISO-9001-IES-Tremp<\/a><\/div>\n\n\n\n<p><\/p>\n\n\n\n<p><strong><a href=\"https:\/\/drive.google.com\/file\/d\/1PBj0qzrU8oEtYVfkCA8ioWjpqx7i0GCc\/view?usp=sharing\">Mapa de processos Institut de Tremp<\/a><\/strong><\/p>\n\n\n\n<p><\/p>\n","protected":false},"excerpt":{"rendered":"<p>L\u2019Institut de Tremp pertany al Programa d\u2019assegurament de la qualitat del Projecte de qualitat i millora cont\u00ednua del Departament d\u2019Educaci\u00f3. Aquest programa que t\u00e9 com a finalitat millorar els resultats educatius i la cohesi\u00f3 social en els centres educatius, aix\u00ed com garantir la confian\u00e7a dels grups d\u2019inter\u00e8s, mitjan\u00e7ant la implantaci\u00f3 de sistemes de gesti\u00f3 de [&hellip;]<\/p>\n","protected":false},"author":4,"featured_media":0,"parent":19,"menu_order":8,"comment_status":"closed","ping_status":"closed","template":"","meta":{"_bbp_topic_count":0,"_bbp_reply_count":0,"_bbp_total_topic_count":0,"_bbp_total_reply_count":0,"_bbp_voice_count":0,"_bbp_anonymous_reply_count":0,"_bbp_topic_count_hidden":0,"_bbp_reply_count_hidden":0,"_bbp_forum_subforum_count":0,"site-sidebar-layout":"default","site-content-layout":"","ast-site-content-layout":"default","site-content-style":"default","site-sidebar-style":"default","ast-global-header-display":"","ast-banner-title-visibility":"","ast-main-header-display":"","ast-hfb-above-header-display":"","ast-hfb-below-header-display":"","ast-hfb-mobile-header-display":"","site-post-title":"","ast-breadcrumbs-content":"","ast-featured-img":"","footer-sml-layout":"","theme-transparent-header-meta":"","adv-header-id-meta":"","stick-header-meta":"","header-above-stick-meta":"","header-main-stick-meta":"","header-below-stick-meta":"","astra-migrate-meta-layouts":"set","ast-page-background-enabled":"default","ast-page-background-meta":{"desktop":{"background-color":"var(--ast-global-color-4)","background-image":"","background-repeat":"repeat","background-position":"center center","background-size":"auto","background-attachment":"scroll","background-type":"","background-media":"","overlay-type":"","overlay-color":"","overlay-opacity":"","overlay-gradient":""},"tablet":{"background-color":"","background-image":"","background-repeat":"repeat","background-position":"center center","background-size":"auto","background-attachment":"scroll","background-type":"","background-media":"","overlay-type":"","overlay-color":"","overlay-opacity":"","overlay-gradient":""},"mobile":{"background-color":"","background-image":"","background-repeat":"repeat","background-position":"center center","background-size":"auto","background-attachment":"scroll","background-type":"","background-media":"","overlay-type":"","overlay-color":"","overlay-opacity":"","overlay-gradient":""}},"ast-content-background-meta":{"desktop":{"background-color":"var(--ast-global-color-5)","background-image":"","background-repeat":"repeat","background-position":"center center","background-size":"auto","background-attachment":"scroll","background-type":"","background-media":"","overlay-type":"","overlay-color":"","overlay-opacity":"","overlay-gradient":""},"tablet":{"background-color":"var(--ast-global-color-5)","background-image":"","background-repeat":"repeat","background-position":"center center","background-size":"auto","background-attachment":"scroll","background-type":"","background-media":"","overlay-type":"","overlay-color":"","overlay-opacity":"","overlay-gradient":""},"mobile":{"background-color":"var(--ast-global-color-5)","background-image":"","background-repeat":"repeat","background-position":"center center","background-size":"auto","background-attachment":"scroll","background-type":"","background-media":"","overlay-type":"","overlay-color":"","overlay-opacity":"","overlay-gradient":""}},"footnotes":""},"class_list":["post-12502","page","type-page","status-publish","hentry"],"post_mailing_queue_ids":[],"_links":{"self":[{"href":"https:\/\/agora.xtec.cat\/iestremp\/wp-json\/wp\/v2\/pages\/12502","targetHints":{"allow":["GET"]}}],"collection":[{"href":"https:\/\/agora.xtec.cat\/iestremp\/wp-json\/wp\/v2\/pages"}],"about":[{"href":"https:\/\/agora.xtec.cat\/iestremp\/wp-json\/wp\/v2\/types\/page"}],"author":[{"embeddable":true,"href":"https:\/\/agora.xtec.cat\/iestremp\/wp-json\/wp\/v2\/users\/4"}],"replies":[{"embeddable":true,"href":"https:\/\/agora.xtec.cat\/iestremp\/wp-json\/wp\/v2\/comments?post=12502"}],"version-history":[{"count":6,"href":"https:\/\/agora.xtec.cat\/iestremp\/wp-json\/wp\/v2\/pages\/12502\/revisions"}],"predecessor-version":[{"id":14133,"href":"https:\/\/agora.xtec.cat\/iestremp\/wp-json\/wp\/v2\/pages\/12502\/revisions\/14133"}],"up":[{"embeddable":true,"href":"https:\/\/agora.xtec.cat\/iestremp\/wp-json\/wp\/v2\/pages\/19"}],"wp:attachment":[{"href":"https:\/\/agora.xtec.cat\/iestremp\/wp-json\/wp\/v2\/media?parent=12502"}],"curies":[{"name":"wp","href":"https:\/\/api.w.org\/{rel}","templated":true}]}}