{"id":11635,"date":"2022-12-31T09:14:32","date_gmt":"2022-12-31T08:14:32","guid":{"rendered":"https:\/\/projectes.xtec.cat\/impulsfp\/?page_id=11635"},"modified":"2025-06-13T09:58:21","modified_gmt":"2025-06-13T07:58:21","slug":"comunitat-2","status":"publish","type":"page","link":"https:\/\/agora.xtec.cat\/iestremp\/ex-alumnes\/lexalumnat-4\/comunitat-2\/","title":{"rendered":"Comunitat"},"content":{"rendered":"\n<p>Formar part d&#8217;AlumniFP, \u00e9s formar part d&#8217;una gran comunitat de membres que s&#8217;est\u00e9n per tot el territori catal\u00e0. Volem que oferir-te diferents activitats i serveis en els que pots\u00a0 participar i poder establir xarxa amb la resta de membres de la comunitat AlumniFP.<\/p>\n\n\n\n<figure class=\"wp-block-gallery has-nested-images columns-default is-cropped wp-block-gallery-1 is-layout-flex wp-block-gallery-is-layout-flex\">\n<figure class=\"wp-block-image\"><a href=\"alumnifp\/lexalumnat-4\/comunitat-2\/histories-dalumnifp-2\/\"><img decoding=\"async\" data-id=\"11636\" src=\"https:\/\/projectes.xtec.cat\/impulsfp\/wp-content\/uploads\/usu2078\/2022\/12\/Histories-dalumniFP.png\" alt=\"\" class=\"wp-image-11636\"\/><\/a><\/figure>\n\n\n\n<figure class=\"wp-block-image\"><a href=\"alumnifp\/lexalumnat-4\/comunitat-2\/jornades-i-esdeveniments\/\"><img decoding=\"async\" data-id=\"11637\" src=\"https:\/\/projectes.xtec.cat\/impulsfp\/wp-content\/uploads\/usu2078\/2022\/12\/Jornades-i-esdeveniments-2.png\" alt=\"\" class=\"wp-image-11637\"\/><\/a><\/figure>\n\n\n\n<figure class=\"wp-block-image\"><a href=\"alumnifp\/lexalumnat-4\/comunitat-2\/compromis-social\/\"><img decoding=\"async\" data-id=\"11664\" src=\"https:\/\/projectes.xtec.cat\/impulsfp\/wp-content\/uploads\/usu2078\/2022\/12\/Compromis-social-1.png\" alt=\"\" class=\"wp-image-11664\"\/><\/a><\/figure>\n<\/figure>\n\n\n\n<p><\/p>\n","protected":false},"excerpt":{"rendered":"<p>Formar part d&#8217;AlumniFP, \u00e9s formar part d&#8217;una gran comunitat de membres que s&#8217;est\u00e9n per tot el territori catal\u00e0. Volem que oferir-te diferents activitats i serveis en els que pots\u00a0 participar i poder establir xarxa amb la resta de membres de la comunitat AlumniFP.<\/p>\n","protected":false},"author":8,"featured_media":0,"parent":11572,"menu_order":0,"comment_status":"closed","ping_status":"closed","template":"","meta":{"_bbp_topic_count":0,"_bbp_reply_count":0,"_bbp_total_topic_count":0,"_bbp_total_reply_count":0,"_bbp_voice_count":0,"_bbp_anonymous_reply_count":0,"_bbp_topic_count_hidden":0,"_bbp_reply_count_hidden":0,"_bbp_forum_subforum_count":0,"site-sidebar-layout":"default","site-content-layout":"","ast-site-content-layout":"default","site-content-style":"default","site-sidebar-style":"default","ast-global-header-display":"","ast-banner-title-visibility":"","ast-main-header-display":"","ast-hfb-above-header-display":"","ast-hfb-below-header-display":"","ast-hfb-mobile-header-display":"","site-post-title":"","ast-breadcrumbs-content":"","ast-featured-img":"","footer-sml-layout":"","theme-transparent-header-meta":"","adv-header-id-meta":"","stick-header-meta":"","header-above-stick-meta":"","header-main-stick-meta":"","header-below-stick-meta":"","astra-migrate-meta-layouts":"set","ast-page-background-enabled":"default","ast-page-background-meta":{"desktop":{"background-color":"var(--ast-global-color-4)","background-image":"","background-repeat":"repeat","background-position":"center center","background-size":"auto","background-attachment":"scroll","background-type":"","background-media":"","overlay-type":"","overlay-color":"","overlay-opacity":"","overlay-gradient":""},"tablet":{"background-color":"","background-image":"","background-repeat":"repeat","background-position":"center center","background-size":"auto","background-attachment":"scroll","background-type":"","background-media":"","overlay-type":"","overlay-color":"","overlay-opacity":"","overlay-gradient":""},"mobile":{"background-color":"","background-image":"","background-repeat":"repeat","background-position":"center center","background-size":"auto","background-attachment":"scroll","background-type":"","background-media":"","overlay-type":"","overlay-color":"","overlay-opacity":"","overlay-gradient":""}},"ast-content-background-meta":{"desktop":{"background-color":"var(--ast-global-color-5)","background-image":"","background-repeat":"repeat","background-position":"center center","background-size":"auto","background-attachment":"scroll","background-type":"","background-media":"","overlay-type":"","overlay-color":"","overlay-opacity":"","overlay-gradient":""},"tablet":{"background-color":"var(--ast-global-color-5)","background-image":"","background-repeat":"repeat","background-position":"center center","background-size":"auto","background-attachment":"scroll","background-type":"","background-media":"","overlay-type":"","overlay-color":"","overlay-opacity":"","overlay-gradient":""},"mobile":{"background-color":"var(--ast-global-color-5)","background-image":"","background-repeat":"repeat","background-position":"center center","background-size":"auto","background-attachment":"scroll","background-type":"","background-media":"","overlay-type":"","overlay-color":"","overlay-opacity":"","overlay-gradient":""}},"footnotes":""},"class_list":["post-11635","page","type-page","status-publish","hentry"],"post_mailing_queue_ids":[],"_links":{"self":[{"href":"https:\/\/agora.xtec.cat\/iestremp\/wp-json\/wp\/v2\/pages\/11635","targetHints":{"allow":["GET"]}}],"collection":[{"href":"https:\/\/agora.xtec.cat\/iestremp\/wp-json\/wp\/v2\/pages"}],"about":[{"href":"https:\/\/agora.xtec.cat\/iestremp\/wp-json\/wp\/v2\/types\/page"}],"author":[{"embeddable":true,"href":"https:\/\/agora.xtec.cat\/iestremp\/wp-json\/wp\/v2\/users\/8"}],"replies":[{"embeddable":true,"href":"https:\/\/agora.xtec.cat\/iestremp\/wp-json\/wp\/v2\/comments?post=11635"}],"version-history":[{"count":1,"href":"https:\/\/agora.xtec.cat\/iestremp\/wp-json\/wp\/v2\/pages\/11635\/revisions"}],"predecessor-version":[{"id":13959,"href":"https:\/\/agora.xtec.cat\/iestremp\/wp-json\/wp\/v2\/pages\/11635\/revisions\/13959"}],"up":[{"embeddable":true,"href":"https:\/\/agora.xtec.cat\/iestremp\/wp-json\/wp\/v2\/pages\/11572"}],"wp:attachment":[{"href":"https:\/\/agora.xtec.cat\/iestremp\/wp-json\/wp\/v2\/media?parent=11635"}],"curies":[{"name":"wp","href":"https:\/\/api.w.org\/{rel}","templated":true}]}}