{"id":81,"date":"2014-09-18T10:38:05","date_gmt":"2014-09-18T10:38:05","guid":{"rendered":"http:\/\/agora.xtec.cat\/iestossa\/?page_id=81"},"modified":"2023-05-10T13:01:46","modified_gmt":"2023-05-10T11:01:46","slug":"secretaria","status":"publish","type":"page","link":"https:\/\/agora.xtec.cat\/iestossa\/secretaria\/","title":{"rendered":"Secretaria"},"content":{"rendered":"<ul>\n<li><a href=\"https:\/\/agora.xtec.cat\/iestossa\/wp-content\/uploads\/usu899\/2023\/02\/HORARI.pdf\" target=\"_blank\" rel=\"noopener\">Horari d&#8217;atenci\u00f3<\/a><\/li>\n<li><a href=\"https:\/\/agora.xtec.cat\/iestossa\/wp-content\/uploads\/usu899\/2023\/02\/Contacte.pdf\" target=\"_blank\" rel=\"noopener\">Contacte<\/a><\/li>\n<li><strong>Tr\u00e0mits<\/strong> :<\/li>\n<\/ul>\n<p style=\"padding-left: 40px;\">&#8211; <a href=\"https:\/\/agora.xtec.cat\/iestossa\/wp-content\/uploads\/usu899\/2023\/05\/Sollicitud-B2-C1-de-Catala.pdf\" target=\"_blank\" rel=\"noopener\">Sol\u00b7licitud de reconeixement de l\u2019equival\u00e8ncia del nivell B2\/C1 de llengua catalana<\/a>. (<a href=\"https:\/\/dogc.gencat.cat\/ca\/document-del-dogc\/?documentId=519344\" target=\"_blank\" rel=\"noopener\">NORMATIVA VIGENT<\/a>)<\/p>\n<p style=\"padding-left: 40px;\">&#8211; <a href=\"https:\/\/agora.xtec.cat\/iestossa\/wp-content\/uploads\/usu899\/2023\/05\/Sollicitud-de-titol-academic-i-professional.pdf\" target=\"_blank\" rel=\"noopener\">Sol\u00b7licitud de t\u00edtols acad\u00e8mics.<\/a><\/p>\n<p style=\"padding-left: 40px;\">&#8211; <a href=\"https:\/\/agora.xtec.cat\/iestossa\/wp-content\/uploads\/usu899\/2023\/05\/Autoritzacio-per-al-lliurament-dun-titol.pdf\" target=\"_blank\" rel=\"noopener\">Autoritzaci\u00f3 per al lliurament d&#8217;un t\u00edtol acad\u00e8mic.<\/a><\/p>\n<p style=\"padding-left: 40px;\">&#8211; <a href=\"https:\/\/agora.xtec.cat\/iestossa\/wp-content\/uploads\/usu899\/2023\/05\/Sollicitud-generica.pdf\" target=\"_blank\" rel=\"noopener\">Sol\u00b7licitud gen\u00e8rica.<\/a><\/p>\n<p>&nbsp;<\/p>\n","protected":false},"excerpt":{"rendered":"<ul>\n<li><a href=\"https:\/\/agora.xtec.cat\/iestossa\/wp-content\/uploads\/usu899\/2023\/02\/HORARI.pdf\" target=\"_blank\" rel=\"noopener\">Horari d&#8217;atenci\u00f3<\/a><\/li>\n<li><a href=\"https:\/\/agora.xtec.cat\/iestossa\/wp-content\/uploads\/usu899\/2023\/02\/Contacte.pdf\" target=\"_blank\" rel=\"noopener\">Contacte<\/a><\/li>\n<li>Tr\u00e0mits :<\/li>\n<\/ul>\n<p>&#8211; <a href=\"https:\/\/agora.xtec.cat\/iestossa\/wp-content\/uploads\/usu899\/2023\/05\/Sollicitud-B2-C1-de-Catala.pdf\" target=\"_blank\" rel=\"noopener\">Sol\u00b7licitud de reconeixement de l\u2019equival\u00e8ncia del nivell B2\/C1 de llengua catalana<\/a>. (<a href=\"https:\/\/dogc.gencat.cat\/ca\/document-del-dogc\/?documentId=519344\" target=\"_blank\" rel=\"noopener\">NORMATIVA VIGENT<\/a>)<br \/>\n&#8211; <a href=\"https:\/\/agora.xtec.cat\/iestossa\/wp-content\/uploads\/usu899\/2023\/05\/Sollicitud-de-titol-academic-i-professional.pdf\" target=\"_blank\" rel=\"noopener\">Sol\u00b7licitud de t\u00edtols acad\u00e8mics.<\/a><br \/>\n&#8211; <a href=\"https:\/\/agora.xtec.cat\/iestossa\/wp-content\/uploads\/usu899\/2023\/05\/Autoritzacio-per-al-lliurament-dun-titol.pdf\" target=\"_blank\" rel=\"noopener\">Autoritzaci\u00f3 per al lliurament d&#8217;un t\u00edtol acad\u00e8mic.<\/a><br \/>\n&#8211;&hellip;  <a href=\"https:\/\/agora.xtec.cat\/iestossa\/secretaria\/\" title=\"Read Secretaria\">Llegeix m\u00e9s\u00bb<\/a><\/p>\n","protected":false},"author":1,"featured_media":0,"parent":0,"menu_order":0,"comment_status":"closed","ping_status":"closed","template":"page-templates\/side-menu.php","meta":{"_bbp_topic_count":0,"_bbp_reply_count":0,"_bbp_total_topic_count":0,"_bbp_total_reply_count":0,"_bbp_voice_count":0,"_bbp_anonymous_reply_count":0,"_bbp_topic_count_hidden":0,"_bbp_reply_count_hidden":0,"_bbp_forum_subforum_count":0,"footnotes":""},"class_list":["post-81","page","type-page","status-publish","hentry"],"post_mailing_queue_ids":[],"_links":{"self":[{"href":"https:\/\/agora.xtec.cat\/iestossa\/wp-json\/wp\/v2\/pages\/81","targetHints":{"allow":["GET"]}}],"collection":[{"href":"https:\/\/agora.xtec.cat\/iestossa\/wp-json\/wp\/v2\/pages"}],"about":[{"href":"https:\/\/agora.xtec.cat\/iestossa\/wp-json\/wp\/v2\/types\/page"}],"author":[{"embeddable":true,"href":"https:\/\/agora.xtec.cat\/iestossa\/wp-json\/wp\/v2\/users\/1"}],"replies":[{"embeddable":true,"href":"https:\/\/agora.xtec.cat\/iestossa\/wp-json\/wp\/v2\/comments?post=81"}],"version-history":[{"count":4,"href":"https:\/\/agora.xtec.cat\/iestossa\/wp-json\/wp\/v2\/pages\/81\/revisions"}],"predecessor-version":[{"id":3542,"href":"https:\/\/agora.xtec.cat\/iestossa\/wp-json\/wp\/v2\/pages\/81\/revisions\/3542"}],"wp:attachment":[{"href":"https:\/\/agora.xtec.cat\/iestossa\/wp-json\/wp\/v2\/media?parent=81"}],"curies":[{"name":"wp","href":"https:\/\/api.w.org\/{rel}","templated":true}]}}