{"id":49,"date":"2014-09-17T16:55:55","date_gmt":"2014-09-17T16:55:55","guid":{"rendered":"http:\/\/agora.xtec.cat\/iestossa\/?page_id=49"},"modified":"2024-09-06T14:55:43","modified_gmt":"2024-09-06T12:55:43","slug":"normes-dorganitzacio-i-funcionament","status":"publish","type":"page","link":"https:\/\/agora.xtec.cat\/iestossa\/linstitut\/normes-dorganitzacio-i-funcionament\/","title":{"rendered":"Normes i funcionament"},"content":{"rendered":"<ul>\n<li style=\"list-style-type: none;\">\n<ul>\n<li style=\"list-style-type: none;\">\n<ul>\n<li style=\"list-style-type: none;\">\n<ul>\n<li>\n<h3><a href=\"https:\/\/agora.xtec.cat\/iestossa\/linstitut\/normes-dorganitzacio-i-funcionament\/funcionament-del-centre\/\" target=\"_blank\" rel=\"noopener\">Funcionament de centre<\/a><\/h3>\n<\/li>\n<\/ul>\n<\/li>\n<li style=\"list-style-type: none;\">\n<ul>\n<li>\n<h3><a href=\"https:\/\/agora.xtec.cat\/iestossa\/linstitut\/normes-dorganitzacio-i-funcionament\/normes-de-convivencia\/\" target=\"_blank\" rel=\"noopener\">Normes de conviv\u00e8ncia<\/a><\/h3>\n<\/li>\n<li>\n<h3><a href=\"https:\/\/agora.xtec.cat\/iestossa\/linstitut\/normes-dorganitzacio-i-funcionament\/regulacio-de-lus-dels-mobils\/\" target=\"_blank\" rel=\"noopener\">Regulaci\u00f3 de l&#8217;\u00fas dels m\u00f2bils<\/a><\/h3>\n<\/li>\n<\/ul>\n<\/li>\n<li style=\"list-style-type: none;\">\n<ul>\n<li>\n<h3><a href=\"https:\/\/agora.xtec.cat\/iestossa\/linstitut\/normes-dorganitzacio-i-funcionament\/sortides-del-centre\/\" target=\"_blank\" rel=\"noopener\">Sortides del centre<\/a><\/h3>\n<\/li>\n<\/ul>\n<\/li>\n<\/ul>\n<\/li>\n<\/ul>\n<\/li>\n<\/ul>\n","protected":false},"excerpt":{"rendered":"<ul>\n<li style=\"list-style-type: none;\">\n<ul>\n<li style=\"list-style-type: none;\">\n<ul>\n<li style=\"list-style-type: none;\">\n<ul>\n<li>\n<a href=\"https:\/\/agora.xtec.cat\/iestossa\/linstitut\/normes-dorganitzacio-i-funcionament\/funcionament-del-centre\/\" target=\"_blank\" rel=\"noopener\">Funcionament de centre<\/a>\n<\/li>\n<\/ul>\n<\/li>\n<li style=\"list-style-type: none;\">\n<ul>\n<li>\n<a href=\"https:\/\/agora.xtec.cat\/iestossa\/linstitut\/normes-dorganitzacio-i-funcionament\/normes-de-convivencia\/\" target=\"_blank\" rel=\"noopener\">Normes de conviv\u00e8ncia<\/a>\n<\/li>\n<li>\n<a href=\"https:\/\/agora.xtec.cat\/iestossa\/linstitut\/normes-dorganitzacio-i-funcionament\/regulacio-de-lus-dels-mobils\/\" target=\"_blank\" rel=\"noopener\">Regulaci\u00f3 de l&#8217;\u00fas dels m\u00f2bils<\/a>\n<\/li>\n<\/ul>\n<\/li>\n<li style=\"list-style-type: none;\">\n<ul>\n<li>\n<a href=\"https:\/\/agora.xtec.cat\/iestossa\/linstitut\/normes-dorganitzacio-i-funcionament\/sortides-del-centre\/\" target=\"_blank\" rel=\"noopener\">Sortides del centre<\/a>\n<\/li>\n<\/ul>\n<\/li>\n<\/ul>\n<\/li>\n<\/ul>\n<\/li>\n<\/ul>\n","protected":false},"author":1,"featured_media":0,"parent":19,"menu_order":60,"comment_status":"closed","ping_status":"closed","template":"page-templates\/side-menu.php","meta":{"_bbp_topic_count":0,"_bbp_reply_count":0,"_bbp_total_topic_count":0,"_bbp_total_reply_count":0,"_bbp_voice_count":0,"_bbp_anonymous_reply_count":0,"_bbp_topic_count_hidden":0,"_bbp_reply_count_hidden":0,"_bbp_forum_subforum_count":0,"footnotes":""},"class_list":["post-49","page","type-page","status-publish","hentry"],"post_mailing_queue_ids":[],"_links":{"self":[{"href":"https:\/\/agora.xtec.cat\/iestossa\/wp-json\/wp\/v2\/pages\/49","targetHints":{"allow":["GET"]}}],"collection":[{"href":"https:\/\/agora.xtec.cat\/iestossa\/wp-json\/wp\/v2\/pages"}],"about":[{"href":"https:\/\/agora.xtec.cat\/iestossa\/wp-json\/wp\/v2\/types\/page"}],"author":[{"embeddable":true,"href":"https:\/\/agora.xtec.cat\/iestossa\/wp-json\/wp\/v2\/users\/1"}],"replies":[{"embeddable":true,"href":"https:\/\/agora.xtec.cat\/iestossa\/wp-json\/wp\/v2\/comments?post=49"}],"version-history":[{"count":7,"href":"https:\/\/agora.xtec.cat\/iestossa\/wp-json\/wp\/v2\/pages\/49\/revisions"}],"predecessor-version":[{"id":4826,"href":"https:\/\/agora.xtec.cat\/iestossa\/wp-json\/wp\/v2\/pages\/49\/revisions\/4826"}],"up":[{"embeddable":true,"href":"https:\/\/agora.xtec.cat\/iestossa\/wp-json\/wp\/v2\/pages\/19"}],"wp:attachment":[{"href":"https:\/\/agora.xtec.cat\/iestossa\/wp-json\/wp\/v2\/media?parent=49"}],"curies":[{"name":"wp","href":"https:\/\/api.w.org\/{rel}","templated":true}]}}