{"id":4819,"date":"2024-09-06T14:40:48","date_gmt":"2024-09-06T12:40:48","guid":{"rendered":"https:\/\/agora.xtec.cat\/iestossa\/?page_id=4819"},"modified":"2025-07-24T18:41:23","modified_gmt":"2025-07-24T16:41:23","slug":"regulacio-de-lus-dels-mobils","status":"publish","type":"page","link":"https:\/\/agora.xtec.cat\/iestossa\/linstitut\/normes-dorganitzacio-i-funcionament\/regulacio-de-lus-dels-mobils\/","title":{"rendered":"Regulaci\u00f3 de l&#8217;\u00fas dels m\u00f2bils"},"content":{"rendered":"<p style=\"text-align: right;\"><i><b>Extracte_NOFC actualitzades a curs 25-26<\/b><\/i><\/p>\n<p style=\"text-align: left;\"><strong>3.5.3 Regulaci\u00f3 de l\u2019\u00fas dels dispositius m\u00f2bils. Mesures correctores, reparadores i sancionadores<\/strong><\/p>\n<p>L\u2019\u00fas dels dispositius m\u00f2bils, sobretot tel\u00e8fons i rellotges intel\u00b7ligents, s\u00f3n una realitat molt estesa socialment que hem incorporat a la nostra vida de forma natural i majorit\u00e0ria.<\/p>\n<p>Les noves tecnologies s\u00f3n una eina de treball en l\u2019 institut : les aules disposen d\u2019una connexi\u00f3 wifi, elements de projecci\u00f3 digital, ordinadors d\u2019\u00fas personal&#8230;<\/p>\n<p>La presencia i accessibilitat d\u2019aquestes tecnologies tamb\u00e9 genera problemes derivats d\u2019un mal \u00fas:<\/p>\n<ul>\n<li>Disminueixen la capacitat de concentraci\u00f3, atenci\u00f3 i autocontrol, afectant aix\u00ed negativament al seu aprenentatge.<\/li>\n<li>Fan disminuir les relacions directes entre els alumnes dificultant la seva socialitzaci\u00f3 directa.<\/li>\n<li>Es generen situacions perilloses quan es fan, es publiquen o es difonen fotografies o gravacions d\u2019\u00e0udio i v\u00eddeo, o es fan comentaris despectius i provocadors a les xarxes socials. Aquests conflictes poden acabar generant un entorn d\u2019assetjament amb les seves conseq\u00fc\u00e8ncies.<\/li>\n<\/ul>\n<p>Les fam\u00edlies han de saber que s\u00f3n els responsables legals i jur\u00eddics de les actuacions dels seus fills quan lesionen els drets dels altres pel que fa a l\u2019honor, la intimitat i el dret a la pr\u00f2pia imatge.<\/p>\n<ul>\n<li>Pel que fa al funcionament normal de l\u2019 institut, el mal \u00fas dels dispositius digitals \u00e9s un dels principals motius d\u2019incid\u00e8ncies entre companys i amb el professorat. A m\u00e9s, la connexi\u00f3 massiva dels m\u00f2bils i ordinadors a la xarxa wifi de l\u2019institut \u00e9s un dels principals factors que n\u2018alenteix la connexi\u00f3 i dificulta el normal desenvolupament de les classes.<\/li>\n<\/ul>\n<p>Ensenyar el bon \u00fas de les noves tecnologies i\/o xarxes socials, per\u00f2 m\u00e9s particularment dels tel\u00e8fons intel\u00b7ligents, forma part de l\u2019aprenentatge del nostre alumnat.<\/p>\n<p><em>No hi ha cap situaci\u00f3 a l\u2019 Institut que justifiqui la utilitzaci\u00f3 de dispositius m\u00f2bils ni des del punt de vista d\u2019urg\u00e8ncies, ja que la comunicaci\u00f3 amb el centre \u00e9s f\u00e0cil i immediata, ni des d\u2019un punt de vista pedag\u00f2gic, perqu\u00e8 l\u2019alumnat disposa d\u2019ordinador port\u00e0til quan sigui necessari. Malgrat tot, si les fam\u00edlies accepten que els fills i les filles el portin, cal que siguin conscients d\u2019aquesta normativa que en regula l\u2019\u00fas. L\u2019alumnat major d\u2019edat respon per si mateix.<\/em><\/p>\n<p><span style=\"color: #9c1156;\"><strong>NORMATIVA D\u2019\u00daS: <\/strong><\/span><\/p>\n<ol>\n<li>L\u2019\u00fas dels dispositius m\u00f2bils \u00e9s una responsabilitat de l\u2019alumnat i de les seves fam\u00edlies.<\/li>\n<li>El centre no es fa responsable de la p\u00e8rdua, desperfectes o robatori de cap dispositiu m\u00f2bil personal (tel\u00e8fon, tauletes, ordinadors o similars).<\/li>\n<\/ol>\n<p><strong>L\u2019\u00fas de tel\u00e8fons m\u00f2bils tipus smartphones, rellotges intel\u00b7ligents o aparells <\/strong><strong>similars est\u00e0 prohibit per a l\u2019alumnat en tots els espais del centre educatiu i en totes les activitats educatives que puguin tenir lloc fora del centre<\/strong>.<\/p>\n<p>L\u2019alumne que porti un tel\u00e8fon m\u00f2bil l\u2019ha d\u2019apagar en entrar al centre i ha de garantir que resti apagat de manera que no es pugui accedir a les dades personals que el dispositiu emmagatzema.<\/p>\n<p>Aquestes indicacions tamb\u00e9 s&#8217;han de complir en les activitats efectuades fora del centre que complementen i\/o formen part de la programaci\u00f3 general anual. S\u2019inclouen per tant, sortides, col\u00f2nies, viatges, projectes compartits amb altres centres, activitats extraescolars, activitats amb participaci\u00f3 de les fam\u00edlies o la comunitat educativa, activitats amb entitats de l\u2019entorn, etc.<\/p>\n<p>Es considera que els espais del centre com la biblioteca, el pati, la cantina, els passadissos, els laboratoris, el gimn\u00e0s, les aules espec\u00edfiques, els tallers i an\u00e0legs, s\u00f3n espais on habitualment es duen a terme activitats lectives i, per tant, s\u2019hi ha d&#8217;aplicar la mateixa indicaci\u00f3.<\/p>\n<p>Qualsevol \u00fas dels dispositius es considerar\u00e0 conducta contr\u00e0ria a la conviv\u00e8ncia del centre. Les sancions s\u2019aplicaran segons el que s\u2019estableix en les Normes d\u2019organitzaci\u00f3 i funcionament del centre.<\/p>\n<p>Els dispositius requisats quedaran en cust\u00f2dia a Cap d\u2019Estudis. Els pares o tutors legals hauran de passar a recollir-los al final de la jornada lectiva.<\/p>\n<p>El centre podr\u00e0 flexibilitzar aquest reglament si ho creu convenient.<\/p>\n<p>L\u2019institut vetllar\u00e0 per posar a disposici\u00f3 de l\u2019alumnat els dispositius tecnol\u00f2gics que siguin necessaris per a l\u2019assoliment de la compet\u00e8ncia digital en l\u2019aplicaci\u00f3 de les situacions d\u2019aprenentatge que aix\u00ed ho requereixin.<\/p>\n","protected":false},"excerpt":{"rendered":"<p>Extracte_NOFC actualitzades a curs 25-26<br \/>\n3.5.3 Regulaci\u00f3 de l\u2019\u00fas dels dispositius m\u00f2bils. Mesures correctores, reparadores i sancionadores<br \/>\nL\u2019\u00fas dels dispositius m\u00f2bils, sobretot tel\u00e8fons i rellotges intel\u00b7ligents, s\u00f3n una realitat molt estesa socialment que hem incorporat a la nostra vida de forma natural i majorit\u00e0ria.<br \/>\nLes noves tecnologies s\u00f3n&hellip;  <a href=\"https:\/\/agora.xtec.cat\/iestossa\/linstitut\/normes-dorganitzacio-i-funcionament\/regulacio-de-lus-dels-mobils\/\" title=\"Read Regulaci\u00f3 de l&#8217;\u00fas dels m\u00f2bils\">Llegeix m\u00e9s\u00bb<\/a><\/p>\n","protected":false},"author":35,"featured_media":0,"parent":49,"menu_order":65,"comment_status":"closed","ping_status":"closed","template":"page-templates\/side-menu.php","meta":{"_bbp_topic_count":0,"_bbp_reply_count":0,"_bbp_total_topic_count":0,"_bbp_total_reply_count":0,"_bbp_voice_count":0,"_bbp_anonymous_reply_count":0,"_bbp_topic_count_hidden":0,"_bbp_reply_count_hidden":0,"_bbp_forum_subforum_count":0,"footnotes":""},"class_list":["post-4819","page","type-page","status-publish","hentry"],"post_mailing_queue_ids":[],"_links":{"self":[{"href":"https:\/\/agora.xtec.cat\/iestossa\/wp-json\/wp\/v2\/pages\/4819","targetHints":{"allow":["GET"]}}],"collection":[{"href":"https:\/\/agora.xtec.cat\/iestossa\/wp-json\/wp\/v2\/pages"}],"about":[{"href":"https:\/\/agora.xtec.cat\/iestossa\/wp-json\/wp\/v2\/types\/page"}],"author":[{"embeddable":true,"href":"https:\/\/agora.xtec.cat\/iestossa\/wp-json\/wp\/v2\/users\/35"}],"replies":[{"embeddable":true,"href":"https:\/\/agora.xtec.cat\/iestossa\/wp-json\/wp\/v2\/comments?post=4819"}],"version-history":[{"count":5,"href":"https:\/\/agora.xtec.cat\/iestossa\/wp-json\/wp\/v2\/pages\/4819\/revisions"}],"predecessor-version":[{"id":5703,"href":"https:\/\/agora.xtec.cat\/iestossa\/wp-json\/wp\/v2\/pages\/4819\/revisions\/5703"}],"up":[{"embeddable":true,"href":"https:\/\/agora.xtec.cat\/iestossa\/wp-json\/wp\/v2\/pages\/49"}],"wp:attachment":[{"href":"https:\/\/agora.xtec.cat\/iestossa\/wp-json\/wp\/v2\/media?parent=4819"}],"curies":[{"name":"wp","href":"https:\/\/api.w.org\/{rel}","templated":true}]}}