{"id":3854,"date":"2023-09-29T12:08:24","date_gmt":"2023-09-29T10:08:24","guid":{"rendered":"https:\/\/agora.xtec.cat\/iestossa\/?page_id=3854"},"modified":"2024-09-06T14:54:17","modified_gmt":"2024-09-06T12:54:17","slug":"sortides-del-centre","status":"publish","type":"page","link":"https:\/\/agora.xtec.cat\/iestossa\/linstitut\/normes-dorganitzacio-i-funcionament\/sortides-del-centre\/","title":{"rendered":"Sortides del centre"},"content":{"rendered":"<p><span style=\"color: #0000ff;\">Hi estem treballant. En breu ho tindrem enllestit\u2026<a style=\"color: #0000ff;\" href=\"https:\/\/agora.xtec.cat\/iestossa\/wp-content\/uploads\/usu899\/2023\/10\/C16_Work-In-Progress.png\"><img loading=\"lazy\" decoding=\"async\" class=\"wp-image-3862 alignright\" src=\"https:\/\/agora.xtec.cat\/iestossa\/wp-content\/uploads\/usu899\/2023\/10\/C16_Work-In-Progress.png\" sizes=\"auto, (max-width: 340px) 100vw, 340px\" srcset=\"https:\/\/agora.xtec.cat\/iestossa\/wp-content\/uploads\/usu899\/2023\/10\/C16_Work-In-Progress.png 1024w, https:\/\/agora.xtec.cat\/iestossa\/wp-content\/uploads\/usu899\/2023\/10\/C16_Work-In-Progress-300x300.png 300w, https:\/\/agora.xtec.cat\/iestossa\/wp-content\/uploads\/usu899\/2023\/10\/C16_Work-In-Progress-150x150.png 150w, https:\/\/agora.xtec.cat\/iestossa\/wp-content\/uploads\/usu899\/2023\/10\/C16_Work-In-Progress-768x768.png 768w\" alt=\"\" width=\"340\" height=\"340\" \/><\/a><\/span><\/p>\n<p><span style=\"color: #0000ff;\">De moment, aquesta \u00e9s una versi\u00f3 provisional de la p\u00e0gina (per\u00f2 el contingut est\u00e0 actualitzat):<\/span><\/p>\n<p>&nbsp;<\/p>\n<p>&nbsp;<\/p>\n<p>&nbsp;<\/p>\n<p class=\"western\" lang=\"ca-ES\" align=\"justify\"><span style=\"font-family: Tahoma, serif;\"><span style=\"font-size: small;\"><b>ACTUALITZACI\u00d3 DEL PROCEDIMENT DE SORTIDES DEL CENTRE DURANT L\u2019HORARI LECTIU<\/b><\/span><\/span><\/p>\n<p class=\"western\" lang=\"ca-ES\" align=\"justify\"><span style=\"color: #000000;\"><span style=\"font-family: Tahoma, serif;\"><span style=\"font-size: small;\"><b>Sortides fora de l\u2019horari<\/b><\/span><\/span><\/span><\/p>\n<ul>\n<li>\n<p class=\"western\" lang=\"ca-ES\" align=\"justify\"><span style=\"color: #000000;\"><span style=\"font-family: Tahoma, serif;\"><span style=\"font-size: small;\">Durant l\u2019horari lectiu els alumnes no poden sortir del recinte escolar.<\/span><\/span><\/span><\/p>\n<\/li>\n<li>\n<p class=\"western\" lang=\"ca-ES\" align=\"justify\"><span style=\"color: #000000;\"><span style=\"font-family: Tahoma, serif;\"><span style=\"font-size: small;\">En cas que hagin de sortir per anar al metge o per qualsevol altra causa justificada:<\/span><\/span><\/span><\/p>\n<\/li>\n<\/ul>\n<ul>\n<li>\n<p class=\"western\" lang=\"ca-ES\" align=\"justify\"><span style=\"color: #000000;\"><span style=\"font-family: Tahoma, serif;\"><span style=\"font-size: small;\">Si els pares o els tutors legals el venen a buscar, hauran de signar en el llibre de registre de sortides<\/span><\/span><\/span><\/p>\n<\/li>\n<li>\n<p class=\"western\" lang=\"ca-ES\" align=\"justify\"><span style=\"color: #000000;\"><span style=\"font-family: Tahoma, serif;\"><span style=\"font-size: small;\">Si els pares o els tutors legals no poden venir, poden autoritzar (via App) a una persona que en el moment de recollir l\u2019alumne s\u2019haur\u00e0 d\u2019identificar mitjan\u00e7ant DNI i signar al llibre de registre de sortides.<\/span><\/span><\/span><\/p>\n<\/li>\n<li>\n<p class=\"western\" lang=\"ca-ES\" align=\"justify\"><span style=\"color: #000000;\"><span style=\"font-family: Tahoma, serif;\"><span style=\"font-size: small;\">A batxillerat es podr\u00e0 presentar l\u2019impr\u00e8s d\u2019autoritzaci\u00f3 que es comprovar\u00e0 mitjan\u00e7ant trucada telef\u00f2nica (sense aquesta comprovaci\u00f3, l\u2019autoritzaci\u00f3 no ser\u00e0 efectiva) i ser\u00e0 l\u2019alumne qui signar\u00e0 en el llibre de sortides. Si l\u2019alumne \u00e9s major d\u2019edat, nom\u00e9s caldr\u00e0 que signi en el llibre de sortides<\/span><\/span><\/span><span style=\"color: #000000;\"><span style=\"font-family: Tahoma, serif;\">.<\/span><\/span><\/p>\n<\/li>\n<\/ul>\n","protected":false},"excerpt":{"rendered":"<p>Hi estem treballant. En breu ho tindrem enllestit\u2026<a style=\"color: #0000ff;\" href=\"https:\/\/agora.xtec.cat\/iestossa\/wp-content\/uploads\/usu899\/2023\/10\/C16_Work-In-Progress.png\"><\/a><br \/>\nDe moment, aquesta \u00e9s una versi\u00f3 provisional de la p\u00e0gina (per\u00f2 el contingut est\u00e0 actualitzat):<br \/>\n&nbsp;<br \/>\n&nbsp;<br \/>\n&nbsp;<br \/>\nACTUALITZACI\u00d3 DEL PROCEDIMENT DE SORTIDES DEL CENTRE DURANT L\u2019HORARI LECTIU<br \/>\nSortides fora de l\u2019horari<\/p>\n<ul>\n<li>\nDurant l\u2019horari lectiu els alumnes no poden sortir del&hellip;  <a href=\"https:\/\/agora.xtec.cat\/iestossa\/linstitut\/normes-dorganitzacio-i-funcionament\/sortides-del-centre\/\" title=\"Read Sortides del centre\">Llegeix m\u00e9s\u00bb<\/a><\/p>\n","protected":false},"author":1,"featured_media":0,"parent":49,"menu_order":70,"comment_status":"closed","ping_status":"closed","template":"page-templates\/side-menu.php","meta":{"_bbp_topic_count":0,"_bbp_reply_count":0,"_bbp_total_topic_count":0,"_bbp_total_reply_count":0,"_bbp_voice_count":0,"_bbp_anonymous_reply_count":0,"_bbp_topic_count_hidden":0,"_bbp_reply_count_hidden":0,"_bbp_forum_subforum_count":0,"footnotes":""},"class_list":["post-3854","page","type-page","status-publish","hentry"],"post_mailing_queue_ids":[],"_links":{"self":[{"href":"https:\/\/agora.xtec.cat\/iestossa\/wp-json\/wp\/v2\/pages\/3854","targetHints":{"allow":["GET"]}}],"collection":[{"href":"https:\/\/agora.xtec.cat\/iestossa\/wp-json\/wp\/v2\/pages"}],"about":[{"href":"https:\/\/agora.xtec.cat\/iestossa\/wp-json\/wp\/v2\/types\/page"}],"author":[{"embeddable":true,"href":"https:\/\/agora.xtec.cat\/iestossa\/wp-json\/wp\/v2\/users\/1"}],"replies":[{"embeddable":true,"href":"https:\/\/agora.xtec.cat\/iestossa\/wp-json\/wp\/v2\/comments?post=3854"}],"version-history":[{"count":5,"href":"https:\/\/agora.xtec.cat\/iestossa\/wp-json\/wp\/v2\/pages\/3854\/revisions"}],"predecessor-version":[{"id":4598,"href":"https:\/\/agora.xtec.cat\/iestossa\/wp-json\/wp\/v2\/pages\/3854\/revisions\/4598"}],"up":[{"embeddable":true,"href":"https:\/\/agora.xtec.cat\/iestossa\/wp-json\/wp\/v2\/pages\/49"}],"wp:attachment":[{"href":"https:\/\/agora.xtec.cat\/iestossa\/wp-json\/wp\/v2\/media?parent=3854"}],"curies":[{"name":"wp","href":"https:\/\/api.w.org\/{rel}","templated":true}]}}