{"id":27,"date":"2014-09-17T16:24:03","date_gmt":"2014-09-17T16:24:03","guid":{"rendered":"http:\/\/agora.xtec.cat\/iestossa\/?page_id=27"},"modified":"2018-10-09T12:12:55","modified_gmt":"2018-10-09T10:12:55","slug":"historia","status":"publish","type":"page","link":"https:\/\/agora.xtec.cat\/iestossa\/linstitut\/historia\/","title":{"rendered":"Hist\u00f2ria"},"content":{"rendered":"<p style=\"text-align: justify;\">L\u2019Institut de Tossa de Mar es va inaugurar l\u2019any 1995 com a conseq\u00fc\u00e8ncia de la generalitzaci\u00f3 de la implantaci\u00f3 de la LOGSE que introdu\u00efa l\u2019Educaci\u00f3 Secund\u00e0ria Obligat\u00f2ria entre els 12 i els 16 anys.<\/p>\n<p style=\"text-align: justify;\">\nEl centre estava format per diferents barracons, els primers que es van inaugurar a Catalunya en l\u2019ensenyament secundari, per atendre aix\u00ed la demanda de la poblaci\u00f3 de Tossa de poder comptar en el seu municipi amb un centre d\u2019ensenyament secundari, de manera que els seus joves de 12 anys no haguessin de sortir de la vila per complimentar l\u2019ensenyament obligatori i els estudis post-obligatoris de batxillerat.<\/p>\n<p style=\"text-align: justify;\">\nEn el segon curs d\u2019exist\u00e8ncia de l\u2019institut sort\u00ed la primera promoci\u00f3 de 4t d\u2019ESO (1996 &#8211; 1997) i el curs seg\u00fcent (1997-1998) comen\u00e7\u00e0 la primera promoci\u00f3 de batxillerat del nostre institut.<\/p>\n<p style=\"text-align: justify;\">\nL\u2019any 2005 v\u00e0rem dir ad\u00e9u als barracons i la Generalitat de Catalunya va inaugurar l\u2019edifici que tenim actualment.<\/p>\n<p>&nbsp;<\/p>\n","protected":false},"excerpt":{"rendered":"<p>L\u2019Institut de Tossa de Mar es va inaugurar l\u2019any 1995 com a conseq\u00fc\u00e8ncia de la generalitzaci\u00f3 de la implantaci\u00f3 de la LOGSE que introdu\u00efa l\u2019Educaci\u00f3 Secund\u00e0ria Obligat\u00f2ria entre els 12 i els 16 anys.<\/p>\n<p>El centre estava format per diferents barracons, els primers que es van&hellip;  <a href=\"https:\/\/agora.xtec.cat\/iestossa\/linstitut\/historia\/\" title=\"Read Hist\u00f2ria\">Llegeix m\u00e9s\u00bb<\/a><\/p>\n","protected":false},"author":1,"featured_media":0,"parent":19,"menu_order":20,"comment_status":"closed","ping_status":"closed","template":"page-templates\/side-menu.php","meta":{"_bbp_topic_count":0,"_bbp_reply_count":0,"_bbp_total_topic_count":0,"_bbp_total_reply_count":0,"_bbp_voice_count":0,"_bbp_anonymous_reply_count":0,"_bbp_topic_count_hidden":0,"_bbp_reply_count_hidden":0,"_bbp_forum_subforum_count":0,"footnotes":""},"class_list":["post-27","page","type-page","status-publish","hentry"],"post_mailing_queue_ids":[],"_links":{"self":[{"href":"https:\/\/agora.xtec.cat\/iestossa\/wp-json\/wp\/v2\/pages\/27","targetHints":{"allow":["GET"]}}],"collection":[{"href":"https:\/\/agora.xtec.cat\/iestossa\/wp-json\/wp\/v2\/pages"}],"about":[{"href":"https:\/\/agora.xtec.cat\/iestossa\/wp-json\/wp\/v2\/types\/page"}],"author":[{"embeddable":true,"href":"https:\/\/agora.xtec.cat\/iestossa\/wp-json\/wp\/v2\/users\/1"}],"replies":[{"embeddable":true,"href":"https:\/\/agora.xtec.cat\/iestossa\/wp-json\/wp\/v2\/comments?post=27"}],"version-history":[{"count":3,"href":"https:\/\/agora.xtec.cat\/iestossa\/wp-json\/wp\/v2\/pages\/27\/revisions"}],"predecessor-version":[{"id":1674,"href":"https:\/\/agora.xtec.cat\/iestossa\/wp-json\/wp\/v2\/pages\/27\/revisions\/1674"}],"up":[{"embeddable":true,"href":"https:\/\/agora.xtec.cat\/iestossa\/wp-json\/wp\/v2\/pages\/19"}],"wp:attachment":[{"href":"https:\/\/agora.xtec.cat\/iestossa\/wp-json\/wp\/v2\/media?parent=27"}],"curies":[{"name":"wp","href":"https:\/\/api.w.org\/{rel}","templated":true}]}}