{"id":1794,"date":"2018-12-17T18:37:30","date_gmt":"2018-12-17T17:37:30","guid":{"rendered":"http:\/\/agora.xtec.cat\/iestossa\/?page_id=1794"},"modified":"2020-01-09T11:53:38","modified_gmt":"2020-01-09T10:53:38","slug":"perfils-professionals","status":"publish","type":"page","link":"https:\/\/agora.xtec.cat\/iestossa\/projecte-educatiu\/perfils-professionals\/","title":{"rendered":"Perfils Professionals"},"content":{"rendered":"<p style=\"text-align: justify;\"><strong>DESCRIPCI\u00d3 DELS LLOCS DE TREBALL ESPEC\u00cdFICS ESTRUCTURALS<\/strong><\/p>\n<p style=\"text-align: justify;\"><strong>\u00a0<\/strong><\/p>\n<p style=\"text-align: justify;\"><strong>1 PERFIL \u00a0PROFESSIONAL D\u2019ATENCI\u00d3 A LA DIVERSITAT (DIV)<\/strong><\/p>\n<p style=\"text-align: justify;\">Especialitat docent: LE<\/p>\n<p style=\"text-align: justify;\">Cos docent: 590<\/p>\n<p style=\"text-align: justify;\"><strong>Condicions de context espec\u00edfic<\/strong><\/p>\n<p style=\"text-align: justify;\">El nostre institut \u00e9s l&#8217;\u00fanic que hi ha a la vila de Tossa de Mar. Com a poblaci\u00f3 tur\u00edstica, les fam\u00edlies majorit\u00e0riament treballen en la temporada de primavera i estiu, per tant la resta de l&#8217;any disposen de molt m\u00e9s temps per dedicar a la vida familiar.<\/p>\n<p style=\"text-align: justify;\">El centre mant\u00e9 una comunicaci\u00f3 molt fluida amb les fam\u00edlies, especialment a trav\u00e9s dels tutors i tutores, la qual cosa permet poder fer un seguiment molt acurat de l&#8217;evoluci\u00f3 de l&#8217;alumnat conjuntament amb les fam\u00edlies. En el cas dels i les alumnes amb necessitats espec\u00edfiques de suport educatiu, aquesta comunicaci\u00f3 s&#8217;incrementa. En el cas de l&#8217;alumnat que participa en programes de diversificaci\u00f3, la comunicaci\u00f3 \u00e9s peri\u00f2dica i sistem\u00e0tica.<\/p>\n<p style=\"text-align: justify;\">Pel fet de ser Tossa una poblaci\u00f3 tur\u00edstica de temporada hi ha un sector fluctuant de poblaci\u00f3 de manera permanent, la qual cosa repercuteix en la matr\u00edcula viva al llarg del curs acad\u00e8mic, de manera que s&#8217;incorporen alumnes provinents de l&#8217;estranger, a vegades sense escolaritzar, o provinents d&#8217;altres comunitats de l&#8217;estat espanyol o d&#8217;altres indrets de Catalunya,<\/p>\n<p style=\"text-align: justify;\"><strong>Contingut funcional del lloc de treball<\/strong><\/p>\n<p style=\"text-align: justify;\"><strong>Missi\u00f3:<\/strong><\/p>\n<p style=\"text-align: justify;\">Dissenyar i impartir la doc\u00e8ncia i dur a terme l&#8217;atenci\u00f3 directa als alumnes amb necessitats espec\u00edfiques de<\/p>\n<p style=\"text-align: justify;\">suport educatiu, d&#8217;acord amb el projecte educatiu de centre i el projecte de direcci\u00f3 per afavorir la participaci\u00f3<\/p>\n<p style=\"text-align: justify;\">priorit\u00e0ria d&#8217;aquests alumnes en entorns ordinaris i evitar l&#8217;aband\u00f3 del sistema educatiu.<\/p>\n<p style=\"text-align: justify;\"><strong>Funcions principals addicionals a les funcions docents ordin\u00e0ries:<\/strong><\/p>\n<p style=\"text-align: justify;\">1.Impartir la doc\u00e8ncia d&#8217;acord amb els principis d&#8217;educaci\u00f3 inclusiva a l&#8217;aula.<\/p>\n<ol style=\"text-align: justify;\" start=\"2\">\n<li>Emprar les metodologies id\u00f2nies per atendre la diversitat dels alumnes.<\/li>\n<li>Organitzar els recursos i les actuacions per a l&#8217;atenci\u00f3 a la diversitat, en el context del centre.<\/li>\n<li>Col\u00b7laborar en el disseny, desenvolupament i avaluaci\u00f3 d&#8217;estrat\u00e8gies i activitats relacionades amb el pla d&#8217;atenci\u00f3 a la diversitat del centre.<\/li>\n<\/ol>\n<p style=\"text-align: justify;\"><strong>Activitats a desenvolupar:<\/strong><\/p>\n<ol style=\"text-align: justify;\">\n<li>Dissenyar, desenvolupar i avaluar activitats d&#8217;ensenyament aprenentatge de la seva mat\u00e8ria que incloguin la diversitat de l&#8217;alumnat de cada grup classe on imparteix doc\u00e8ncia directa.<\/li>\n<li>Coordinar l&#8217;acci\u00f3 tutorial d&#8217;un grup d&#8217;ESO.<\/li>\n<li>Coordinar els programes de diversificaci\u00f3 per a 3r i 4t d&#8217;ESO incloent-hi els projectes singulars.<\/li>\n<li>Fer el seguiment de l&#8217;alumnat que dur a terme projectes singulars i altres projectes en el centre dintre dels programes de diversificaci\u00f3.<\/li>\n<li>Elaborar els PI ( compet\u00e8ncia comunicativa i ling\u00fc\u00edstica, aprendre aprendre, autonomia i iniciativa personal) conjuntament amb els tutors i l&#8217;equip docent dels cursos on imparteix doc\u00e8ncia.<\/li>\n<li>Dissenyar la participaci\u00f3 de l&#8217;alumnat amb necessitats de suport educatiu en les activitats de l&#8217;ILEC.<\/li>\n<\/ol>\n<p style=\"text-align: justify;\"><strong>Compet\u00e8ncia t\u00e8cnica:<\/strong><\/p>\n<ol style=\"text-align: justify;\">\n<li>Especialitat en Llengua i Literatura Castellana<\/li>\n<li>Experi\u00e8ncia en l&#8217;atenci\u00f3 a la diversitat de l&#8217;alumnat<\/li>\n<li>Experi\u00e8ncia en l&#8217;acci\u00f3 tutorial en Aula Oberta a 3r o 4t d&#8217;ESO<\/li>\n<li>Capacitaci\u00f3 en treball per compet\u00e8ncies b\u00e0siques<\/li>\n<li>Capacitaci\u00f3 en els tallers de lectura de l&#8217;ILEC<\/li>\n<\/ol>\n<p style=\"text-align: justify;\"><strong>Compet\u00e8ncies transversals<\/strong><\/p>\n<ol style=\"text-align: justify;\">\n<li>Treball en equip i treball en xarxa<\/li>\n<li>An\u00e0lisi de problemes i presa de decisions<\/li>\n<li>Orientaci\u00f3 de les fam\u00edlies i presa de decisions<\/li>\n<li>Rigor i m\u00e8tode<\/li>\n<li>Gesti\u00f3 i resoluci\u00f3 de conflictes<\/li>\n<li>Iniciativa i creativitat<\/li>\n<\/ol>\n<p style=\"text-align: justify;\"><strong>2 <\/strong><strong> PERFIL PROFESSIONAL D\u2019ATENCI\u00d3 A LA DIVERSITAT (DIV). CURS 17-18<\/strong><\/p>\n<p style=\"text-align: justify;\">Especialitat docent: LC<\/p>\n<p style=\"text-align: justify;\">Cos docent<strong>: <\/strong>590<\/p>\n<p style=\"text-align: justify;\"><strong>Condicions de context espec\u00edfic<\/strong><\/p>\n<p style=\"text-align: justify;\">El nostre institut \u00e9s l&#8217;\u00fanic que hi ha a la vila de Tossa de Mar. Com a poblaci\u00f3 tur\u00edstica, les fam\u00edlies majorit\u00e0riament treballen en la temporada de primavera i estiu, per tant la resta de l&#8217;any disposen de molt m\u00e9s temps per dedicar a la vida familiar.<\/p>\n<p style=\"text-align: justify;\">El centre mant\u00e9 una comunicaci\u00f3 molt fluida amb les fam\u00edlies, especialment a trav\u00e9s dels tutors i tutores, la qual cosa permet poder fer un seguiment molt acurat de l&#8217;evoluci\u00f3 de l&#8217;alumnat conjuntament amb les fam\u00edlies. En el cas dels i les alumnes amb necessitats espec\u00edfiques de suport educatiu, aquesta comunicaci\u00f3 s&#8217;incrementa. En el cas de l&#8217;alumnat que participa en programes de diversificaci\u00f3, la comunicaci\u00f3 \u00e9s peri\u00f2dica i sistem\u00e0tica.<\/p>\n<p style=\"text-align: justify;\">Pel fet de ser Tossa una poblaci\u00f3 tur\u00edstica de temporada hi ha un sector fluctuant de poblaci\u00f3 de manera permanent, la qual cosa repercuteix en la matr\u00edcula viva al llarg del curs acad\u00e8mic, de manera que s&#8217;incorporen alumnes provinents de l&#8217;estranger, a vegades sense escolaritzar, o provinents d&#8217;altres comunitats de l&#8217;estat espanyol o d&#8217;altres indrets de Catalunya. En el curs 2016\/2017 comptem amb un \u00edndex d&#8217;atenci\u00f3 a la diversitat en l&#8217;ESO d&#8217;un 31,06%, on s&#8217;inclouen els alumnes nouvinguts, els alumnes amb NEE (dict\u00e0mens, trastorns de l&#8217;aprenentatge, situaci\u00f3 socioecon\u00f2mica desfavorida) i alumnes amb PI motivats per les seves dificultats en l&#8217;aprenentatge sense un diagn\u00f2stic clarament definit.<\/p>\n<p style=\"text-align: justify;\"><strong>Contingut Funcional:<\/strong><\/p>\n<p style=\"text-align: justify;\"><strong>Missi\u00f3:<\/strong><\/p>\n<p style=\"text-align: justify;\">Afavorir la participaci\u00f3 dels alumnes amb necessitats espec\u00edfiques de suport educatiu en activitats habituals de l\u2019aula i de centre, d\u2019acord amb el projecte educatiu de centre i el projecte de direcci\u00f3, sota el principi d\u2019educaci\u00f3 inclusiva i coeducaci\u00f3.<\/p>\n<p style=\"text-align: justify;\"><strong>Funcions principals addicionals a les funcions docents ordin\u00e0ries<\/strong><\/p>\n<ul style=\"text-align: justify;\">\n<li>Impartir la doc\u00e8ncia i dur a terme l\u2019atenci\u00f3 directa amb les metodologies d\u2019aula que es considerin m\u00e9s id\u00f2nies per atendre la diversitat dels alumnes.<\/li>\n<li>Col\u00b7laborar en l\u2019organitzaci\u00f3 dels recursos i les actuacions per atendre la diversitat en el context del centre.<\/li>\n<li>Col\u00b7laborar en el disseny, desenvolupament i avaluaci\u00f3 d\u2019estrat\u00e8gies i activitats relacionades amb el pla de la diversitat del centre.<\/li>\n<li>Fer el seguiment de l\u2019evoluci\u00f3 dels alumnes amb necessitats educatives espec\u00edfiques i, en general, dels alumnes amb necessitats de suport educatiu.<\/li>\n<\/ul>\n<p style=\"text-align: justify;\"><strong>Altres funcions<\/strong><\/p>\n<ul style=\"text-align: justify;\">\n<li>Col\u00b7laborar en l&#8217;actualitzaci\u00f3 dels PI de 3r i 4t d&#8217;ESO pel que fa l&#8217;\u00e0rea de Lleng\u00fca Catalana<\/li>\n<\/ul>\n<p style=\"text-align: justify;\"><strong>Compet\u00e8ncia t\u00e8cnica<\/strong><\/p>\n<ol style=\"text-align: justify;\">\n<li>Especialitat en Llengua i Literatura Catalana<\/li>\n<li>Acreditaci\u00f3 en l&#8217;atenci\u00f3 a la diversitat de l&#8217;alumnat<\/li>\n<li>Experi\u00e8ncia en programes de diversificaci\u00f3 a 3r i\/o 4t d&#8217;ESO<\/li>\n<li>Capacitaci\u00f3 en treball per compet\u00e8ncies b\u00e0siques<\/li>\n<li>Experi\u00e8ncia en desenvolupar activitats de l&#8217;impuls a la lectura (ILEC)<\/li>\n<\/ol>\n<p style=\"text-align: justify;\"><strong>Compet\u00e8ncies transversals<\/strong><\/p>\n<ol style=\"text-align: justify;\">\n<li>Treball en equip i treball en xarxa<\/li>\n<li>Planificaci\u00f3 i organitzaci\u00f3<\/li>\n<li>Iniciativa, autonomia i proactivitat<\/li>\n<li>Gesti\u00f3 i resoluci\u00f3 de conflictes<\/li>\n<\/ol>\n<p style=\"text-align: justify;\"><strong>3 PERFIL PROFESSIONAL D\u2019ATENCI\u00d3 A LA DIVERSITAT (DIV). CURS 17-18<\/strong><\/p>\n<p style=\"text-align: justify;\">Especialitat docent: PSI- Orientaci\u00f3 Educativa<\/p>\n<p style=\"text-align: justify;\">Cos docent<strong>: <\/strong>590<\/p>\n<p style=\"text-align: justify;\"><strong>Condicions de context espec\u00edfic<\/strong><\/p>\n<p style=\"text-align: justify;\">El nostre institut \u00e9s l&#8217;\u00fanic que hi ha a la vila de Tossa de Mar. Com a poblaci\u00f3 tur\u00edstica, les fam\u00edlies majorit\u00e0riament treballen en la temporada de primavera i estiu, per tant la resta de l&#8217;any disposen de molt m\u00e9s temps per dedicar a la vida familiar.<\/p>\n<p style=\"text-align: justify;\">El centre mant\u00e9 una comunicaci\u00f3 molt fluida amb les fam\u00edlies, especialment a trav\u00e9s dels tutors i tutores, la qual cosa permet poder fer un seguiment molt acurat de l&#8217;evoluci\u00f3 de l&#8217;alumnat conjuntament amb les fam\u00edlies. En el cas dels i les alumnes amb necessitats espec\u00edfiques de suport educatiu, aquesta comunicaci\u00f3 s&#8217;incrementa. En el cas de l&#8217;alumnat que participa en programes de diversificaci\u00f3, la comunicaci\u00f3 \u00e9s peri\u00f2dica i sistem\u00e0tica.<\/p>\n<p style=\"text-align: justify;\">Pel fet de ser Tossa una poblaci\u00f3 tur\u00edstica de temporada hi ha un sector fluctuant de poblaci\u00f3 de manera permanent, la qual cosa repercuteix en la matr\u00edcula viva al llarg del curs acad\u00e8mic, de manera que s&#8217;incorporen alumnes provinents de l&#8217;estranger, a vegades sense escolaritzar, o provinents d&#8217;altres comunitats de l&#8217;estat espanyol o d&#8217;altres indrets de Catalunya. En el curs 2016\/2017 comptem amb un \u00edndex d&#8217;atenci\u00f3 a la diversitat en l&#8217;ESO d&#8217;un 31,06%, on s&#8217;inclouen els alumnes nouvinguts, els alumnes amb NEE (dict\u00e0mens, trastorns de l&#8217;aprenentatge, situaci\u00f3 socioecon\u00f2mica desfavorida) i alumnes amb PI motivats per les seves dificultats en l&#8217;aprenentatge sense un diagn\u00f2stic clarament definit.<\/p>\n<p style=\"text-align: justify;\"><strong>Contingut Funcional:<\/strong><\/p>\n<p style=\"text-align: justify;\"><strong>Missi\u00f3:<\/strong><\/p>\n<p style=\"text-align: justify;\">Afavorir la participaci\u00f3 dels alumnes amb necessitats espec\u00edfiques de suport educatiu en activitats habituals de l\u2019aula i de centre, d\u2019acord amb el projecte educatiu de centre i el projecte de direcci\u00f3, sota el principi d\u2019educaci\u00f3 inclusiva i coeducaci\u00f3.<\/p>\n<p style=\"text-align: justify;\"><strong>Funcions principals addicionals a les funcions docents ordin\u00e0ries<\/strong><\/p>\n<ul style=\"text-align: justify;\">\n<li>Impartir la doc\u00e8ncia i dur a terme l\u2019atenci\u00f3 directa amb les metodologies d\u2019aula que es considerin m\u00e9s id\u00f2nies per atendre la diversitat dels alumnes.<\/li>\n<li>Col\u00b7laborar en l\u2019organitzaci\u00f3 dels recursos i les actuacions per atendre la diversitat en el context del centre.<\/li>\n<li>Col\u00b7laborar en el disseny, desenvolupament i avaluaci\u00f3 d\u2019estrat\u00e8gies i activitats relacionades amb el pla de la diversitat del centre.<\/li>\n<li>Fer el seguiment de l\u2019evoluci\u00f3 dels alumnes amb necessitats educatives espec\u00edfiques i, en general, dels alumnes amb necessitats de suport educatiu.<\/li>\n<\/ul>\n<p style=\"text-align: justify;\"><strong>Altres funcions<\/strong><\/p>\n<ul style=\"text-align: justify;\">\n<li>Generar un projecte per implementar la compet\u00e8ncia de l&#8217;Autonomia i Iniciativa Personal per aquells alumnes amb dictamen i que gaire b\u00e9 presenten perfil USE.<\/li>\n<\/ul>\n<p style=\"text-align: justify;\"><strong>Compet\u00e8ncia t\u00e8cnica<\/strong><\/p>\n<ol style=\"text-align: justify;\">\n<li>Especialitat en Psicopedagogia &#8211; Orientaci\u00f3 educativa<\/li>\n<li>Acreditaci\u00f3 per a l&#8217;atenci\u00f3 a la diversitat<\/li>\n<li>Experi\u00e8ncia en programes de diversificaci\u00f3 amb alumnat de 3r i 4t d&#8217;ESO<\/li>\n<li>Experi\u00e8ncia en seguiment d&#8217;alumnes amb dictamen d&#8217;escolaritzaci\u00f3<\/li>\n<li>Experi\u00e8ncia en seguiment d&#8217;alumnes amb informe de necessitats socioecon\u00f2miques<\/li>\n<li>Formaci\u00f3 en implementar compet\u00e8ncies b\u00e0siques transversals<\/li>\n<\/ol>\n<p style=\"text-align: justify;\"><strong>Compet\u00e8ncies transversals<\/strong><\/p>\n<ol style=\"text-align: justify;\">\n<li>Treball en equip i treball en xarxa<\/li>\n<li>Gesti\u00f3 i resoluci\u00f3 de conflictes<\/li>\n<li>Iniciativa, autonomia i pro activitat<\/li>\n<\/ol>\n<p style=\"text-align: justify;\"><strong>4 PERFIL PROFESSIONAL LING\u00dc\u00cdSTIC EN LLENGUA ESTRANGERA (IAN) Curs 17-18<\/strong><\/p>\n<p style=\"text-align: justify;\">Especialitat docent: FI\u00a0\u00a0\u00a0\u00a0\u00a0\u00a0\u00a0\u00a0\u00a0\u00a0\u00a0\u00a0\u00a0\u00a0\u00a0\u00a0\u00a0\u00a0\u00a0\u00a0\u00a0\u00a0 Iioma: IAN<\/p>\n<p style=\"text-align: justify;\">Cos docent: 590<\/p>\n<p style=\"text-align: justify;\"><strong>Condicions de context espec\u00edfic<\/strong><\/p>\n<p style=\"text-align: justify;\">El context del nostre institut, donada la seva ubicaci\u00f3 geogr\u00e0fica, \u00e9s d&#8217;un alt \u00edndex de mobilitat del professorat ( m\u00e9s del doble que la mitjana de Catalunya) i d&#8217;un alt \u00edndex de mobilitat de l&#8217; alumnat, per sobre de la mitjana dels centres de la nostra tipologia.<\/p>\n<p style=\"text-align: justify;\">L&#8217;activitat econ\u00f2mica principal de la nostra vila \u00e9s el turisme, per tant cal tenir un domini de la llengua anglesa per poder\u00a0 desenvolupar les activitats relacionades amb el turisme. La llengua anglesa, com a llengua internacional per excel\u00b7l\u00e8ncia, la practiquen molts ciutadans, la primera llengua dels quals pot ser qualsevol altra (alemany, xec, polon\u00e8s,..) i aquests turistes que visiten el nostre municipi empren la llengua anglesa com a llengua de comunicaci\u00f3. Per aix\u00f2 \u00e9s important\u00edssim implementar l&#8217;assoliment de la compet\u00e8ncia ling\u00fc\u00edstica en angl\u00e8s en el nostre alumnat que acostuma a ocupar llocs de treball a partir dels 16 anys.<\/p>\n<p style=\"text-align: justify;\"><strong>Contingut Funcional:<\/strong><\/p>\n<p style=\"text-align: justify;\"><strong>Missi\u00f3:<\/strong><\/p>\n<p style=\"text-align: justify;\">Augmentar la compet\u00e8ncia ling\u00fc\u00edstica dels alumnes en una llengua estrangera mitjan\u00e7ant l\u2019aplicaci\u00f3 d\u2019una metodologia d\u2019ensenyament i aprenentatge integrat de contingut i de llengua, d\u2019acord amb el projecte ling\u00fc\u00edstic del centre.<\/p>\n<p style=\"text-align: justify;\"><strong>\u00a0\u00a0\u00a0 Funcions principals addicionals a les funcions docents ordin\u00e0ries<\/strong><\/p>\n<ul style=\"text-align: justify;\">\n<li>Impartir doc\u00e8ncia d\u2019\u00e0rees o mat\u00e8ries curriculars no ling\u00fc\u00edstiques en una llengua estrangera.<\/li>\n<li>Coordinar la tasca docent amb la dels professors de llengua estrangera, amb l\u2019objectiu de planificar conjuntament la programaci\u00f3 d\u2019aula de les diverses mat\u00e8ries.<\/li>\n<li>Organitzar i executar les accions necess\u00e0ries per l\u2019impuls de la llengua estrangera que correspongui, d\u2019acord amb el projecte ling\u00fc\u00edstic de centre.<\/li>\n<\/ul>\n<p style=\"text-align: justify;\"><strong>Altres funcions<\/strong><\/p>\n<p style=\"text-align: justify;\"><strong>\u00a0<\/strong>Impartir Cultura i Valors \u00c8tics en llengua anglesa<\/p>\n<p style=\"text-align: justify;\"><strong>Compet\u00e8ncia t\u00e8cnica<\/strong><\/p>\n<ol style=\"text-align: justify;\">\n<li>Titulaci\u00f3 per impartir Filosofia i Hist\u00f2ria de la Filosofia<\/li>\n<li>Titulaci\u00f3 per impartir Llengua i Literatura anglesa<\/li>\n<li>Capacitaci\u00f3 en recursos TIC-TAC<\/li>\n<\/ol>\n<p style=\"text-align: justify;\"><strong>Compet\u00e8ncies transversals<\/strong><\/p>\n<ol>\n<li style=\"text-align: justify;\">Treball en equip i treball en xarxa<\/li>\n<li style=\"text-align: justify;\">Rigor i m\u00e8tode<\/li>\n<li style=\"text-align: justify;\">Actualitzaci\u00f3 professional i millora cont\u00ednua<\/li>\n<li style=\"text-align: justify;\">Iniciativa, autonomia i proactivitat<\/li>\n<\/ol>\n<p>&nbsp;<\/p>\n","protected":false},"excerpt":{"rendered":"<p>DESCRIPCI\u00d3 DELS LLOCS DE TREBALL ESPEC\u00cdFICS ESTRUCTURALS<br \/>\n\u00a0<br \/>\n1 PERFIL \u00a0PROFESSIONAL D\u2019ATENCI\u00d3 A LA DIVERSITAT (DIV)<br \/>\nEspecialitat docent: LE<br \/>\nCos docent: 590<br \/>\nCondicions de context espec\u00edfic<br \/>\nEl nostre institut \u00e9s l&#8217;\u00fanic que hi ha a la vila de Tossa de Mar. Com a poblaci\u00f3 tur\u00edstica, les fam\u00edlies majorit\u00e0riament treballen en la&hellip;  <a href=\"https:\/\/agora.xtec.cat\/iestossa\/projecte-educatiu\/perfils-professionals\/\" title=\"Read Perfils Professionals\">Llegeix m\u00e9s\u00bb<\/a><\/p>\n","protected":false},"author":1,"featured_media":0,"parent":57,"menu_order":30,"comment_status":"closed","ping_status":"closed","template":"page-templates\/side-menu.php","meta":{"_bbp_topic_count":0,"_bbp_reply_count":0,"_bbp_total_topic_count":0,"_bbp_total_reply_count":0,"_bbp_voice_count":0,"_bbp_anonymous_reply_count":0,"_bbp_topic_count_hidden":0,"_bbp_reply_count_hidden":0,"_bbp_forum_subforum_count":0,"footnotes":""},"class_list":["post-1794","page","type-page","status-publish","hentry"],"post_mailing_queue_ids":[],"_links":{"self":[{"href":"https:\/\/agora.xtec.cat\/iestossa\/wp-json\/wp\/v2\/pages\/1794","targetHints":{"allow":["GET"]}}],"collection":[{"href":"https:\/\/agora.xtec.cat\/iestossa\/wp-json\/wp\/v2\/pages"}],"about":[{"href":"https:\/\/agora.xtec.cat\/iestossa\/wp-json\/wp\/v2\/types\/page"}],"author":[{"embeddable":true,"href":"https:\/\/agora.xtec.cat\/iestossa\/wp-json\/wp\/v2\/users\/1"}],"replies":[{"embeddable":true,"href":"https:\/\/agora.xtec.cat\/iestossa\/wp-json\/wp\/v2\/comments?post=1794"}],"version-history":[{"count":3,"href":"https:\/\/agora.xtec.cat\/iestossa\/wp-json\/wp\/v2\/pages\/1794\/revisions"}],"predecessor-version":[{"id":2149,"href":"https:\/\/agora.xtec.cat\/iestossa\/wp-json\/wp\/v2\/pages\/1794\/revisions\/2149"}],"up":[{"embeddable":true,"href":"https:\/\/agora.xtec.cat\/iestossa\/wp-json\/wp\/v2\/pages\/57"}],"wp:attachment":[{"href":"https:\/\/agora.xtec.cat\/iestossa\/wp-json\/wp\/v2\/media?parent=1794"}],"curies":[{"name":"wp","href":"https:\/\/api.w.org\/{rel}","templated":true}]}}