{"id":1764,"date":"2018-12-05T12:53:14","date_gmt":"2018-12-05T11:53:14","guid":{"rendered":"http:\/\/agora.xtec.cat\/iestossa\/?page_id=1764"},"modified":"2018-12-17T18:38:39","modified_gmt":"2018-12-17T17:38:39","slug":"els-nostres-trets-didentitat","status":"publish","type":"page","link":"https:\/\/agora.xtec.cat\/iestossa\/projecte-educatiu\/els-nostres-trets-didentitat\/","title":{"rendered":"Els nostres trets d&#8217;identitat"},"content":{"rendered":"<p style=\"text-align: justify;\">L\u2019 Institut de Tossa de Mar es defineix com a escola :<\/p>\n<ul style=\"text-align: justify;\">\n<li><strong>P\u00fablica<\/strong>. L\u2019Institut de Tossa de Mar, la titularitat del qual correspon al Departament d\u2019Ensenyament de la Generalitat de Catalunya \u00e9s un centre p\u00fablic arrelat al seu entorn que ofereix els ensenyaments de l\u2019Educaci\u00f3 Secund\u00e0ria Obligat\u00f2ria i de Batxillerat en les modalitats Cient\u00edfica-Tecnol\u00f2gica i Social-Humanitats.<\/li>\n<li><strong>Laica<\/strong>. L\u2019institut es manifesta aconfessional i respecta totes les creences, tot i que s\u2019aplica el que disposa el Decret de 25 d\u2019agost de 2015 relatiu als ensenyaments de la religi\u00f3.<\/li>\n<li><strong>Catalana<\/strong>. El catal\u00e0 com a llengua pr\u00f2pia de Catalunya, ho es tamb\u00e9 de l&#8217;ensenyament. S\u2019utilitzar\u00e0 com a llengua vehicular i d&#8217;aprenentatge i en les activitats internes i externes de la comunitat educativa: activitats orals i escrites de l\u2019alumnat i del professorat, llibres de text i material did\u00e0ctic, activitats d\u2019aprenentatge i d\u2019avaluaci\u00f3, i comunicacions amb les fam\u00edlies. La llengua de comunicaci\u00f3 habitual a l\u2019Institut \u00e9s el catal\u00e0, que s\u2019utilitza normalment en la confecci\u00f3 d\u2019escrits, r\u00e8tols, anuncis, documentaci\u00f3 del centre i comunicaci\u00f3 oral, tot respectant l\u2019\u00fas del castell\u00e0 i altres lleng\u00fces per part de qualsevol membre de la comunitat educativa. Els usos i tractaments de les lleng\u00fces a l\u2019Institut es concreten i detallen al Projecte Ling\u00fc\u00edstic de Centre [PLC] .<\/li>\n<\/ul>\n<ul>\n<li style=\"text-align: justify;\"><strong>Inclusiva.<\/strong> Formaci\u00f3 personalitzada que propici\u00ef una educaci\u00f3 integral pel que fa a capacitats, destreses i valors morals dels alumnes en tots els \u00e0mbits de la vida personal, familiar, social i professional. Aquesta formaci\u00f3 es concretar\u00e0 en:\n<ul>\n<li style=\"text-align: justify;\">Desenvolupament de les capacitats creatives i de l&#8217;esperit cr\u00edtic.<\/li>\n<li style=\"text-align: justify;\">Desenvolupament ple de la personalitat de l&#8217;alumnat<\/li>\n<li style=\"text-align: justify;\">Adquisici\u00f3 d\u2019h\u00e0bits intel\u00b7lectuals i t\u00e8cniques de treball, aix\u00ed com de coneixements cient\u00edfics, t\u00e8cnics i human\u00edstics.<\/li>\n<li style=\"text-align: justify;\">Desenvolupament de les capacitats motrius.<\/li>\n<li style=\"text-align: justify;\">Afavorir el desenvolupament m\u00e0xim de les capacitats intel\u00b7lectuals i professionals.<\/li>\n<li style=\"text-align: justify;\">Preparaci\u00f3 per participar activament en la vida social i cultural<\/li>\n<\/ul>\n<\/li>\n<li style=\"text-align: justify;\"><strong>Democr\u00e0tica.<\/strong> Utilitzaci\u00f3 deis mecanismes democr\u00e0tics en tots els \u00f2rgans de funcionament del Centre:\n<ul>\n<li style=\"text-align: justify;\">Transpar\u00e8ncia<\/li>\n<li style=\"text-align: justify;\">Participaci\u00f3<\/li>\n<li style=\"text-align: justify;\">Objectivitat<\/li>\n<li style=\"text-align: justify;\">Professionalitat<\/li>\n<\/ul>\n<\/li>\n<\/ul>\n","protected":false},"excerpt":{"rendered":"<p>L\u2019 Institut de Tossa de Mar es defineix com a escola :<\/p>\n<ul style=\"text-align: justify;\">\n<li>P\u00fablica. L\u2019Institut de Tossa de Mar, la titularitat del qual correspon al Departament d\u2019Ensenyament de la Generalitat de Catalunya \u00e9s un centre p\u00fablic arrelat al seu entorn que ofereix els ensenyaments de&hellip;  <a href=\"https:\/\/agora.xtec.cat\/iestossa\/projecte-educatiu\/els-nostres-trets-didentitat\/\" title=\"Read Els nostres trets d&#8217;identitat\">Llegeix m\u00e9s\u00bb<\/a><br \/>\n","protected":false},"author":1,"featured_media":0,"parent":57,"menu_order":20,"comment_status":"closed","ping_status":"closed","template":"page-templates\/side-menu.php","meta":{"_bbp_topic_count":0,"_bbp_reply_count":0,"_bbp_total_topic_count":0,"_bbp_total_reply_count":0,"_bbp_voice_count":0,"_bbp_anonymous_reply_count":0,"_bbp_topic_count_hidden":0,"_bbp_reply_count_hidden":0,"_bbp_forum_subforum_count":0,"footnotes":""},"class_list":["post-1764","page","type-page","status-publish","hentry"],"post_mailing_queue_ids":[],"_links":{"self":[{"href":"https:\/\/agora.xtec.cat\/iestossa\/wp-json\/wp\/v2\/pages\/1764","targetHints":{"allow":["GET"]}}],"collection":[{"href":"https:\/\/agora.xtec.cat\/iestossa\/wp-json\/wp\/v2\/pages"}],"about":[{"href":"https:\/\/agora.xtec.cat\/iestossa\/wp-json\/wp\/v2\/types\/page"}],"author":[{"embeddable":true,"href":"https:\/\/agora.xtec.cat\/iestossa\/wp-json\/wp\/v2\/users\/1"}],"replies":[{"embeddable":true,"href":"https:\/\/agora.xtec.cat\/iestossa\/wp-json\/wp\/v2\/comments?post=1764"}],"version-history":[{"count":2,"href":"https:\/\/agora.xtec.cat\/iestossa\/wp-json\/wp\/v2\/pages\/1764\/revisions"}],"predecessor-version":[{"id":1767,"href":"https:\/\/agora.xtec.cat\/iestossa\/wp-json\/wp\/v2\/pages\/1764\/revisions\/1767"}],"up":[{"embeddable":true,"href":"https:\/\/agora.xtec.cat\/iestossa\/wp-json\/wp\/v2\/pages\/57"}],"wp:attachment":[{"href":"https:\/\/agora.xtec.cat\/iestossa\/wp-json\/wp\/v2\/media?parent=1764"}],"curies":[{"name":"wp","href":"https:\/\/api.w.org\/{rel}","templated":true}]}}