{"id":1268,"date":"2018-12-05T12:41:38","date_gmt":"2018-12-05T11:41:38","guid":{"rendered":"http:\/\/agora.xtec.cat\/iestossa\/?page_id=1268"},"modified":"2018-12-17T18:38:55","modified_gmt":"2018-12-17T17:38:55","slug":"plantejament-institucional","status":"publish","type":"page","link":"https:\/\/agora.xtec.cat\/iestossa\/projecte-educatiu\/plantejament-institucional\/","title":{"rendered":"Plantejament institucional"},"content":{"rendered":"<p style=\"text-align: justify;\"><strong>3.1 MISSI\u00d3<\/strong><\/p>\n<p style=\"text-align: justify;\">Som l\u2019\u00fanic institut de la vila de Tossa de Mar. La nostra llengua vehicular \u00e9s la llengua catalana. Som un centre vinculat estretament a l\u2019entorn natural i cultural i que potencia la participaci\u00f3 de la comunitat educativa en la vida de l\u2019institut. Som un centre que implementa la cultura de la millora cont\u00ednua. El nostre institut forma i educa nois i noies, de manera que esdevinguin ciutadans responsables, cr\u00edtics, solidaris, respectuosos amb els altres i actius vers la nostra societat.<\/p>\n<p style=\"text-align: justify;\"><strong>3.2 VISI\u00d3<\/strong><\/p>\n<p style=\"text-align: justify;\">L\u2019INS Tossa de Mar pret\u00e9n ser un centre de qualitat, innovador i integrat en l\u2019entorn, que doni resposta\u00a0 a les demandes socials, culturals i educatives del segle XXI. Volem ser un institut que centri els seus esfor\u00e7os en:<\/p>\n<ul style=\"text-align: justify;\">\n<li style=\"list-style-type: none;\">\n<ul style=\"text-align: justify;\">\n<li style=\"list-style-type: none;\">\n<ul style=\"text-align: justify;\">\n<li>Adequar les metodologies d\u2019ensenyament-aprenentatge a la realitat de cada alumne\/a.<\/li>\n<\/ul>\n<\/li>\n<\/ul>\n<\/li>\n<\/ul>\n<ul style=\"text-align: justify;\">\n<li style=\"list-style-type: none;\">\n<ul style=\"text-align: justify;\">\n<li style=\"list-style-type: none;\">\n<ul>\n<li>Impulsar les habilitats cient\u00edfiques, art\u00edstiques, socials, ling\u00fc\u00edstiques i participatives de l\u2019alumnat, oferint nous entorns d\u2019aprenentatge per afavorir l\u2019\u00e8xit acad\u00e8mic i una bona integraci\u00f3 social.<\/li>\n<li>Participar en la construcci\u00f3 de la societat tossenca del futur: formada, cohesionada, emprenedora, solid\u00e0ria i, orgullosa de la seva cultura, les seves tradicions i el seu patrimoni.<\/li>\n<li>Aconseguir que el nostre alumnat\u00a0 tingui una bona compet\u00e8ncia comunicativa en catal\u00e0, castell\u00e0 i angl\u00e8s.<\/li>\n<li>Impulsar l\u2019\u00fas de les TIC i les TAC en les activitats d\u2019 ensenyament-aprenentatge<\/li>\n<\/ul>\n<\/li>\n<li style=\"list-style-type: none;\">\n<ul style=\"text-align: justify;\">\n<li>Aconseguir l\u2019escolaritzaci\u00f3 inclusiva de tot l\u2019alumnat, atenent-ne les necessitats educatives i prioritzant-ne la participaci\u00f3.<\/li>\n<li>Potenciar l\u2019assoliment de les compet\u00e8ncies b\u00e0siques i dels continguts, tot potenciant la millora en l\u2019\u00fas de les lleng\u00fces estrangeres i les TIC a l\u2019aula, i integrant continguts vinculats amb la coeducaci\u00f3, la ciutadania, la conviv\u00e8ncia, l\u2019educaci\u00f3 ambiental, la salut, la comunicaci\u00f3 audiovisual, l\u2019acc\u00e9s a la informaci\u00f3 i el gust per la lectura, dins del marc d\u2019un ensenyament coordinat.<\/li>\n<\/ul>\n<\/li>\n<\/ul>\n<\/li>\n<\/ul>\n<p style=\"text-align: justify;\"><strong>3.3 VALORS<\/strong><\/p>\n<ul style=\"text-align: justify;\">\n<li style=\"list-style-type: none;\">\n<ul style=\"text-align: justify;\">\n<li style=\"list-style-type: none;\">\n<ul style=\"text-align: justify;\">\n<li>Comprom\u00eds amb la llengua i la cultura catalana.<\/li>\n<\/ul>\n<\/li>\n<\/ul>\n<\/li>\n<\/ul>\n<p style=\"text-align: justify;\">Potenciaci\u00f3 del raonament, l\u2019esperit cr\u00edtic, el coneixement i el respecte per les diferents cultures.<\/p>\n<ul style=\"text-align: justify;\">\n<li style=\"list-style-type: none;\">\n<ul>\n<li style=\"list-style-type: none;\">\n<ul>\n<li style=\"text-align: justify;\">Comprom\u00eds amb la sostenibilitat, la toler\u00e0ncia, l\u2019accessibilitat, la proximitat i la solidaritat.<\/li>\n<\/ul>\n<\/li>\n<\/ul>\n<ul>\n<li style=\"list-style-type: none;\">\n<ul>\n<li style=\"text-align: justify;\">Acord per la innovaci\u00f3, la integraci\u00f3, la participaci\u00f3 i l\u2019efic\u00e0cia en el treball.<\/li>\n<li style=\"text-align: justify;\">El di\u00e0leg entre tots els sectors de la comunitat educativa, basat en l\u2019equitat, la confian\u00e7a i el respecte mutu.<\/li>\n<li style=\"text-align: justify;\">El comprom\u00eds de col\u00b7laborar amb les fam\u00edlies i la societat tossenca.<\/li>\n<li style=\"text-align: justify;\">La transpar\u00e8ncia en la gesti\u00f3 i organitzaci\u00f3 del centre<\/li>\n<\/ul>\n<\/li>\n<\/ul>\n<\/li>\n<\/ul>\n","protected":false},"excerpt":{"rendered":"<p>3.1 MISSI\u00d3<br \/>\nSom l\u2019\u00fanic institut de la vila de Tossa de Mar. La nostra llengua vehicular \u00e9s la llengua catalana. Som un centre vinculat estretament a l\u2019entorn natural i cultural i que potencia la participaci\u00f3 de la comunitat educativa en la vida de l\u2019institut. Som un&hellip;  <a href=\"https:\/\/agora.xtec.cat\/iestossa\/projecte-educatiu\/plantejament-institucional\/\" title=\"Read Plantejament institucional\">Llegeix m\u00e9s\u00bb<\/a><\/p>\n","protected":false},"author":1,"featured_media":0,"parent":57,"menu_order":10,"comment_status":"closed","ping_status":"closed","template":"page-templates\/side-menu.php","meta":{"_bbp_topic_count":0,"_bbp_reply_count":0,"_bbp_total_topic_count":0,"_bbp_total_reply_count":0,"_bbp_voice_count":0,"_bbp_anonymous_reply_count":0,"_bbp_topic_count_hidden":0,"_bbp_reply_count_hidden":0,"_bbp_forum_subforum_count":0,"footnotes":""},"class_list":["post-1268","page","type-page","status-publish","hentry"],"post_mailing_queue_ids":[],"_links":{"self":[{"href":"https:\/\/agora.xtec.cat\/iestossa\/wp-json\/wp\/v2\/pages\/1268","targetHints":{"allow":["GET"]}}],"collection":[{"href":"https:\/\/agora.xtec.cat\/iestossa\/wp-json\/wp\/v2\/pages"}],"about":[{"href":"https:\/\/agora.xtec.cat\/iestossa\/wp-json\/wp\/v2\/types\/page"}],"author":[{"embeddable":true,"href":"https:\/\/agora.xtec.cat\/iestossa\/wp-json\/wp\/v2\/users\/1"}],"replies":[{"embeddable":true,"href":"https:\/\/agora.xtec.cat\/iestossa\/wp-json\/wp\/v2\/comments?post=1268"}],"version-history":[{"count":3,"href":"https:\/\/agora.xtec.cat\/iestossa\/wp-json\/wp\/v2\/pages\/1268\/revisions"}],"predecessor-version":[{"id":1768,"href":"https:\/\/agora.xtec.cat\/iestossa\/wp-json\/wp\/v2\/pages\/1268\/revisions\/1768"}],"up":[{"embeddable":true,"href":"https:\/\/agora.xtec.cat\/iestossa\/wp-json\/wp\/v2\/pages\/57"}],"wp:attachment":[{"href":"https:\/\/agora.xtec.cat\/iestossa\/wp-json\/wp\/v2\/media?parent=1268"}],"curies":[{"name":"wp","href":"https:\/\/api.w.org\/{rel}","templated":true}]}}