{"id":9221,"date":"2023-03-24T17:54:43","date_gmt":"2023-03-24T16:54:43","guid":{"rendered":"https:\/\/agora.xtec.cat\/iestorreroja\/?page_id=9221"},"modified":"2025-04-06T08:43:36","modified_gmt":"2025-04-06T06:43:36","slug":"beques-i-ajuts-curs-2023-2024","status":"publish","type":"page","link":"https:\/\/agora.xtec.cat\/iestorreroja\/secretaria\/beques-i-ajuts-curs-2023-2024\/","title":{"rendered":"Beques i ajuts"},"content":{"rendered":"<p>Propostes i resolucions de beques i ajuts<\/p>\n<ul>\n<li style=\"font-weight: 400;\" aria-level=\"1\"><b><a href=\"https:\/\/agora.xtec.cat\/iestorreroja\/general\/beques-per-a-ensenyaments-post-obligatoris-no-universitaris\/\" target=\"_blank\" rel=\"noopener\">Beques per a ensenyaments post obligatoris no universitaris<\/a>***<\/b><\/li>\n<\/ul>\n<p><span style=\"font-weight: 400;\">Per a l&#8217;alumnat que cursa els <\/span><b>ensenyaments post obligatoris <span style=\"font-weight: 400;\"> seg\u00fcents:<\/span><\/b><\/p>\n<ul>\n<li style=\"font-weight: 400;\" aria-level=\"1\"><span style=\"font-weight: 400;\">Primer i segon cursos de batxillerat<\/span><\/li>\n<li style=\"font-weight: 400;\" aria-level=\"1\"><span style=\"font-weight: 400;\">Formaci\u00f3 professional de grau mitj\u00e0 i de grau superior<\/span><\/li>\n<li style=\"font-weight: 400;\" aria-level=\"1\"><span style=\"font-weight: 400;\">PFI<\/span><\/li>\n<li aria-level=\"1\">IFE<\/li>\n<\/ul>\n<p><span style=\"font-weight: 400;\">M\u00e9s informaci\u00f3 <\/span><a href=\"http:\/\/web.gencat.cat\/ca\/tramits\/tramits-temes\/Beques-de-caracter-general-per-a-estudis-postobligatoris?category=7449fd1c-a82c-11e3-a972-000c29052e2c\" target=\"_blank\" rel=\"noopener\"><span style=\"font-weight: 400;\">aqu\u00ed<\/span><\/a> <span style=\"font-weight: 400;\">\u00a0<\/span><\/p>\n<p>&nbsp;<\/p>\n<ul>\n<li aria-level=\"1\"><b>Ajuts per a alumnat amb necessitat espec\u00edfica de suport educatiu*** (<span style=\"text-decoration: underline;\">Pendent de convocat\u00f2ria<\/span>)<\/b><\/li>\n<\/ul>\n<p><span style=\"font-weight: 400;\">Ajuts individualitzats convocats pel Ministeri d\u2019Educaci\u00f3 i Formaci\u00f3 Professional pe a alumnat amb necessitat espec\u00edfica de suport educatiu.<\/span><\/p>\n<p><span style=\"font-weight: 400;\">M\u00e9s informaci\u00f3 <\/span><a href=\"http:\/\/web.gencat.cat\/ca\/tramits\/tramits-temes\/358-ajuts-ministerio-NEE?category=bd1b6d64-ca6f-11e5-8c48-005056924a59\" target=\"_blank\" rel=\"noopener\"><span style=\"font-weight: 400;\">aqu\u00ed<\/span><\/a> <span style=\"font-weight: 400;\">\u00a0\u00a0\u00a0<\/span><\/p>\n<p>&nbsp;<\/p>\n<ul>\n<li aria-level=\"1\"><b>Beques de transport (ESO) (<span style=\"text-decoration: underline;\">Pendent de convocat\u00f2ria<\/span>)<\/b><\/li>\n<\/ul>\n<p><span style=\"font-weight: 400;\">Atorgades pel consell Comarcal del Baix Llobregat a l\u2019alumnat d\u2019ensenyaments obligatoris que hagi de despla\u00e7ar-se de la seva poblaci\u00f3 per falta de places o d\u2019aquest ensenyaments a la seva poblaci\u00f3.<\/span><\/p>\n<p>&nbsp;<\/p>\n<ul>\n<li aria-level=\"1\"><b>Ajut Fossenens (Fundaci\u00f3 privada)<\/b><\/li>\n<\/ul>\n<p><span style=\"font-weight: 400;\">Ajuts econ\u00f2mics per a satisfer les necessitats de nens i nenes orfes sense recursos, per facilitar la seva educaci\u00f3, des de l&#8217;ensenyament primari fins a l&#8217;universitari. Demanin m\u00e9s informaci\u00f3 a Secretaria.<\/span><\/p>\n<p>&nbsp;<\/p>\n<p>***Aquestes beques no s\u00f3n acumulatives.<\/p>\n","protected":false},"excerpt":{"rendered":"<p>Propostes i resolucions de beques i ajuts Beques per a ensenyaments post obligatoris no universitaris*** Per a l&#8217;alumnat que cursa els ensenyaments post obligatoris seg\u00fcents: Primer i segon cursos de batxillerat Formaci\u00f3 professional de grau mitj\u00e0 i de grau superior PFI IFE M\u00e9s informaci\u00f3 aqu\u00ed \u00a0 &nbsp; Ajuts per a alumnat amb necessitat espec\u00edfica de [&hellip;]<\/p>\n","protected":false},"author":1,"featured_media":0,"parent":81,"menu_order":0,"comment_status":"closed","ping_status":"closed","template":"page-templates\/side-menu.php","meta":{"_bbp_topic_count":0,"_bbp_reply_count":0,"_bbp_total_topic_count":0,"_bbp_total_reply_count":0,"_bbp_voice_count":0,"_bbp_anonymous_reply_count":0,"_bbp_topic_count_hidden":0,"_bbp_reply_count_hidden":0,"_bbp_forum_subforum_count":0,"site-sidebar-layout":"default","site-content-layout":"","ast-site-content-layout":"","site-content-style":"default","site-sidebar-style":"default","ast-global-header-display":"","ast-banner-title-visibility":"","ast-main-header-display":"","ast-hfb-above-header-display":"","ast-hfb-below-header-display":"","ast-hfb-mobile-header-display":"","site-post-title":"","ast-breadcrumbs-content":"","ast-featured-img":"","footer-sml-layout":"","theme-transparent-header-meta":"","adv-header-id-meta":"","stick-header-meta":"","header-above-stick-meta":"","header-main-stick-meta":"","header-below-stick-meta":"","astra-migrate-meta-layouts":"default","ast-page-background-enabled":"default","ast-page-background-meta":{"desktop":{"background-color":"var(--ast-global-color-4)","background-image":"","background-repeat":"repeat","background-position":"center center","background-size":"auto","background-attachment":"scroll","background-type":"","background-media":"","overlay-type":"","overlay-color":"","overlay-opacity":"","overlay-gradient":""},"tablet":{"background-color":"","background-image":"","background-repeat":"repeat","background-position":"center center","background-size":"auto","background-attachment":"scroll","background-type":"","background-media":"","overlay-type":"","overlay-color":"","overlay-opacity":"","overlay-gradient":""},"mobile":{"background-color":"","background-image":"","background-repeat":"repeat","background-position":"center center","background-size":"auto","background-attachment":"scroll","background-type":"","background-media":"","overlay-type":"","overlay-color":"","overlay-opacity":"","overlay-gradient":""}},"ast-content-background-meta":{"desktop":{"background-color":"var(--ast-global-color-5)","background-image":"","background-repeat":"repeat","background-position":"center center","background-size":"auto","background-attachment":"scroll","background-type":"","background-media":"","overlay-type":"","overlay-color":"","overlay-opacity":"","overlay-gradient":""},"tablet":{"background-color":"var(--ast-global-color-5)","background-image":"","background-repeat":"repeat","background-position":"center center","background-size":"auto","background-attachment":"scroll","background-type":"","background-media":"","overlay-type":"","overlay-color":"","overlay-opacity":"","overlay-gradient":""},"mobile":{"background-color":"var(--ast-global-color-5)","background-image":"","background-repeat":"repeat","background-position":"center center","background-size":"auto","background-attachment":"scroll","background-type":"","background-media":"","overlay-type":"","overlay-color":"","overlay-opacity":"","overlay-gradient":""}},"footnotes":""},"class_list":["post-9221","page","type-page","status-publish","hentry"],"post_mailing_queue_ids":[],"_links":{"self":[{"href":"https:\/\/agora.xtec.cat\/iestorreroja\/wp-json\/wp\/v2\/pages\/9221","targetHints":{"allow":["GET"]}}],"collection":[{"href":"https:\/\/agora.xtec.cat\/iestorreroja\/wp-json\/wp\/v2\/pages"}],"about":[{"href":"https:\/\/agora.xtec.cat\/iestorreroja\/wp-json\/wp\/v2\/types\/page"}],"author":[{"embeddable":true,"href":"https:\/\/agora.xtec.cat\/iestorreroja\/wp-json\/wp\/v2\/users\/1"}],"replies":[{"embeddable":true,"href":"https:\/\/agora.xtec.cat\/iestorreroja\/wp-json\/wp\/v2\/comments?post=9221"}],"version-history":[{"count":4,"href":"https:\/\/agora.xtec.cat\/iestorreroja\/wp-json\/wp\/v2\/pages\/9221\/revisions"}],"predecessor-version":[{"id":11421,"href":"https:\/\/agora.xtec.cat\/iestorreroja\/wp-json\/wp\/v2\/pages\/9221\/revisions\/11421"}],"up":[{"embeddable":true,"href":"https:\/\/agora.xtec.cat\/iestorreroja\/wp-json\/wp\/v2\/pages\/81"}],"wp:attachment":[{"href":"https:\/\/agora.xtec.cat\/iestorreroja\/wp-json\/wp\/v2\/media?parent=9221"}],"curies":[{"name":"wp","href":"https:\/\/api.w.org\/{rel}","templated":true}]}}