{"id":9073,"date":"2023-03-02T11:58:22","date_gmt":"2023-03-02T10:58:22","guid":{"rendered":"https:\/\/agora.xtec.cat\/iestorreroja\/?page_id=9073"},"modified":"2026-03-10T06:47:52","modified_gmt":"2026-03-10T05:47:52","slug":"documents-de-centre","status":"publish","type":"page","link":"https:\/\/agora.xtec.cat\/iestorreroja\/documents-de-centre\/","title":{"rendered":"Documents de centre"},"content":{"rendered":"<ul>\n<li><a href=\"https:\/\/agora.xtec.cat\/iestorreroja\/wp-content\/uploads\/usu1423\/2025\/01\/PEC-V2-.pdf\">PEC\u00a0(Projecte Educatiu de Centre)<\/a>\n<ul>\n<li>\n<h5><a href=\"https:\/\/agora.xtec.cat\/iestorreroja\/wp-content\/uploads\/usu1423\/2023\/11\/Projecte-de-direccio-23-27-Montse-Arias-addenda.pdf\">PdD (Projecte de Direcci\u00f3)<\/a><\/h5>\n<\/li>\n<li><a href=\"https:\/\/agora.xtec.cat\/iestorreroja\/wp-content\/uploads\/usu1423\/2025\/12\/Llibre-PGA-Curs-25-26_MAs.pdf\">PGA Curs 25-26_MAs<\/a><\/li>\n<li><a href=\"https:\/\/agora.xtec.cat\/iestorreroja\/wp-content\/uploads\/usu1423\/2025\/01\/Memoria-del-Curs-23-24-.pdf\">MA (Mem\u00f2ria Anual) Curs 24-25<\/a><\/li>\n<li>\n<h5><a href=\"https:\/\/drive.google.com\/file\/d\/1ioC25Wjfm3RQXOWVeyCWaW7T63gmjaOc\/view?usp=drive_link\">NOFC (Normes Organitzaci\u00f3 i Funcionament de Centre)<\/a><\/h5>\n<\/li>\n<li>\n<h5><a href=\"https:\/\/drive.google.com\/file\/d\/12v_JxSgjyHSw-ea6q90E2fnJNKTOL4ps\/view?usp=sharing\">PLC (Projecte ling\u00fc\u00edstic de Centre)<\/a><\/h5>\n<\/li>\n<li>\n<h5><strong><a href=\"https:\/\/sites.google.com\/xtec.cat\/edc-ins-torre-roja\/part-estrat%C3%A8gica\/comissi%C3%B3-edc\">EDC (Estrat\u00e8gia Digital de Centre)\u00a0<\/a><\/strong><\/h5>\n<\/li>\n<li>\n<h5><a href=\"https:\/\/agora.xtec.cat\/iestorreroja\/wp-content\/uploads\/usu1423\/2024\/05\/DEF_DEPT.-PLA-CONV.-02062020-2.pdf\">Pla de conviv\u00e8ncia<\/a><\/h5>\n<\/li>\n<\/ul>\n<\/li>\n<li>Documents fam\u00edlies\n<ul>\n<li>\n<h5><a style=\"color: #2795b6;\" href=\"http:\/\/agora.xtec.cat\/iestorreroja\/wp-content\/uploads\/usu1423\/2017\/10\/normesConvPares.pdf\" target=\"_blank\" rel=\"noopener\">Normes conviv\u00e8ncia<\/a><\/h5>\n<\/li>\n<li>\n<h5><a href=\"https:\/\/agora.xtec.cat\/iestorreroja\/wp-content\/uploads\/usu1423\/2023\/11\/Carta-de-compromis-educatiu_MAs.pdf\">Carta de comprom\u00eds <\/a><\/h5>\n<\/li>\n<\/ul>\n<\/li>\n<li>\n<h5>Calendari del curs<\/h5>\n<ul>\n<li><a href=\"https:\/\/www.canva.com\/design\/DAFtaZR5vYw\/2RqwiuzdbB1Y1cU1BVuE4w\/view?utm_content=DAFtaZR5vYw&amp;utm_campaign=designshare&amp;utm_medium=link&amp;utm_source=publishsharelink\">ESO<\/a><\/li>\n<li><a href=\"https:\/\/agora.xtec.cat\/iestorreroja\/wp-content\/uploads\/usu1423\/2023\/09\/Calendari-BATX-23-24.pdf\">Batxillerat<\/a><\/li>\n<li><a href=\"https:\/\/agora.xtec.cat\/iestorreroja\/general\/calendari-salut-escola\/\">CCFF<\/a><\/li>\n<\/ul>\n<\/li>\n<\/ul>\n","protected":false},"excerpt":{"rendered":"<p>PEC\u00a0(Projecte Educatiu de Centre) PdD (Projecte de Direcci\u00f3) PGA Curs 25-26_MAs MA (Mem\u00f2ria Anual) Curs 24-25 NOFC (Normes Organitzaci\u00f3 i Funcionament de Centre) PLC (Projecte ling\u00fc\u00edstic de Centre) EDC (Estrat\u00e8gia Digital de Centre)\u00a0 Pla de conviv\u00e8ncia Documents fam\u00edlies Normes conviv\u00e8ncia Carta de comprom\u00eds Calendari del curs ESO Batxillerat CCFF<\/p>\n","protected":false},"author":1,"featured_media":0,"parent":0,"menu_order":0,"comment_status":"closed","ping_status":"closed","template":"","meta":{"_bbp_topic_count":0,"_bbp_reply_count":0,"_bbp_total_topic_count":0,"_bbp_total_reply_count":0,"_bbp_voice_count":0,"_bbp_anonymous_reply_count":0,"_bbp_topic_count_hidden":0,"_bbp_reply_count_hidden":0,"_bbp_forum_subforum_count":0,"site-sidebar-layout":"default","site-content-layout":"","ast-site-content-layout":"default","site-content-style":"default","site-sidebar-style":"default","ast-global-header-display":"","ast-banner-title-visibility":"","ast-main-header-display":"","ast-hfb-above-header-display":"","ast-hfb-below-header-display":"","ast-hfb-mobile-header-display":"","site-post-title":"","ast-breadcrumbs-content":"","ast-featured-img":"","footer-sml-layout":"","theme-transparent-header-meta":"default","adv-header-id-meta":"","stick-header-meta":"","header-above-stick-meta":"","header-main-stick-meta":"","header-below-stick-meta":"","astra-migrate-meta-layouts":"set","ast-page-background-enabled":"default","ast-page-background-meta":{"desktop":{"background-color":"var(--ast-global-color-4)","background-image":"","background-repeat":"repeat","background-position":"center center","background-size":"auto","background-attachment":"scroll","background-type":"","background-media":"","overlay-type":"","overlay-color":"","overlay-opacity":"","overlay-gradient":""},"tablet":{"background-color":"","background-image":"","background-repeat":"repeat","background-position":"center center","background-size":"auto","background-attachment":"scroll","background-type":"","background-media":"","overlay-type":"","overlay-color":"","overlay-opacity":"","overlay-gradient":""},"mobile":{"background-color":"","background-image":"","background-repeat":"repeat","background-position":"center center","background-size":"auto","background-attachment":"scroll","background-type":"","background-media":"","overlay-type":"","overlay-color":"","overlay-opacity":"","overlay-gradient":""}},"ast-content-background-meta":{"desktop":{"background-color":"var(--ast-global-color-5)","background-image":"","background-repeat":"repeat","background-position":"center center","background-size":"auto","background-attachment":"scroll","background-type":"","background-media":"","overlay-type":"","overlay-color":"","overlay-opacity":"","overlay-gradient":""},"tablet":{"background-color":"var(--ast-global-color-5)","background-image":"","background-repeat":"repeat","background-position":"center center","background-size":"auto","background-attachment":"scroll","background-type":"","background-media":"","overlay-type":"","overlay-color":"","overlay-opacity":"","overlay-gradient":""},"mobile":{"background-color":"var(--ast-global-color-5)","background-image":"","background-repeat":"repeat","background-position":"center center","background-size":"auto","background-attachment":"scroll","background-type":"","background-media":"","overlay-type":"","overlay-color":"","overlay-opacity":"","overlay-gradient":""}},"footnotes":""},"class_list":["post-9073","page","type-page","status-publish","hentry"],"post_mailing_queue_ids":[],"_links":{"self":[{"href":"https:\/\/agora.xtec.cat\/iestorreroja\/wp-json\/wp\/v2\/pages\/9073","targetHints":{"allow":["GET"]}}],"collection":[{"href":"https:\/\/agora.xtec.cat\/iestorreroja\/wp-json\/wp\/v2\/pages"}],"about":[{"href":"https:\/\/agora.xtec.cat\/iestorreroja\/wp-json\/wp\/v2\/types\/page"}],"author":[{"embeddable":true,"href":"https:\/\/agora.xtec.cat\/iestorreroja\/wp-json\/wp\/v2\/users\/1"}],"replies":[{"embeddable":true,"href":"https:\/\/agora.xtec.cat\/iestorreroja\/wp-json\/wp\/v2\/comments?post=9073"}],"version-history":[{"count":7,"href":"https:\/\/agora.xtec.cat\/iestorreroja\/wp-json\/wp\/v2\/pages\/9073\/revisions"}],"predecessor-version":[{"id":12311,"href":"https:\/\/agora.xtec.cat\/iestorreroja\/wp-json\/wp\/v2\/pages\/9073\/revisions\/12311"}],"wp:attachment":[{"href":"https:\/\/agora.xtec.cat\/iestorreroja\/wp-json\/wp\/v2\/media?parent=9073"}],"curies":[{"name":"wp","href":"https:\/\/api.w.org\/{rel}","templated":true}]}}